{"id":3690,"date":"2025-07-29T18:49:34","date_gmt":"2025-07-29T16:49:34","guid":{"rendered":"https:\/\/yukibeauty.ch\/?post_type=product&#038;p=3690"},"modified":"2025-10-28T08:32:04","modified_gmt":"2025-10-28T07:32:04","slug":"medicube-collagen-booster-set","status":"publish","type":"product","link":"https:\/\/yukibeauty.ch\/de\/shop\/korean-routine\/cream\/medicube-collagen-booster-set\/","title":{"rendered":"Medicube Kollagen Booster Set"},"content":{"rendered":"<h2 data-section-id=\"1m96lwi\" data-start=\"180\" data-end=\"216\"><strong data-start=\"184\" data-end=\"214\">Medicube Kollagen Booster Set<\/strong><\/h2>\n<p data-start=\"217\" data-end=\"288\">Professionelles Home Skincare Set f\u00fcr straffe, hydratisierte &amp; jugendliche Haut<\/p>\n<h2 data-start=\"295\" data-end=\"321\"><strong data-start=\"302\" data-end=\"319\">Was drin ist<\/strong><\/h2>\n<ul data-start=\"322\" data-end=\"550\">\n<li data-start=\"322\" data-end=\"389\">\n<p data-start=\"325\" data-end=\"389\"><a href=\"https:\/\/yukibeauty.ch\/de\/shop\/beauty-tools\/medicube-booster-pro\/\">Medicube AGE-R Booster Pro<\/a> - Fortschrittliches 4-in-1-Sch\u00f6nheitsger\u00e4t<\/p>\n<\/li>\n<li data-start=\"390\" data-end=\"469\">\n<p data-start=\"393\" data-end=\"469\"><a href=\"https:\/\/yukibeauty.ch\/de\/shop\/korean-routine\/cream\/medicube-collagen-jelly-cream-110ml\/\">Medicube Kollagen-Gelee-Creme (110ml)<\/a> - Leichte, straffende Gesichtscreme<\/p>\n<\/li>\n<li data-start=\"470\" data-end=\"550\">\n<p data-start=\"473\" data-end=\"550\"><a href=\"https:\/\/yukibeauty.ch\/de\/shop\/korean-routine\/masks\/collagen-night-wrapping-mask\/\">Medicube Kollagen-Nacht-Wickelmaske<\/a> - Straffende Schlafmaske f\u00fcr die Nacht<\/p>\n<\/li>\n<\/ul>\n<h3 data-start=\"557\" data-end=\"597\"><strong data-start=\"565\" data-end=\"595\">Gl\u00e4serne Haut zu Hause erreichen<\/strong><\/h3>\n<p data-start=\"598\" data-end=\"932\">Die <strong data-start=\"602\" data-end=\"632\">Medicube Collagen Glow Set<\/strong> kombiniert innovative Technologie mit klinisch erprobter Hautpflege, um Festigkeit, Elastizit\u00e4t, Feuchtigkeit und Hauttonus sichtbar zu verbessern - direkt bei Ihnen zu Hause. Dieses f\u00fcr die t\u00e4gliche Anwendung konzipierte 3-Schritte-System verbessert die Aufnahme von Wirkstoffen, kurbelt die Kollagenproduktion an und hilft, die jugendliche Ausstrahlung wiederherzustellen.<\/p>\n<h2 data-section-id=\"1jyekfg\" data-start=\"939\" data-end=\"979\"><strong data-start=\"947\" data-end=\"977\">1. Medicube AGE-R Booster Pro<\/strong><\/h2>\n<p data-start=\"980\" data-end=\"1036\"><strong data-start=\"980\" data-end=\"1036\">All-in-One-Hautpflegeger\u00e4t | 4 Modi | 5 LED-Optionen<\/strong><\/p>\n<p data-start=\"1038\" data-end=\"1147\">Bringen Sie Ihre Hautpflege mit dem Booster Pro auf die n\u00e4chste Stufe - ein leistungsstarkes Tool, das durch dermatologische Wissenschaft unterst\u00fctzt wird.<\/p>\n<h3 data-start=\"1149\" data-end=\"1184\"><strong data-start=\"1149\" data-end=\"1184\">4 professionelle Behandlungsmodi:<\/strong><\/h3>\n<ul data-start=\"1185\" data-end=\"1449\">\n<li data-start=\"1185\" data-end=\"1254\">\n<p data-start=\"1187\" data-end=\"1254\">Air-Shot-Modus: Micro-Channeling-Technologie verbessert die Elastizit\u00e4t der Poren<\/p>\n<\/li>\n<li data-start=\"1255\" data-end=\"1321\">\n<p data-start=\"1257\" data-end=\"1321\">Booster-Modus: Elektroporation erh\u00f6ht die Absorption um 785%<\/p>\n<\/li>\n<li data-start=\"1322\" data-end=\"1380\">\n<p data-start=\"1324\" data-end=\"1380\">MC-Modus: Mikrostr\u00f6me heben und straffen schlaffe Stellen<\/p>\n<\/li>\n<li data-start=\"1381\" data-end=\"1449\">\n<p data-start=\"1383\" data-end=\"1449\">Derma-Shot-Modus: EMS-Stimulation konturiert und strafft das Gesicht<\/p>\n<\/li>\n<\/ul>\n<h3 data-start=\"1451\" data-end=\"1489\"><strong data-start=\"1451\" data-end=\"1487\">Anpassbar mit der AGE-R App:<\/strong><\/h3>\n<ul data-start=\"1490\" data-end=\"1675\">\n<li data-start=\"1490\" data-end=\"1568\">\n<p data-start=\"1492\" data-end=\"1568\">Einstellung der LED-Leuchten f\u00fcr gezielte Anliegen (blau, gr\u00fcn, rot, orange, lila)<\/p>\n<\/li>\n<li data-start=\"1569\" data-end=\"1614\">\n<p data-start=\"1571\" data-end=\"1614\">Zugriff auf gef\u00fchrte Routinen und Verfolgung der Fortschritte<\/p>\n<\/li>\n<li data-start=\"1615\" data-end=\"1675\">\n<p data-start=\"1617\" data-end=\"1675\">Verwendung mit Ihren Lieblingsseren - kein leitf\u00e4higes Gel erforderlich<\/p>\n<\/li>\n<\/ul>\n<h4 data-start=\"1677\" data-end=\"1768\"><strong data-start=\"1677\" data-end=\"1691\">Ideal f\u00fcr:<\/strong><\/h4>\n<p data-start=\"1677\" data-end=\"1768\">F\u00fcr alle Hauttypen, die eine straffende, glanzsteigernde und Anti-Aging-Wirkung w\u00fcnschen<\/p>\n<h2 data-section-id=\"1490soj\" data-start=\"1775\" data-end=\"1826\"><strong data-start=\"1783\" data-end=\"1824\">2. Medicube Kollagen-Gelee-Creme (110ml)<\/strong><\/h2>\n<p data-start=\"1827\" data-end=\"1870\"><strong data-start=\"1827\" data-end=\"1868\">Feuchtigkeitsspendende &amp; straffende Tagesfeuchtigkeitspflege<\/strong><\/p>\n<p data-start=\"1872\" data-end=\"1963\">Diese kollagenreiche Gel-Creme spendet tiefenwirksame Feuchtigkeit und sorgt f\u00fcr ein sichtbares Lifting, ohne zu beschweren.<\/p>\n<h3 data-start=\"1965\" data-end=\"1982\"><strong data-start=\"1965\" data-end=\"1982\">Wichtigste Vorteile:<\/strong><\/h3>\n<ul data-start=\"1983\" data-end=\"2170\">\n<li data-start=\"1983\" data-end=\"2022\">\n<p data-start=\"1985\" data-end=\"2022\">Verbessert die Elastizit\u00e4t und Spannkraft der Haut<\/p>\n<\/li>\n<li data-start=\"2023\" data-end=\"2068\">\n<p data-start=\"2025\" data-end=\"2068\">Gl\u00e4ttet feine Linien und m\u00fcde aussehende Haut<\/p>\n<\/li>\n<li data-start=\"2069\" data-end=\"2117\">\n<p data-start=\"2071\" data-end=\"2117\">Leichte, atmungsaktive Textur, die schnell absorbiert<\/p>\n<\/li>\n<li data-start=\"2118\" data-end=\"2170\">\n<p data-start=\"2120\" data-end=\"2170\">Geeignet f\u00fcr alle Hauttypen, auch f\u00fcr empfindliche<\/p>\n<\/li>\n<\/ul>\n<h3 data-start=\"2172\" data-end=\"2351\"><strong data-start=\"2172\" data-end=\"2189\">Warum es funktioniert:<\/strong><\/h3>\n<p data-start=\"2172\" data-end=\"2351\">Mit einer hohen Konzentration an Kollagen und feuchtigkeitsspendenden Wirkstoffen unterst\u00fctzt diese Creme die Hautstruktur und schlie\u00dft die Feuchtigkeit ein - f\u00fcr einen glatten, prallen Teint.<\/p>\n<h2 data-section-id=\"akwgw0\" data-start=\"2358\" data-end=\"2409\"><strong data-start=\"2366\" data-end=\"2407\">3. Medicube Kollagen-Nacht-Wickelmaske<\/strong><\/h2>\n<p data-start=\"2410\" data-end=\"2462\"><strong data-start=\"2410\" data-end=\"2462\">Schlafmaske f\u00fcr Straffheit und Feuchtigkeit \u00fcber Nacht<\/strong><\/p>\n<p data-start=\"2464\" data-end=\"2547\">Mit dieser kollagenverst\u00e4rkenden Nachtmaske wachen Sie mit einer pralleren, ges\u00fcnder aussehenden Haut auf.<\/p>\n<h3 data-start=\"2549\" data-end=\"2566\"><strong data-start=\"2549\" data-end=\"2566\">Was es tut:<\/strong><\/h3>\n<ul data-start=\"2567\" data-end=\"2773\">\n<li data-start=\"2567\" data-end=\"2610\">\n<p data-start=\"2569\" data-end=\"2610\">St\u00e4rkt die Elastizit\u00e4t der Haut \u00fcber Nacht<\/p>\n<\/li>\n<li data-start=\"2611\" data-end=\"2660\">\n<p data-start=\"2613\" data-end=\"2660\">Spendet tiefenwirksam Feuchtigkeit und stellt die Feuchtigkeitsbarriere wieder her<\/p>\n<\/li>\n<li data-start=\"2661\" data-end=\"2718\">\n<p data-start=\"2663\" data-end=\"2718\">Beseitigt feine Linien und Zeichen der Hautalterung im Schlaf<\/p>\n<\/li>\n<li data-start=\"2719\" data-end=\"2773\">\n<p data-start=\"2721\" data-end=\"2773\">Leichte, nicht klebrige Textur, geeignet f\u00fcr die n\u00e4chtliche Anwendung<\/p>\n<\/li>\n<\/ul>\n<h3 data-start=\"2775\" data-end=\"2797\"><strong data-start=\"2775\" data-end=\"2795\">Empfohlen f\u00fcr:<\/strong><\/h3>\n<ul data-start=\"2798\" data-end=\"2915\">\n<li data-start=\"2798\" data-end=\"2834\">\n<p data-start=\"2800\" data-end=\"2834\">Haut mit sichtbaren Zeichen der Hautalterung<\/p>\n<\/li>\n<li data-start=\"2835\" data-end=\"2870\">\n<p data-start=\"2837\" data-end=\"2870\">Dehydrierte, fahle oder m\u00fcde Haut<\/p>\n<\/li>\n<li data-start=\"2871\" data-end=\"2915\">\n<p data-start=\"2873\" data-end=\"2915\">Jeder, der \u00fcber Nacht eine straffende Wirkung erzielen m\u00f6chte<\/p>\n<\/li>\n<\/ul>\n<h2 data-section-id=\"oprav7\" data-start=\"3338\" data-end=\"3393\"><strong data-start=\"3345\" data-end=\"3391\">Warum das Medicube Collagen Booster Set w\u00e4hlen?<\/strong><\/h2>\n<ul data-start=\"3394\" data-end=\"3651\">\n<li data-start=\"3394\" data-end=\"3461\">\n<p data-start=\"3396\" data-end=\"3461\">Kombiniert professionelle Technologie mit leistungsstarker Hautpflege<\/p>\n<\/li>\n<li data-start=\"3462\" data-end=\"3515\">\n<p data-start=\"3464\" data-end=\"3515\">Strafft, hydratisiert und revitalisiert die Haut sichtbar<\/p>\n<\/li>\n<li data-start=\"3516\" data-end=\"3568\">\n<p data-start=\"3518\" data-end=\"3568\">Entwickelt f\u00fcr alle Hauttypen, auch f\u00fcr empfindliche<\/p>\n<\/li>\n<li data-start=\"3569\" data-end=\"3604\">\n<p data-start=\"3571\" data-end=\"3604\">Keine zus\u00e4tzlichen Werkzeuge oder Gele erforderlich<\/p>\n<\/li>\n<li data-start=\"3605\" data-end=\"3651\">\n<p data-start=\"3607\" data-end=\"3651\">Dermatologisch getestet und klinisch erprobt<\/p>\n<\/li>\n<\/ul>\n<p>Definieren Sie Ihre Hautpflege neu mit einem Medicube Collagen Booster Set, das im Schlaf wirkt - f\u00fcr strahlende, jugendliche, glasartige Haut jeden Tag.<\/p>","protected":false},"excerpt":{"rendered":"<p>Medicube Collagen Booster Set Professional Home Skincare Set for Firm, Hydrated &amp; Youthful Skin What&#8217;s Inside Medicube AGE-R Booster Pro<\/p>","protected":false},"featured_media":3713,"comment_status":"open","ping_status":"closed","template":"","meta":[],"product_brand":[],"product_cat":[26,310,23,320],"product_tag":[],"class_list":{"0":"post-3690","1":"product","2":"type-product","3":"status-publish","4":"has-post-thumbnail","6":"product_cat-beauty-tools","7":"product_cat-cream","8":"product_cat-face-cream","9":"product_cat-sets","11":"first","12":"outofstock","13":"featured","14":"purchasable","15":"product-type-woosb"},"_links":{"self":[{"href":"https:\/\/yukibeauty.ch\/de\/wp-json\/wp\/v2\/product\/3690","targetHints":{"allow":["GET"]}}],"collection":[{"href":"https:\/\/yukibeauty.ch\/de\/wp-json\/wp\/v2\/product"}],"about":[{"href":"https:\/\/yukibeauty.ch\/de\/wp-json\/wp\/v2\/types\/product"}],"replies":[{"embeddable":true,"href":"https:\/\/yukibeauty.ch\/de\/wp-json\/wp\/v2\/comments?post=3690"}],"wp:featuredmedia":[{"embeddable":true,"href":"https:\/\/yukibeauty.ch\/de\/wp-json\/wp\/v2\/media\/3713"}],"wp:attachment":[{"href":"https:\/\/yukibeauty.ch\/de\/wp-json\/wp\/v2\/media?parent=3690"}],"wp:term":[{"taxonomy":"product_brand","embeddable":true,"href":"https:\/\/yukibeauty.ch\/de\/wp-json\/wp\/v2\/product_brand?post=3690"},{"taxonomy":"product_cat","embeddable":true,"href":"https:\/\/yukibeauty.ch\/de\/wp-json\/wp\/v2\/product_cat?post=3690"},{"taxonomy":"product_tag","embeddable":true,"href":"https:\/\/yukibeauty.ch\/de\/wp-json\/wp\/v2\/product_tag?post=3690"}],"curies":[{"name":"wp","href":"https:\/\/api.w.org\/{rel}","templated":true}]}}