{"id":3724,"date":"2025-07-29T19:12:18","date_gmt":"2025-07-29T17:12:18","guid":{"rendered":"https:\/\/yukibeauty.ch\/?post_type=product&#038;p=3724"},"modified":"2025-10-27T08:19:00","modified_gmt":"2025-10-27T07:19:00","slug":"anua-skincare-set","status":"publish","type":"product","link":"https:\/\/yukibeauty.ch\/de\/shop\/korean-routine\/cleanser\/anua-skincare-set\/","title":{"rendered":"Anua Reinigungs- und Nachtvorbereitungsset"},"content":{"rendered":"<h2 data-section-id=\"13bhhoy\" data-start=\"148\" data-end=\"193\"><strong data-start=\"152\" data-end=\"191\">Anua Heartleaf Calming Skincare Set<\/strong><\/h2>\n<p data-start=\"194\" data-end=\"266\">Beruhigende 4-Schritte-Routine f\u00fcr empfindliche, gereizte oder zu Akne neigende Haut<\/p>\n<p data-start=\"268\" data-end=\"648\">Das Anua Heartleaf Calming Skincare Set ist ein komplettes Pflegeprogramm, das empfindliche oder zu Problemen neigende Haut hydratisiert, exfoliert, beruhigt und repariert. Dieses Set ist mit hochkonzentriertem Heartleaf (Houttuynia Cordata) Extrakt angereichert und hilft, R\u00f6tungen zu reduzieren, Irritationen zu beruhigen, Poren zu \u00f6ffnen und die Hautbarriere zu st\u00e4rken - all das, w\u00e4hrend Ihre Haut weich, klar und ausgeglichen bleibt.<\/p>\n<h2 data-start=\"655\" data-end=\"681\"><strong data-start=\"663\" data-end=\"681\">Was drin ist:<\/strong><\/h2>\n<p data-start=\"686\" data-end=\"945\"><a href=\"https:\/\/yukibeauty.ch\/de\/shop\/fur-manner\/toner-for-men\/anua-heartleaf-77-soothing-toner-250ml\/\" target=\"_blank\" rel=\"noopener\">Anua Heartleaf 77% Beruhigendes Gesichtswasser (250ml)<\/a><br data-start=\"731\" data-end=\"734\" \/>Ein sanftes, alkoholfreies Gesichtswasser mit 77% Heartleaf-Extrakt, das Hautreizungen beruhigt, R\u00f6tungen mindert und Feuchtigkeit spendet, ohne zu beschweren. Hilft bei der Wiederherstellung der Hautbarriere und unterst\u00fctzt die Heilung von empfindlicher oder zu Akne neigender Haut.<\/p>\n<p data-start=\"950\" data-end=\"1260\"><a href=\"https:\/\/yukibeauty.ch\/de\/shop\/fur-manner\/cleanser-for-men\/anua-heartleaf-77-clear-pad\/\" target=\"_blank\" rel=\"noopener\">Anua Heartleaf 77% Klare Pads (70 Pads)<\/a><br data-start=\"993\" data-end=\"996\" \/>Vorgetr\u00e4nkte Toner-Pads mit einer doppelt strukturierten Oberfl\u00e4che, die die Haut sanft peelen, Unreinheiten entfernen, die \u00d6lproduktion ausgleichen und die Haut vorbereiten. Mit Anti Sebum P Complex, der die Poren verengt und \u00fcbersch\u00fcssigen Talg kontrolliert. Kann t\u00e4glich oder als beruhigende Spot-Maske verwendet werden.<\/p>\n<p data-start=\"1265\" data-end=\"1577\"><a href=\"https:\/\/yukibeauty.ch\/de\/shop\/fur-manner\/cleanser-for-men\/anua-heartleaf-peeling\/\">Anua Heartleaf LHA Feuchtigkeits-Peeling-Gel (120ml)<\/a><br data-start=\"1316\" data-end=\"1319\" \/>Ein sanftes Peeling mit LHA und Heartleaf-Extrakt. Dieses nicht scheuernde Gel entfernt abgestorbene Hautzellen, kl\u00e4rt die Poren und spendet mit Natriumhyaluronat und Antioxidantien wie Quercetin und Brokkoliextrakt Feuchtigkeit, sodass die Haut weich und erfrischt wird.<\/p>\n<p data-start=\"1582\" data-end=\"1882\"><a href=\"https:\/\/yukibeauty.ch\/de\/shop\/fur-manner\/sheet-mask\/anua-heartleaf-cream-mask-night-solution\/\" target=\"_blank\" rel=\"noopener\">Anua Heartleaf Cream Mask Night Solution (1 Blatt)<\/a><br data-start=\"1636\" data-end=\"1639\" \/>Eine n\u00e4hrende, barrierest\u00e4rkende Crememaske, angereichert mit Heartleaf, Ceramiden und Panthenol. Sie lindert Irritationen, spendet tiefenwirksam Feuchtigkeit und unterst\u00fctzt die Reparatur der Haut \u00fcber Nacht mit einer weichen, umweltfreundlichen \u00d6ko-Tex\u00ae Folie und einer cremigen Essenztextur.<\/p>\n<h2 data-start=\"1889\" data-end=\"1914\"><strong data-start=\"1897\" data-end=\"1914\">Wichtigste Vorteile:<\/strong><\/h2>\n<ul data-start=\"1915\" data-end=\"2190\">\n<li data-start=\"1915\" data-end=\"1957\">\n<p data-start=\"1917\" data-end=\"1957\">Beruhigt R\u00f6tungen und mildert Entz\u00fcndungen<\/p>\n<\/li>\n<li data-start=\"1958\" data-end=\"1993\">\n<p data-start=\"1960\" data-end=\"1993\">Spendet Feuchtigkeit, ohne die Poren zu verstopfen<\/p>\n<\/li>\n<li data-start=\"1994\" data-end=\"2036\">\n<p data-start=\"1996\" data-end=\"2036\">Peelt sanft und verbessert die Textur<\/p>\n<\/li>\n<li data-start=\"2037\" data-end=\"2069\">\n<p data-start=\"2039\" data-end=\"2069\">St\u00e4rkt die Hautbarriere<\/p>\n<\/li>\n<li data-start=\"2070\" data-end=\"2117\">\n<p data-start=\"2072\" data-end=\"2117\">Reduziert Ausbr\u00fcche und unterst\u00fctzt die Klarheit der Haut<\/p>\n<\/li>\n<li data-start=\"2118\" data-end=\"2190\">\n<p data-start=\"2120\" data-end=\"2190\">Geeignet f\u00fcr die t\u00e4gliche Anwendung bei empfindlicher, gereizter oder zu Akne neigender Haut<\/p>\n<\/li>\n<\/ul>\n<p><strong data-start=\"2654\" data-end=\"2690\">Ein Muss: das Anua Heartleaf Calming Skincare Set<\/strong>\u00a0f\u00fcr alle, die Reizungen reduzieren, Ausbr\u00fcche bek\u00e4mpfen und das Gleichgewicht empfindlicher oder gestresster Haut wiederherstellen wollen - mit der Kraft der Natur und der Unterst\u00fctzung der Wissenschaft.<\/p>\n<p>&nbsp;<\/p>","protected":false},"excerpt":{"rendered":"<p>Anua Heartleaf Calming Skincare Set Soothing 4-Step Routine for Sensitive, Irritated, or Acne-Prone Skin The Anua Heartleaf Calming Skincare Set<\/p>","protected":false},"featured_media":3694,"comment_status":"open","ping_status":"closed","template":"","meta":[],"product_brand":[],"product_cat":[17,18,320,19],"product_tag":[],"class_list":{"0":"post-3724","1":"product","2":"type-product","3":"status-publish","4":"has-post-thumbnail","6":"product_cat-cleanser","7":"product_cat-exfoliatiors","8":"product_cat-sets","9":"product_cat-toner","11":"first","12":"instock","13":"purchasable","14":"product-type-woosb"},"_links":{"self":[{"href":"https:\/\/yukibeauty.ch\/de\/wp-json\/wp\/v2\/product\/3724","targetHints":{"allow":["GET"]}}],"collection":[{"href":"https:\/\/yukibeauty.ch\/de\/wp-json\/wp\/v2\/product"}],"about":[{"href":"https:\/\/yukibeauty.ch\/de\/wp-json\/wp\/v2\/types\/product"}],"replies":[{"embeddable":true,"href":"https:\/\/yukibeauty.ch\/de\/wp-json\/wp\/v2\/comments?post=3724"}],"wp:featuredmedia":[{"embeddable":true,"href":"https:\/\/yukibeauty.ch\/de\/wp-json\/wp\/v2\/media\/3694"}],"wp:attachment":[{"href":"https:\/\/yukibeauty.ch\/de\/wp-json\/wp\/v2\/media?parent=3724"}],"wp:term":[{"taxonomy":"product_brand","embeddable":true,"href":"https:\/\/yukibeauty.ch\/de\/wp-json\/wp\/v2\/product_brand?post=3724"},{"taxonomy":"product_cat","embeddable":true,"href":"https:\/\/yukibeauty.ch\/de\/wp-json\/wp\/v2\/product_cat?post=3724"},{"taxonomy":"product_tag","embeddable":true,"href":"https:\/\/yukibeauty.ch\/de\/wp-json\/wp\/v2\/product_tag?post=3724"}],"curies":[{"name":"wp","href":"https:\/\/api.w.org\/{rel}","templated":true}]}}