{"id":3726,"date":"2025-07-29T19:24:52","date_gmt":"2025-07-29T17:24:52","guid":{"rendered":"https:\/\/yukibeauty.ch\/?post_type=product&#038;p=3726"},"modified":"2025-10-28T08:22:51","modified_gmt":"2025-10-28T07:22:51","slug":"anti-ageing-set","status":"publish","type":"product","link":"https:\/\/yukibeauty.ch\/de\/shop\/korean-routine\/cream\/anti-ageing-set\/","title":{"rendered":"Anti-Ageing-Feuchtigkeitsset"},"content":{"rendered":"<h2 data-section-id=\"b4uill\" data-start=\"202\" data-end=\"240\"><strong data-start=\"206\" data-end=\"238\">Anti-Ageing-Feuchtigkeitsset<\/strong><\/h2>\n<p data-start=\"241\" data-end=\"315\">Sanfte Erneuerung, tiefe Hydratation und sichtbare Festigkeit: F\u00fcr alle Hauttypen<\/p>\n<p data-start=\"317\" data-end=\"603\">Das Anti-Ageing Moisturising Set kombiniert drei wissenschaftlich fundierte <a href=\"https:\/\/en.wikipedia.org\/wiki\/K-beauty\" target=\"_blank\" rel=\"noopener\">K-beauty<\/a> um Ihre Haut zu reinigen, zu reparieren und mit Feuchtigkeit zu versorgen. Ganz gleich, ob Sie mit den ersten Anzeichen der Hautalterung, mit empfindlicher oder trockener Haut zu k\u00e4mpfen haben, diese komplette Routine liefert leistungsstarke Ergebnisse ohne Irritationen.<\/p>\n<h2 data-section-id=\"1b47htv\" data-start=\"610\" data-end=\"635\"><strong data-start=\"617\" data-end=\"635\">Was drin ist:<\/strong><\/h2>\n<h3 data-start=\"637\" data-end=\"708\"><a href=\"https:\/\/yukibeauty.ch\/de\/shop\/korean-routine\/cleanser\/cosrx-low-ph-niacinamide-micellar-cleansing-water\/\" target=\"_blank\" rel=\"noopener\"><strong data-start=\"642\" data-end=\"706\">1. COSRX Low pH Niacinamide Micellar Cleansing Water (400ml)<\/strong><\/a><\/h3>\n<p data-start=\"709\" data-end=\"972\">Ein ausgleichender mizellarer Reiniger, der sanft Make-up, \u00d6l und Unreinheiten entfernt und gleichzeitig die Hautbarriere unterst\u00fctzt. Angereichert mit <strong data-start=\"836\" data-end=\"889\">Niacinamid, Zink, Panthenol und Hyalurons\u00e4ure<\/strong>Es reinigt die Poren, lindert R\u00f6tungen und h\u00e4lt die Haut k\u00fchl, hydratisiert und erfrischt.<\/p>\n<h4 data-start=\"974\" data-end=\"993\"><strong data-start=\"974\" data-end=\"991\">Wichtigste Vorteile:<\/strong><\/h4>\n<ul data-start=\"994\" data-end=\"1156\">\n<li data-start=\"994\" data-end=\"1031\">\n<p data-start=\"996\" data-end=\"1031\">Reinigt gr\u00fcndlich, ohne abzustreifen<\/p>\n<\/li>\n<li data-start=\"1032\" data-end=\"1073\">\n<p data-start=\"1034\" data-end=\"1073\">Verfeinert die Poren und kontrolliert \u00fcbersch\u00fcssiges \u00d6l<\/p>\n<\/li>\n<li data-start=\"1074\" data-end=\"1114\">\n<p data-start=\"1076\" data-end=\"1114\">Beruhigt Reizungen und gleicht den Hautton aus<\/p>\n<\/li>\n<li data-start=\"1115\" data-end=\"1156\">\n<p data-start=\"1117\" data-end=\"1156\">Hinterl\u00e4sst eine weiche, matte und ausgeglichene Haut<\/p>\n<\/li>\n<\/ul>\n<h3 data-start=\"1163\" data-end=\"1229\"><a href=\"https:\/\/yukibeauty.ch\/de\/shop\/korean-routine\/serum\/retinol-intense-serum\/\" target=\"_blank\" rel=\"noopener\"><strong data-start=\"1168\" data-end=\"1227\">2. SOME BY MI Retinol Intensives Reaktivierendes Serum (30ml)<\/strong><\/a><\/h3>\n<p data-start=\"1230\" data-end=\"1531\">Ein fortschrittliches Dreifach-Retinol-Serum, das Retinol, Retinal und Bakuchiol kombiniert, um Falten zu reduzieren, die Elastizit\u00e4t zu verbessern und die Hauttextur zu gl\u00e4tten. Entwickelt mit der Re-active Technology und elastischen Liposomen, sorgt es f\u00fcr ein tiefes Eindringen mit minimalen Irritationen - selbst bei empfindlicher Haut.<\/p>\n<h4 data-start=\"1533\" data-end=\"1552\"><strong data-start=\"1533\" data-end=\"1550\">Wichtigste Vorteile:<\/strong><\/h4>\n<ul data-start=\"1553\" data-end=\"1726\">\n<li data-start=\"1553\" data-end=\"1594\">\n<p data-start=\"1555\" data-end=\"1594\">St\u00e4rkt das Kollagen und verbessert die Festigkeit<\/p>\n<\/li>\n<li data-start=\"1595\" data-end=\"1640\">\n<p data-start=\"1597\" data-end=\"1640\">Wirkt gegen feine Linien, Erschlaffung und Mattheit<\/p>\n<\/li>\n<li data-start=\"1641\" data-end=\"1683\">\n<p data-start=\"1643\" data-end=\"1683\">Sanft zu reaktiver und zu Akne neigender Haut<\/p>\n<\/li>\n<li data-start=\"1684\" data-end=\"1726\">\n<p data-start=\"1686\" data-end=\"1726\">St\u00e4rkt und beruhigt die Hautbarriere<\/p>\n<\/li>\n<\/ul>\n<h3 data-start=\"1733\" data-end=\"1791\"><a href=\"https:\/\/yukibeauty.ch\/de\/shop\/korean-routine\/gesichtscreme\/hyaluronic-acid-intensive-cream\/\" target=\"_blank\" rel=\"noopener\"><strong data-start=\"1738\" data-end=\"1789\">3. COSRX Hyalurons\u00e4ure-Intensiv-Creme (100g)<\/strong><\/a><\/h3>\n<p data-start=\"1792\" data-end=\"2012\">Eine intensiv feuchtigkeitsspendende Creme mit 3.000 ppm Natriumhyaluronat und 57,8% Sanddornwasser. Sie spendet lang anhaltende Feuchtigkeit, macht schuppige Haut weich und st\u00e4rkt die Feuchtigkeitsbarriere, ohne zu beschweren.<\/p>\n<h4 data-start=\"2014\" data-end=\"2033\"><strong data-start=\"2014\" data-end=\"2031\">Wichtigste Vorteile:<\/strong><\/h4>\n<ul data-start=\"2034\" data-end=\"2179\">\n<li data-start=\"2034\" data-end=\"2079\">\n<p data-start=\"2036\" data-end=\"2079\">Intensive Feuchtigkeitszufuhr f\u00fcr trockene, empfindliche Haut<\/p>\n<\/li>\n<li data-start=\"2080\" data-end=\"2116\">\n<p data-start=\"2082\" data-end=\"2116\">Verringert Reizungen und Rauheit<\/p>\n<\/li>\n<li data-start=\"2117\" data-end=\"2151\">\n<p data-start=\"2119\" data-end=\"2151\">Leichtes, nicht fettendes Finish<\/p>\n<\/li>\n<li data-start=\"2152\" data-end=\"2179\">\n<p data-start=\"2154\" data-end=\"2179\">Perfekt f\u00fcr AM &amp; PM Anwendung<\/p>\n<\/li>\n<\/ul>\n<h4 data-section-id=\"1t9bsrc\" data-start=\"2186\" data-end=\"2209\"><strong data-start=\"2193\" data-end=\"2207\">Ideal f\u00fcr:<\/strong><\/h4>\n<ul data-start=\"2210\" data-end=\"2421\">\n<li data-start=\"2210\" data-end=\"2244\">\n<p data-start=\"2212\" data-end=\"2244\">Trockene, dehydrierte oder schuppige Haut<\/p>\n<\/li>\n<li data-start=\"2245\" data-end=\"2309\">\n<p data-start=\"2247\" data-end=\"2309\">Fr\u00fche Anzeichen der Alterung: feine Linien, Mattigkeit, Verlust der Festigkeit<\/p>\n<\/li>\n<li data-start=\"2310\" data-end=\"2340\">\n<p data-start=\"2312\" data-end=\"2340\">Empfindliche oder reaktive Haut<\/p>\n<\/li>\n<li data-start=\"2341\" data-end=\"2373\">\n<p data-start=\"2343\" data-end=\"2373\">Beeintr\u00e4chtigte Feuchtigkeitsbarriere<\/p>\n<\/li>\n<li data-start=\"2374\" data-end=\"2421\">\n<p data-start=\"2376\" data-end=\"2421\">Sanfte Anti-Aging-Pflege mit Feuchtigkeitsschub<\/p>\n<\/li>\n<\/ul>\n<h2 data-start=\"2428\" data-end=\"2639\"><strong data-start=\"2428\" data-end=\"2471\">Drei wesentliche Dinge. Eine leistungsstarke Routine. Ein Anti-Ageing-Feuchtigkeitsset<\/strong><\/h2>\n<p data-start=\"2428\" data-end=\"2639\">Reinigen, pflegen und befeuchten Sie Ihre Haut - f\u00fcr eine glattere, straffere und widerstandsf\u00e4higere Haut, ohne sie zu reizen. Perfekt f\u00fcr die t\u00e4gliche Anwendung und f\u00fcr alle Hauttypen geeignet.<\/p>","protected":false},"excerpt":{"rendered":"<p>Anti-Ageing Moisturising Set Gentle Renewal, Deep Hydration &amp; Visible Firmness: For All Skin Types The Anti-Ageing Moisturising Set combines three<\/p>","protected":false},"featured_media":3692,"comment_status":"open","ping_status":"closed","template":"","meta":[],"product_brand":[],"product_cat":[310,23,312,320],"product_tag":[],"class_list":{"0":"post-3726","1":"product","2":"type-product","3":"status-publish","4":"has-post-thumbnail","6":"product_cat-cream","7":"product_cat-face-cream","8":"product_cat-serum","9":"product_cat-sets","11":"first","12":"instock","13":"purchasable","14":"product-type-woosb"},"_links":{"self":[{"href":"https:\/\/yukibeauty.ch\/de\/wp-json\/wp\/v2\/product\/3726","targetHints":{"allow":["GET"]}}],"collection":[{"href":"https:\/\/yukibeauty.ch\/de\/wp-json\/wp\/v2\/product"}],"about":[{"href":"https:\/\/yukibeauty.ch\/de\/wp-json\/wp\/v2\/types\/product"}],"replies":[{"embeddable":true,"href":"https:\/\/yukibeauty.ch\/de\/wp-json\/wp\/v2\/comments?post=3726"}],"wp:featuredmedia":[{"embeddable":true,"href":"https:\/\/yukibeauty.ch\/de\/wp-json\/wp\/v2\/media\/3692"}],"wp:attachment":[{"href":"https:\/\/yukibeauty.ch\/de\/wp-json\/wp\/v2\/media?parent=3726"}],"wp:term":[{"taxonomy":"product_brand","embeddable":true,"href":"https:\/\/yukibeauty.ch\/de\/wp-json\/wp\/v2\/product_brand?post=3726"},{"taxonomy":"product_cat","embeddable":true,"href":"https:\/\/yukibeauty.ch\/de\/wp-json\/wp\/v2\/product_cat?post=3726"},{"taxonomy":"product_tag","embeddable":true,"href":"https:\/\/yukibeauty.ch\/de\/wp-json\/wp\/v2\/product_tag?post=3726"}],"curies":[{"name":"wp","href":"https:\/\/api.w.org\/{rel}","templated":true}]}}