{"id":3728,"date":"2025-07-29T19:34:20","date_gmt":"2025-07-29T17:34:20","guid":{"rendered":"https:\/\/yukibeauty.ch\/?post_type=product&#038;p=3728"},"modified":"2026-01-19T12:14:24","modified_gmt":"2026-01-19T11:14:24","slug":"k-beauty-routine-set","status":"publish","type":"product","link":"https:\/\/yukibeauty.ch\/de\/shop\/korean-routine\/cleanser\/k-beauty-routine-set\/","title":{"rendered":"Koreanisches Beauty-Routine-Set"},"content":{"rendered":"<h2 data-section-id=\"1v8tb6g\" data-start=\"204\" data-end=\"239\"><strong data-start=\"208\" data-end=\"237\">Koreanisches Beauty-Routine-Set<\/strong><\/h2>\n<p data-start=\"240\" data-end=\"314\">Komplettes 9-Schritte-Hautpflegeritual f\u00fcr hydratisierte, strahlende und widerstandsf\u00e4hige Haut<\/p>\n<p data-start=\"316\" data-end=\"687\">Das Korean Beauty Routine Set ist Ihr All-in-One-Guide f\u00fcr eine glatte, gesunde und ausgeglichene Haut auf K-Beauty-Art. Diese kuratierte 9-Schritte-Kollektion vereint kultige Lieblingsprodukte von bew\u00e4hrten Marken wie SKIN1004, COSRX, ANUA, SOME BY MI, Medicube und Mixsoon, die Ihre Haut jeden Tag sanft reinigen, hydratisieren, beruhigen, aufhellen und sch\u00fctzen.<\/p>\n<h2 data-section-id=\"rge4xg\" data-start=\"694\" data-end=\"740\"><strong data-start=\"701\" data-end=\"740\">Was drin ist und warum Sie es lieben werden:<\/strong><\/h2>\n<h3 data-start=\"742\" data-end=\"812\"><a href=\"https:\/\/yukibeauty.ch\/de\/shop\/fur-manner\/cleanser-for-men\/centella-cleansing-oil\/\" target=\"_blank\" rel=\"noopener\">1. SKIN1004 Madagaskar Centella Leichtes Reinigungs\u00f6l (200ml)<\/a><\/h3>\n<p data-start=\"813\" data-end=\"1036\">Schmelzen Sie Make-up, Sonnenschutzmittel und Unreinheiten weg und beruhigen Sie gleichzeitig Irritationen mit Centella Asiatica. Dieser nicht fettende, vegane \u00d6lreiniger macht die Haut weich, atmungsaktiv und frisch.<br data-start=\"982\" data-end=\"985\" \/>Ideal f\u00fcr: Empfindliche, trockene und gereizte Haut<\/p>\n<h3 data-start=\"1038\" data-end=\"1109\"><a href=\"https:\/\/yukibeauty.ch\/de\/shop\/korean-routine\/cleanser\/cosrx-low-ph-niacinamide-micellar-cleansing-water\/\" target=\"_blank\" rel=\"noopener\"><strong data-start=\"1043\" data-end=\"1107\">2. COSRX Low pH Niacinamide Micellar Cleansing Water (400ml)<\/strong><\/a><\/h3>\n<p data-start=\"1110\" data-end=\"1325\">Ein erfrischendes, reizarmes Mizellenwasser, das R\u00fcckst\u00e4nde, \u00fcbersch\u00fcssiges \u00d6l und Mitesser entfernt, w\u00e4hrend es die Poren verfeinert und R\u00f6tungen mit Niacinamid und Zink beruhigt.<br data-start=\"1275\" data-end=\"1278\" \/>Perfektes Zweitreinigungsmittel f\u00fcr jeden Hauttyp<\/p>\n<h3 data-start=\"1327\" data-end=\"1388\"><a href=\"https:\/\/yukibeauty.ch\/de\/shop\/fur-manner\/cleanser-for-men\/anua-heartleaf-peeling\/\" target=\"_blank\" rel=\"noopener\"><strong data-start=\"1332\" data-end=\"1386\">3. ANUA Heartleaf LHA Feuchtigkeits-Peeling-Gel (120ml)<\/strong><\/a><\/h3>\n<p data-start=\"1389\" data-end=\"1627\">Dieses sanfte Peeling-Gel verfeinert die Poren, gl\u00e4ttet das Hautbild und spendet Feuchtigkeit - und das alles, ohne die empfindliche Haut zu st\u00f6ren. Angetrieben durch <a href=\"https:\/\/www.skinceuticals.com\/lha.html#:~:text=A%20derivative%20of%20salicylic%20acid,and%20refine%20the%20skin's%20surface.\" target=\"_blank\" rel=\"noopener\">LHA<\/a>Heartleaf, Natriumhyaluronat und Antioxidantien.<br data-start=\"1571\" data-end=\"1574\" \/>2-3 Mal pro Woche anwenden, um eine ruhige, strahlende Haut zu erhalten<\/p>\n<h3 data-start=\"1629\" data-end=\"1692\"><a href=\"https:\/\/yukibeauty.ch\/de\/shop\/korean-routine\/toner\/skin1004-madagascar-centella-toning-toner\/\" target=\"_blank\" rel=\"noopener\"><strong data-start=\"1634\" data-end=\"1690\">4. SKIN1004 Madagaskar Centella Toning Toner (210ml)<\/strong><\/a><\/h3>\n<p data-start=\"1693\" data-end=\"1883\">Ein t\u00e4gliches, leichtes Peeling mit PHA und 84% Centella Asiatica, das die Haut aufhellt, den Talg ausgleicht und die Aufnahme von Seren f\u00f6rdert. F\u00fcr stumpfe, ungleichm\u00e4\u00dfige Haut und empfindliche Haut<\/p>\n<h3 data-start=\"1885\" data-end=\"1950\"><a href=\"https:\/\/yukibeauty.ch\/de\/shop\/korean-routine\/essence\/6-peptide-skin-booster\/\" target=\"_blank\" rel=\"noopener\"><strong data-start=\"1890\" data-end=\"1948\">5. COSRX The 6 Peptide Skin Booster (100ml)<\/strong><\/a><\/h3>\n<p data-start=\"1951\" data-end=\"2137\">Dieses leichte, schnell einziehende Serum enth\u00e4lt 6 hautverbessernde Peptide, die Ihre Haut umfassend verbessern<\/p>\n<h3 data-start=\"2139\" data-end=\"2191\"><a href=\"https:\/\/yukibeauty.ch\/de\/shop\/korean-routine\/serum\/medicube-glutathione-glow-serum\/\" target=\"_blank\" rel=\"noopener\"><strong data-start=\"2144\" data-end=\"2189\">6. Medicube Glutathion Glow Serum (30ml)<\/strong><\/a><\/h3>\n<p data-start=\"2192\" data-end=\"2419\">Hellt fahle Haut auf und reduziert Pigmentierung mit 50.000 ppm Glutathion, Niacinamid und Bifida Ferment Lysat. Strafft und sch\u00fctzt mit Kollagen und Adenosin. Wirkt gegen ungleichm\u00e4\u00dfigen Hautton, feine Linien und m\u00fcde Haut<\/p>\n<h3 data-start=\"2421\" data-end=\"2485\"><a href=\"https:\/\/yukibeauty.ch\/de\/shop\/fur-manner\/sheet-mask\/anua-heartleaf-cream-mask-night-solution\/\" target=\"_blank\" rel=\"noopener\"><strong data-start=\"2426\" data-end=\"2483\">7. ANUA Heartleaf Cream Mask Night Solution (1 Blatt)<\/strong><\/a><\/h3>\n<p data-start=\"2486\" data-end=\"2688\">Eine beruhigende, barrierer\u00fcckstellende Nachtmaske mit Heartleaf, Ceramiden, Panthenol und einer reichhaltigen, cremigen Essenz. Stellt gestresste, dehydrierte Haut \u00fcber Nacht wieder her. Beruhigende Maske zur einmaligen Anwendung f\u00fcr einen Reset der Haut<\/p>\n<h3 data-start=\"2690\" data-end=\"2751\"><a href=\"https:\/\/yukibeauty.ch\/de\/shop\/korean-routine\/gesichtscreme\/advanced-snail-92-all-in-one-cream\/\" target=\"_blank\" rel=\"noopener\"><strong data-start=\"2695\" data-end=\"2749\">8. COSRX Erweiterte Schnecke 92 All In One Creme (100g)<\/strong><\/a><\/h3>\n<p data-start=\"2752\" data-end=\"2946\">Eine leichte Gel-Creme mit 92% Schneckenschleim, Hyalurons\u00e4ure und Adenosin. Versorgt die Haut t\u00e4glich mit intensiver Feuchtigkeit, gl\u00e4ttet und st\u00e4rkt sie. Schlie\u00dft die Feuchtigkeit ein, ohne zu beschweren<\/p>\n<h3 data-start=\"2948\" data-end=\"3004\"><a href=\"https:\/\/yukibeauty.ch\/de\/?s=sun+stick&amp;post_type=product\" target=\"_blank\" rel=\"noopener\"><strong data-start=\"2953\" data-end=\"3002\">9. Mixsoon Bean Sun Stick SPF50+ PA++++ (15g)<\/strong><\/a><\/h3>\n<p data-start=\"3005\" data-end=\"3200\">Ein schwereloser, wei\u00dfer Sonnenstift ohne Schatten mit fermentierten Pflanzenextrakten und Aminos\u00e4uren. Sch\u00fctzt und pflegt und gl\u00e4ttet die Hautstruktur. Perfekt f\u00fcr die t\u00e4gliche Sonnenpflege und zum Nachcremen<\/p>\n<h2 data-section-id=\"1x08plw\" data-start=\"3574\" data-end=\"3600\"><strong data-start=\"3581\" data-end=\"3598\">F\u00fcr wen es gedacht ist:<\/strong><\/h2>\n<ul data-start=\"3601\" data-end=\"3789\">\n<li data-start=\"3601\" data-end=\"3632\">\n<p data-start=\"3603\" data-end=\"3632\">Empfindliche oder gereizte Haut<\/p>\n<\/li>\n<li data-start=\"3633\" data-end=\"3669\">\n<p data-start=\"3635\" data-end=\"3669\">Zu Akne neigende Haut oder Haut nach Ausbr\u00fcchen<\/p>\n<\/li>\n<li data-start=\"3670\" data-end=\"3710\">\n<p data-start=\"3672\" data-end=\"3710\">Stumpfheit, raue Textur, ungleichm\u00e4\u00dfiger Ton<\/p>\n<\/li>\n<li data-start=\"3711\" data-end=\"3749\">\n<p data-start=\"3713\" data-end=\"3749\">Fr\u00fche Anzeichen der Hautalterung oder feine Linien<\/p>\n<\/li>\n<li data-start=\"3750\" data-end=\"3789\">\n<p data-start=\"3752\" data-end=\"3789\">Dehydrierte oder geschw\u00e4chte Hautbarriere<\/p>\n<\/li>\n<\/ul>\n<p data-start=\"3796\" data-end=\"3996\"><strong data-start=\"3796\" data-end=\"3861\">Alles, was Ihre Haut braucht - in einem kompletten koreanischen Beauty-Routine-Set<\/strong><br data-start=\"3861\" data-end=\"3864\" \/>Von der sanften Reinigung bis hin zu gezielter Pflege und Sonnenschutz liefert dieses 9-Schritte-Set sichtbare Ergebnisse mit Komfort, Ausgeglichenheit und Glanz.<\/p>","protected":false},"excerpt":{"rendered":"<p>Korean Beauty Routine Set 9-stufiges Hautpflegeritual f\u00fcr hydratisierte, strahlende und widerstandsf\u00e4hige Haut Das Korean Beauty Routine Set ist<\/p>","protected":false},"featured_media":4412,"comment_status":"open","ping_status":"closed","template":"","meta":[],"product_brand":[],"product_cat":[17,310,20,18,23,312,320,24,19],"product_tag":[],"class_list":{"0":"post-3728","1":"product","2":"type-product","3":"status-publish","4":"has-post-thumbnail","6":"product_cat-cleanser","7":"product_cat-cream","8":"product_cat-essence","9":"product_cat-exfoliatiors","10":"product_cat-face-cream","11":"product_cat-serum","12":"product_cat-sets","13":"product_cat-sun-protection","14":"product_cat-toner","16":"first","17":"instock","18":"purchasable","19":"product-type-woosb"},"_links":{"self":[{"href":"https:\/\/yukibeauty.ch\/de\/wp-json\/wp\/v2\/product\/3728","targetHints":{"allow":["GET"]}}],"collection":[{"href":"https:\/\/yukibeauty.ch\/de\/wp-json\/wp\/v2\/product"}],"about":[{"href":"https:\/\/yukibeauty.ch\/de\/wp-json\/wp\/v2\/types\/product"}],"replies":[{"embeddable":true,"href":"https:\/\/yukibeauty.ch\/de\/wp-json\/wp\/v2\/comments?post=3728"}],"wp:featuredmedia":[{"embeddable":true,"href":"https:\/\/yukibeauty.ch\/de\/wp-json\/wp\/v2\/media\/4412"}],"wp:attachment":[{"href":"https:\/\/yukibeauty.ch\/de\/wp-json\/wp\/v2\/media?parent=3728"}],"wp:term":[{"taxonomy":"product_brand","embeddable":true,"href":"https:\/\/yukibeauty.ch\/de\/wp-json\/wp\/v2\/product_brand?post=3728"},{"taxonomy":"product_cat","embeddable":true,"href":"https:\/\/yukibeauty.ch\/de\/wp-json\/wp\/v2\/product_cat?post=3728"},{"taxonomy":"product_tag","embeddable":true,"href":"https:\/\/yukibeauty.ch\/de\/wp-json\/wp\/v2\/product_tag?post=3728"}],"curies":[{"name":"wp","href":"https:\/\/api.w.org\/{rel}","templated":true}]}}