{"id":3791,"date":"2025-07-29T20:41:19","date_gmt":"2025-07-29T18:41:19","guid":{"rendered":"https:\/\/yukibeauty.ch\/?post_type=product&#038;p=3791"},"modified":"2025-10-28T08:07:25","modified_gmt":"2025-10-28T07:07:25","slug":"stem-cell-set","status":"publish","type":"product","link":"https:\/\/yukibeauty.ch\/de\/shop\/korean-routine\/cleanser\/stem-cell-set\/","title":{"rendered":"Niacinamid &amp; Stammzellen-Verj\u00fcngungsset"},"content":{"rendered":"<h2 data-start=\"200\" data-end=\"244\"><strong data-start=\"203\" data-end=\"244\">Niacinamid &amp; Stammzellen-Verj\u00fcngungsset<\/strong><\/h2>\n<p data-start=\"245\" data-end=\"394\"><strong data-start=\"245\" data-end=\"278\">Ausbalancieren. Reinigen. Verj\u00fcngen.<\/strong><br data-start=\"278\" data-end=\"281\" \/>Eine wirkungsvolle 2-Schritt-Routine zur Tiefenreinigung der Haut, zur Unterst\u00fctzung der Elastizit\u00e4t und f\u00fcr sichtbare Anti-Aging-Effekte.<\/p>\n<p data-start=\"396\" data-end=\"711\">Das Niacinamide &amp; Stem Cell Rejuvenation Set ist ein sorgf\u00e4ltig zusammengestelltes Duo, das fortschrittliche mizellare Reinigung mit Stammzellenpflege der n\u00e4chsten Generation kombiniert. Dieses Set ist ideal f\u00fcr fettige, Mischhaut oder alternde Haut. Es hilft, Unreinheiten zu entfernen, den Talg auszugleichen und den Teint sichtbar zu straffen und zu verj\u00fcngen, ohne ihn zu reizen.<\/p>\n<h2 data-start=\"718\" data-end=\"760\"><strong data-start=\"722\" data-end=\"760\">Was drin ist und warum Sie es lieben werden<\/strong><\/h2>\n<h3 data-start=\"762\" data-end=\"830\"><a href=\"https:\/\/yukibeauty.ch\/de\/shop\/korean-routine\/cleanser\/cosrx-low-ph-niacinamide-micellar-cleansing-water\/\" target=\"_blank\" rel=\"noopener\"><strong data-start=\"767\" data-end=\"828\">1. COSRX Low pH Niacinamide Micellar Cleansing Water (400ml)<\/strong><\/a><\/h3>\n<p data-start=\"831\" data-end=\"1099\">Ein intelligentes, hautreparierendes Reinigungswasser, das \u00fcber das Entfernen von Make-up hinausgeht.<br data-start=\"903\" data-end=\"906\" \/>Die Formel mit Niacinamid, Zink, Panthenol und Hyalurons\u00e4ure reinigt die Haut gr\u00fcndlich und sorgt gleichzeitig f\u00fcr Feuchtigkeit und Ausgeglichenheit. Ideal als sanfter, aber effektiver erster Schritt in Ihrer Hautpflegeroutine.<\/p>\n<h4 data-start=\"1101\" data-end=\"1118\"><strong data-start=\"1101\" data-end=\"1118\">Wichtigste Vorteile:<\/strong><\/h4>\n<ul data-start=\"1119\" data-end=\"1406\">\n<li data-start=\"1119\" data-end=\"1175\">\n<p data-start=\"1121\" data-end=\"1175\">Entfernt Make-up, \u00fcbersch\u00fcssiges \u00d6l und porenverstopfende Verunreinigungen<\/p>\n<\/li>\n<li data-start=\"1176\" data-end=\"1220\">\n<p data-start=\"1178\" data-end=\"1220\">Hilft, Poren zu verfeinern und Mitesser zu reduzieren<\/p>\n<\/li>\n<li data-start=\"1221\" data-end=\"1286\">\n<p data-start=\"1223\" data-end=\"1286\">Beruhigt R\u00f6tungen und Reizungen mit Niacinamid und Panthenol<\/p>\n<\/li>\n<li data-start=\"1287\" data-end=\"1341\">\n<p data-start=\"1289\" data-end=\"1341\">Zink kontrolliert \u00d6l und hinterl\u00e4sst ein mattes, frisches Finish<\/p>\n<\/li>\n<li data-start=\"1342\" data-end=\"1406\">\n<p data-start=\"1344\" data-end=\"1406\">Leichte, nicht scheuernde Formel f\u00fcr alle Hauttypen geeignet<\/p>\n<\/li>\n<\/ul>\n<h3 data-start=\"1413\" data-end=\"1460\"><a href=\"https:\/\/yukibeauty.ch\/de\/shop\/korean-routine\/masks\/nmn-stem-cell-face-mask\/\" target=\"_blank\" rel=\"noopener\"><strong data-start=\"1418\" data-end=\"1458\">2. THE STEM CELL NMN Gesichtsmaske (30 St\u00fcck)<\/strong><\/a><\/h3>\n<p data-start=\"1461\" data-end=\"1655\">Eine Anti-Aging-Maske der n\u00e4chsten Generation, die mit NMN (Nicotinamid-Mononukleotid) und aus Stammzellen gewonnenen Exosomen angereichert ist. Bietet tiefe Hydratation und Erneuerung durch Nanoliposomen.<\/p>\n<h4 data-start=\"1657\" data-end=\"1674\"><strong data-start=\"1657\" data-end=\"1674\">Wichtigste Vorteile:<\/strong><\/h4>\n<ul data-start=\"1675\" data-end=\"1914\">\n<li data-start=\"1675\" data-end=\"1721\">\n<p data-start=\"1677\" data-end=\"1721\">F\u00f6rdert die Hautregeneration und den Zellumsatz<\/p>\n<\/li>\n<li data-start=\"1722\" data-end=\"1769\">\n<p data-start=\"1724\" data-end=\"1769\">Verbessert die Festigkeit, Spannkraft und Dichte der Haut<\/p>\n<\/li>\n<li data-start=\"1770\" data-end=\"1819\">\n<p data-start=\"1772\" data-end=\"1819\">Verbessert sichtbar die Pigmentierung und hellt den Ton auf<\/p>\n<\/li>\n<li data-start=\"1820\" data-end=\"1872\">\n<p data-start=\"1822\" data-end=\"1872\">Spendet intensiv Feuchtigkeit und st\u00e4rkt die Hautbarriere<\/p>\n<\/li>\n<li data-start=\"1873\" data-end=\"1914\">\n<p data-start=\"1875\" data-end=\"1914\">Ideal f\u00fcr m\u00fcde, reife oder unebene Haut<\/p>\n<\/li>\n<\/ul>\n<h2 data-start=\"1921\" data-end=\"1941\"><strong data-start=\"1925\" data-end=\"1941\">F\u00fcr wen sie bestimmt ist<\/strong><\/h2>\n<ul data-start=\"1942\" data-end=\"2195\">\n<li data-start=\"1942\" data-end=\"2018\">\n<p data-start=\"1944\" data-end=\"2018\">Fettige, Mischhaut oder normale Haut, die eine wirksame und dennoch sanfte Reinigung ben\u00f6tigt<\/p>\n<\/li>\n<li data-start=\"2019\" data-end=\"2077\">\n<p data-start=\"2021\" data-end=\"2077\">Haut mit Anzeichen von M\u00fcdigkeit, Mattheit oder feinen Linien<\/p>\n<\/li>\n<li data-start=\"2078\" data-end=\"2144\">\n<p data-start=\"2080\" data-end=\"2144\">Diejenigen, die Anti-Aging-Vorteile mit einem sauberen Sch\u00f6nheitsansatz suchen<\/p>\n<\/li>\n<li data-start=\"2145\" data-end=\"2195\">\n<p data-start=\"2147\" data-end=\"2195\">Empfindliche Hauttypen (Patch-Test empfohlen)<\/p>\n<\/li>\n<\/ul>\n<p data-start=\"2202\" data-end=\"2364\" data-is-last-node=\"\" data-is-only-node=\"\"><strong data-start=\"2202\" data-end=\"2272\">Setzen Sie Ihre Haut t\u00e4glich mit einer Tiefenreinigung und einer w\u00f6chentlichen Verj\u00fcngungskur zur\u00fcck.<\/strong><br data-start=\"2272\" data-end=\"2275\" \/>Das Niacinamide &amp; Stem Cell Rejuvenation Set unterst\u00fctzt eine klare, ausgeglichene Haut an der Oberfl\u00e4che und die Zellerneuerung von innen.<\/p>","protected":false},"excerpt":{"rendered":"<p>Niacinamide &amp; Stem Cell Rejuvenation Set Balance. Cleanse. Rejuvenate.A powerful 2-step routine to deeply purify the skin, support elasticity, and<\/p>","protected":false},"featured_media":4414,"comment_status":"open","ping_status":"closed","template":"","meta":[],"product_brand":[],"product_cat":[17,21,320],"product_tag":[],"class_list":{"0":"post-3791","1":"product","2":"type-product","3":"status-publish","4":"has-post-thumbnail","6":"product_cat-cleanser","7":"product_cat-masks","8":"product_cat-sets","10":"first","11":"instock","12":"purchasable","13":"product-type-woosb"},"_links":{"self":[{"href":"https:\/\/yukibeauty.ch\/de\/wp-json\/wp\/v2\/product\/3791","targetHints":{"allow":["GET"]}}],"collection":[{"href":"https:\/\/yukibeauty.ch\/de\/wp-json\/wp\/v2\/product"}],"about":[{"href":"https:\/\/yukibeauty.ch\/de\/wp-json\/wp\/v2\/types\/product"}],"replies":[{"embeddable":true,"href":"https:\/\/yukibeauty.ch\/de\/wp-json\/wp\/v2\/comments?post=3791"}],"wp:featuredmedia":[{"embeddable":true,"href":"https:\/\/yukibeauty.ch\/de\/wp-json\/wp\/v2\/media\/4414"}],"wp:attachment":[{"href":"https:\/\/yukibeauty.ch\/de\/wp-json\/wp\/v2\/media?parent=3791"}],"wp:term":[{"taxonomy":"product_brand","embeddable":true,"href":"https:\/\/yukibeauty.ch\/de\/wp-json\/wp\/v2\/product_brand?post=3791"},{"taxonomy":"product_cat","embeddable":true,"href":"https:\/\/yukibeauty.ch\/de\/wp-json\/wp\/v2\/product_cat?post=3791"},{"taxonomy":"product_tag","embeddable":true,"href":"https:\/\/yukibeauty.ch\/de\/wp-json\/wp\/v2\/product_tag?post=3791"}],"curies":[{"name":"wp","href":"https:\/\/api.w.org\/{rel}","templated":true}]}}