{"id":3844,"date":"2025-07-30T13:08:23","date_gmt":"2025-07-30T11:08:23","guid":{"rendered":"https:\/\/yukibeauty.ch\/?post_type=product&#038;p=3844"},"modified":"2025-12-02T17:44:00","modified_gmt":"2025-12-02T16:44:00","slug":"full-hydration-set","status":"publish","type":"product","link":"https:\/\/yukibeauty.ch\/de\/shop\/korean-routine\/cleanser\/full-hydration-set\/","title":{"rendered":"Komplettes Reinigungs- und Hydratationsset"},"content":{"rendered":"<h2 data-start=\"187\" data-end=\"227\"><strong data-start=\"191\" data-end=\"225\">Komplettes Reinigungs- und Hydratationsset<\/strong><\/h2>\n<p data-start=\"228\" data-end=\"255\"><strong data-start=\"228\" data-end=\"255\">Tiefenreinigung. Beruhigen. Strahlen.<\/strong><\/p>\n<p data-start=\"257\" data-end=\"585\">Ein komplettes 4-Schritte-Ritual, das Ihre Haut von Unreinheiten befreit und ihr neue Feuchtigkeit und Ausstrahlung schenkt. Dieses kuratierte Full Cleansing &amp; Hydration Set ist perfekt f\u00fcr empfindliche, feuchtigkeitsarme oder fahle Haut, die einen sanften, aber effektiven Neustart braucht. Es enth\u00e4lt ein mizellares Reinigungswasser, ein Peeling-Toner, eine beruhigende Ampulle und eine vitaminreiche aufhellende Creme.<\/p>\n<h2 data-start=\"592\" data-end=\"665\"><a href=\"https:\/\/yukibeauty.ch\/de\/shop\/korean-routine\/cleanser\/cosrx-low-ph-niacinamide-micellar-cleansing-water\/\" target=\"_blank\" rel=\"noopener\"><strong data-start=\"599\" data-end=\"663\">1. COSRX Low pH Niacinamide Micellar Cleansing Water (400ml)<\/strong><\/a><\/h2>\n<p data-start=\"666\" data-end=\"781\">Ihr t\u00e4gliches Reinigungsmittel - entfernt Make-up und Talg, ohne die Hautbarriere zu st\u00f6ren.<\/p>\n<h3 data-start=\"666\" data-end=\"781\"><strong data-start=\"766\" data-end=\"779\">Vorteile:<\/strong><\/h3>\n<ul data-start=\"782\" data-end=\"1018\">\n<li data-start=\"782\" data-end=\"826\">\n<p data-start=\"784\" data-end=\"826\">L\u00f6st Schmutz, SPF und hartn\u00e4ckiges Make-up<\/p>\n<\/li>\n<li data-start=\"827\" data-end=\"875\">\n<p data-start=\"829\" data-end=\"875\">Reduziert \u00fcbersch\u00fcssiges \u00d6l, Mitesser und Stumpfheit<\/p>\n<\/li>\n<li data-start=\"876\" data-end=\"927\">\n<p data-start=\"878\" data-end=\"927\">Niacinamid und Zink verfeinern die Poren und straffen die Haut<\/p>\n<\/li>\n<li data-start=\"928\" data-end=\"973\">\n<p data-start=\"930\" data-end=\"973\">Beruhigt Reizungen und stellt die Feuchtigkeit wieder her<\/p>\n<\/li>\n<li data-start=\"974\" data-end=\"1018\">\n<p data-start=\"976\" data-end=\"1018\">Kein Aussp\u00fclen erforderlich - geeignet f\u00fcr AM\/PM<\/p>\n<\/li>\n<\/ul>\n<h2 data-start=\"1025\" data-end=\"1090\"><a href=\"https:\/\/yukibeauty.ch\/de\/shop\/korean-routine\/toner\/skin1004-madagascar-centella-toning-toner\/\" target=\"_blank\" rel=\"noopener\"><strong data-start=\"1032\" data-end=\"1088\">2. SKIN1004 Madagaskar Centella Toning Toner (210ml)<\/strong><\/a><\/h2>\n<p data-start=\"1091\" data-end=\"1158\">Sanftes t\u00e4gliches Peeling trifft auf beruhigende Feuchtigkeitszufuhr.<\/p>\n<h3 data-start=\"1091\" data-end=\"1158\"><strong data-start=\"1143\" data-end=\"1156\">Vorteile:<\/strong><\/h3>\n<ul data-start=\"1159\" data-end=\"1368\">\n<li data-start=\"1159\" data-end=\"1196\">\n<p data-start=\"1161\" data-end=\"1196\">PHA peelt ohne Reizung<\/p>\n<\/li>\n<li data-start=\"1197\" data-end=\"1238\">\n<p data-start=\"1199\" data-end=\"1238\">84% Centella Asiatica mildert R\u00f6tungen<\/p>\n<\/li>\n<li data-start=\"1239\" data-end=\"1281\">\n<p data-start=\"1241\" data-end=\"1281\">Hellt den Hautton auf und unterst\u00fctzt Anti-Aging<\/p>\n<\/li>\n<li data-start=\"1282\" data-end=\"1326\">\n<p data-start=\"1284\" data-end=\"1326\">Bereitet die Haut auf eine bessere Produktaufnahme vor<\/p>\n<\/li>\n<li data-start=\"1327\" data-end=\"1368\">\n<p data-start=\"1329\" data-end=\"1368\">Sicher f\u00fcr empfindliche oder sensibilisierte Haut<\/p>\n<\/li>\n<\/ul>\n<h2 data-start=\"1375\" data-end=\"1435\"><a href=\"https:\/\/yukibeauty.ch\/de\/shop\/korean-routine\/serum\/skin1004-madagascar-centella-ampoule\/\" target=\"_blank\" rel=\"noopener\"><strong data-start=\"1382\" data-end=\"1433\">3. SKIN1004 Madagaskar Centella Ampulle (100ml)<\/strong><\/a><\/h2>\n<p data-start=\"1436\" data-end=\"1508\">100% reines Centella-Serum, das beruhigt, repariert und Feuchtigkeit spendet.<\/p>\n<h3 data-start=\"1436\" data-end=\"1508\"><strong data-start=\"1493\" data-end=\"1506\">Vorteile:<\/strong><\/h3>\n<ul data-start=\"1509\" data-end=\"1732\">\n<li data-start=\"1509\" data-end=\"1555\">\n<p data-start=\"1511\" data-end=\"1555\">Ein Inhaltsstoff: keine Zusatzstoffe oder F\u00fcllstoffe<\/p>\n<\/li>\n<li data-start=\"1556\" data-end=\"1603\">\n<p data-start=\"1558\" data-end=\"1603\">Spendet tiefenwirksam Feuchtigkeit und unterst\u00fctzt die Reparatur der Barriere<\/p>\n<\/li>\n<li data-start=\"1604\" data-end=\"1645\">\n<p data-start=\"1606\" data-end=\"1645\">Hilft, R\u00f6tungen und Entz\u00fcndungen zu reduzieren<\/p>\n<\/li>\n<li data-start=\"1646\" data-end=\"1689\">\n<p data-start=\"1648\" data-end=\"1689\">Leicht, schnell einziehend, nicht klebend<\/p>\n<\/li>\n<li data-start=\"1690\" data-end=\"1732\">\n<p data-start=\"1692\" data-end=\"1732\">Ideal f\u00fcr gereizte oder zu Akne neigende Haut<\/p>\n<\/li>\n<\/ul>\n<h2 data-start=\"1739\" data-end=\"1795\"><a href=\"https:\/\/yukibeauty.ch\/de\/shop\/korean-routine\/gesichtscreme\/medicube-deep-vita-c-capsule-cream\/\" target=\"_blank\" rel=\"noopener\"><strong data-start=\"1745\" data-end=\"1793\">4. Medicube Deep Vita C Capsule Creme (50ml)<\/strong><\/a><\/h2>\n<p data-start=\"1796\" data-end=\"1869\">Eine Creme mit doppelter Textur, die aufhellt, Feuchtigkeit spendet und sch\u00fctzt.<\/p>\n<h3 data-start=\"1796\" data-end=\"1869\"><strong data-start=\"1854\" data-end=\"1867\">Vorteile:<\/strong><\/h3>\n<ul data-start=\"1870\" data-end=\"2116\">\n<li data-start=\"1870\" data-end=\"1918\">\n<p data-start=\"1872\" data-end=\"1918\">Eingekapseltes Vitamin C f\u00fcr maximale Frische<\/p>\n<\/li>\n<li data-start=\"1919\" data-end=\"1970\">\n<p data-start=\"1921\" data-end=\"1970\">Behebt Pigmentierung, Stumpfheit und ungleichm\u00e4\u00dfigen Hautton<\/p>\n<\/li>\n<li data-start=\"1971\" data-end=\"2024\">\n<p data-start=\"1973\" data-end=\"2024\">Ferulas\u00e4ure und Vitamin E bek\u00e4mpfen oxidativen Stress<\/p>\n<\/li>\n<li data-start=\"2025\" data-end=\"2071\">\n<p data-start=\"2027\" data-end=\"2071\">Verbessert die Elastizit\u00e4t und mildert feine Linien<\/p>\n<\/li>\n<li data-start=\"2072\" data-end=\"2116\">\n<p data-start=\"2074\" data-end=\"2116\">Anpassbare Textur (Gel + Kapselmischung)<\/p>\n<\/li>\n<\/ul>\n<h3 data-start=\"2560\" data-end=\"2582\"><strong data-start=\"2567\" data-end=\"2580\">Am besten geeignet f\u00fcr:<\/strong><\/h3>\n<ul data-start=\"2583\" data-end=\"2769\">\n<li data-start=\"2583\" data-end=\"2621\">\n<p data-start=\"2585\" data-end=\"2621\">Dehydrierte, fahle oder gestresste Haut<\/p>\n<\/li>\n<li data-start=\"2622\" data-end=\"2658\">\n<p data-start=\"2624\" data-end=\"2658\">Empfindliche oder reaktive Hauttypen<\/p>\n<\/li>\n<li data-start=\"2659\" data-end=\"2693\">\n<p data-start=\"2661\" data-end=\"2693\">Ungleichm\u00e4\u00dfiger Hautton oder postakneale Flecken<\/p>\n<\/li>\n<li data-start=\"2694\" data-end=\"2729\">\n<p data-start=\"2696\" data-end=\"2729\">T\u00e4gliches nicht-strippendes Peeling<\/p>\n<\/li>\n<li data-start=\"2730\" data-end=\"2769\">\n<p data-start=\"2732\" data-end=\"2769\">Barriere-Reparatur &amp; sanfte Aufhellung<\/p>\n<\/li>\n<\/ul>\n<p data-start=\"2964\" data-end=\"3090\"><strong data-start=\"2964\" data-end=\"3023\">Ein Strahlen, das Sie sp\u00fcren k\u00f6nnen. Eine Routine, die Ihre Haut respektiert.<\/strong><br data-start=\"3023\" data-end=\"3026\" \/>Machen Sie die Hautpflege einfach, beruhigend und effektiv. Ein Schritt nach dem anderen mit dem Full Cleansing &amp; Hydration Set<\/p>","protected":false},"excerpt":{"rendered":"<p>Full Cleansing &amp; Hydration Set Deep Clean. Calm. Glow. A complete 4-step ritual to reset your skin from removing impurities<\/p>","protected":false},"featured_media":4547,"comment_status":"open","ping_status":"closed","template":"","meta":[],"product_brand":[],"product_cat":[26,17,313,310,23,333,315,312,320,19,314],"product_tag":[],"class_list":{"0":"post-3844","1":"product","2":"type-product","3":"status-publish","4":"has-post-thumbnail","6":"product_cat-beauty-tools","7":"product_cat-cleanser","8":"product_cat-cleanser-for-men","9":"product_cat-cream","10":"product_cat-face-cream","11":"product_cat-men-sets","12":"product_cat-serum-for-men","13":"product_cat-serum","14":"product_cat-sets","15":"product_cat-toner","16":"product_cat-toner-for-men","18":"first","19":"outofstock","20":"sale","21":"purchasable","22":"product-type-woosb"},"_links":{"self":[{"href":"https:\/\/yukibeauty.ch\/de\/wp-json\/wp\/v2\/product\/3844","targetHints":{"allow":["GET"]}}],"collection":[{"href":"https:\/\/yukibeauty.ch\/de\/wp-json\/wp\/v2\/product"}],"about":[{"href":"https:\/\/yukibeauty.ch\/de\/wp-json\/wp\/v2\/types\/product"}],"replies":[{"embeddable":true,"href":"https:\/\/yukibeauty.ch\/de\/wp-json\/wp\/v2\/comments?post=3844"}],"wp:featuredmedia":[{"embeddable":true,"href":"https:\/\/yukibeauty.ch\/de\/wp-json\/wp\/v2\/media\/4547"}],"wp:attachment":[{"href":"https:\/\/yukibeauty.ch\/de\/wp-json\/wp\/v2\/media?parent=3844"}],"wp:term":[{"taxonomy":"product_brand","embeddable":true,"href":"https:\/\/yukibeauty.ch\/de\/wp-json\/wp\/v2\/product_brand?post=3844"},{"taxonomy":"product_cat","embeddable":true,"href":"https:\/\/yukibeauty.ch\/de\/wp-json\/wp\/v2\/product_cat?post=3844"},{"taxonomy":"product_tag","embeddable":true,"href":"https:\/\/yukibeauty.ch\/de\/wp-json\/wp\/v2\/product_tag?post=3844"}],"curies":[{"name":"wp","href":"https:\/\/api.w.org\/{rel}","templated":true}]}}