{"id":3845,"date":"2025-07-30T13:18:49","date_gmt":"2025-07-30T11:18:49","guid":{"rendered":"https:\/\/yukibeauty.ch\/?post_type=product&#038;p=3845"},"modified":"2025-12-02T17:41:12","modified_gmt":"2025-12-02T16:41:12","slug":"keep-it-simple-set","status":"publish","type":"product","link":"https:\/\/yukibeauty.ch\/de\/shop\/fur-manner\/cleanser-for-men\/keep-it-simple-set\/","title":{"rendered":"Einfach gehaltenes Set"},"content":{"rendered":"<h2 data-start=\"130\" data-end=\"158\"><strong data-start=\"134\" data-end=\"156\">Keep It Simple Set<\/strong><\/h2>\n<p data-start=\"159\" data-end=\"199\"><strong data-start=\"159\" data-end=\"199\">Kl\u00e4rt die Poren. Beruhigt die Haut. Tiefenreparatur.<\/strong><\/p>\n<p data-start=\"201\" data-end=\"446\">Ein 3-Schritte-Tagesset zum Reinigen, Verfeinern und Wiederherstellen. Entwickelt f\u00fcr alle, die eine effektive, unkomplizierte Hautpflege w\u00fcnschen, mit fortschrittlichen Inhaltsstoffen wie <strong>Exosomen<\/strong>, <strong>Schneckenschleim<\/strong>und <strong>milde S\u00e4uren<\/strong>. Ideal f\u00fcr fettige Haut, Mischhaut, empfindliche Haut oder Haut nach Akne.<\/p>\n<h2 data-start=\"453\" data-end=\"505\"><a href=\"https:\/\/yukibeauty.ch\/de\/shop\/korean-routine\/cleanser\/zero-pore-pad-2\/\" target=\"_blank\" rel=\"noopener\"><strong data-start=\"460\" data-end=\"503\">1. Medicube Zero Pore Pad 2.0 (70 Pads)<\/strong><\/a><\/h2>\n<p data-start=\"506\" data-end=\"594\">Peeling-Pads mit doppelter Textur zur sichtbaren Reduzierung von Poren und Mitessern.<\/p>\n<h3 data-start=\"506\" data-end=\"594\"><strong data-start=\"579\" data-end=\"592\">Vorteile:<\/strong><\/h3>\n<ul data-start=\"595\" data-end=\"766\">\n<li data-start=\"595\" data-end=\"631\">\n<p data-start=\"597\" data-end=\"631\">Sanftes Peeling mit AHA &amp; BHA<\/p>\n<\/li>\n<li data-start=\"632\" data-end=\"668\">\n<p data-start=\"634\" data-end=\"668\">Beseitigt Mitesser und \u00fcbersch\u00fcssiges \u00d6l<\/p>\n<\/li>\n<li data-start=\"669\" data-end=\"706\">\n<p data-start=\"671\" data-end=\"706\">Verfeinert die Poren und gl\u00e4ttet das Hautbild<\/p>\n<\/li>\n<li data-start=\"707\" data-end=\"742\">\n<p data-start=\"709\" data-end=\"742\">Beruhigt mit pflanzlichen Extrakten<\/p>\n<\/li>\n<li data-start=\"743\" data-end=\"766\">\n<p data-start=\"745\" data-end=\"766\">Ideal f\u00fcr den t\u00e4glichen Gebrauch<\/p>\n<\/li>\n<\/ul>\n<h2 data-start=\"773\" data-end=\"838\"><a href=\"https:\/\/yukibeauty.ch\/de\/shop\/korean-routine\/serum\/medicube-exosome-ampoule-2000\/\" target=\"_blank\" rel=\"noopener\"><strong data-start=\"780\" data-end=\"836\">2. Medicube One Day Exosome Shot Pore Ampulle 2000 (30ml)<\/strong><\/a><\/h2>\n<p data-start=\"839\" data-end=\"945\">Eine Ampulle der n\u00e4chsten Generation mit Mikrospicules und 15 Millionen Exosomen f\u00fcr eine sichtbare Hauterneuerung.<\/p>\n<h3 data-start=\"839\" data-end=\"945\"><strong data-start=\"930\" data-end=\"943\">Vorteile:<\/strong><\/h3>\n<ul data-start=\"946\" data-end=\"1147\">\n<li data-start=\"946\" data-end=\"985\">\n<p data-start=\"948\" data-end=\"985\">Verfeinert die Poren und verbessert die Elastizit\u00e4t<\/p>\n<\/li>\n<li data-start=\"986\" data-end=\"1027\">\n<p data-start=\"988\" data-end=\"1027\">Verbessert die Absorption mit Spicule Tech<\/p>\n<\/li>\n<li data-start=\"1028\" data-end=\"1065\">\n<p data-start=\"1030\" data-end=\"1065\">Sorgt f\u00fcr ein sanftes Peeling (AHA, BHA, PHA)<\/p>\n<\/li>\n<li data-start=\"1066\" data-end=\"1103\">\n<p data-start=\"1068\" data-end=\"1103\">Beruhigt und spendet Feuchtigkeit mit Panthenol<\/p>\n<\/li>\n<li data-start=\"1104\" data-end=\"1147\">\n<p data-start=\"1106\" data-end=\"1147\">Ideal f\u00fcr fettige, m\u00fcde oder texturierte Haut<\/p>\n<\/li>\n<\/ul>\n<h2 data-start=\"1154\" data-end=\"1218\"><a href=\"https:\/\/yukibeauty.ch\/de\/shop\/korean-routine\/gesichtscreme\/advanced-snail-92-all-in-one-cream\/\" target=\"_blank\" rel=\"noopener\"><strong data-start=\"1161\" data-end=\"1216\">3. COSRX Erweiterte Schnecke 92 All In One Creme (100ml)<\/strong><\/a><\/h2>\n<p data-start=\"1219\" data-end=\"1300\">Eine leichte Creme mit 92% Schneckenmucin, die repariert und Feuchtigkeit spendet.<\/p>\n<h3 data-start=\"1219\" data-end=\"1300\"><strong data-start=\"1285\" data-end=\"1298\">Vorteile:<\/strong><\/h3>\n<ul data-start=\"1301\" data-end=\"1474\">\n<li data-start=\"1301\" data-end=\"1336\">\n<p data-start=\"1303\" data-end=\"1336\">Tiefe Feuchtigkeit ohne Schwere<\/p>\n<\/li>\n<li data-start=\"1337\" data-end=\"1367\">\n<p data-start=\"1339\" data-end=\"1367\">Unterst\u00fctzt die Heilung nach Akne<\/p>\n<\/li>\n<li data-start=\"1368\" data-end=\"1406\">\n<p data-start=\"1370\" data-end=\"1406\">Verbessert Elastizit\u00e4t und Geschmeidigkeit<\/p>\n<\/li>\n<li data-start=\"1407\" data-end=\"1441\">\n<p data-start=\"1409\" data-end=\"1441\">Lindert R\u00f6tungen und Reizungen<\/p>\n<\/li>\n<li data-start=\"1442\" data-end=\"1474\">\n<p data-start=\"1444\" data-end=\"1474\">St\u00e4rkt die Hautbarriere<\/p>\n<\/li>\n<\/ul>\n<h2 data-start=\"1705\" data-end=\"1727\"><strong data-start=\"1712\" data-end=\"1725\">Am besten geeignet f\u00fcr:<\/strong><\/h2>\n<ul data-start=\"1728\" data-end=\"1881\">\n<li data-start=\"1728\" data-end=\"1746\">\n<p data-start=\"1730\" data-end=\"1746\">Vergr\u00f6\u00dferte Poren<\/p>\n<\/li>\n<li data-start=\"1747\" data-end=\"1776\">\n<p data-start=\"1749\" data-end=\"1776\">Mitesser &amp; \u00fcbersch\u00fcssiger Talg<\/p>\n<\/li>\n<li data-start=\"1777\" data-end=\"1809\">\n<p data-start=\"1779\" data-end=\"1809\">Raue oder ungleichm\u00e4\u00dfige Hautbeschaffenheit<\/p>\n<\/li>\n<li data-start=\"1810\" data-end=\"1841\">\n<p data-start=\"1812\" data-end=\"1841\">Empfindliche oder postakneale Haut<\/p>\n<\/li>\n<li data-start=\"1842\" data-end=\"1881\">\n<p data-start=\"1844\" data-end=\"1881\">Schnelle, minimalistische Hautpflegeroutinen<\/p>\n<\/li>\n<\/ul>\n<p>&nbsp;<\/p>\n<p>Keep It Simple Set ist f\u00fcr alle Geschlechter und ist so schnell wie es klingt. Perfekt f\u00fcr Leute, die nicht so viel Zeit haben.<\/p>","protected":false},"excerpt":{"rendered":"<p>Keep It Simple Set Clear pores. Calm skin. Deep repair. A 3-step daily set to purify, refine, and restore. Designed<\/p>","protected":false},"featured_media":3710,"comment_status":"open","ping_status":"closed","template":"","meta":[],"product_brand":[],"product_cat":[313,17,310,23,333,315,312,320],"product_tag":[],"class_list":{"0":"post-3845","1":"product","2":"type-product","3":"status-publish","4":"has-post-thumbnail","6":"product_cat-cleanser-for-men","7":"product_cat-cleanser","8":"product_cat-cream","9":"product_cat-face-cream","10":"product_cat-men-sets","11":"product_cat-serum-for-men","12":"product_cat-serum","13":"product_cat-sets","15":"first","16":"outofstock","17":"sale","18":"purchasable","19":"product-type-woosb"},"_links":{"self":[{"href":"https:\/\/yukibeauty.ch\/de\/wp-json\/wp\/v2\/product\/3845","targetHints":{"allow":["GET"]}}],"collection":[{"href":"https:\/\/yukibeauty.ch\/de\/wp-json\/wp\/v2\/product"}],"about":[{"href":"https:\/\/yukibeauty.ch\/de\/wp-json\/wp\/v2\/types\/product"}],"replies":[{"embeddable":true,"href":"https:\/\/yukibeauty.ch\/de\/wp-json\/wp\/v2\/comments?post=3845"}],"wp:featuredmedia":[{"embeddable":true,"href":"https:\/\/yukibeauty.ch\/de\/wp-json\/wp\/v2\/media\/3710"}],"wp:attachment":[{"href":"https:\/\/yukibeauty.ch\/de\/wp-json\/wp\/v2\/media?parent=3845"}],"wp:term":[{"taxonomy":"product_brand","embeddable":true,"href":"https:\/\/yukibeauty.ch\/de\/wp-json\/wp\/v2\/product_brand?post=3845"},{"taxonomy":"product_cat","embeddable":true,"href":"https:\/\/yukibeauty.ch\/de\/wp-json\/wp\/v2\/product_cat?post=3845"},{"taxonomy":"product_tag","embeddable":true,"href":"https:\/\/yukibeauty.ch\/de\/wp-json\/wp\/v2\/product_tag?post=3845"}],"curies":[{"name":"wp","href":"https:\/\/api.w.org\/{rel}","templated":true}]}}