{"id":3846,"date":"2025-07-30T13:29:53","date_gmt":"2025-07-30T11:29:53","guid":{"rendered":"https:\/\/yukibeauty.ch\/?post_type=product&#038;p=3846"},"modified":"2025-10-27T08:53:01","modified_gmt":"2025-10-27T07:53:01","slug":"anua-heartleaf-duo","status":"publish","type":"product","link":"https:\/\/yukibeauty.ch\/de\/shop\/korean-routine\/exfoliatiors\/anua-heartleaf-duo\/","title":{"rendered":"Anua Heartleaf Glow Duo"},"content":{"rendered":"<h2 data-start=\"80\" data-end=\"117\">Anua Heartleaf Glow Duo<\/h2>\n<p data-start=\"118\" data-end=\"177\"><strong data-start=\"118\" data-end=\"177\">Sanftes Peeling + Barriere-Reparatur in einem beruhigenden Duo<\/strong><\/p>\n<p data-start=\"179\" data-end=\"388\">Eine beruhigende 2-Schritt-Routine f\u00fcr empfindliche, fahle oder gestresste Haut. Dieses Set kombiniert die Wirkung eines sanften Peelings mit der Pflege \u00fcber Nacht - es hilft Ihnen, Ihre Haut zu gl\u00e4tten, mit Feuchtigkeit zu versorgen und zu regenerieren, ohne sie zu reizen.<\/p>\n<h2 data-start=\"395\" data-end=\"458\"><strong data-start=\"402\" data-end=\"456\">1. Anua Heartleaf LHA Feuchtigkeits-Peeling-Gel [120ml]<\/strong><\/h2>\n<p data-start=\"459\" data-end=\"572\">Ein nicht-abrasives Peeling mit LHA und Heartleaf-Extrakt zur Verfeinerung der Textur und zur Reinigung der Poren.<\/p>\n<h3 data-start=\"459\" data-end=\"572\"><strong data-start=\"553\" data-end=\"570\">Wichtigste Vorteile:<\/strong><\/h3>\n<ul data-start=\"573\" data-end=\"764\">\n<li data-start=\"573\" data-end=\"607\">\n<p data-start=\"575\" data-end=\"607\">Entfernt sanft abgestorbene Hautzellen<\/p>\n<\/li>\n<li data-start=\"608\" data-end=\"650\">\n<p data-start=\"610\" data-end=\"650\">Verfeinert die Textur und reduziert Verstopfungen<\/p>\n<\/li>\n<li data-start=\"651\" data-end=\"687\">\n<p data-start=\"653\" data-end=\"687\">Beruhigt mit Heartleaf &amp; Allantoin<\/p>\n<\/li>\n<li data-start=\"688\" data-end=\"724\">\n<p data-start=\"690\" data-end=\"724\">Hydratisiert mit Natriumhyaluronat<\/p>\n<\/li>\n<li data-start=\"725\" data-end=\"764\">\n<p data-start=\"727\" data-end=\"764\">Hinterl\u00e4sst eine glatte, weiche und frische Haut<\/p>\n<\/li>\n<\/ul>\n<h2 data-start=\"771\" data-end=\"837\"><strong data-start=\"778\" data-end=\"835\">2. Anua Heartleaf Cream Mask Night Solution [1 Blatt]<\/strong><\/h2>\n<p data-start=\"838\" data-end=\"921\">Eine reichhaltige, mit Creme angereicherte Blattmaske, die die Hautbarriere \u00fcber Nacht repariert.<\/p>\n<h3 data-start=\"838\" data-end=\"921\"><strong data-start=\"902\" data-end=\"919\">Wichtigste Vorteile:<\/strong><\/h3>\n<ul data-start=\"922\" data-end=\"1152\">\n<li data-start=\"922\" data-end=\"962\">\n<p data-start=\"924\" data-end=\"962\">Beruhigt R\u00f6tungen und lindert Reizungen<\/p>\n<\/li>\n<li data-start=\"963\" data-end=\"1005\">\n<p data-start=\"965\" data-end=\"1005\">St\u00e4rkt die Hautbarriere \u00fcber Nacht<\/p>\n<\/li>\n<li data-start=\"1006\" data-end=\"1054\">\n<p data-start=\"1008\" data-end=\"1054\">Spendet tiefenwirksam Feuchtigkeit mit Ceramiden und Panthenol<\/p>\n<\/li>\n<li data-start=\"1055\" data-end=\"1103\">\n<p data-start=\"1057\" data-end=\"1103\">Macht die Haut weich, elastisch und ausgeruht<\/p>\n<\/li>\n<li data-start=\"1104\" data-end=\"1152\">\n<p data-start=\"1106\" data-end=\"1152\">Veganes, umweltfreundliches Blatt f\u00fcr empfindliche Haut<\/p>\n<\/li>\n<\/ul>\n<h3 data-start=\"1400\" data-end=\"1422\"><strong data-start=\"1407\" data-end=\"1420\">Am besten geeignet f\u00fcr:<\/strong><\/h3>\n<ul data-start=\"1423\" data-end=\"1570\">\n<li data-start=\"1423\" data-end=\"1467\">\n<p data-start=\"1425\" data-end=\"1467\">Empfindliche, gereizte oder dehydrierte Haut<\/p>\n<\/li>\n<li data-start=\"1468\" data-end=\"1504\">\n<p data-start=\"1470\" data-end=\"1504\">Ungleichm\u00e4\u00dfiges Hautbild oder stumpfer Ton<\/p>\n<\/li>\n<li data-start=\"1505\" data-end=\"1537\">\n<p data-start=\"1507\" data-end=\"1537\">Verstopfung und verstopfte Poren<\/p>\n<\/li>\n<li data-start=\"1538\" data-end=\"1570\">\n<p data-start=\"1540\" data-end=\"1570\">Schwache oder besch\u00e4digte Hautbarriere<\/p>\n<\/li>\n<\/ul>","protected":false},"excerpt":{"rendered":"<p>Anua Heartleaf Glow Duo Gentle exfoliation + barrier repair in one soothing duo A calming 2-step routine for sensitive, dull,<\/p>","protected":false},"featured_media":3695,"comment_status":"open","ping_status":"closed","template":"","meta":[],"product_brand":[],"product_cat":[18,21,320],"product_tag":[],"class_list":{"0":"post-3846","1":"product","2":"type-product","3":"status-publish","4":"has-post-thumbnail","6":"product_cat-exfoliatiors","7":"product_cat-masks","8":"product_cat-sets","10":"first","11":"instock","12":"purchasable","13":"product-type-woosb"},"_links":{"self":[{"href":"https:\/\/yukibeauty.ch\/de\/wp-json\/wp\/v2\/product\/3846","targetHints":{"allow":["GET"]}}],"collection":[{"href":"https:\/\/yukibeauty.ch\/de\/wp-json\/wp\/v2\/product"}],"about":[{"href":"https:\/\/yukibeauty.ch\/de\/wp-json\/wp\/v2\/types\/product"}],"replies":[{"embeddable":true,"href":"https:\/\/yukibeauty.ch\/de\/wp-json\/wp\/v2\/comments?post=3846"}],"wp:featuredmedia":[{"embeddable":true,"href":"https:\/\/yukibeauty.ch\/de\/wp-json\/wp\/v2\/media\/3695"}],"wp:attachment":[{"href":"https:\/\/yukibeauty.ch\/de\/wp-json\/wp\/v2\/media?parent=3846"}],"wp:term":[{"taxonomy":"product_brand","embeddable":true,"href":"https:\/\/yukibeauty.ch\/de\/wp-json\/wp\/v2\/product_brand?post=3846"},{"taxonomy":"product_cat","embeddable":true,"href":"https:\/\/yukibeauty.ch\/de\/wp-json\/wp\/v2\/product_cat?post=3846"},{"taxonomy":"product_tag","embeddable":true,"href":"https:\/\/yukibeauty.ch\/de\/wp-json\/wp\/v2\/product_tag?post=3846"}],"curies":[{"name":"wp","href":"https:\/\/api.w.org\/{rel}","templated":true}]}}