{"id":3859,"date":"2025-07-30T13:36:58","date_gmt":"2025-07-30T11:36:58","guid":{"rendered":"https:\/\/yukibeauty.ch\/?post_type=product&#038;p=3859"},"modified":"2025-10-28T09:08:44","modified_gmt":"2025-10-28T08:08:44","slug":"anua-peach-heartleaf-set","status":"publish","type":"product","link":"https:\/\/yukibeauty.ch\/de\/shop\/korean-routine\/serum\/anua-peach-heartleaf-set\/","title":{"rendered":"Anua Pfirsich &amp; Herzblatt Strahlen Set"},"content":{"rendered":"<h2 data-start=\"86\" data-end=\"131\"><strong data-start=\"90\" data-end=\"129\">Anua Pfirsich &amp; Herzblatt Strahlen Set<\/strong><\/h2>\n<p data-start=\"132\" data-end=\"202\"><strong data-start=\"132\" data-end=\"202\">Glow meets calm - f\u00fcr eine strahlende, ausgeglichene und gesund aussehende Haut<\/strong><\/p>\n<p data-start=\"204\" data-end=\"489\">Dieses leistungsstarke und doch sanfte 2-Schritt-Duo vereint die aufhellende Energie des Pfirsichs und die beruhigende Kraft des Herzblatts. Das Set ist ideal f\u00fcr fahle, unebene oder empfindliche Haut. Es gleicht den Hautton aus, spendet tiefenwirksam Feuchtigkeit und mildert R\u00f6tungen - und unterst\u00fctzt gleichzeitig eine starke, gesunde Hautbarriere.<\/p>\n<h2 data-start=\"496\" data-end=\"546\"><a href=\"https:\/\/yukibeauty.ch\/de\/shop\/fur-manner\/serum-for-men\/anua-peach-70-serum\/\" target=\"_blank\" rel=\"noopener\"><strong data-start=\"503\" data-end=\"544\">1. Anua Pfirsich 70% Niacin-Serum [30ml]<\/strong><\/a><\/h2>\n<p data-start=\"547\" data-end=\"644\">Ein Serum mit 70% Pfirsichextrakt und 5% Niacinamid, das die Ausstrahlung verst\u00e4rkt.<\/p>\n<h3 data-start=\"547\" data-end=\"644\"><strong data-start=\"625\" data-end=\"642\">Wichtigste Vorteile:<\/strong><\/h3>\n<ul data-start=\"645\" data-end=\"871\">\n<li data-start=\"645\" data-end=\"689\">\n<p data-start=\"647\" data-end=\"689\">Hellt fahle Haut auf und mildert dunkle Flecken<\/p>\n<\/li>\n<li data-start=\"690\" data-end=\"737\">\n<p data-start=\"692\" data-end=\"737\">Spendet intensiv Feuchtigkeit mit dreifacher Hyalurons\u00e4ure<\/p>\n<\/li>\n<li data-start=\"738\" data-end=\"790\">\n<p data-start=\"740\" data-end=\"790\">Gl\u00e4ttet sanft die Textur mit dem Peach Yogurt Complex<\/p>\n<\/li>\n<li data-start=\"791\" data-end=\"828\">\n<p data-start=\"793\" data-end=\"828\">Hinterl\u00e4sst ein leuchtendes, nicht klebriges Finish<\/p>\n<\/li>\n<li data-start=\"829\" data-end=\"871\">\n<p data-start=\"831\" data-end=\"871\">Nat\u00fcrlich rosa, parf\u00fcmfreie Formel<\/p>\n<\/li>\n<\/ul>\n<h2 data-start=\"878\" data-end=\"935\"><a href=\"https:\/\/yukibeauty.ch\/de\/shop\/fur-manner\/toner-for-men\/anua-heartleaf-77-soothing-toner-250ml\/\" target=\"_blank\" rel=\"noopener\"><strong data-start=\"885\" data-end=\"933\">2. Anua Heartleaf 77% Beruhigendes Gesichtswasser [250ml]<\/strong><\/a><\/h2>\n<p data-start=\"936\" data-end=\"1032\">Ein beruhigendes Gesichtswasser mit 77% Heartleaf-Extrakt zur Wiederherstellung von Gleichgewicht und Komfort.<\/p>\n<h3 data-start=\"936\" data-end=\"1032\"><strong data-start=\"1013\" data-end=\"1030\">Wichtigste Vorteile:<\/strong><\/h3>\n<ul data-start=\"1033\" data-end=\"1215\">\n<li data-start=\"1033\" data-end=\"1067\">\n<p data-start=\"1035\" data-end=\"1067\">Lindert R\u00f6tungen und Reizungen<\/p>\n<\/li>\n<li data-start=\"1068\" data-end=\"1098\">\n<p data-start=\"1070\" data-end=\"1098\">Spendet Feuchtigkeit, ohne zu beschweren<\/p>\n<\/li>\n<li data-start=\"1099\" data-end=\"1131\">\n<p data-start=\"1101\" data-end=\"1131\">St\u00e4rkt die Hautbarriere<\/p>\n<\/li>\n<li data-start=\"1132\" data-end=\"1173\">\n<p data-start=\"1134\" data-end=\"1173\">Hilft, Ausbr\u00fcche und feine Linien zu reduzieren<\/p>\n<\/li>\n<li data-start=\"1174\" data-end=\"1215\">\n<p data-start=\"1176\" data-end=\"1215\">Sicher f\u00fcr empfindliche oder zu Akne neigende Haut<\/p>\n<\/li>\n<\/ul>\n<h3><strong data-start=\"1479\" data-end=\"1492\">Am besten geeignet f\u00fcr:<\/strong><\/h3>\n<ul data-start=\"1495\" data-end=\"1652\">\n<li data-start=\"1495\" data-end=\"1530\">\n<p data-start=\"1497\" data-end=\"1530\">Fahle, m\u00fcde oder dehydrierte Haut<\/p>\n<\/li>\n<li data-start=\"1531\" data-end=\"1569\">\n<p data-start=\"1533\" data-end=\"1569\">R\u00f6tungen, Empfindlichkeit oder Ausbr\u00fcche<\/p>\n<\/li>\n<li data-start=\"1570\" data-end=\"1617\">\n<p data-start=\"1572\" data-end=\"1617\">Ungleichm\u00e4\u00dfiger Ton, raue Textur oder Pigmentierung<\/p>\n<\/li>\n<li data-start=\"1618\" data-end=\"1652\">\n<p data-start=\"1620\" data-end=\"1652\">Alle, die einen ruhigen, taufrischen Glanz suchen<\/p>\n<\/li>\n<\/ul>","protected":false},"excerpt":{"rendered":"<p>Anua Peach &amp; Heartleaf Radiance Set Glow meets calm \u2014 for luminous, balanced, and healthy-looking skin This powerful yet gentle<\/p>","protected":false},"featured_media":3696,"comment_status":"open","ping_status":"closed","template":"","meta":[],"product_brand":[],"product_cat":[312,320,19],"product_tag":[],"class_list":{"0":"post-3859","1":"product","2":"type-product","3":"status-publish","4":"has-post-thumbnail","6":"product_cat-serum","7":"product_cat-sets","8":"product_cat-toner","10":"first","11":"instock","12":"featured","13":"purchasable","14":"product-type-woosb"},"_links":{"self":[{"href":"https:\/\/yukibeauty.ch\/de\/wp-json\/wp\/v2\/product\/3859","targetHints":{"allow":["GET"]}}],"collection":[{"href":"https:\/\/yukibeauty.ch\/de\/wp-json\/wp\/v2\/product"}],"about":[{"href":"https:\/\/yukibeauty.ch\/de\/wp-json\/wp\/v2\/types\/product"}],"replies":[{"embeddable":true,"href":"https:\/\/yukibeauty.ch\/de\/wp-json\/wp\/v2\/comments?post=3859"}],"wp:featuredmedia":[{"embeddable":true,"href":"https:\/\/yukibeauty.ch\/de\/wp-json\/wp\/v2\/media\/3696"}],"wp:attachment":[{"href":"https:\/\/yukibeauty.ch\/de\/wp-json\/wp\/v2\/media?parent=3859"}],"wp:term":[{"taxonomy":"product_brand","embeddable":true,"href":"https:\/\/yukibeauty.ch\/de\/wp-json\/wp\/v2\/product_brand?post=3859"},{"taxonomy":"product_cat","embeddable":true,"href":"https:\/\/yukibeauty.ch\/de\/wp-json\/wp\/v2\/product_cat?post=3859"},{"taxonomy":"product_tag","embeddable":true,"href":"https:\/\/yukibeauty.ch\/de\/wp-json\/wp\/v2\/product_tag?post=3859"}],"curies":[{"name":"wp","href":"https:\/\/api.w.org\/{rel}","templated":true}]}}