{"id":3860,"date":"2025-07-30T13:36:58","date_gmt":"2025-07-30T11:36:58","guid":{"rendered":"https:\/\/yukibeauty.ch\/?post_type=product&#038;p=3860"},"modified":"2025-12-19T16:55:21","modified_gmt":"2025-12-19T15:55:21","slug":"anua-soothing-redness-relief-set","status":"publish","type":"product","link":"https:\/\/yukibeauty.ch\/de\/shop\/korean-routine\/serum\/anua-soothing-redness-relief-set\/","title":{"rendered":"Anua Set zur Beruhigung und Linderung von R\u00f6tungen"},"content":{"rendered":"<h3 data-start=\"88\" data-end=\"132\"><strong data-start=\"92\" data-end=\"130\">Anua Set zur Beruhigung und Linderung von R\u00f6tungen<\/strong><\/h3>\n<p data-start=\"133\" data-end=\"188\"><strong data-start=\"133\" data-end=\"188\">Extra sanfte Pflege f\u00fcr empfindliche, zu R\u00f6tungen neigende Haut<\/strong><\/p>\n<p data-start=\"190\" data-end=\"464\">Eine beruhigende 2-Schritt-Routine, die tiefenwirksam Feuchtigkeit spendet, Reizungen lindert und R\u00f6tungen reduziert. Mit zwei der beliebtesten Produkte von Anua - dem Heartleaf Toner in Jumbo-Gr\u00f6\u00dfe und dem Azelaic Serum gegen R\u00f6tungen - ist dieses Set ideal f\u00fcr empfindliche, zu Akne neigende oder reaktive Hauttypen.<\/p>\n<h3 data-start=\"471\" data-end=\"534\"><strong data-start=\"478\" data-end=\"532\">1. Anua Heartleaf 77% Soothing Toner [250ml Jumbo]<\/strong><\/h3>\n<p data-start=\"535\" data-end=\"628\">Das meistverkaufte alkoholfreie Gesichtswasser ist mit dem Extrakt 77% Heartleaf angereichert.<br data-start=\"606\" data-end=\"609\" \/><strong data-start=\"609\" data-end=\"626\">Wichtigste Vorteile:<\/strong><\/p>\n<ul data-start=\"629\" data-end=\"867\">\n<li data-start=\"629\" data-end=\"663\">\n<p data-start=\"631\" data-end=\"663\">Beruhigt und lindert Entz\u00fcndungen<\/p>\n<\/li>\n<li data-start=\"664\" data-end=\"710\">\n<p data-start=\"666\" data-end=\"710\">Stellt das nat\u00fcrliche pH-Gleichgewicht der Haut wieder her (5,5-6)<\/p>\n<\/li>\n<li data-start=\"711\" data-end=\"744\">\n<p data-start=\"713\" data-end=\"744\">Spendet Feuchtigkeit und macht die Haut geschmeidig<\/p>\n<\/li>\n<li data-start=\"745\" data-end=\"804\">\n<p data-start=\"747\" data-end=\"804\">Reduziert R\u00f6tungen mit Panthenol, Centella und Kamille<\/p>\n<\/li>\n<li data-start=\"805\" data-end=\"867\">\n<p data-start=\"807\" data-end=\"867\">Frei von Alkohol, Parabenen, Duftstoffen und \u00e4therischen \u00d6len<\/p>\n<\/li>\n<\/ul>\n<h3 data-start=\"874\" data-end=\"950\"><strong data-start=\"881\" data-end=\"948\">2. Anua Azelains\u00e4ure 10% Hyaluron R\u00f6tungen beruhigende Serum [30ml]<\/strong><\/h3>\n<p data-start=\"951\" data-end=\"1052\">Ein leichtes, schnell einziehendes Serum, das empfindliche Haut beruhigt und den Hautton ausgleicht.<br data-start=\"1030\" data-end=\"1033\" \/><strong data-start=\"1033\" data-end=\"1050\">Wichtigste Vorteile:<\/strong><\/p>\n<ul data-start=\"1053\" data-end=\"1284\">\n<li data-start=\"1053\" data-end=\"1095\">\n<p data-start=\"1055\" data-end=\"1095\">Reduziert sichtbar R\u00f6tungen und Reizungen<\/p>\n<\/li>\n<li data-start=\"1096\" data-end=\"1138\">\n<p data-start=\"1098\" data-end=\"1138\">Verbessert Aknenarben und Pigmentierung<\/p>\n<\/li>\n<li data-start=\"1139\" data-end=\"1186\">\n<p data-start=\"1141\" data-end=\"1186\">Spendet tiefenwirksam Feuchtigkeit mit dreifacher Hyalurons\u00e4ure<\/p>\n<\/li>\n<li data-start=\"1187\" data-end=\"1235\">\n<p data-start=\"1189\" data-end=\"1235\">Beruhigt mit Aloe, blauem Rainfarn und gr\u00fcnem Tee<\/p>\n<\/li>\n<li data-start=\"1236\" data-end=\"1284\">\n<p data-start=\"1238\" data-end=\"1284\">Nicht klebende, atmungsaktive Formel f\u00fcr den t\u00e4glichen Gebrauch<\/p>\n<\/li>\n<\/ul>\n<h3 data-start=\"1291\" data-end=\"1313\"><strong data-start=\"1297\" data-end=\"1311\">Wie zu verwenden<\/strong><\/h3>\n<ol data-start=\"1314\" data-end=\"1513\">\n<li data-start=\"1314\" data-end=\"1389\">\n<p data-start=\"1317\" data-end=\"1389\">Nach der Reinigung auftragen <strong data-start=\"1340\" data-end=\"1359\">Heartleaf Toner<\/strong> mit den H\u00e4nden oder einem Wattebausch.<\/p>\n<\/li>\n<li data-start=\"1390\" data-end=\"1513\">\n<p data-start=\"1393\" data-end=\"1513\">Folgen Sie mit <strong data-start=\"1405\" data-end=\"1422\">Azelains\u00e4ure-Serum<\/strong>sanft in die Haut einklopfen.<br data-start=\"1449\" data-end=\"1452\" \/>Morgens und abends anwenden. Tragen Sie tags\u00fcber immer Sonnenschutzmittel auf.<\/p>\n<\/li>\n<\/ol>\n<h3 data-start=\"1520\" data-end=\"1542\"><strong data-start=\"1527\" data-end=\"1540\">Am besten geeignet f\u00fcr:<\/strong><\/h3>\n<ul data-start=\"1543\" data-end=\"1684\">\n<li data-start=\"1543\" data-end=\"1576\">\n<p data-start=\"1545\" data-end=\"1576\">Zu R\u00f6tungen neigende, empfindliche Haut<\/p>\n<\/li>\n<li data-start=\"1577\" data-end=\"1608\">\n<p data-start=\"1579\" data-end=\"1608\">Zu Akne neigende oder reaktive Haut<\/p>\n<\/li>\n<li data-start=\"1609\" data-end=\"1650\">\n<p data-start=\"1611\" data-end=\"1650\">Trockenheit, Reizung oder raue Textur<\/p>\n<\/li>\n<li data-start=\"1651\" data-end=\"1684\">\n<p data-start=\"1653\" data-end=\"1684\">Wiederherstellung der Hydratation und des Gleichgewichts<\/p>\n<\/li>\n<\/ul>","protected":false},"excerpt":{"rendered":"<p>Anua Soothing &amp; Redness Relief Set Extra-gentle care for sensitive, redness-prone skin A calming 2-step routine designed to deeply hydrate,<\/p>","protected":false},"featured_media":3697,"comment_status":"open","ping_status":"closed","template":"","meta":[],"product_brand":[],"product_cat":[312,320,19],"product_tag":[],"class_list":{"0":"post-3860","1":"product","2":"type-product","3":"status-publish","4":"has-post-thumbnail","6":"product_cat-serum","7":"product_cat-sets","8":"product_cat-toner","10":"first","11":"instock","12":"purchasable","13":"product-type-woosb"},"_links":{"self":[{"href":"https:\/\/yukibeauty.ch\/de\/wp-json\/wp\/v2\/product\/3860","targetHints":{"allow":["GET"]}}],"collection":[{"href":"https:\/\/yukibeauty.ch\/de\/wp-json\/wp\/v2\/product"}],"about":[{"href":"https:\/\/yukibeauty.ch\/de\/wp-json\/wp\/v2\/types\/product"}],"replies":[{"embeddable":true,"href":"https:\/\/yukibeauty.ch\/de\/wp-json\/wp\/v2\/comments?post=3860"}],"wp:featuredmedia":[{"embeddable":true,"href":"https:\/\/yukibeauty.ch\/de\/wp-json\/wp\/v2\/media\/3697"}],"wp:attachment":[{"href":"https:\/\/yukibeauty.ch\/de\/wp-json\/wp\/v2\/media?parent=3860"}],"wp:term":[{"taxonomy":"product_brand","embeddable":true,"href":"https:\/\/yukibeauty.ch\/de\/wp-json\/wp\/v2\/product_brand?post=3860"},{"taxonomy":"product_cat","embeddable":true,"href":"https:\/\/yukibeauty.ch\/de\/wp-json\/wp\/v2\/product_cat?post=3860"},{"taxonomy":"product_tag","embeddable":true,"href":"https:\/\/yukibeauty.ch\/de\/wp-json\/wp\/v2\/product_tag?post=3860"}],"curies":[{"name":"wp","href":"https:\/\/api.w.org\/{rel}","templated":true}]}}