{"id":3861,"date":"2025-07-30T13:36:59","date_gmt":"2025-07-30T11:36:59","guid":{"rendered":"https:\/\/yukibeauty.ch\/?post_type=product&#038;p=3861"},"modified":"2025-10-28T09:05:57","modified_gmt":"2025-10-28T08:05:57","slug":"anua-glow-set-essentials","status":"publish","type":"product","link":"https:\/\/yukibeauty.ch\/de\/shop\/korean-routine\/serum\/anua-glow-set-essentials\/","title":{"rendered":"Anua Brightening &amp; Glow Essentials"},"content":{"rendered":"<h2 data-start=\"92\" data-end=\"136\"><strong data-start=\"96\" data-end=\"134\">Anua Brightening &amp; Glow Essentials<\/strong><\/h2>\n<p data-start=\"137\" data-end=\"214\"><strong data-start=\"137\" data-end=\"214\">Beseitigen Sie dunkle Flecken, Mattheit und einen ungleichm\u00e4\u00dfigen Hautton mit diesem Duo, das die Ausstrahlung verst\u00e4rkt<\/strong><\/p>\n<p data-start=\"216\" data-end=\"529\">Ein sanftes und dennoch wirkungsvolles 2-Schritt-Aufhellungsprogramm, das dunkle Flecken verblassen l\u00e4sst, den Hautton ausgleicht und Ihnen einen frischen, strahlenden Teint verleiht. Das Anua Brightening &amp; Glow Essentials Set kombiniert die leistungsstarke <strong data-start=\"394\" data-end=\"421\">Niacinamid + TXA-Serum<\/strong> mit dem nahrhaften <strong data-start=\"442\" data-end=\"470\">Reis 70 Glow Milky Toner<\/strong> f\u00fcr sichtbar glattere, klarere und nat\u00fcrlich strahlende Haut.<\/p>\n<h2 data-start=\"536\" data-end=\"593\"><a href=\"https:\/\/yukibeauty.ch\/de\/shop\/fur-manner\/serum-for-men\/niacinamide-serum\/\" target=\"_blank\" rel=\"noopener\"><strong data-start=\"542\" data-end=\"591\">1. Anua Niacinamid 10% + TXA 4% Serum [30ml]<\/strong><\/a><\/h2>\n<p data-start=\"594\" data-end=\"685\">Eine gezielte Behandlung zur Reduzierung von Aknenarben, Pigmentierung und R\u00f6tungen.<\/p>\n<h3 data-start=\"594\" data-end=\"685\"><strong data-start=\"666\" data-end=\"683\">Wichtigste Vorteile:<\/strong><\/h3>\n<ul data-start=\"686\" data-end=\"917\">\n<li data-start=\"686\" data-end=\"738\">\n<p data-start=\"688\" data-end=\"738\">Hellt den Hautton auf und gleicht ihn aus, ohne ihn zu reizen<\/p>\n<\/li>\n<li data-start=\"739\" data-end=\"779\">\n<p data-start=\"741\" data-end=\"779\">Verbessert dunkle Flecken und Aknenarben<\/p>\n<\/li>\n<li data-start=\"780\" data-end=\"817\">\n<p data-start=\"782\" data-end=\"817\">Verfeinert die Poren und gl\u00e4ttet das Hautbild<\/p>\n<\/li>\n<li data-start=\"818\" data-end=\"861\">\n<p data-start=\"820\" data-end=\"861\">St\u00e4rkt die Hautbarriere mit Ceramiden<\/p>\n<\/li>\n<li data-start=\"862\" data-end=\"917\">\n<p data-start=\"864\" data-end=\"917\">Leichte, parf\u00fcmfreie, schnell einziehende Formel<\/p>\n<\/li>\n<\/ul>\n<h3 data-start=\"919\" data-end=\"942\"><strong data-start=\"919\" data-end=\"940\">Star-Zutaten:<\/strong><\/h3>\n<ul data-start=\"943\" data-end=\"1184\">\n<li data-start=\"943\" data-end=\"1013\">\n<p data-start=\"945\" data-end=\"1013\"><strong data-start=\"945\" data-end=\"964\">10% Niacinamid<\/strong> - Gegen R\u00f6tungen, porenverfeinernd und aufhellend<\/p>\n<\/li>\n<li data-start=\"1014\" data-end=\"1068\">\n<p data-start=\"1016\" data-end=\"1068\"><strong data-start=\"1016\" data-end=\"1038\">4% Tranexams\u00e4ure<\/strong> - Reduziert Hyperpigmentierung<\/p>\n<\/li>\n<li data-start=\"1069\" data-end=\"1116\">\n<p data-start=\"1071\" data-end=\"1116\"><strong data-start=\"1071\" data-end=\"1085\">2% Arbutin<\/strong> - Hellt dunkle Flecken sanft auf<\/p>\n<\/li>\n<li data-start=\"1117\" data-end=\"1184\">\n<p data-start=\"1119\" data-end=\"1184\"><strong data-start=\"1119\" data-end=\"1150\">Hyalurons\u00e4ure + Ceramide<\/strong> - Hydratation und Barriereunterst\u00fctzung<\/p>\n<\/li>\n<\/ul>\n<h2 data-start=\"1191\" data-end=\"1245\"><a href=\"https:\/\/yukibeauty.ch\/de\/shop\/fur-manner\/toner-for-men\/rice-milky-toner\/\" target=\"_blank\" rel=\"noopener\"><strong data-start=\"1198\" data-end=\"1243\">2. Anua Rice 70% Glow Milky Toner [250ml]<\/strong><\/a><\/h2>\n<p data-start=\"1246\" data-end=\"1328\">Ein milchiges, beruhigendes Gesichtswasser f\u00fcr die t\u00e4gliche Aufhellung und Feuchtigkeitszufuhr.<\/p>\n<h3 data-start=\"1246\" data-end=\"1328\"><strong data-start=\"1309\" data-end=\"1326\">Wichtigste Vorteile:<\/strong><\/h3>\n<ul data-start=\"1329\" data-end=\"1567\">\n<li data-start=\"1329\" data-end=\"1385\">\n<p data-start=\"1331\" data-end=\"1385\">Erhellt fahle, unebene Haut mit 70% Reiskleie-Wasser<\/p>\n<\/li>\n<li data-start=\"1386\" data-end=\"1438\">\n<p data-start=\"1388\" data-end=\"1438\">Spendet intensiv Feuchtigkeit mit Hyalurons\u00e4ure und Betain<\/p>\n<\/li>\n<li data-start=\"1439\" data-end=\"1487\">\n<p data-start=\"1441\" data-end=\"1487\">Beruhigt Reizungen und unterst\u00fctzt die Reparatur der Barriere<\/p>\n<\/li>\n<li data-start=\"1488\" data-end=\"1523\">\n<p data-start=\"1490\" data-end=\"1523\">St\u00e4rkt die Haut mit Ceramiden<\/p>\n<\/li>\n<li data-start=\"1524\" data-end=\"1567\">\n<p data-start=\"1526\" data-end=\"1567\">Leicht, nicht klebend, parf\u00fcmfrei<\/p>\n<\/li>\n<\/ul>\n<h3 data-start=\"1569\" data-end=\"1592\"><strong data-start=\"1569\" data-end=\"1590\">Star-Zutaten:<\/strong><\/h3>\n<ul data-start=\"1593\" data-end=\"1834\">\n<li data-start=\"1593\" data-end=\"1666\">\n<p data-start=\"1595\" data-end=\"1666\"><strong data-start=\"1595\" data-end=\"1620\">Reiskleie-Wasser (70%)<\/strong> - Revitalisierende Aminos\u00e4uren und Antioxidantien<\/p>\n<\/li>\n<li data-start=\"1667\" data-end=\"1723\">\n<p data-start=\"1669\" data-end=\"1723\"><strong data-start=\"1669\" data-end=\"1684\">Niacinamid<\/strong> - Verst\u00e4rkt die Leuchtkraft und verbessert die Textur<\/p>\n<\/li>\n<li data-start=\"1724\" data-end=\"1773\">\n<p data-start=\"1726\" data-end=\"1773\"><strong data-start=\"1726\" data-end=\"1746\">Ceramide AP &amp; NP<\/strong> - Verst\u00e4rkung der Hautbarriere<\/p>\n<\/li>\n<li data-start=\"1774\" data-end=\"1834\">\n<p data-start=\"1776\" data-end=\"1834\"><strong data-start=\"1776\" data-end=\"1811\">Panthenol, Glycerin und Allantoin<\/strong> - Beruhigen und sch\u00fctzen<\/p>\n<\/li>\n<\/ul>\n<h3><strong data-start=\"2098\" data-end=\"2112\">Ideal f\u00fcr:<\/strong><\/h3>\n<ul data-start=\"2115\" data-end=\"2261\">\n<li data-start=\"2115\" data-end=\"2145\">\n<p data-start=\"2117\" data-end=\"2145\">Fahle oder m\u00fcde aussehende Haut<\/p>\n<\/li>\n<li data-start=\"2146\" data-end=\"2190\">\n<p data-start=\"2148\" data-end=\"2190\">Dunkle Flecken, R\u00f6tungen und Aknenarben<\/p>\n<\/li>\n<li data-start=\"2191\" data-end=\"2222\">\n<p data-start=\"2193\" data-end=\"2222\">Ungleichm\u00e4\u00dfiger Hautton oder ungleichm\u00e4\u00dfige Hautbeschaffenheit<\/p>\n<\/li>\n<li data-start=\"2223\" data-end=\"2261\">\n<p data-start=\"2225\" data-end=\"2261\">Empfindliche Haut, die zu Irritationen neigt<\/p>\n<\/li>\n<\/ul>","protected":false},"excerpt":{"rendered":"<p>Anua Brightening &amp; Glow Essentials Target dark spots, dullness &amp; uneven tone with this radiance-boosting duo A gentle yet powerful<\/p>","protected":false},"featured_media":3693,"comment_status":"open","ping_status":"closed","template":"","meta":[],"product_brand":[],"product_cat":[312,320,19],"product_tag":[],"class_list":{"0":"post-3861","1":"product","2":"type-product","3":"status-publish","4":"has-post-thumbnail","6":"product_cat-serum","7":"product_cat-sets","8":"product_cat-toner","10":"first","11":"outofstock","12":"purchasable","13":"product-type-woosb"},"_links":{"self":[{"href":"https:\/\/yukibeauty.ch\/de\/wp-json\/wp\/v2\/product\/3861","targetHints":{"allow":["GET"]}}],"collection":[{"href":"https:\/\/yukibeauty.ch\/de\/wp-json\/wp\/v2\/product"}],"about":[{"href":"https:\/\/yukibeauty.ch\/de\/wp-json\/wp\/v2\/types\/product"}],"replies":[{"embeddable":true,"href":"https:\/\/yukibeauty.ch\/de\/wp-json\/wp\/v2\/comments?post=3861"}],"wp:featuredmedia":[{"embeddable":true,"href":"https:\/\/yukibeauty.ch\/de\/wp-json\/wp\/v2\/media\/3693"}],"wp:attachment":[{"href":"https:\/\/yukibeauty.ch\/de\/wp-json\/wp\/v2\/media?parent=3861"}],"wp:term":[{"taxonomy":"product_brand","embeddable":true,"href":"https:\/\/yukibeauty.ch\/de\/wp-json\/wp\/v2\/product_brand?post=3861"},{"taxonomy":"product_cat","embeddable":true,"href":"https:\/\/yukibeauty.ch\/de\/wp-json\/wp\/v2\/product_cat?post=3861"},{"taxonomy":"product_tag","embeddable":true,"href":"https:\/\/yukibeauty.ch\/de\/wp-json\/wp\/v2\/product_tag?post=3861"}],"curies":[{"name":"wp","href":"https:\/\/api.w.org\/{rel}","templated":true}]}}