{"id":3863,"date":"2025-07-30T13:37:02","date_gmt":"2025-07-30T11:37:02","guid":{"rendered":"https:\/\/yukibeauty.ch\/?post_type=product&#038;p=3863"},"modified":"2025-10-27T08:20:35","modified_gmt":"2025-10-27T07:20:35","slug":"cosrx-hydration-set","status":"publish","type":"product","link":"https:\/\/yukibeauty.ch\/de\/shop\/korean-routine\/cleanser\/cosrx-hydration-set\/","title":{"rendered":"COSRX Reinigungs- und Feuchtigkeitsset"},"content":{"rendered":"<h2 data-start=\"81\" data-end=\"122\"><strong data-start=\"85\" data-end=\"120\">COSRX Reinigungs- und Feuchtigkeitsset<\/strong><\/h2>\n<p data-start=\"123\" data-end=\"201\"><strong data-start=\"123\" data-end=\"201\">Sanfte Reinigung trifft auf intensive Pflege - f\u00fcr eine klare, ruhige und mit Feuchtigkeit versorgte Haut<\/strong><\/p>\n<p data-start=\"203\" data-end=\"476\">Dieses 2-Schritte-Set kombiniert einen intelligenten Mizellenreiniger mit einer feuchtigkeitsspendenden All-in-One-Creme, um Ihrer Haut einen frischen Start zu erm\u00f6glichen und sie nachhaltig zu pflegen. Ganz gleich, ob Sie Make-up entfernen oder Hautirritationen nach einem Ausbruch lindern m\u00f6chten, dieses Duo deckt Sie vom ersten Wischen bis zum letzten Strahlen ab.<\/p>\n<h2 data-start=\"483\" data-end=\"556\"><strong data-start=\"490\" data-end=\"554\">1. COSRX Low pH Niacinamide Micellar Cleansing Water [400ml]<\/strong><\/h2>\n<p data-start=\"557\" data-end=\"685\">Ein erfrischendes, hautfreundliches Mizellenwasser, das Unreinheiten entfernt und gleichzeitig die Haut beruhigt und ins Gleichgewicht bringt.<\/p>\n<h3 data-start=\"557\" data-end=\"685\"><strong data-start=\"666\" data-end=\"683\">Wichtigste Vorteile:<\/strong><\/h3>\n<ul data-start=\"686\" data-end=\"911\">\n<li data-start=\"686\" data-end=\"730\">\n<p data-start=\"688\" data-end=\"730\">Entfernt Make-up, \u00fcbersch\u00fcssiges \u00d6l und Porenr\u00fcckst\u00e4nde<\/p>\n<\/li>\n<li data-start=\"731\" data-end=\"776\">\n<p data-start=\"733\" data-end=\"776\">Hilft, Mitesser zu minimieren und Talg zu kontrollieren<\/p>\n<\/li>\n<li data-start=\"777\" data-end=\"818\">\n<p data-start=\"779\" data-end=\"818\">Gleichm\u00e4\u00dfiger Ton mit 3% Niacinamid &amp; Zink<\/p>\n<\/li>\n<li data-start=\"819\" data-end=\"871\">\n<p data-start=\"821\" data-end=\"871\">Spendet tiefenwirksam Feuchtigkeit mit Hyalurons\u00e4ure und Panthenol<\/p>\n<\/li>\n<li data-start=\"872\" data-end=\"911\">\n<p data-start=\"874\" data-end=\"911\">Hinterl\u00e4sst ein mattes und doch erfrischtes Finish<\/p>\n<\/li>\n<\/ul>\n<h3 data-start=\"913\" data-end=\"936\"><strong data-start=\"913\" data-end=\"934\">Star-Zutaten:<\/strong><\/h3>\n<ul data-start=\"937\" data-end=\"1092\">\n<li data-start=\"937\" data-end=\"997\">\n<p data-start=\"939\" data-end=\"997\">Niacinamid + Zink - Reduziert R\u00f6tungen und verfeinert die Poren<\/p>\n<\/li>\n<li data-start=\"998\" data-end=\"1048\">\n<p data-start=\"1000\" data-end=\"1048\">Panthenol - St\u00e4rkt und beruhigt die Haut<\/p>\n<\/li>\n<li data-start=\"1049\" data-end=\"1092\">\n<p data-start=\"1051\" data-end=\"1092\">Hyalurons\u00e4ure - Stellt Feuchtigkeit wieder her<\/p>\n<\/li>\n<\/ul>\n<h3 data-start=\"1094\" data-end=\"1209\"><strong data-start=\"1094\" data-end=\"1106\">Textur:<\/strong><\/h3>\n<p data-start=\"1094\" data-end=\"1209\">Wasserleichte Formel mit einem weichen, k\u00fchlenden Gef\u00fchl. Kein Aussp\u00fclen erforderlich (kann aber mit Wasser nachgesp\u00fclt werden).<\/p>\n<h2 data-start=\"1216\" data-end=\"1280\">\u00a0<strong data-start=\"1223\" data-end=\"1278\">2. COSRX Advanced Snail 92 All In One Creme [100ml]<\/strong><\/h2>\n<p data-start=\"1281\" data-end=\"1386\">Eine kultige Gel-Creme, die mit 92% Schneckenmucin tiefenwirksam repariert und Feuchtigkeit spendet.<\/p>\n<h2 data-start=\"1281\" data-end=\"1386\"><strong data-start=\"1367\" data-end=\"1384\">Wichtigste Vorteile:<\/strong><\/h2>\n<ul data-start=\"1387\" data-end=\"1581\">\n<li data-start=\"1387\" data-end=\"1422\">\n<p data-start=\"1389\" data-end=\"1422\">Tiefenhydration &amp; sichtbare Reparatur<\/p>\n<\/li>\n<li data-start=\"1423\" data-end=\"1469\">\n<p data-start=\"1425\" data-end=\"1469\">Gl\u00e4ttet feine Linien und st\u00e4rkt die Barriere<\/p>\n<\/li>\n<li data-start=\"1470\" data-end=\"1507\">\n<p data-start=\"1472\" data-end=\"1507\">Beruhigt R\u00f6tungen und Aknenarben<\/p>\n<\/li>\n<li data-start=\"1508\" data-end=\"1546\">\n<p data-start=\"1510\" data-end=\"1546\">Verbessert die Textur und Elastizit\u00e4t der Haut<\/p>\n<\/li>\n<li data-start=\"1547\" data-end=\"1581\">\n<p data-start=\"1549\" data-end=\"1581\">Leichtes, nicht fettendes Finish<\/p>\n<\/li>\n<\/ul>\n<h2 data-start=\"1583\" data-end=\"1606\"><strong data-start=\"1583\" data-end=\"1604\">Star-Zutaten:<\/strong><\/h2>\n<ul data-start=\"1607\" data-end=\"1778\">\n<li data-start=\"1607\" data-end=\"1657\">\n<p data-start=\"1609\" data-end=\"1657\">92% Schneckenschleim - Hydratisiert, repariert, beruhigt<\/p>\n<\/li>\n<li data-start=\"1658\" data-end=\"1713\">\n<p data-start=\"1660\" data-end=\"1713\">Hyalurons\u00e4ure - feuchtigkeitsspeichernd und aufpolsternd<\/p>\n<\/li>\n<li data-start=\"1714\" data-end=\"1778\">\n<p data-start=\"1716\" data-end=\"1778\">Panthenol &amp; Adenosin - Beruhigt und bek\u00e4mpft Zeichen der Hautalterung<\/p>\n<\/li>\n<\/ul>\n<h3 data-start=\"1780\" data-end=\"1879\"><strong data-start=\"1780\" data-end=\"1792\">Textur:<\/strong><\/h3>\n<p data-start=\"1780\" data-end=\"1879\">Seidige Gel-Creme, die mit der Haut verschmilzt und ein taufrisches, aber schwereloses Gef\u00fchl vermittelt. Nicht klebrig.<\/p>","protected":false},"excerpt":{"rendered":"<p>COSRX Cleansing &amp; Hydration Set Gentle cleansing meets intense repair \u2014 for clear, calm, and hydrated skin This 2-step set<\/p>","protected":false},"featured_media":3703,"comment_status":"open","ping_status":"closed","template":"","meta":[],"product_brand":[],"product_cat":[17,310,23,320],"product_tag":[],"class_list":{"0":"post-3863","1":"product","2":"type-product","3":"status-publish","4":"has-post-thumbnail","6":"product_cat-cleanser","7":"product_cat-cream","8":"product_cat-face-cream","9":"product_cat-sets","11":"first","12":"instock","13":"purchasable","14":"product-type-woosb"},"_links":{"self":[{"href":"https:\/\/yukibeauty.ch\/de\/wp-json\/wp\/v2\/product\/3863","targetHints":{"allow":["GET"]}}],"collection":[{"href":"https:\/\/yukibeauty.ch\/de\/wp-json\/wp\/v2\/product"}],"about":[{"href":"https:\/\/yukibeauty.ch\/de\/wp-json\/wp\/v2\/types\/product"}],"replies":[{"embeddable":true,"href":"https:\/\/yukibeauty.ch\/de\/wp-json\/wp\/v2\/comments?post=3863"}],"wp:featuredmedia":[{"embeddable":true,"href":"https:\/\/yukibeauty.ch\/de\/wp-json\/wp\/v2\/media\/3703"}],"wp:attachment":[{"href":"https:\/\/yukibeauty.ch\/de\/wp-json\/wp\/v2\/media?parent=3863"}],"wp:term":[{"taxonomy":"product_brand","embeddable":true,"href":"https:\/\/yukibeauty.ch\/de\/wp-json\/wp\/v2\/product_brand?post=3863"},{"taxonomy":"product_cat","embeddable":true,"href":"https:\/\/yukibeauty.ch\/de\/wp-json\/wp\/v2\/product_cat?post=3863"},{"taxonomy":"product_tag","embeddable":true,"href":"https:\/\/yukibeauty.ch\/de\/wp-json\/wp\/v2\/product_tag?post=3863"}],"curies":[{"name":"wp","href":"https:\/\/api.w.org\/{rel}","templated":true}]}}