{"id":3865,"date":"2025-07-30T13:37:03","date_gmt":"2025-07-30T11:37:03","guid":{"rendered":"https:\/\/yukibeauty.ch\/?post_type=product&#038;p=3865"},"modified":"2025-10-28T08:39:34","modified_gmt":"2025-10-28T07:39:34","slug":"cosrx-acne-power-set","status":"publish","type":"product","link":"https:\/\/yukibeauty.ch\/de\/shop\/korean-routine\/masks\/cosrx-acne-power-set\/","title":{"rendered":"COSRX Akne &amp; Propolis Power Set"},"content":{"rendered":"<h2 data-start=\"103\" data-end=\"144\"><strong data-start=\"107\" data-end=\"142\">COSRX Akne &amp; Propolis Power Set<\/strong><\/h2>\n<p data-start=\"145\" data-end=\"217\"><strong data-start=\"145\" data-end=\"217\">Beruhigt Ausbr\u00fcche + st\u00e4rkt die Hautbarriere - alles in einem intelligenten Duo<\/strong><\/p>\n<p data-start=\"219\" data-end=\"394\">Dieses Set kombiniert zwei COSRX-Bestseller, um Hautunreinheiten und Irritationen zu bek\u00e4mpfen und Ihrer Haut Glanz und Spannkraft zu verleihen. Ideal f\u00fcr zu Akne neigende, gestresste oder empfindliche Haut.<\/p>\n<h2 data-start=\"401\" data-end=\"456\"><a href=\"https:\/\/yukibeauty.ch\/de\/shop\/korean-routine\/masks\/acne-pimple-master-patch-24pcs\/\" target=\"_blank\" rel=\"noopener\">\u00a0<strong data-start=\"408\" data-end=\"454\">1. COSRX Acne Pimple Master Patch [24 St\u00fcck]<\/strong><\/a><\/h2>\n<p data-start=\"457\" data-end=\"510\"><strong data-start=\"457\" data-end=\"510\">Spot-Behandlung \u00fcber Nacht zur schnellen Heilung von Pickeln<\/strong><\/p>\n<p data-start=\"512\" data-end=\"805\">Verabschieden Sie sich von Mitessern und entz\u00fcndeten Hautunreinheiten - schmerzfrei. Diese d\u00fcnnen, hydrokolloiden Pflaster entfernen Unreinheiten, reduzieren R\u00f6tungen und beschleunigen die Heilung \u00fcber Nacht. Sie bilden eine Schutzbarriere gegen Bakterien und Pickel und beugen so der Narbenbildung vor, w\u00e4hrend sich die Haut auf nat\u00fcrliche Weise regenerieren kann.<\/p>\n<h3 data-start=\"807\" data-end=\"826\"><strong data-start=\"807\" data-end=\"824\">Wichtigste Vorteile:<\/strong><\/h3>\n<ul data-start=\"827\" data-end=\"1072\">\n<li data-start=\"827\" data-end=\"877\">\n<p data-start=\"829\" data-end=\"877\">Gl\u00e4ttet Pickel und reduziert R\u00f6tungen \u00fcber Nacht<\/p>\n<\/li>\n<li data-start=\"878\" data-end=\"926\">\n<p data-start=\"880\" data-end=\"926\">Absorbiert Eiter, \u00d6l und Ablagerungen von Mitessern<\/p>\n<\/li>\n<li data-start=\"927\" data-end=\"970\">\n<p data-start=\"929\" data-end=\"970\">Beschleunigt die Heilung und verhindert Narbenbildung<\/p>\n<\/li>\n<li data-start=\"971\" data-end=\"1015\">\n<p data-start=\"973\" data-end=\"1015\">Sch\u00fctzt vor Bakterien und Fingerkontakt<\/p>\n<\/li>\n<li data-start=\"1016\" data-end=\"1072\">\n<p data-start=\"1018\" data-end=\"1072\">Sanft und reizfrei - auch f\u00fcr empfindliche Haut<\/p>\n<\/li>\n<\/ul>\n<h3 data-start=\"1074\" data-end=\"1093\"><strong data-start=\"1074\" data-end=\"1091\">Warum es funktioniert:<\/strong><\/h3>\n<ul data-start=\"1094\" data-end=\"1244\">\n<li data-start=\"1094\" data-end=\"1138\">\n<p data-start=\"1096\" data-end=\"1138\">H\u00e4lt die Haut feucht, damit sie sich schneller erholt<\/p>\n<\/li>\n<li data-start=\"1139\" data-end=\"1184\">\n<p data-start=\"1141\" data-end=\"1184\">Verhindert Ber\u00fchrungen und Sekund\u00e4rinfektionen<\/p>\n<\/li>\n<li data-start=\"1185\" data-end=\"1244\">\n<p data-start=\"1187\" data-end=\"1244\">Am wirksamsten bei oberfl\u00e4chlichen Pickeln und Pickeln im Fr\u00fchstadium<\/p>\n<\/li>\n<\/ul>\n<h3 data-start=\"1246\" data-end=\"1266\"><strong data-start=\"1246\" data-end=\"1264\">Was drin ist:<\/strong><\/h3>\n<ul data-start=\"1267\" data-end=\"1355\">\n<li data-start=\"1267\" data-end=\"1355\">\n<p data-start=\"1269\" data-end=\"1355\">24 Aufn\u00e4her in 3 Gr\u00f6\u00dfen:<br data-start=\"1291\" data-end=\"1294\" \/>- Klein (10 St\u00fcck)<br data-start=\"1312\" data-end=\"1315\" \/>- Medium (5 St\u00fcck)<br data-start=\"1333\" data-end=\"1336\" \/>- Gro\u00df (9 St\u00fcck)<\/p>\n<\/li>\n<\/ul>\n<h3 data-start=\"1357\" data-end=\"1378\"><strong data-start=\"1357\" data-end=\"1376\">Textur und Gef\u00fchl:<\/strong><\/h3>\n<ul data-start=\"1379\" data-end=\"1502\">\n<li data-start=\"1379\" data-end=\"1419\">\n<p data-start=\"1381\" data-end=\"1419\">Ultrad\u00fcnnes, transparentes Hydrokolloid<\/p>\n<\/li>\n<li data-start=\"1420\" data-end=\"1454\">\n<p data-start=\"1422\" data-end=\"1454\">Haftet gut, verschmilzt mit der Haut<\/p>\n<\/li>\n<li data-start=\"1455\" data-end=\"1502\">\n<p data-start=\"1457\" data-end=\"1502\">\u00dcber Nacht oder tags\u00fcber unter dem Make-up tragen<\/p>\n<\/li>\n<\/ul>\n<h2 data-start=\"1509\" data-end=\"1569\"><a href=\"https:\/\/yukibeauty.ch\/de\/shop\/korean-routine\/serum\/cosrx-full-fit-propolis-light-ampoule\/\" target=\"_blank\" rel=\"noopener\"><strong data-start=\"1516\" data-end=\"1567\">2. COSRX Full Fit Propolis Light Ampulle [30ml]<\/strong><\/a><\/h2>\n<p data-start=\"1570\" data-end=\"1634\"><strong data-start=\"1570\" data-end=\"1634\">Ampulle mit Leuchtkraftverst\u00e4rker und 83.25% Extrakt aus schwarzer Bienenpropolis<\/strong><\/p>\n<p data-start=\"1636\" data-end=\"1883\">Diese leistungsstarke und doch sanfte Ampulle liefert intensive Pflege und entz\u00fcndungshemmende Wirkstoffe, ohne zu kleben. Sie ist reich an Antioxidantien und hautberuhigenden Inhaltsstoffen und hilft, die Haut zum Strahlen zu bringen, R\u00f6tungen zu reduzieren und die nat\u00fcrliche Hautbarriere zu st\u00e4rken.<\/p>\n<h3 data-start=\"1885\" data-end=\"1904\"><strong data-start=\"1885\" data-end=\"1902\">Wichtigste Vorteile:<\/strong><\/h3>\n<ul data-start=\"1905\" data-end=\"2092\">\n<li data-start=\"1905\" data-end=\"1947\">\n<p data-start=\"1907\" data-end=\"1947\">Lindert Reizungen und sichtbare R\u00f6tungen<\/p>\n<\/li>\n<li data-start=\"1948\" data-end=\"1980\">\n<p data-start=\"1950\" data-end=\"1980\">St\u00e4rkt die Hautbarriere<\/p>\n<\/li>\n<li data-start=\"1981\" data-end=\"2014\">\n<p data-start=\"1983\" data-end=\"2014\">F\u00f6rdert die Leuchtkraft und Vitalit\u00e4t der Haut<\/p>\n<\/li>\n<li data-start=\"2015\" data-end=\"2052\">\n<p data-start=\"2017\" data-end=\"2052\">Spendet tiefenwirksam Feuchtigkeit, ohne zu beschweren<\/p>\n<\/li>\n<li data-start=\"2053\" data-end=\"2092\">\n<p data-start=\"2055\" data-end=\"2092\">Macht die Haut weich, taufrisch und strahlend<\/p>\n<\/li>\n<\/ul>\n<h3 data-start=\"2094\" data-end=\"2117\"><strong data-start=\"2094\" data-end=\"2115\">Star-Zutaten:<\/strong><\/h3>\n<ul data-start=\"2118\" data-end=\"2313\">\n<li data-start=\"2118\" data-end=\"2198\">\n<p data-start=\"2120\" data-end=\"2198\"><strong data-start=\"2120\" data-end=\"2159\">Extrakt aus schwarzer Bienenpropolis (83.25%)<\/strong> - Beruhigt, heilt und st\u00e4rkt die Haut<\/p>\n<\/li>\n<li data-start=\"2199\" data-end=\"2249\">\n<p data-start=\"2201\" data-end=\"2249\"><strong data-start=\"2201\" data-end=\"2224\">Cassia-Samen-Extrakt<\/strong> - Gl\u00e4ttet und spendet Feuchtigkeit<\/p>\n<\/li>\n<li data-start=\"2250\" data-end=\"2313\">\n<p data-start=\"2252\" data-end=\"2313\"><strong data-start=\"2252\" data-end=\"2270\">1,2-Hexandiol<\/strong> - Verbessert die Absorption und Befeuchtung<\/p>\n<\/li>\n<\/ul>\n<h3 data-start=\"2315\" data-end=\"2336\"><strong data-start=\"2315\" data-end=\"2334\">Textur und Gef\u00fchl:<\/strong><\/h3>\n<ul data-start=\"2337\" data-end=\"2441\">\n<li data-start=\"2337\" data-end=\"2370\">\n<p data-start=\"2339\" data-end=\"2370\">Leichtes, w\u00e4ssriges Gel-Serum<\/p>\n<\/li>\n<li data-start=\"2371\" data-end=\"2406\">\n<p data-start=\"2373\" data-end=\"2406\">Zieht schnell ein und schichtet gut<\/p>\n<\/li>\n<li data-start=\"2407\" data-end=\"2441\">\n<p data-start=\"2409\" data-end=\"2441\">Geeignet f\u00fcr die t\u00e4gliche Anwendung AM &amp; PM<\/p>\n<\/li>\n<\/ul>\n<h3 data-start=\"2443\" data-end=\"2463\"><strong data-start=\"2443\" data-end=\"2461\">Fakten zur Formel:<\/strong><\/h3>\n<ul data-start=\"2464\" data-end=\"2581\">\n<li data-start=\"2464\" data-end=\"2493\">\n<p data-start=\"2466\" data-end=\"2493\">Nur 11 saubere Zutaten<\/p>\n<\/li>\n<li data-start=\"2494\" data-end=\"2529\">\n<p data-start=\"2496\" data-end=\"2529\">EWG Green Grade, hypoallergen<\/p>\n<\/li>\n<li data-start=\"2530\" data-end=\"2581\">\n<p data-start=\"2532\" data-end=\"2581\">Frei von Alkohol, k\u00fcnstlichen Duftstoffen und Parabenen<\/p>\n<\/li>\n<\/ul>","protected":false},"excerpt":{"rendered":"<p>COSRX Acne &amp; Propolis Power Set Calm breakouts + strengthen your skin barrier \u2014 all in one smart duo This<\/p>","protected":false},"featured_media":3702,"comment_status":"open","ping_status":"closed","template":"","meta":[],"product_brand":[],"product_cat":[21,312,320],"product_tag":[],"class_list":{"0":"post-3865","1":"product","2":"type-product","3":"status-publish","4":"has-post-thumbnail","6":"product_cat-masks","7":"product_cat-serum","8":"product_cat-sets","10":"first","11":"instock","12":"purchasable","13":"product-type-woosb"},"_links":{"self":[{"href":"https:\/\/yukibeauty.ch\/de\/wp-json\/wp\/v2\/product\/3865","targetHints":{"allow":["GET"]}}],"collection":[{"href":"https:\/\/yukibeauty.ch\/de\/wp-json\/wp\/v2\/product"}],"about":[{"href":"https:\/\/yukibeauty.ch\/de\/wp-json\/wp\/v2\/types\/product"}],"replies":[{"embeddable":true,"href":"https:\/\/yukibeauty.ch\/de\/wp-json\/wp\/v2\/comments?post=3865"}],"wp:featuredmedia":[{"embeddable":true,"href":"https:\/\/yukibeauty.ch\/de\/wp-json\/wp\/v2\/media\/3702"}],"wp:attachment":[{"href":"https:\/\/yukibeauty.ch\/de\/wp-json\/wp\/v2\/media?parent=3865"}],"wp:term":[{"taxonomy":"product_brand","embeddable":true,"href":"https:\/\/yukibeauty.ch\/de\/wp-json\/wp\/v2\/product_brand?post=3865"},{"taxonomy":"product_cat","embeddable":true,"href":"https:\/\/yukibeauty.ch\/de\/wp-json\/wp\/v2\/product_cat?post=3865"},{"taxonomy":"product_tag","embeddable":true,"href":"https:\/\/yukibeauty.ch\/de\/wp-json\/wp\/v2\/product_tag?post=3865"}],"curies":[{"name":"wp","href":"https:\/\/api.w.org\/{rel}","templated":true}]}}