{"id":3867,"date":"2025-07-30T13:37:06","date_gmt":"2025-07-30T11:37:06","guid":{"rendered":"https:\/\/yukibeauty.ch\/?post_type=product&#038;p=3867"},"modified":"2025-10-27T08:58:41","modified_gmt":"2025-10-27T07:58:41","slug":"medicube-lifting-set","status":"publish","type":"product","link":"https:\/\/yukibeauty.ch\/de\/shop\/korean-routine\/cream\/medicube-lifting-set\/","title":{"rendered":"Medicube Kollagen &amp; Straffungsset"},"content":{"rendered":"<h2 data-start=\"137\" data-end=\"178\"><strong data-start=\"141\" data-end=\"176\">Medicube Kollagen &amp; Straffungsset<\/strong><\/h2>\n<p data-start=\"179\" data-end=\"230\"><strong data-start=\"179\" data-end=\"230\">Multi-Action Straffende &amp; Anti-Aging Hautpflege Trio<\/strong><\/p>\n<p data-start=\"232\" data-end=\"509\">Eine hochwertige 3-Schritte-Pflege, die m\u00fcde oder alternde Haut strafft, mit Feuchtigkeit versorgt und ihr jugendliche Vitalit\u00e4t zur\u00fcckgibt. Mit kollagenverst\u00e4rkenden Wirkstoffen, Peptidkomplexen und hochreinem PDRN bietet dieses Medicube Collagen &amp; Lifting Set sichtbare Ergebnisse in Bezug auf Elastizit\u00e4t, Gl\u00e4tte und Ausstrahlung ohne Irritationen.<\/p>\n<h2 data-start=\"516\" data-end=\"560\"><a href=\"https:\/\/yukibeauty.ch\/de\/shop\/korean-routine\/gesichtscreme\/medicube-jelly-cream\/\" target=\"_blank\" rel=\"noopener\"><strong data-start=\"523\" data-end=\"558\">1. Kollagen-Gelee-Creme (110ml)<\/strong><\/a><\/h2>\n<p data-start=\"561\" data-end=\"613\"><strong data-start=\"561\" data-end=\"613\">Leichte, spritzige Feuchtigkeit mit straffender Wirkung<\/strong><\/p>\n<p data-start=\"615\" data-end=\"821\">Eine erfrischende Gesichtscreme mit Gelee-Textur, die mit Kollagen angereichert ist, um der Haut Feuchtigkeit zu spenden und ihre Elastizit\u00e4t wiederherzustellen. Sie ist ideal f\u00fcr die t\u00e4gliche Anwendung, zieht leicht ein, mildert feine Linien und macht die Haut prall, glatt und strahlend.<\/p>\n<h3 data-start=\"823\" data-end=\"839\"><strong data-start=\"823\" data-end=\"839\">Wichtigste Vorteile<\/strong><\/h3>\n<ul data-start=\"840\" data-end=\"1021\">\n<li data-start=\"840\" data-end=\"884\">\n<p data-start=\"842\" data-end=\"884\">Strafft und hydratisiert m\u00fcde oder schlaffe Haut<\/p>\n<\/li>\n<li data-start=\"885\" data-end=\"925\">\n<p data-start=\"887\" data-end=\"925\">Reduziert feine Linien ohne Schweregef\u00fchl<\/p>\n<\/li>\n<li data-start=\"926\" data-end=\"971\">\n<p data-start=\"928\" data-end=\"971\">Leichte, schnell einziehende Gelee-Textur<\/p>\n<\/li>\n<li data-start=\"972\" data-end=\"1021\">\n<p data-start=\"974\" data-end=\"1021\">Ideal f\u00fcr alle Hauttypen, auch f\u00fcr empfindliche<\/p>\n<\/li>\n<\/ul>\n<h3 data-start=\"1023\" data-end=\"1042\"><strong data-start=\"1023\" data-end=\"1042\">Wichtige Inhaltsstoffe<\/strong><\/h3>\n<ul data-start=\"1043\" data-end=\"1142\">\n<li data-start=\"1043\" data-end=\"1096\">\n<p data-start=\"1045\" data-end=\"1096\">Kollagen - verbessert die Elastizit\u00e4t und Struktur der Haut<\/p>\n<\/li>\n<li data-start=\"1097\" data-end=\"1142\">\n<p data-start=\"1099\" data-end=\"1142\">Glycerin &amp; Panthenol - spenden Feuchtigkeit und beruhigen<\/p>\n<\/li>\n<\/ul>\n<h2 data-start=\"1149\" data-end=\"1205\"><a href=\"https:\/\/yukibeauty.ch\/de\/shop\/korean-routine\/eye-cream\/medicube-deep-lifting-peptide-eye-cream\/\" target=\"_blank\" rel=\"noopener\"><strong data-start=\"1157\" data-end=\"1203\">2. Tiefenstraffende Peptid-Augencreme f\u00fcr das Gesicht<\/strong><\/a><\/h2>\n<p data-start=\"1206\" data-end=\"1245\"><strong data-start=\"1206\" data-end=\"1245\">Gezieltes Lifting f\u00fcr Augen, Gesicht und Hals<\/strong><\/p>\n<p data-start=\"1247\" data-end=\"1491\">Eine leistungsstarke und dennoch sanfte Augencreme mit einem biomimetischen Peptidkomplex mit 20.000 ppm, 7 Kollagenarten und der 3D Tension Some Lifting-Technologie. Verwenden Sie sie um die Augen herum oder im ganzen Gesicht, um die Haut sichtbar zu straffen und Falten zu reduzieren.<\/p>\n<h3 data-start=\"1493\" data-end=\"1509\"><strong data-start=\"1493\" data-end=\"1509\">Wichtigste Vorteile<\/strong><\/h3>\n<ul data-start=\"1510\" data-end=\"1699\">\n<li data-start=\"1510\" data-end=\"1560\">\n<p data-start=\"1512\" data-end=\"1560\">Strafft und festigt die Augenkontur und Gesichtslinien<\/p>\n<\/li>\n<li data-start=\"1561\" data-end=\"1599\">\n<p data-start=\"1563\" data-end=\"1599\">Gl\u00e4ttet feine Linien und Kr\u00e4henf\u00fc\u00dfe<\/p>\n<\/li>\n<li data-start=\"1600\" data-end=\"1648\">\n<p data-start=\"1602\" data-end=\"1648\">F\u00fcllt Feuchtigkeit auf und st\u00e4rkt die Barriere<\/p>\n<\/li>\n<li data-start=\"1649\" data-end=\"1699\">\n<p data-start=\"1651\" data-end=\"1699\">Geeignet f\u00fcr empfindliche Bereiche und f\u00fcr den Einsatz im ganzen Gesicht<\/p>\n<\/li>\n<\/ul>\n<h3 data-start=\"1701\" data-end=\"1715\"><strong data-start=\"1701\" data-end=\"1715\">Angetrieben von<\/strong><\/h3>\n<ul data-start=\"1716\" data-end=\"1989\">\n<li data-start=\"1716\" data-end=\"1784\">\n<p data-start=\"1718\" data-end=\"1784\">4 biomimetische Peptide - unterst\u00fctzen Kollagen und Hautelastizit\u00e4t<\/p>\n<\/li>\n<li data-start=\"1785\" data-end=\"1854\">\n<p data-start=\"1787\" data-end=\"1854\">3D Tension Some - patentierte Hebefolie f\u00fcr sofortige Gl\u00e4ttung<\/p>\n<\/li>\n<li data-start=\"1855\" data-end=\"1932\">\n<p data-start=\"1857\" data-end=\"1932\">7x Collagen + 7x Hyalurons\u00e4ure - mehrschichtige Hydratation und Sprungkraft<\/p>\n<\/li>\n<li data-start=\"1933\" data-end=\"1989\">\n<p data-start=\"1935\" data-end=\"1989\">Shea Butter &amp; Squalane - n\u00e4hren und machen die Haut weich<\/p>\n<\/li>\n<\/ul>\n<h2><a href=\"https:\/\/yukibeauty.ch\/de\/shop\/korean-routine\/serum\/one-day-salmon-pdrn-ampoule\/\" target=\"_blank\" rel=\"noopener\"><strong data-start=\"2003\" data-end=\"2050\">3. Ein-Tages-Lachs-PDRN-Ampulle (Einmalgebrauch) [10 St\u00fcck]<\/strong><\/a><\/h2>\n<p data-start=\"2053\" data-end=\"2094\"><strong data-start=\"2053\" data-end=\"2094\">Leistungsstarker Regenerationsbooster<\/strong><\/p>\n<p data-start=\"2096\" data-end=\"2279\">Eine hochwirksame Ampulle, angetrieben durch <strong data-start=\"2131\" data-end=\"2155\">99% reiner Lachs PDRN<\/strong> zur schnellen Regeneration, Hydratisierung und Aufhellung der Haut. Sichtbare Ergebnisse in 2 Wochen: straffere, glattere und strahlendere Haut.<\/p>\n<h3 data-start=\"2281\" data-end=\"2297\"><strong data-start=\"2281\" data-end=\"2297\">Wichtigste Vorteile<\/strong><\/h3>\n<ul data-start=\"2298\" data-end=\"2570\">\n<li data-start=\"2298\" data-end=\"2370\">\n<p data-start=\"2300\" data-end=\"2370\">+58,7% Feuchtigkeit | +38,8% Glow | +0,484 Hautdichte (nach 2 Wochen)<\/p>\n<\/li>\n<li data-start=\"2371\" data-end=\"2414\">\n<p data-start=\"2373\" data-end=\"2414\">Tiefenregeneration und Straffung mit PDRN<\/p>\n<\/li>\n<li data-start=\"2415\" data-end=\"2463\">\n<p data-start=\"2417\" data-end=\"2463\">Inhaltsstoffe in ophthalmologischer Qualit\u00e4t f\u00fcr hohe Sicherheit<\/p>\n<\/li>\n<li data-start=\"2464\" data-end=\"2519\">\n<p data-start=\"2466\" data-end=\"2519\">Pr\u00e4zisionsd\u00fcse f\u00fcr gezielte, hygienische Anwendung<\/p>\n<\/li>\n<li data-start=\"2520\" data-end=\"2570\">\n<p data-start=\"2522\" data-end=\"2570\">Hypoallergen und f\u00fcr empfindliche Haut geeignet<\/p>\n<\/li>\n<\/ul>\n<h2 data-start=\"2577\" data-end=\"2598\">\u00a0<strong data-start=\"2583\" data-end=\"2598\">Perfekt f\u00fcr<\/strong><\/h2>\n<ul data-start=\"2599\" data-end=\"2805\">\n<li data-start=\"2599\" data-end=\"2656\">\n<p data-start=\"2601\" data-end=\"2656\">Anzeichen der Hautalterung: Erschlaffung, Falten, Fahlheit<\/p>\n<\/li>\n<li data-start=\"2657\" data-end=\"2694\">\n<p data-start=\"2659\" data-end=\"2694\">Dehydrierte oder schlaffe Haut<\/p>\n<\/li>\n<li data-start=\"2695\" data-end=\"2749\">\n<p data-start=\"2697\" data-end=\"2749\">Zarte oder empfindliche Haut, die eine Lifting-Pflege ben\u00f6tigt<\/p>\n<\/li>\n<li data-start=\"2750\" data-end=\"2805\">\n<p data-start=\"2752\" data-end=\"2805\">Schnelle sichtbare Verbesserung vor Veranstaltungen oder Erholung<\/p>\n<\/li>\n<\/ul>\n<p>Kein Tag mehr ohne ein Medicube Collagen &amp; Lifting Set!<\/p>","protected":false},"excerpt":{"rendered":"<p>Medicube Collagen &amp; Lifting Set Multi-Action Firming &amp; Anti-Aging Skincare Trio A premium 3-step routine designed to lift, hydrate, and<\/p>","protected":false},"featured_media":3712,"comment_status":"open","ping_status":"closed","template":"","meta":[],"product_brand":[],"product_cat":[310,22,23,312,320],"product_tag":[],"class_list":{"0":"post-3867","1":"product","2":"type-product","3":"status-publish","4":"has-post-thumbnail","6":"product_cat-cream","7":"product_cat-eye-cream","8":"product_cat-face-cream","9":"product_cat-serum","10":"product_cat-sets","12":"first","13":"outofstock","14":"purchasable","15":"product-type-woosb"},"_links":{"self":[{"href":"https:\/\/yukibeauty.ch\/de\/wp-json\/wp\/v2\/product\/3867","targetHints":{"allow":["GET"]}}],"collection":[{"href":"https:\/\/yukibeauty.ch\/de\/wp-json\/wp\/v2\/product"}],"about":[{"href":"https:\/\/yukibeauty.ch\/de\/wp-json\/wp\/v2\/types\/product"}],"replies":[{"embeddable":true,"href":"https:\/\/yukibeauty.ch\/de\/wp-json\/wp\/v2\/comments?post=3867"}],"wp:featuredmedia":[{"embeddable":true,"href":"https:\/\/yukibeauty.ch\/de\/wp-json\/wp\/v2\/media\/3712"}],"wp:attachment":[{"href":"https:\/\/yukibeauty.ch\/de\/wp-json\/wp\/v2\/media?parent=3867"}],"wp:term":[{"taxonomy":"product_brand","embeddable":true,"href":"https:\/\/yukibeauty.ch\/de\/wp-json\/wp\/v2\/product_brand?post=3867"},{"taxonomy":"product_cat","embeddable":true,"href":"https:\/\/yukibeauty.ch\/de\/wp-json\/wp\/v2\/product_cat?post=3867"},{"taxonomy":"product_tag","embeddable":true,"href":"https:\/\/yukibeauty.ch\/de\/wp-json\/wp\/v2\/product_tag?post=3867"}],"curies":[{"name":"wp","href":"https:\/\/api.w.org\/{rel}","templated":true}]}}