{"id":3868,"date":"2025-07-30T13:37:07","date_gmt":"2025-07-30T11:37:07","guid":{"rendered":"https:\/\/yukibeauty.ch\/?post_type=product&#038;p=3868"},"modified":"2025-09-17T13:11:53","modified_gmt":"2025-09-17T11:11:53","slug":"skin1004-toning-set","status":"publish","type":"product","link":"https:\/\/yukibeauty.ch\/de\/shop\/korean-routine\/cleanser\/skin1004-toning-set\/","title":{"rendered":"Skin1004 Centella-Reinigungs- und Toning-Set"},"content":{"rendered":"<h3 data-start=\"136\" data-end=\"186\"><strong data-start=\"140\" data-end=\"184\">Skin1004 Centella-Reinigungs- und Tonisierungsset<\/strong><\/h3>\n<p data-start=\"187\" data-end=\"238\"><strong data-start=\"187\" data-end=\"238\">T\u00e4gliches Ritual f\u00fcr ruhige, reine und ausgeglichene Haut<\/strong><\/p>\n<p data-start=\"240\" data-end=\"483\">Eine zweistufige, sanfte Hautpflegeroutine auf der Basis von <strong data-start=\"286\" data-end=\"307\">Centella Asiatica<\/strong> - Entwickelt, um empfindliche Haut zu beruhigen, Unreinheiten zu entfernen und das Gleichgewicht der Haut wiederherzustellen. Ideal f\u00fcr alle, die eine effektive Reinigung und ein sanftes t\u00e4gliches Peeling ohne Irritationen w\u00fcnschen.<\/p>\n<h3 data-start=\"490\" data-end=\"562\">\u00a0<strong data-start=\"497\" data-end=\"560\">1. SKIN1004 Madagaskar Centella Leichtes Reinigungs\u00f6l (200ml)<\/strong><\/h3>\n<p data-start=\"563\" data-end=\"620\"><strong data-start=\"563\" data-end=\"620\">M\u00fchelose, nicht strippende Reinigung mit 11 Inhaltsstoffen<\/strong><\/p>\n<p data-start=\"622\" data-end=\"776\">Dieser Bestseller unter den \u00d6lreinigern entfernt selbst wasserfestes Make-up und LSF, w\u00e4hrend er die Haut mit Centella Asiatica und pflanzlichen \u00d6len beruhigt und n\u00e4hrt.<\/p>\n<p data-start=\"778\" data-end=\"794\"><strong data-start=\"778\" data-end=\"794\">Wichtigste Vorteile<\/strong><\/p>\n<ul data-start=\"795\" data-end=\"996\">\n<li data-start=\"795\" data-end=\"841\">\n<p data-start=\"797\" data-end=\"841\">L\u00f6st Make-up, Sonnenschutzmittel und \u00fcbersch\u00fcssigen Talg<\/p>\n<\/li>\n<li data-start=\"842\" data-end=\"893\">\n<p data-start=\"844\" data-end=\"893\">Beruhigt Reizungen und st\u00e4rkt die Hautbarriere<\/p>\n<\/li>\n<li data-start=\"894\" data-end=\"955\">\n<p data-start=\"896\" data-end=\"955\">Leicht und nicht fettend - l\u00e4sst sich ohne R\u00fcckst\u00e4nde abwaschen<\/p>\n<\/li>\n<li data-start=\"956\" data-end=\"996\">\n<p data-start=\"958\" data-end=\"996\">Vegan, frei von Grausamkeiten, nicht komedogen<\/p>\n<\/li>\n<\/ul>\n<p data-start=\"998\" data-end=\"1017\"><strong data-start=\"998\" data-end=\"1017\">Wichtige Inhaltsstoffe<\/strong><\/p>\n<ul data-start=\"1018\" data-end=\"1209\">\n<li data-start=\"1018\" data-end=\"1082\">\n<p data-start=\"1020\" data-end=\"1082\">Centella Asiatica Extrakt - beruhigt, repariert und spendet Feuchtigkeit<\/p>\n<\/li>\n<li data-start=\"1083\" data-end=\"1138\">\n<p data-start=\"1085\" data-end=\"1138\">Bergamotte\u00f6l - reduziert R\u00f6tungen und Entz\u00fcndungen<\/p>\n<\/li>\n<li data-start=\"1139\" data-end=\"1209\">\n<p data-start=\"1141\" data-end=\"1209\">Jojoba- und Sonnenblumen\u00f6l - erhalten die Feuchtigkeit und entfernen Ablagerungen<\/p>\n<\/li>\n<\/ul>\n<p data-start=\"1211\" data-end=\"1222\"><strong data-start=\"1211\" data-end=\"1222\">Textur<\/strong><\/p>\n<ul data-start=\"1223\" data-end=\"1341\">\n<li data-start=\"1223\" data-end=\"1261\">\n<p data-start=\"1225\" data-end=\"1261\">Ultraleichte, fast w\u00e4ssrige Textur<\/p>\n<\/li>\n<li data-start=\"1262\" data-end=\"1303\">\n<p data-start=\"1264\" data-end=\"1303\">L\u00e4sst sich leicht verteilen und sauber absp\u00fclen<\/p>\n<\/li>\n<li data-start=\"1304\" data-end=\"1341\">\n<p data-start=\"1306\" data-end=\"1341\">Schonend f\u00fcr Augen und empfindliche Haut<\/p>\n<\/li>\n<\/ul>\n<p data-start=\"1343\" data-end=\"1358\"><strong data-start=\"1343\" data-end=\"1358\">Perfekt f\u00fcr<\/strong><\/p>\n<ul data-start=\"1359\" data-end=\"1461\">\n<li data-start=\"1359\" data-end=\"1395\">\n<p data-start=\"1361\" data-end=\"1395\">Empfindliche, trockene oder reaktive Haut<\/p>\n<\/li>\n<li data-start=\"1396\" data-end=\"1427\">\n<p data-start=\"1398\" data-end=\"1427\">Verstopfte Poren oder Mitesser<\/p>\n<\/li>\n<li data-start=\"1428\" data-end=\"1461\">\n<p data-start=\"1430\" data-end=\"1461\">Erstmalige Verwendung von \u00d6lreinigungsmitteln<\/p>\n<\/li>\n<\/ul>\n<h3 data-start=\"1468\" data-end=\"1533\"><strong data-start=\"1475\" data-end=\"1531\">2. SKIN1004 Madagaskar Centella Toning Toner (210ml)<\/strong><\/h3>\n<p data-start=\"1534\" data-end=\"1591\"><strong data-start=\"1534\" data-end=\"1591\">Mildes t\u00e4gliches Peeling + Feuchtigkeitspflege f\u00fcr empfindliche Haut<\/strong><\/p>\n<p data-start=\"1593\" data-end=\"1720\">Ein federleichter Toner mit 84% Centella Asiatica und PHA f\u00fcr sanftes Peeling, Feuchtigkeitszufuhr und Tonuskorrektur.<\/p>\n<p data-start=\"1722\" data-end=\"1738\"><strong data-start=\"1722\" data-end=\"1738\">Wichtigste Vorteile<\/strong><\/p>\n<ul data-start=\"1739\" data-end=\"1983\">\n<li data-start=\"1739\" data-end=\"1790\">\n<p data-start=\"1741\" data-end=\"1790\">Sanftes Peeling mit Gluconolacton (PHA)<\/p>\n<\/li>\n<li data-start=\"1791\" data-end=\"1847\">\n<p data-start=\"1793\" data-end=\"1847\">Beruhigt und hydratisiert tief mit Centella Asiatica<\/p>\n<\/li>\n<li data-start=\"1848\" data-end=\"1902\">\n<p data-start=\"1850\" data-end=\"1902\">Hellt die Haut auf und gleicht den Hautton mit Niacinamid aus<\/p>\n<\/li>\n<li data-start=\"1903\" data-end=\"1956\">\n<p data-start=\"1905\" data-end=\"1956\">St\u00e4rkt die Barriere und bereitet die Haut auf die n\u00e4chsten Schritte vor<\/p>\n<\/li>\n<li data-start=\"1957\" data-end=\"1983\">\n<p data-start=\"1959\" data-end=\"1983\">F\u00fcr den t\u00e4glichen Gebrauch geeignet<\/p>\n<\/li>\n<\/ul>\n<p data-start=\"1985\" data-end=\"2004\"><strong data-start=\"1985\" data-end=\"2004\">Wichtige Inhaltsstoffe<\/strong><\/p>\n<ul data-start=\"2005\" data-end=\"2241\">\n<li data-start=\"2005\" data-end=\"2060\">\n<p data-start=\"2007\" data-end=\"2060\">Centella Asiatica (84%) - beruhigt und regeneriert<\/p>\n<\/li>\n<li data-start=\"2061\" data-end=\"2123\">\n<p data-start=\"2063\" data-end=\"2123\">Niacinamid - mildert Verf\u00e4rbungen und verbessert die Textur<\/p>\n<\/li>\n<li data-start=\"2124\" data-end=\"2186\">\n<p data-start=\"2126\" data-end=\"2186\">PHA (Gluconolacton) - gl\u00e4ttet die Haut ohne Irritationen<\/p>\n<\/li>\n<li data-start=\"2187\" data-end=\"2241\">\n<p data-start=\"2189\" data-end=\"2241\">Hyalurons\u00e4ure + Betain - f\u00fcllt die Feuchtigkeit auf<\/p>\n<\/li>\n<\/ul>\n<p data-start=\"2243\" data-end=\"2254\"><strong data-start=\"2243\" data-end=\"2254\">Textur<\/strong><\/p>\n<ul data-start=\"2255\" data-end=\"2339\">\n<li data-start=\"2255\" data-end=\"2294\">\n<p data-start=\"2257\" data-end=\"2294\">Wasserhell mit dezentem Bernsteinton<\/p>\n<\/li>\n<li data-start=\"2295\" data-end=\"2339\">\n<p data-start=\"2297\" data-end=\"2339\">Zieht schnell ein, keine klebrigen oder schweren R\u00fcckst\u00e4nde<\/p>\n<\/li>\n<\/ul>\n<p data-start=\"2341\" data-end=\"2356\"><strong data-start=\"2341\" data-end=\"2356\">Perfekt f\u00fcr<\/strong><\/p>\n<ul data-start=\"2357\" data-end=\"2472\">\n<li data-start=\"2357\" data-end=\"2383\">\n<p data-start=\"2359\" data-end=\"2383\">Ungleichm\u00e4\u00dfiger Ton oder ungleichm\u00e4\u00dfige Textur<\/p>\n<\/li>\n<li data-start=\"2384\" data-end=\"2423\">\n<p data-start=\"2386\" data-end=\"2423\">Trockene, empfindliche oder gesch\u00e4digte Haut<\/p>\n<\/li>\n<li data-start=\"2424\" data-end=\"2472\">\n<p data-start=\"2426\" data-end=\"2472\">T\u00e4gliches sanftes Peeling ohne \u00dcbertrocknung<\/p>\n<\/li>\n<\/ul>","protected":false},"excerpt":{"rendered":"<p>Skin1004 Centella Cleansing &amp; Toning Set Daily Ritual for Calm, Clean, and Balanced Skin A two-step gentle skincare routine powered<\/p>","protected":false},"featured_media":4551,"comment_status":"open","ping_status":"closed","template":"","meta":[],"product_brand":[],"product_cat":[17,320,19],"product_tag":[],"class_list":{"0":"post-3868","1":"product","2":"type-product","3":"status-publish","4":"has-post-thumbnail","6":"product_cat-cleanser","7":"product_cat-sets","8":"product_cat-toner","10":"first","11":"instock","12":"purchasable","13":"product-type-woosb"},"_links":{"self":[{"href":"https:\/\/yukibeauty.ch\/de\/wp-json\/wp\/v2\/product\/3868","targetHints":{"allow":["GET"]}}],"collection":[{"href":"https:\/\/yukibeauty.ch\/de\/wp-json\/wp\/v2\/product"}],"about":[{"href":"https:\/\/yukibeauty.ch\/de\/wp-json\/wp\/v2\/types\/product"}],"replies":[{"embeddable":true,"href":"https:\/\/yukibeauty.ch\/de\/wp-json\/wp\/v2\/comments?post=3868"}],"wp:featuredmedia":[{"embeddable":true,"href":"https:\/\/yukibeauty.ch\/de\/wp-json\/wp\/v2\/media\/4551"}],"wp:attachment":[{"href":"https:\/\/yukibeauty.ch\/de\/wp-json\/wp\/v2\/media?parent=3868"}],"wp:term":[{"taxonomy":"product_brand","embeddable":true,"href":"https:\/\/yukibeauty.ch\/de\/wp-json\/wp\/v2\/product_brand?post=3868"},{"taxonomy":"product_cat","embeddable":true,"href":"https:\/\/yukibeauty.ch\/de\/wp-json\/wp\/v2\/product_cat?post=3868"},{"taxonomy":"product_tag","embeddable":true,"href":"https:\/\/yukibeauty.ch\/de\/wp-json\/wp\/v2\/product_tag?post=3868"}],"curies":[{"name":"wp","href":"https:\/\/api.w.org\/{rel}","templated":true}]}}