{"id":3869,"date":"2025-07-30T13:37:08","date_gmt":"2025-07-30T11:37:08","guid":{"rendered":"https:\/\/yukibeauty.ch\/?post_type=product&#038;p=3869"},"modified":"2025-10-28T09:13:24","modified_gmt":"2025-10-28T08:13:24","slug":"some-by-mi-miracle-trio","status":"publish","type":"product","link":"https:\/\/yukibeauty.ch\/de\/shop\/korean-routine\/cream\/some-by-mi-miracle-trio\/","title":{"rendered":"Somebymi Miracle Glow &amp; Repair Trio"},"content":{"rendered":"<h2 data-start=\"149\" data-end=\"196\"><strong data-start=\"153\" data-end=\"194\">Some By Mi Miracle Glow &amp; Repair Trio<\/strong><\/h2>\n<p data-start=\"197\" data-end=\"251\"><strong data-start=\"197\" data-end=\"251\">Leuchtkraft, Klarheit und Barriereunterst\u00fctzung f\u00fcr Gesicht und K\u00f6rper<\/strong><\/p>\n<p data-start=\"253\" data-end=\"521\">Ein gezieltes 3-Schritte-Pflegeset, das Gesicht und K\u00f6rper peelt, beruhigt, mit Feuchtigkeit versorgt und sichtbar aufhellt. Perfekt f\u00fcr zu Akne neigende, empfindliche und fahle Haut. Dieses Trio bek\u00e4mpft Entz\u00fcndungen, raue Textur und ungleichm\u00e4\u00dfigen Hautton mit sanften, aber effektiven Wirkstoffen.<\/p>\n<h2 data-start=\"528\" data-end=\"583\"><a href=\"https:\/\/yukibeauty.ch\/de\/shop\/korean-routine\/cream\/aha-bha-pha-30-days-miracle-cream-60g\/\" target=\"_blank\" rel=\"noopener\"><strong data-start=\"535\" data-end=\"581\">1. AHA\/BHA\/PHA 30 Days Miracle Cream (60g)<\/strong><\/a><\/h2>\n<p data-start=\"584\" data-end=\"647\"><strong data-start=\"584\" data-end=\"647\">Beruhigende &amp; aufbauende Creme f\u00fcr akneanf\u00e4llige, empfindliche Haut<\/strong><\/p>\n<p data-start=\"649\" data-end=\"841\">Eine leichte, schnell einziehende Feuchtigkeitscreme mit Centella Asiatica, Peelings\u00e4uren und einem 4-Cica-Komplex, der Hautunreinheiten behandelt, R\u00f6tungen mindert und die Hautbarriere st\u00e4rkt.<\/p>\n<h3 data-start=\"843\" data-end=\"861\"><strong data-start=\"843\" data-end=\"859\">Wichtigste Vorteile<\/strong><\/h3>\n<ul data-start=\"862\" data-end=\"1063\">\n<li data-start=\"862\" data-end=\"906\">\n<p data-start=\"864\" data-end=\"906\">Beruhigt Ausbr\u00fcche und lindert Entz\u00fcndungen<\/p>\n<\/li>\n<li data-start=\"907\" data-end=\"945\">\n<p data-start=\"909\" data-end=\"945\">Sanftes Peeling mit AHA\/BHA\/PHA<\/p>\n<\/li>\n<li data-start=\"946\" data-end=\"985\">\n<p data-start=\"948\" data-end=\"985\">Verbessert die Hautstruktur und den Feuchtigkeitsgehalt<\/p>\n<\/li>\n<li data-start=\"986\" data-end=\"1016\">\n<p data-start=\"988\" data-end=\"1016\">Hellt mit Niacinamid auf<\/p>\n<\/li>\n<li data-start=\"1017\" data-end=\"1063\">\n<p data-start=\"1019\" data-end=\"1063\">Reduziert feine Linien und unterst\u00fctzt die Elastizit\u00e4t<\/p>\n<\/li>\n<\/ul>\n<h3 data-start=\"1065\" data-end=\"1087\"><strong data-start=\"1065\" data-end=\"1085\">Star-Inhaltsstoffe<\/strong><\/h3>\n<ul data-start=\"1088\" data-end=\"1371\">\n<li data-start=\"1088\" data-end=\"1178\">\n<p data-start=\"1090\" data-end=\"1178\">Centella Asiatica (700.000 ppm) &amp; 4-Cica-Komplex - Heilung und Barriereunterst\u00fctzung<\/p>\n<\/li>\n<li data-start=\"1179\" data-end=\"1234\">\n<p data-start=\"1181\" data-end=\"1234\">AHA \/ BHA \/ PHA - Peeling und Talgkontrolle<\/p>\n<\/li>\n<li data-start=\"1235\" data-end=\"1315\">\n<p data-start=\"1237\" data-end=\"1315\">Teebaumblattextrakt (10.000 ppm) - antibakteriell und entz\u00fcndungshemmend<\/p>\n<\/li>\n<li data-start=\"1316\" data-end=\"1371\">\n<p data-start=\"1318\" data-end=\"1371\">Niacinamid &amp; Adenosin - aufhellend + straffend<\/p>\n<\/li>\n<\/ul>\n<h3 data-start=\"1373\" data-end=\"1387\"><strong data-start=\"1373\" data-end=\"1385\">Am besten f\u00fcr<\/strong><\/h3>\n<ul data-start=\"1388\" data-end=\"1479\">\n<li data-start=\"1388\" data-end=\"1429\">\n<p data-start=\"1390\" data-end=\"1429\">Fettige Haut, Mischhaut oder zu Akne neigende Haut<\/p>\n<\/li>\n<li data-start=\"1430\" data-end=\"1479\">\n<p data-start=\"1432\" data-end=\"1479\">Empfindliche Haut mit R\u00f6tungen oder vergr\u00f6\u00dferten Poren<\/p>\n<\/li>\n<\/ul>\n<h2 data-start=\"1486\" data-end=\"1541\"><a href=\"https:\/\/yukibeauty.ch\/de\/shop\/korean-routine\/gesichtscreme\/aha-bha-pha-miracle-calming-body-lotion\/\" target=\"_blank\" rel=\"noopener\"><strong data-start=\"1493\" data-end=\"1539\">2. Beruhigende K\u00f6rperlotion mit S\u00e4uren (200ml)<\/strong><\/a><\/h2>\n<p data-start=\"1542\" data-end=\"1605\"><strong data-start=\"1542\" data-end=\"1605\">Exfolierende und feuchtigkeitsspendende K\u00f6rperpflege bei Akne und Pigmentierung<\/strong><\/p>\n<p data-start=\"1607\" data-end=\"1796\">Diese schnell einziehende K\u00f6rperlotion kl\u00e4rt Akne und gl\u00e4ttet raue Haut mit einer sanften Mischung aus AHA, BHA, PHA, LHA und beruhigenden Pflanzenextrakten - ideal f\u00fcr R\u00fccken, Brust und Schultern.<\/p>\n<h3 data-start=\"1798\" data-end=\"1816\"><strong data-start=\"1798\" data-end=\"1814\">Wichtigste Vorteile<\/strong><\/h3>\n<ul data-start=\"1817\" data-end=\"2007\">\n<li data-start=\"1817\" data-end=\"1859\">\n<p data-start=\"1819\" data-end=\"1859\">Kl\u00e4rt K\u00f6rperakne und peelt sanft<\/p>\n<\/li>\n<li data-start=\"1860\" data-end=\"1908\">\n<p data-start=\"1862\" data-end=\"1908\">Verbessert Pigmentierung und gl\u00e4ttet raue Textur<\/p>\n<\/li>\n<li data-start=\"1909\" data-end=\"1947\">\n<p data-start=\"1911\" data-end=\"1947\">Hydratisiert mit dem Feuchtigkeitsgehalt 96%<\/p>\n<\/li>\n<li data-start=\"1948\" data-end=\"2007\">\n<p data-start=\"1950\" data-end=\"2007\">Beruhigt mit Teebaum, Centella und Houttuynia Cordata<\/p>\n<\/li>\n<\/ul>\n<h3 data-start=\"2009\" data-end=\"2031\"><strong data-start=\"2009\" data-end=\"2029\">Star-Inhaltsstoffe<\/strong><\/h3>\n<ul data-start=\"2032\" data-end=\"2226\">\n<li data-start=\"2032\" data-end=\"2076\">\n<p data-start=\"2034\" data-end=\"2076\">Salicyls\u00e4ure (BHA) - befreit die Poren von Verstopfungen<\/p>\n<\/li>\n<li data-start=\"2077\" data-end=\"2119\">\n<p data-start=\"2079\" data-end=\"2119\">Gluconolacton (PHA) - Oberfl\u00e4chenveredelung<\/p>\n<\/li>\n<li data-start=\"2120\" data-end=\"2167\">\n<p data-start=\"2122\" data-end=\"2167\">Niacinamid - aufhellend und ausgleichend<\/p>\n<\/li>\n<li data-start=\"2168\" data-end=\"2226\">\n<p data-start=\"2170\" data-end=\"2226\">Centella Asiatica &amp; Teebaum - beruhigend und heilend<\/p>\n<\/li>\n<\/ul>\n<h3 data-start=\"2228\" data-end=\"2242\"><strong data-start=\"2228\" data-end=\"2240\">Am besten f\u00fcr<\/strong><\/h3>\n<ul data-start=\"2243\" data-end=\"2317\">\n<li data-start=\"2243\" data-end=\"2281\">\n<p data-start=\"2245\" data-end=\"2281\">K\u00f6rperakne (R\u00fccken, Brust, Schultern)<\/p>\n<\/li>\n<li data-start=\"2282\" data-end=\"2317\">\n<p data-start=\"2284\" data-end=\"2317\">Stumpfe, ungleichm\u00e4\u00dfige oder verstopfte Haut<\/p>\n<\/li>\n<\/ul>\n<h2 data-start=\"2324\" data-end=\"2385\"><a href=\"https:\/\/yukibeauty.ch\/de\/shop\/korean-routine\/toner\/galactomyces-pure-vitamin-c-glow-toner\/\" target=\"_blank\" rel=\"noopener\"><strong data-start=\"2330\" data-end=\"2383\">3. Galactomyces Reines Vitamin C Glow Gesichtswasser (200ml)<\/strong><\/a><\/h2>\n<p data-start=\"2386\" data-end=\"2437\"><strong data-start=\"2386\" data-end=\"2437\">Aufhellendes &amp; Anti-Aging-Tonikum f\u00fcr strahlende Haut<\/strong><\/p>\n<p data-start=\"2439\" data-end=\"2624\">Dieser Toner mit 88% Galactomyces und reinem Vitamin C (10.000 ppm) verbessert den Hautton, die Textur und die allgemeine Ausstrahlung der Haut, beruhigt Irritationen und reduziert feine Linien.<\/p>\n<h3 data-start=\"2626\" data-end=\"2644\"><strong data-start=\"2626\" data-end=\"2642\">Wichtigste Vorteile<\/strong><\/h3>\n<ul data-start=\"2645\" data-end=\"2807\">\n<li data-start=\"2645\" data-end=\"2682\">\n<p data-start=\"2647\" data-end=\"2682\">Hellt den Hautton auf und gleicht ihn aus<\/p>\n<\/li>\n<li data-start=\"2683\" data-end=\"2728\">\n<p data-start=\"2685\" data-end=\"2728\">Hydratisiert und strafft mit fermentierten Wirkstoffen<\/p>\n<\/li>\n<li data-start=\"2729\" data-end=\"2768\">\n<p data-start=\"2731\" data-end=\"2768\">Bek\u00e4mpft Anzeichen von Alterung und Mattheit<\/p>\n<\/li>\n<li data-start=\"2769\" data-end=\"2807\">\n<p data-start=\"2771\" data-end=\"2807\">Beruhigt empfindliche oder gestresste Haut<\/p>\n<\/li>\n<\/ul>\n<h3 data-start=\"2809\" data-end=\"2831\"><strong data-start=\"2809\" data-end=\"2829\">Star-Inhaltsstoffe<\/strong><\/h3>\n<ul data-start=\"2832\" data-end=\"3066\">\n<li data-start=\"2832\" data-end=\"2906\">\n<p data-start=\"2834\" data-end=\"2906\">Galactomyces Ferment Filtrat (88%) - hydratisiert, erweicht und strafft<\/p>\n<\/li>\n<li data-start=\"2907\" data-end=\"2969\">\n<p data-start=\"2909\" data-end=\"2969\">Reines Vitamin C (10.000 ppm) - Antioxidans, aufhellend<\/p>\n<\/li>\n<li data-start=\"2970\" data-end=\"3014\">\n<p data-start=\"2972\" data-end=\"3014\">Niacinamid - verbessert Verf\u00e4rbungen<\/p>\n<\/li>\n<li data-start=\"3015\" data-end=\"3066\">\n<p data-start=\"3017\" data-end=\"3066\">Adenosin - gegen Faltenbildung und zur Hautgl\u00e4ttung<\/p>\n<\/li>\n<\/ul>\n<h3 data-start=\"3068\" data-end=\"3082\"><strong data-start=\"3068\" data-end=\"3080\">Am besten f\u00fcr<\/strong><\/h3>\n<ul data-start=\"3083\" data-end=\"3190\">\n<li data-start=\"3083\" data-end=\"3111\">\n<p data-start=\"3085\" data-end=\"3111\">Stumpfer oder ungleichm\u00e4\u00dfiger Hautton<\/p>\n<\/li>\n<li data-start=\"3112\" data-end=\"3152\">\n<p data-start=\"3114\" data-end=\"3152\">M\u00fcde, alternde oder raue Haut<\/p>\n<\/li>\n<li data-start=\"3153\" data-end=\"3190\">\n<p data-start=\"3155\" data-end=\"3190\">Alle, die einen strahlenden, taufrischen Glanz w\u00fcnschen<\/p>\n<\/li>\n<\/ul>","protected":false},"excerpt":{"rendered":"<p>Some By Mi Miracle Glow &amp; Repair Trio Glow, Clarity, and Barrier Support for Face &amp; Body A targeted 3-step<\/p>","protected":false},"featured_media":3875,"comment_status":"open","ping_status":"closed","template":"","meta":[],"product_brand":[],"product_cat":[310,23,320,19],"product_tag":[],"class_list":{"0":"post-3869","1":"product","2":"type-product","3":"status-publish","4":"has-post-thumbnail","6":"product_cat-cream","7":"product_cat-face-cream","8":"product_cat-sets","9":"product_cat-toner","11":"first","12":"instock","13":"purchasable","14":"product-type-woosb"},"_links":{"self":[{"href":"https:\/\/yukibeauty.ch\/de\/wp-json\/wp\/v2\/product\/3869","targetHints":{"allow":["GET"]}}],"collection":[{"href":"https:\/\/yukibeauty.ch\/de\/wp-json\/wp\/v2\/product"}],"about":[{"href":"https:\/\/yukibeauty.ch\/de\/wp-json\/wp\/v2\/types\/product"}],"replies":[{"embeddable":true,"href":"https:\/\/yukibeauty.ch\/de\/wp-json\/wp\/v2\/comments?post=3869"}],"wp:featuredmedia":[{"embeddable":true,"href":"https:\/\/yukibeauty.ch\/de\/wp-json\/wp\/v2\/media\/3875"}],"wp:attachment":[{"href":"https:\/\/yukibeauty.ch\/de\/wp-json\/wp\/v2\/media?parent=3869"}],"wp:term":[{"taxonomy":"product_brand","embeddable":true,"href":"https:\/\/yukibeauty.ch\/de\/wp-json\/wp\/v2\/product_brand?post=3869"},{"taxonomy":"product_cat","embeddable":true,"href":"https:\/\/yukibeauty.ch\/de\/wp-json\/wp\/v2\/product_cat?post=3869"},{"taxonomy":"product_tag","embeddable":true,"href":"https:\/\/yukibeauty.ch\/de\/wp-json\/wp\/v2\/product_tag?post=3869"}],"curies":[{"name":"wp","href":"https:\/\/api.w.org\/{rel}","templated":true}]}}