{"id":5196,"date":"2025-12-28T10:30:11","date_gmt":"2025-12-28T09:30:11","guid":{"rendered":"https:\/\/yukibeauty.ch\/?post_type=product&#038;p=5196"},"modified":"2025-12-28T11:00:51","modified_gmt":"2025-12-28T10:00:51","slug":"anua-pore-refining-exosome-set","status":"publish","type":"product","link":"https:\/\/yukibeauty.ch\/de\/shop\/korean-routine\/cleanser\/anua-pore-refining-exosome-set\/","title":{"rendered":"Anua Pore Refining Exosome Set"},"content":{"rendered":"<h2 data-start=\"143\" data-end=\"185\"><strong data-start=\"147\" data-end=\"185\">Anua Pore Refining Exosome Set<\/strong><\/h2>\n<p data-start=\"186\" data-end=\"243\"><strong data-start=\"186\" data-end=\"243\">Fortschrittliche Porenpflege trifft auf die n\u00e4chste Generation der Hauterneuerung<\/strong><\/p>\n<p data-start=\"245\" data-end=\"526\">A powerful duo designed for experienced skincare users looking to deeply refine pores, resurface texture, and boost skin regeneration. The Anua Pore Refining Exosome Set combines the high-intensity Exosome Shot Ampoule with daily exfoliating Anua Pore Pads for maximum clarity, smoothness, and glow.<\/p>\n<h2 data-start=\"533\" data-end=\"596\"><a href=\"https:\/\/yukibeauty.ch\/de\/shop\/korean-routine\/serum\/medicube-exosome-ampoule-7500\/\" target=\"_blank\" rel=\"noopener\"><strong data-start=\"540\" data-end=\"594\">1. Medicube One Day Exosome Shot Pore Ampulle 7500<\/strong><\/a><\/h2>\n<p data-start=\"597\" data-end=\"660\"><strong data-start=\"597\" data-end=\"660\">Hochleistungsampulle mit 7.500 Exosomen-ummantelten Spicules<\/strong><\/p>\n<p data-start=\"662\" data-end=\"941\">Erleben Sie die n\u00e4chste Stufe der Hautpflegetechnologie. Diese wirksame Ampulle enth\u00e4lt 7.500 Mikrok\u00fcgelchen, die mit aus Milch gewonnenen <strong data-start=\"783\" data-end=\"795\">Exosomen<\/strong>Peptide und Wachstumsfaktoren, um die Absorption zu f\u00f6rdern, die Poren zu verfeinern und die Haut sichtbar zu erneuern. Erwarten Sie ein prickelndes Gef\u00fchl und ein Zeichen von Tiefenwirkung.<\/p>\n<h3 data-start=\"943\" data-end=\"959\"><strong data-start=\"943\" data-end=\"959\">Wichtigste Vorteile<\/strong><\/h3>\n<ul data-start=\"960\" data-end=\"1224\">\n<li data-start=\"960\" data-end=\"1014\">\n<p data-start=\"962\" data-end=\"1014\">Tiefenwirksame Hauterneuerung mit Exosom-beschichteten Mikronadeln<\/p>\n<\/li>\n<li data-start=\"1015\" data-end=\"1056\">\n<p data-start=\"1017\" data-end=\"1056\">Verfeinert die Poren und verbessert die Elastizit\u00e4t<\/p>\n<\/li>\n<li data-start=\"1057\" data-end=\"1098\">\n<p data-start=\"1059\" data-end=\"1098\">Sanftes Peeling mit AHA, BHA &amp; PHA<\/p>\n<\/li>\n<li data-start=\"1099\" data-end=\"1143\">\n<p data-start=\"1101\" data-end=\"1143\">Kontrolliert den Talg und gl\u00e4ttet raue Texturen<\/p>\n<\/li>\n<li data-start=\"1144\" data-end=\"1184\">\n<p data-start=\"1146\" data-end=\"1184\">Hellt den Hautton mit Niacinamid auf<\/p>\n<\/li>\n<li data-start=\"1185\" data-end=\"1224\">\n<p data-start=\"1187\" data-end=\"1224\">Beruhigt und spendet Feuchtigkeit mit Panthenol<\/p>\n<\/li>\n<\/ul>\n<h3 data-start=\"1226\" data-end=\"1244\"><strong data-start=\"1226\" data-end=\"1244\">Textur &amp; Gef\u00fchl<\/strong><\/h3>\n<ul data-start=\"1245\" data-end=\"1413\">\n<li data-start=\"1245\" data-end=\"1294\">\n<p data-start=\"1247\" data-end=\"1294\">Milchiges Serum mit Kribbeln von Mikrospitzen<\/p>\n<\/li>\n<li data-start=\"1295\" data-end=\"1332\">\n<p data-start=\"1297\" data-end=\"1332\">Empfohlen f\u00fcr erfahrene Benutzer<\/p>\n<\/li>\n<li data-start=\"1333\" data-end=\"1413\">\n<p data-start=\"1335\" data-end=\"1413\">Version mit hoher Intensit\u00e4t (7500 Spicules); mildere Version f\u00fcr Anf\u00e4nger erh\u00e4ltlich<\/p>\n<\/li>\n<\/ul>\n<h4 data-start=\"1415\" data-end=\"1550\"><strong data-start=\"1415\" data-end=\"1441\">Zielgerichtete Hautprobleme<\/strong><\/h4>\n<p data-start=\"1415\" data-end=\"1550\">- Vergr\u00f6\u00dferte Poren<br data-start=\"1458\" data-end=\"1461\" \/>- Hautunreinheiten und raue Textur<br data-start=\"1490\" data-end=\"1493\" \/>- Stumpfheit und ungleichm\u00e4\u00dfiger Ton<br data-start=\"1519\" data-end=\"1522\" \/>- Gestresste, verstopfte Haut<\/p>\n<h4 data-start=\"1552\" data-end=\"1693\"><strong data-start=\"1552\" data-end=\"1567\">Vorsichtsma\u00dfnahmen<\/strong><\/h4>\n<p data-start=\"1552\" data-end=\"1693\">- Vor der Anwendung einen Patch-Test durchf\u00fchren<br data-start=\"1601\" data-end=\"1604\" \/>- Tags\u00fcber Sonnenschutzmittel verwenden<br data-start=\"1634\" data-end=\"1637\" \/>- Nicht empfohlen f\u00fcr sehr empfindliche oder gesch\u00e4digte Haut<\/p>\n<p>&nbsp;<\/p>\n<h2 data-start=\"148\" data-end=\"181\"><a href=\"https:\/\/yukibeauty.ch\/de\/shop\/fur-manner\/cleanser-for-men\/anua-heartleaf-77-clear-pad\/\">2. Anua Heartleaf 77% Clear Pad [70pcs]<\/a><\/h2>\n<p data-start=\"182\" data-end=\"244\"><strong data-start=\"182\" data-end=\"244\">Beruhigende Toner-Pads f\u00fcr eine klarere, ruhigere und glattere Haut<\/strong><\/p>\n<p data-start=\"246\" data-end=\"610\">Verbessern Sie Ihre Hautpflegeroutine mit <a href=\"https:\/\/yukibeauty.ch\/de\/shop\/fur-manner\/cleanser-for-men\/anua-heartleaf-77-clear-pad\/\"><strong data-start=\"281\" data-end=\"314\">Anua Heartleaf 77% Klare Pads<\/strong><\/a> - Multitasking-Tonerkissen, getr\u00e4nkt mit 77% <strong data-start=\"355\" data-end=\"383\">Heartleaf Beruhigendes Gesichtswasser<\/strong>Sie spenden Feuchtigkeit, beruhigen Irritationen und verfeinern das Hautbild. Diese Pads mit doppelter Textur bieten ein sanftes Peeling, entfernen Unreinheiten und helfen, den Talgspiegel auszugleichen - ein Muss f\u00fcr sensible und zu Akne neigende Haut.<\/p>\n<h2 data-start=\"612\" data-end=\"631\">Wichtigste Vorteile<\/h2>\n<ul data-start=\"633\" data-end=\"1220\">\n<li data-start=\"633\" data-end=\"749\">\n<p data-start=\"635\" data-end=\"749\"><strong data-start=\"635\" data-end=\"694\">Infundiert mit 77% Herzblattextrakt (Houttuynia Cordata)<\/strong> zur Beruhigung von R\u00f6tungen und zur Beruhigung empfindlicher, gereizter Haut<\/p>\n<\/li>\n<li data-start=\"750\" data-end=\"828\">\n<p data-start=\"752\" data-end=\"828\"><strong data-start=\"752\" data-end=\"789\">Spendet Feuchtigkeit und peelt sanft<\/strong> abgestorbene Hautzellen und Ablagerungen<\/p>\n<\/li>\n<li data-start=\"829\" data-end=\"989\">\n<p data-start=\"831\" data-end=\"989\"><strong data-start=\"831\" data-end=\"855\">Anti-Talg-Komplex P<\/strong> (Pinus Palustris Leaf, Evening Primrose, Ulmus Root, Pueraria Root Extracts) hilft <strong data-start=\"939\" data-end=\"956\">Poren verengen<\/strong> und <strong data-start=\"961\" data-end=\"987\">die \u00d6lf\u00f6rderung zu kontrollieren<\/strong><\/p>\n<\/li>\n<li data-start=\"990\" data-end=\"1071\">\n<p data-start=\"992\" data-end=\"1071\"><strong data-start=\"992\" data-end=\"1009\">Gepr\u00e4gte Seite<\/strong> entfernt Unreinheiten und abgestorbene Hautzellen f\u00fcr eine glattere Textur<\/p>\n<\/li>\n<li data-start=\"1072\" data-end=\"1153\">\n<p data-start=\"1074\" data-end=\"1153\"><strong data-start=\"1074\" data-end=\"1087\">Weiche Seite<\/strong> tonisiert die Haut und bereitet sie auf eine bessere Aufnahme von Seren und Cremes vor<\/p>\n<\/li>\n<li data-start=\"1154\" data-end=\"1220\">\n<p data-start=\"1156\" data-end=\"1220\"><strong data-start=\"1156\" data-end=\"1177\">Mehrzweckformel<\/strong> - kann auch als beruhigende Fleckenmaske verwendet werden<\/p>\n<\/li>\n<\/ul>\n<h2 data-start=\"1222\" data-end=\"1237\">Ideal f\u00fcr<\/h2>\n<ul data-start=\"1239\" data-end=\"1362\">\n<li data-start=\"1239\" data-end=\"1270\">\n<p data-start=\"1241\" data-end=\"1270\">Empfindliche oder gereizte Haut<\/p>\n<\/li>\n<li data-start=\"1271\" data-end=\"1300\">\n<p data-start=\"1273\" data-end=\"1300\">Fettige Haut und Mischhaut<\/p>\n<\/li>\n<li data-start=\"1301\" data-end=\"1326\">\n<p data-start=\"1303\" data-end=\"1326\">Stumpfe oder raue Textur<\/p>\n<\/li>\n<li data-start=\"1327\" data-end=\"1362\">\n<p data-start=\"1329\" data-end=\"1362\">Vergr\u00f6\u00dferte Poren oder \u00fcberm\u00e4\u00dfiger Talg<\/p>\n<\/li>\n<\/ul>\n<h4 data-start=\"2488\" data-end=\"2623\"><strong data-start=\"2488\" data-end=\"2504\">Geeignet f\u00fcr<\/strong><\/h4>\n<p data-start=\"2488\" data-end=\"2623\">- Fettige Haut, Mischhaut und zu Akne neigende Haut<br data-start=\"2545\" data-end=\"2548\" \/>- Verstopfte oder raue Haut<br data-start=\"2573\" data-end=\"2576\" \/>- Empfindliche Haut (sanfte, alkoholfreie Formel)<\/p>\n<p data-start=\"2488\" data-end=\"2623\">The Anua Pore Refining Exosome Set is perfect for all genders.<\/p>","protected":false},"excerpt":{"rendered":"<p>Anua Pore Refining Exosome Set Advanced pore care meets next-generation skin renewal A powerful duo designed for experienced skincare users<\/p>","protected":false},"featured_media":5198,"comment_status":"open","ping_status":"closed","template":"","meta":[],"product_brand":[],"product_cat":[17,312,320],"product_tag":[],"class_list":{"0":"post-5196","1":"product","2":"type-product","3":"status-publish","4":"has-post-thumbnail","6":"product_cat-cleanser","7":"product_cat-serum","8":"product_cat-sets","10":"first","11":"instock","12":"purchasable","13":"product-type-woosb"},"_links":{"self":[{"href":"https:\/\/yukibeauty.ch\/de\/wp-json\/wp\/v2\/product\/5196","targetHints":{"allow":["GET"]}}],"collection":[{"href":"https:\/\/yukibeauty.ch\/de\/wp-json\/wp\/v2\/product"}],"about":[{"href":"https:\/\/yukibeauty.ch\/de\/wp-json\/wp\/v2\/types\/product"}],"replies":[{"embeddable":true,"href":"https:\/\/yukibeauty.ch\/de\/wp-json\/wp\/v2\/comments?post=5196"}],"wp:featuredmedia":[{"embeddable":true,"href":"https:\/\/yukibeauty.ch\/de\/wp-json\/wp\/v2\/media\/5198"}],"wp:attachment":[{"href":"https:\/\/yukibeauty.ch\/de\/wp-json\/wp\/v2\/media?parent=5196"}],"wp:term":[{"taxonomy":"product_brand","embeddable":true,"href":"https:\/\/yukibeauty.ch\/de\/wp-json\/wp\/v2\/product_brand?post=5196"},{"taxonomy":"product_cat","embeddable":true,"href":"https:\/\/yukibeauty.ch\/de\/wp-json\/wp\/v2\/product_cat?post=5196"},{"taxonomy":"product_tag","embeddable":true,"href":"https:\/\/yukibeauty.ch\/de\/wp-json\/wp\/v2\/product_tag?post=5196"}],"curies":[{"name":"wp","href":"https:\/\/api.w.org\/{rel}","templated":true}]}}