{"id":148,"date":"2025-06-19T12:44:02","date_gmt":"2025-06-19T10:44:02","guid":{"rendered":"https:\/\/yukibeauty.ch\/?page_id=148"},"modified":"2025-09-15T11:23:50","modified_gmt":"2025-09-15T09:23:50","slug":"delivery-and-payment","status":"publish","type":"page","link":"https:\/\/yukibeauty.ch\/fr\/delivery-and-payment\/","title":{"rendered":"Livraison et paiement"},"content":{"rendered":"<div data-elementor-type=\"wp-page\" data-elementor-id=\"148\" class=\"elementor elementor-148\" data-elementor-post-type=\"page\">\n\t\t\t\t<div class=\"elementor-element elementor-element-e16b917 e-con-full wd-section-stretch-content e-flex e-con e-parent\" data-id=\"e16b917\" data-element_type=\"container\" data-e-type=\"container\">\n\t\t\t\t<div class=\"elementor-element elementor-element-00d5c75 elementor-widget elementor-widget-woocommerce-breadcrumb\" data-id=\"00d5c75\" data-element_type=\"widget\" data-e-type=\"widget\" data-widget_type=\"woocommerce-breadcrumb.default\">\n\t\t\t\t<div class=\"elementor-widget-container\">\n\t\t\t\t\t<nav class=\"wd-breadcrumbs woocommerce-breadcrumb\" aria-label=\"Fil d&#039;Ariane\">\t\t\t\t<span class=\"wd-last\">\n\t\t\t\t\tAccueil\t\t\t\t<\/span>\n\t\t\t<\/nav>\t\t\t\t<\/div>\n\t\t\t\t<\/div>\n\t\t\t\t<div class=\"elementor-element elementor-element-cab42b5 elementor-widget-widescreen__width-initial elementor-widget elementor-widget-heading\" data-id=\"cab42b5\" data-element_type=\"widget\" data-e-type=\"widget\" data-widget_type=\"heading.default\">\n\t\t\t\t<div class=\"elementor-widget-container\">\n\t\t\t\t\t<h2 class=\"elementor-heading-title elementor-size-default\">Exp\u00e9dition et paiement<\/h2>\t\t\t\t<\/div>\n\t\t\t\t<\/div>\n\t\t<div class=\"elementor-element elementor-element-66f7950 e-con-full e-flex e-con e-child\" data-id=\"66f7950\" data-element_type=\"container\" data-e-type=\"container\">\n\t\t<div class=\"elementor-element elementor-element-65979ca e-con-full e-flex e-con e-child\" data-id=\"65979ca\" data-element_type=\"container\" data-e-type=\"container\">\n\t\t\t\t<div class=\"elementor-element elementor-element-ed06557 elementor-widget elementor-widget-heading\" data-id=\"ed06557\" data-element_type=\"widget\" data-e-type=\"widget\" data-widget_type=\"heading.default\">\n\t\t\t\t<div class=\"elementor-widget-container\">\n\t\t\t\t\t<p class=\"elementor-heading-title elementor-size-default\">Exp\u00e9dition<\/p>\t\t\t\t<\/div>\n\t\t\t\t<\/div>\n\t\t\t\t<div class=\"elementor-element elementor-element-fcc16f7 color-scheme-inherit text-left elementor-widget elementor-widget-text-editor\" data-id=\"fcc16f7\" data-element_type=\"widget\" data-e-type=\"widget\" data-widget_type=\"text-editor.default\">\n\t\t\t\t<div class=\"elementor-widget-container\">\n\t\t\t\t\t\t\t\t\t<p>Nous livrons dans toute la Suisse dans un d\u00e9lai de 3 \u00e0 5 jours ouvrables \u00e0 compter de la confirmation de votre commande. Les frais d'exp\u00e9dition sont calcul\u00e9s lors de la commande et sont \u00e0 la charge du client.<\/p>\n<p>B\u00e9n\u00e9ficiez de la livraison gratuite pour toute commande sup\u00e9rieure \u00e0 80 CHF (\u00e0 l'exception des masques en feuilles, qui ne sont pas pris en compte dans le seuil de livraison gratuite).Un petit remerciement de la part de Yuki Beauty !<\/p>\n<p>L'exp\u00e9dition internationale est \u00e9galement possible - les tarifs d\u00e9pendent du service de messagerie s\u00e9lectionn\u00e9.<\/p>\t\t\t\t\t\t\t\t<\/div>\n\t\t\t\t<\/div>\n\t\t\t\t<\/div>\n\t\t<div class=\"elementor-element elementor-element-0834d86 e-con-full e-flex e-con e-child\" data-id=\"0834d86\" data-element_type=\"container\" data-e-type=\"container\">\n\t\t\t\t<div class=\"elementor-element elementor-element-8e43490 elementor-widget elementor-widget-heading\" data-id=\"8e43490\" data-element_type=\"widget\" data-e-type=\"widget\" data-widget_type=\"heading.default\">\n\t\t\t\t<div class=\"elementor-widget-container\">\n\t\t\t\t\t<p class=\"elementor-heading-title elementor-size-default\">Paiement<\/p>\t\t\t\t<\/div>\n\t\t\t\t<\/div>\n\t\t\t\t<div class=\"elementor-element elementor-element-6acbe15 color-scheme-inherit text-left elementor-widget elementor-widget-text-editor\" data-id=\"6acbe15\" data-element_type=\"widget\" data-e-type=\"widget\" data-widget_type=\"text-editor.default\">\n\t\t\t\t<div class=\"elementor-widget-container\">\n\t\t\t\t\t\t\t\t\t<p>Votre confort est notre priorit\u00e9.<br \/>C'est pourquoi nous soutenons les m\u00e9thodes de paiement les plus fiables et les plus pratiques de Suisse :<\/p><ul><li>Twint (en anglais)<\/li><li>PayPal<\/li><li>Apple Pay<\/li><li>Cartes de cr\u00e9dit (Visa \/ MasterCard \/ autres)<\/li><li>Revolut<\/li><\/ul><p>Choisissez ce qui vous convient le mieux - nous nous chargeons de la s\u00e9curit\u00e9 et de la simplicit\u00e9.<\/p>\t\t\t\t\t\t\t\t<\/div>\n\t\t\t\t<\/div>\n\t\t\t\t<\/div>\n\t\t\t\t<\/div>\n\t\t\t\t<\/div>\n\t\t\t\t<\/div>","protected":false},"excerpt":{"rendered":"<p>Shipping and Payment Shipping We deliver across Switzerland within 3\u20135 business days from the moment your order is confirmed. Shipping<\/p>","protected":false},"author":1,"featured_media":0,"parent":0,"menu_order":0,"comment_status":"closed","ping_status":"closed","template":"","meta":{"footnotes":""},"class_list":["post-148","page","type-page","status-publish","hentry"],"_links":{"self":[{"href":"https:\/\/yukibeauty.ch\/fr\/wp-json\/wp\/v2\/pages\/148","targetHints":{"allow":["GET"]}}],"collection":[{"href":"https:\/\/yukibeauty.ch\/fr\/wp-json\/wp\/v2\/pages"}],"about":[{"href":"https:\/\/yukibeauty.ch\/fr\/wp-json\/wp\/v2\/types\/page"}],"author":[{"embeddable":true,"href":"https:\/\/yukibeauty.ch\/fr\/wp-json\/wp\/v2\/users\/1"}],"replies":[{"embeddable":true,"href":"https:\/\/yukibeauty.ch\/fr\/wp-json\/wp\/v2\/comments?post=148"}],"version-history":[{"count":0,"href":"https:\/\/yukibeauty.ch\/fr\/wp-json\/wp\/v2\/pages\/148\/revisions"}],"wp:attachment":[{"href":"https:\/\/yukibeauty.ch\/fr\/wp-json\/wp\/v2\/media?parent=148"}],"curies":[{"name":"wp","href":"https:\/\/api.w.org\/{rel}","templated":true}]}}