{"id":3,"date":"2025-06-04T12:44:57","date_gmt":"2025-06-04T12:44:57","guid":{"rendered":"https:\/\/yukibeauty.ch\/?page_id=3"},"modified":"2025-11-04T18:15:58","modified_gmt":"2025-11-04T17:15:58","slug":"privacy-policy","status":"publish","type":"page","link":"https:\/\/yukibeauty.ch\/fr\/privacy-policy\/","title":{"rendered":"Politique de confidentialit\u00e9"},"content":{"rendered":"<div data-elementor-type=\"wp-page\" data-elementor-id=\"3\" class=\"elementor elementor-3\" data-elementor-post-type=\"page\">\n\t\t\t\t<div class=\"elementor-element elementor-element-cb9e4ea e-con-full wd-section-stretch-content e-flex e-con e-parent\" data-id=\"cb9e4ea\" data-element_type=\"container\" data-e-type=\"container\">\n\t\t\t\t<div class=\"elementor-element elementor-element-e241923 elementor-widget elementor-widget-woocommerce-breadcrumb\" data-id=\"e241923\" data-element_type=\"widget\" data-e-type=\"widget\" data-widget_type=\"woocommerce-breadcrumb.default\">\n\t\t\t\t<div class=\"elementor-widget-container\">\n\t\t\t\t\t<nav class=\"wd-breadcrumbs woocommerce-breadcrumb\" aria-label=\"Fil d&#039;Ariane\">\t\t\t\t<span class=\"wd-last\">\n\t\t\t\t\tAccueil\t\t\t\t<\/span>\n\t\t\t<\/nav>\t\t\t\t<\/div>\n\t\t\t\t<\/div>\n\t\t<div class=\"elementor-element elementor-element-3fb8c8f e-con-full e-flex e-con e-child\" data-id=\"3fb8c8f\" data-element_type=\"container\" data-e-type=\"container\">\n\t\t\t\t<div class=\"elementor-element elementor-element-55d5ff7 elementor-widget-widescreen__width-initial elementor-widget elementor-widget-heading\" data-id=\"55d5ff7\" data-element_type=\"widget\" data-e-type=\"widget\" data-widget_type=\"heading.default\">\n\t\t\t\t<div class=\"elementor-widget-container\">\n\t\t\t\t\t<h2 class=\"elementor-heading-title elementor-size-default\">Politique de confidentialit\u00e9<\/h2>\t\t\t\t<\/div>\n\t\t\t\t<\/div>\n\t\t\t\t<div class=\"elementor-element elementor-element-145284f elementor-widget__width-initial color-scheme-inherit text-left elementor-widget elementor-widget-text-editor\" data-id=\"145284f\" data-element_type=\"widget\" data-e-type=\"widget\" data-widget_type=\"text-editor.default\">\n\t\t\t\t<div class=\"elementor-widget-container\">\n\t\t\t\t\t\t\t\t\t<h1 data-start=\"170\" data-end=\"201\"><span style=\"font-family: var(--wd-title-font); font-size: 24px; font-style: var(--wd-title-font-style); text-transform: var(--wd-title-transform); text-align: var(--text-align);\">1. La protection de vos donn\u00e9es est notre priorit\u00e9<\/span><\/h1><p data-start=\"250\" data-end=\"582\">Yuki Beauty respecte la vie priv\u00e9e de chaque utilisateur de ce site web et de cette boutique en ligne (\"vous\", \"votre\", ou \"le client\"). Cette politique de confidentialit\u00e9 explique quelles donn\u00e9es personnelles nous collectons, comment nous les utilisons et quels sont vos droits en vertu des lois applicables en mati\u00e8re de protection des donn\u00e9es. Yuki Beauty traite vos donn\u00e9es de mani\u00e8re l\u00e9gale, transparente et \u00e0 des fins sp\u00e9cifiques uniquement.<\/p><p data-start=\"584\" data-end=\"824\">La pr\u00e9sente politique de confidentialit\u00e9 peut \u00eatre modifi\u00e9e ou mise \u00e0 jour au fil du temps. La version en vigueur au moment de votre visite ou de votre utilisation s'applique. En cas d'incoh\u00e9rence entre la pr\u00e9sente politique et d'autres documents contractuels, la pr\u00e9sente politique de confidentialit\u00e9 pr\u00e9vaut.<\/p><h2 data-start=\"831\" data-end=\"872\">2. Type et finalit\u00e9 des donn\u00e9es collect\u00e9es<\/h2><p data-start=\"874\" data-end=\"1061\">On entend par \"donn\u00e9es \u00e0 caract\u00e8re personnel\" toute information se rapportant \u00e0 une personne physique identifi\u00e9e ou identifiable. Le traitement comprend la collecte, le stockage, l'utilisation, la transmission ou la suppression de ces donn\u00e9es.<\/p><p data-start=\"1063\" data-end=\"1106\">Nous collectons vos donn\u00e9es de la mani\u00e8re suivante :<\/p><h3 data-start=\"1108\" data-end=\"1144\">2.1 Donn\u00e9es collect\u00e9es automatiquement<\/h3><p data-start=\"1146\" data-end=\"1235\">Lorsque vous visitez le site web de Yuki Beauty, certaines donn\u00e9es sont automatiquement collect\u00e9es, comme par exemple :<\/p><ul data-start=\"1237\" data-end=\"1400\"><li data-start=\"1237\" data-end=\"1249\"><p data-start=\"1239\" data-end=\"1249\">Adresse IP<\/p><\/li><li data-start=\"1250\" data-end=\"1275\"><p data-start=\"1252\" data-end=\"1275\">Date et heure d'acc\u00e8s<\/p><\/li><li data-start=\"1276\" data-end=\"1302\"><p data-start=\"1278\" data-end=\"1302\">Type et version du navigateur<\/p><\/li><li data-start=\"1303\" data-end=\"1321\"><p data-start=\"1305\" data-end=\"1321\">Syst\u00e8me d'exploitation<\/p><\/li><li data-start=\"1322\" data-end=\"1336\"><p data-start=\"1324\" data-end=\"1336\">URL du r\u00e9f\u00e9rent<\/p><\/li><li data-start=\"1337\" data-end=\"1353\"><p data-start=\"1339\" data-end=\"1353\">Pages consult\u00e9es<\/p><\/li><li data-start=\"1354\" data-end=\"1382\"><p data-start=\"1356\" data-end=\"1382\">Volume de donn\u00e9es transf\u00e9r\u00e9es<\/p><\/li><li data-start=\"1383\" data-end=\"1400\"><p data-start=\"1385\" data-end=\"1400\">Fournisseur d'acc\u00e8s<\/p><\/li><\/ul><p data-start=\"1402\" data-end=\"1573\">Ces donn\u00e9es sont utilis\u00e9es uniquement pour assurer la s\u00e9curit\u00e9 technique et la fonctionnalit\u00e9 du site et pour am\u00e9liorer votre exp\u00e9rience. Nous pouvons utiliser des cookies dans ce processus (voir section 4).<\/p><h3 data-start=\"1575\" data-end=\"1611\">2.2 Donn\u00e9es fournies volontairement<\/h3><p data-start=\"1613\" data-end=\"1647\">Nous recueillons des donn\u00e9es \u00e0 caract\u00e8re personnel lorsque vous :<\/p><ul data-start=\"1649\" data-end=\"1720\"><li data-start=\"1649\" data-end=\"1665\"><p data-start=\"1651\" data-end=\"1665\">Passer une commande<\/p><\/li><li data-start=\"1666\" data-end=\"1687\"><p data-start=\"1668\" data-end=\"1687\">Ouvrir un compte<\/p><\/li><li data-start=\"1688\" data-end=\"1720\"><p data-start=\"1690\" data-end=\"1720\">Nous contacter (par formulaire ou par courriel)<\/p><\/li><\/ul><p data-start=\"1722\" data-end=\"1917\">Il s'agit du nom, de l'adresse, de l'adresse \u00e9lectronique, du num\u00e9ro de t\u00e9l\u00e9phone et des informations relatives \u00e0 la commande. Les champs obligatoires sont indiqu\u00e9s comme tels, car ils sont essentiels au traitement de votre demande ou \u00e0 l'ex\u00e9cution du contrat.<\/p><p data-start=\"1919\" data-end=\"1941\">Vos donn\u00e9es sont utilis\u00e9es pour :<\/p><ul data-start=\"1943\" data-end=\"2069\"><li data-start=\"1943\" data-end=\"1961\"><p data-start=\"1945\" data-end=\"1961\">Traitement des commandes<\/p><\/li><li data-start=\"1962\" data-end=\"1991\"><p data-start=\"1964\" data-end=\"1991\">Gestion des comptes clients<\/p><\/li><li data-start=\"1992\" data-end=\"2029\"><p data-start=\"1994\" data-end=\"2029\">Communication concernant vos commandes<\/p><\/li><li data-start=\"2030\" data-end=\"2069\"><p data-start=\"2032\" data-end=\"2069\">Abonnement au bulletin d'information (si vous l'avez choisi)<\/p><\/li><\/ul><p data-start=\"2071\" data-end=\"2194\">Votre compte peut \u00eatre supprim\u00e9 \u00e0 tout moment en nous contactant (voir section 9) ou en utilisant la fonction de suppression dans les param\u00e8tres de votre compte.<\/p><h2 data-start=\"2201\" data-end=\"2238\">3. Base juridique du traitement des donn\u00e9es<\/h2><p data-start=\"2240\" data-end=\"2322\">Nous traitons vos donn\u00e9es personnelles sur la base d'un ou de plusieurs des motifs juridiques suivants :<\/p><ul data-start=\"2324\" data-end=\"2546\"><li data-start=\"2324\" data-end=\"2367\"><p data-start=\"2326\" data-end=\"2367\">Votre consentement explicite (article 6, paragraphe 1, point a), du RGPD)<\/p><\/li><li data-start=\"2368\" data-end=\"2410\"><p data-start=\"2370\" data-end=\"2410\">Ex\u00e9cution du contrat (article 6, paragraphe 1, point b), du RGPD)<\/p><\/li><li data-start=\"2411\" data-end=\"2546\"><p data-start=\"2413\" data-end=\"2546\">nos int\u00e9r\u00eats l\u00e9gitimes (par exemple, la s\u00e9curit\u00e9 du site web, le service \u00e0 la client\u00e8le), \u00e0 moins que vos int\u00e9r\u00eats ou vos droits ne l'emportent (article 6, paragraphe 1, point f), du RGPD)<\/p><\/li><\/ul><p data-start=\"2548\" data-end=\"2636\">Vous pouvez retirer votre consentement \u00e0 tout moment sans affecter la l\u00e9galit\u00e9 du traitement ant\u00e9rieur.<\/p><h2 data-start=\"2643\" data-end=\"2671\">4. Cookies et donn\u00e9es d'utilisation<\/h2><h3 data-start=\"2673\" data-end=\"2695\">4.1 Utilisation de cookies<\/h3><p data-start=\"2697\" data-end=\"2890\">Nous utilisons des cookies pour am\u00e9liorer votre exp\u00e9rience d'achat. Les cookies sont de petits fichiers texte stock\u00e9s sur votre appareil. Ils permettent des fonctions telles que les paniers d'achat, la s\u00e9lection de la langue et la m\u00e9morisation des pr\u00e9f\u00e9rences.<\/p><ul data-start=\"2892\" data-end=\"3018\"><li data-start=\"2892\" data-end=\"2951\"><p data-start=\"2894\" data-end=\"2951\"><strong data-start=\"2894\" data-end=\"2913\">Cookies de session<\/strong> sont supprim\u00e9es lorsque vous quittez le site.<\/p><\/li><li data-start=\"2952\" data-end=\"3018\"><p data-start=\"2954\" data-end=\"3018\"><strong data-start=\"2954\" data-end=\"2976\">Cookies persistants<\/strong> restent sur votre appareil pendant une dur\u00e9e d\u00e9termin\u00e9e.<\/p><\/li><\/ul><p data-start=\"3020\" data-end=\"3110\">Vous pouvez configurer votre navigateur pour qu'il bloque les cookies, mais cela peut limiter certaines fonctionnalit\u00e9s du site web.<\/p><h3 data-start=\"3112\" data-end=\"3146\">4.2 Analyse et suivi des sites web<\/h3><p data-start=\"3148\" data-end=\"3223\">Nous utilisons des outils tiers pour analyser les sch\u00e9mas d'utilisation et am\u00e9liorer les performances :<\/p><h4 data-start=\"3225\" data-end=\"3248\">Google Analytics<\/h4><p data-start=\"3249\" data-end=\"3435\">Nous utilisons Google Analytics (par Google LLC, USA) pour comprendre l'utilisation du site web. Votre adresse IP est anonymis\u00e9e avant d'\u00eatre trait\u00e9e. En savoir plus : <a class=\"\" href=\"https:\/\/support.google.com\/analytics\/answer\/6004245\" target=\"_new\" rel=\"noopener\" data-start=\"3384\" data-end=\"3435\">https:\/\/support.google.com\/analytics\/answer\/6004245<\/a><\/p><h4 data-start=\"3437\" data-end=\"3474\">Suivi des conversions dans Google Ads<\/h4><p data-start=\"3475\" data-end=\"3641\">Nous les utilisons pour mesurer l'efficacit\u00e9 des publicit\u00e9s. Les cookies sont utilis\u00e9s pour d\u00e9terminer si un clic sur une publicit\u00e9 a conduit \u00e0 un achat. En savoir plus : <a class=\"cursor-pointer\" target=\"_new\" rel=\"noopener\" data-start=\"3601\" data-end=\"3641\">https:\/\/www.google.com\/policies\/privacy\/<\/a><\/p><h4 data-start=\"3643\" data-end=\"3661\">Google Maps<\/h4><p data-start=\"3662\" data-end=\"3799\">Des cartes int\u00e9gr\u00e9es vous aident \u00e0 nous localiser. Votre navigateur peut transmettre des donn\u00e9es IP et de localisation \u00e0 Google. Vous pouvez emp\u00eacher cela en d\u00e9sactivant JavaScript.<\/p><h2 data-start=\"3806\" data-end=\"3822\">5. Bulletin d'information<\/h2><p data-start=\"3824\" data-end=\"3931\">Vous pouvez vous abonner \u00e0 notre lettre d'information en vous inscrivant et en confirmant votre adresse \u00e9lectronique (double opt-in). Nous pouvons analyser :<\/p><ul data-start=\"3933\" data-end=\"4039\"><li data-start=\"3933\" data-end=\"3963\"><p data-start=\"3935\" data-end=\"3963\">Si le courriel a \u00e9t\u00e9 ouvert<\/p><\/li><li data-start=\"3964\" data-end=\"3990\"><p data-start=\"3966\" data-end=\"3990\">Quels liens ont \u00e9t\u00e9 cliqu\u00e9s<\/p><\/li><li data-start=\"3991\" data-end=\"4039\"><p data-start=\"3993\" data-end=\"4039\">Comportement d'achat associ\u00e9 \u00e0 votre compte<\/p><\/li><\/ul><p data-start=\"4041\" data-end=\"4180\">Vous pouvez vous d\u00e9sabonner \u00e0 tout moment en cliquant sur le lien figurant dans la lettre d'information ou en nous contactant. Nous ne conserverons vos donn\u00e9es que tant que vous serez abonn\u00e9.<\/p><h2 data-start=\"4187\" data-end=\"4220\">6. Divulgation de donn\u00e9es \u00e0 caract\u00e8re personnel<\/h2><p data-start=\"4222\" data-end=\"4284\">Nous ne partageons pas vos donn\u00e9es \u00e0 caract\u00e8re personnel avec des tiers, sauf si<\/p><ul data-start=\"4286\" data-end=\"4441\"><li data-start=\"4286\" data-end=\"4310\"><p data-start=\"4288\" data-end=\"4310\">Vous avez donn\u00e9 votre accord<\/p><\/li><li data-start=\"4311\" data-end=\"4352\"><p data-start=\"4313\" data-end=\"4352\">Il est exig\u00e9 par la loi ou un ordre officiel<\/p><\/li><li data-start=\"4353\" data-end=\"4441\"><p data-start=\"4355\" data-end=\"4441\">Elles sont n\u00e9cessaires \u00e0 l'ex\u00e9cution d'un contrat (par exemple, fournisseurs de services d'exp\u00e9dition, services de paiement).<\/p><\/li><\/ul><p data-start=\"4443\" data-end=\"4515\">Tous les tiers sont tenus de respecter les normes de protection des donn\u00e9es.<\/p><h2 data-start=\"4522\" data-end=\"4541\">7. S\u00e9curit\u00e9 des donn\u00e9es<\/h2><p data-start=\"4543\" data-end=\"4722\">Bien qu'aucun syst\u00e8me ne soit totalement s\u00fbr, nous mettons en \u0153uvre des mesures techniques et organisationnelles appropri\u00e9es pour prot\u00e9ger vos donn\u00e9es. La transmission par internet se fait \u00e0 vos risques et p\u00e9rils.<\/p><h2 data-start=\"4729\" data-end=\"4746\">8. Vos droits<\/h2><p data-start=\"4748\" data-end=\"4770\">Vous avez le droit de :<\/p><ul data-start=\"4772\" data-end=\"4901\"><li data-start=\"4772\" data-end=\"4799\"><p data-start=\"4774\" data-end=\"4799\">Acc\u00e9der \u00e0 vos donn\u00e9es personnelles<\/p><\/li><li data-start=\"4800\" data-end=\"4832\"><p data-start=\"4802\" data-end=\"4832\">Demande de correction ou de suppression<\/p><\/li><li data-start=\"4833\" data-end=\"4855\"><p data-start=\"4835\" data-end=\"4855\">Objection au traitement<\/p><\/li><li data-start=\"4856\" data-end=\"4874\"><p data-start=\"4858\" data-end=\"4874\">Retrait du consentement<\/p><\/li><li data-start=\"4875\" data-end=\"4901\"><p data-start=\"4877\" data-end=\"4901\">Demander la portabilit\u00e9 des donn\u00e9es<\/p><\/li><\/ul><p data-start=\"4903\" data-end=\"4966\">Vous pouvez exercer ces droits en nous contactant (voir section 9).<\/p><h2 data-start=\"4973\" data-end=\"4986\">9. Contact<\/h2><p data-start=\"4988\" data-end=\"5070\">Si vous avez des questions ou des pr\u00e9occupations concernant la protection de la vie priv\u00e9e ou la pr\u00e9sente politique, contactez-nous \u00e0 l'adresse suivante<\/p><p data-start=\"5072\" data-end=\"5196\"><span data-start=\"5072\" data-end=\"5087\">Yuki Beauty<\/span><br data-start=\"5087\" data-end=\"5090\" \/><span data-teams=\"true\">Allmendstrasse 4, 8102 Oberengstringen, Suisse<\/span><br data-start=\"5119\" data-end=\"5122\" \/>Courriel : team@yukibeauty.ch<\/p><h2 data-start=\"5203\" data-end=\"5226\">10. Dispositions finales<\/h2><p data-start=\"5228\" data-end=\"5425\">Si une partie de la pr\u00e9sente politique de protection de la vie priv\u00e9e est jug\u00e9e invalide ou inapplicable, les autres sections restent en vigueur. Le droit applicable et le lieu de juridiction sont r\u00e9gis par nos conditions g\u00e9n\u00e9rales.<\/p>\t\t\t\t\t\t\t\t<\/div>\n\t\t\t\t<\/div>\n\t\t\t\t<\/div>\n\t\t\t\t<\/div>\n\t\t\t\t<\/div>","protected":false},"excerpt":{"rendered":"<p>Privacy Policy 1. Protection of Your Data Is Our Priority Yuki Beauty respects the privacy of every user of this<\/p>","protected":false},"author":1,"featured_media":0,"parent":0,"menu_order":0,"comment_status":"closed","ping_status":"closed","template":"","meta":{"footnotes":""},"class_list":["post-3","page","type-page","status-publish","hentry"],"_links":{"self":[{"href":"https:\/\/yukibeauty.ch\/fr\/wp-json\/wp\/v2\/pages\/3","targetHints":{"allow":["GET"]}}],"collection":[{"href":"https:\/\/yukibeauty.ch\/fr\/wp-json\/wp\/v2\/pages"}],"about":[{"href":"https:\/\/yukibeauty.ch\/fr\/wp-json\/wp\/v2\/types\/page"}],"author":[{"embeddable":true,"href":"https:\/\/yukibeauty.ch\/fr\/wp-json\/wp\/v2\/users\/1"}],"replies":[{"embeddable":true,"href":"https:\/\/yukibeauty.ch\/fr\/wp-json\/wp\/v2\/comments?post=3"}],"version-history":[{"count":0,"href":"https:\/\/yukibeauty.ch\/fr\/wp-json\/wp\/v2\/pages\/3\/revisions"}],"wp:attachment":[{"href":"https:\/\/yukibeauty.ch\/fr\/wp-json\/wp\/v2\/media?parent=3"}],"curies":[{"name":"wp","href":"https:\/\/api.w.org\/{rel}","templated":true}]}}