{"id":1046,"date":"2025-06-25T11:14:00","date_gmt":"2025-06-25T09:14:00","guid":{"rendered":"https:\/\/yukibeauty.ch\/?post_type=product&#038;p=1046"},"modified":"2025-12-18T16:07:48","modified_gmt":"2025-12-18T15:07:48","slug":"medicube-age-r-booster-pro","status":"publish","type":"product","link":"https:\/\/yukibeauty.ch\/fr\/shop\/beauty-tools\/medicube-age-r-booster-pro\/","title":{"rendered":"Medicube - Age-R Booster Pro"},"content":{"rendered":"<h2 data-start=\"223\" data-end=\"281\">Medicube AGE-R Booster Pro - Obtenir une peau de verre \u00e0 la maison<\/h2>\n<p data-start=\"283\" data-end=\"627\"><strong data-start=\"283\" data-end=\"345\">Brillez comme jamais auparavant avec Medicube AGE-R Booster Pro<\/strong> - un appareil de soins de la peau tout-en-un con\u00e7u pour vous donner une peau radieuse, lisse et semblable \u00e0 du verre. S'appuyant sur une technologie dermatologique innovante, ce puissant outil stimule l'absorption, am\u00e9liore l'\u00e9lasticit\u00e9, resserre les pores et am\u00e9liore l'ensemble de votre routine de soins de la peau. Convient \u00e0 tous les types de peau.<\/p>\n<h2 data-start=\"629\" data-end=\"677\">4 modes avanc\u00e9s, 1 appareil - R\u00e9sultats visibles<\/h2>\n<p data-start=\"679\" data-end=\"1024\"><strong data-start=\"679\" data-end=\"738\">Mode Air Shot - Micro-canalisation \u00e9lectrique pour le soin des pores<\/strong><br data-start=\"738\" data-end=\"741\" \/>Gr\u00e2ce \u00e0 la technologie non invasive de l'aiguille \u00e9lectrique, le mode Air Shot cr\u00e9e des micro-passages \u00e0 la surface de la peau, ce qui permet d'am\u00e9liorer l'\u00e9lasticit\u00e9 des pores sans les endommager. Les r\u00e9sultats cliniques montrent une <strong data-start=\"928\" data-end=\"963\">791% augmente la perm\u00e9abilit\u00e9 de la peau<\/strong>ce qui rend vos produits de soin de la peau nettement plus efficaces.<\/p>\n<p data-start=\"1026\" data-end=\"1348\"><strong data-start=\"1026\" data-end=\"1080\">Mode Booster - Electroporation pour une absorption en profondeur<\/strong><br data-start=\"1080\" data-end=\"1083\" \/>Le mode Booster am\u00e9liore l'absorption des ingr\u00e9dients actifs gr\u00e2ce \u00e0 une technologie d'\u00e9lectroporation avanc\u00e9e. Il cr\u00e9e des micro-canaux temporaires pour une p\u00e9n\u00e9tration en profondeur des produits, am\u00e9liorant ainsi la luminosit\u00e9 de la peau et son \u00e9clat g\u00e9n\u00e9ral. Il est cliniquement prouv\u00e9 qu'il augmente l'absorption de <strong data-start=\"1339\" data-end=\"1347\">785%<\/strong>.<\/p>\n<p data-start=\"1350\" data-end=\"1578\"><strong data-start=\"1350\" data-end=\"1397\">Mode MC - Microcourant pour le lifting et le volume<\/strong><br data-start=\"1397\" data-end=\"1400\" \/>Cible les zones sujettes au rel\u00e2chement, comme le contour des yeux et de la bouche. Les microcourants stimulent en douceur les muscles du visage, ce qui permet de soulever et de volumiser la peau pour lui donner une apparence plus jeune.<\/p>\n<p data-start=\"1580\" data-end=\"1794\"><strong data-start=\"1580\" data-end=\"1627\">Mode Derma Shot - EMS pour le modelage du visage<\/strong><br data-start=\"1627\" data-end=\"1630\" \/>Stimulez les muscles du visage gr\u00e2ce \u00e0 la technologie EMS \u00e0 moyenne fr\u00e9quence. Le mode Derma Shot aide \u00e0 raffermir et \u00e0 dessiner les contours de votre visage en agissant en profondeur sur les muscles qui ont perdu leur \u00e9lasticit\u00e9.<\/p>\n<p data-start=\"1580\" data-end=\"1794\"><img fetchpriority=\"high\" decoding=\"async\" class=\"alignnone size-full wp-image-3206\" src=\"https:\/\/yukibeauty.ch\/wp-content\/uploads\/2025\/06\/HIKOCO_Medicube_Age-R_Booster_Pro_32.webp.gif\" alt=\"\" width=\"700\" height=\"408\" srcset=\"https:\/\/yukibeauty.ch\/wp-content\/uploads\/2025\/06\/HIKOCO_Medicube_Age-R_Booster_Pro_32.webp.gif 700w, https:\/\/yukibeauty.ch\/wp-content\/uploads\/2025\/06\/HIKOCO_Medicube_Age-R_Booster_Pro_32.webp-18x10.gif 18w, https:\/\/yukibeauty.ch\/wp-content\/uploads\/2025\/06\/HIKOCO_Medicube_Age-R_Booster_Pro_32.webp-600x350.gif 600w, https:\/\/yukibeauty.ch\/wp-content\/uploads\/2025\/06\/HIKOCO_Medicube_Age-R_Booster_Pro_32.webp-150x87.gif 150w\" sizes=\"(max-width: 700px) 100vw, 700px\" \/><\/p>\n<h2 data-start=\"1796\" data-end=\"1844\">Exp\u00e9rience personnalis\u00e9e avec l'application AGE-R<\/h2>\n<p data-start=\"1845\" data-end=\"2077\">Prenez le contr\u00f4le total de vos soins de la peau avec le <strong data-start=\"1889\" data-end=\"1902\">Application AGE-R<\/strong>. Acc\u00e9dez \u00e0 des vid\u00e9os guid\u00e9es, suivez vos progr\u00e8s et personnalisez les r\u00e9glages des LED en fonction de vos probl\u00e8mes de peau sp\u00e9cifiques. L'application garantit une routine de soins de la peau sur mesure qui s'adapte \u00e0 vos objectifs.<\/p>\n<h2 data-start=\"2079\" data-end=\"2130\">5 options de lumi\u00e8re LED pour des solutions cutan\u00e9es cibl\u00e9es<\/h2>\n<p data-start=\"2132\" data-end=\"2218\">Chaque couleur de LED cible un probl\u00e8me sp\u00e9cifique, en harmonie avec les modes de fonctionnement de l'appareil :<\/p>\n<ul data-start=\"2220\" data-end=\"2562\">\n<li data-start=\"2220\" data-end=\"2277\">\n<p data-start=\"2222\" data-end=\"2277\"><strong data-start=\"2222\" data-end=\"2244\">Violet (390~455nm)<\/strong> - Am\u00e9liore l'absorption des soins<\/p>\n<\/li>\n<li data-start=\"2278\" data-end=\"2339\">\n<p data-start=\"2280\" data-end=\"2339\"><strong data-start=\"2280\" data-end=\"2300\">Bleu (455~492nm)<\/strong> - Minimise les pores et contr\u00f4le le s\u00e9bum<\/p>\n<\/li>\n<li data-start=\"2340\" data-end=\"2390\">\n<p data-start=\"2342\" data-end=\"2390\"><strong data-start=\"2342\" data-end=\"2363\">Vert (492~577nm)<\/strong> - Ajoute du volume et du rebond<\/p>\n<\/li>\n<li data-start=\"2391\" data-end=\"2439\">\n<p data-start=\"2393\" data-end=\"2439\"><strong data-start=\"2393\" data-end=\"2415\">Orange (597~622nm)<\/strong> - \u00c9claircit la peau terne<\/p>\n<\/li>\n<li data-start=\"2440\" data-end=\"2562\">\n<p data-start=\"2442\" data-end=\"2562\"><strong data-start=\"2442\" data-end=\"2461\">Rouge (622~780nm)<\/strong> - Renforce l'\u00e9lasticit\u00e9 et la fermet\u00e9<br data-start=\"2494\" data-end=\"2497\" \/><em data-start=\"2497\" data-end=\"2562\">Les lumi\u00e8res LED sont pr\u00e9r\u00e9gl\u00e9es par mode et r\u00e9glables via l'application AGE-R.<\/em><\/p>\n<\/li>\n<\/ul>\n<p><img decoding=\"async\" class=\"alignnone size-full wp-image-3197\" src=\"https:\/\/yukibeauty.ch\/wp-content\/uploads\/2025\/06\/HIKOCO_Medicube_Age-R_Booster_Pro_31.webp.gif\" alt=\"\" width=\"700\" height=\"455\" srcset=\"https:\/\/yukibeauty.ch\/wp-content\/uploads\/2025\/06\/HIKOCO_Medicube_Age-R_Booster_Pro_31.webp.gif 700w, https:\/\/yukibeauty.ch\/wp-content\/uploads\/2025\/06\/HIKOCO_Medicube_Age-R_Booster_Pro_31.webp-18x12.gif 18w, https:\/\/yukibeauty.ch\/wp-content\/uploads\/2025\/06\/HIKOCO_Medicube_Age-R_Booster_Pro_31.webp-600x390.gif 600w, https:\/\/yukibeauty.ch\/wp-content\/uploads\/2025\/06\/HIKOCO_Medicube_Age-R_Booster_Pro_31.webp-150x98.gif 150w\" sizes=\"(max-width: 700px) 100vw, 700px\" \/><\/p>\n<h2 data-start=\"2564\" data-end=\"2596\">Pas de gel conducteur n\u00e9cessaire<\/h2>\n<p data-start=\"2597\" data-end=\"2795\">Il suffit d'associer le Booster Pro \u00e0 vos s\u00e9rums ou essences pr\u00e9f\u00e9r\u00e9s - aucun gel conducteur n'est n\u00e9cessaire. Son int\u00e9gration transparente dans votre routine existante rend les soins de la peau plus intelligents, plus faciles et plus efficaces.<\/p>\n<p data-start=\"2802\" data-end=\"2964\"><strong data-start=\"2802\" data-end=\"2868\">Lib\u00e9rez le pouvoir des soins de la peau de qualit\u00e9 clinique dans vos propres mains.<\/strong><br data-start=\"2868\" data-end=\"2871\" \/>Le Medicube AGE-R Booster Pro n'est pas seulement un appareil de beaut\u00e9 - c'est votre laboratoire personnel de soins de la peau.<\/p>","protected":false},"excerpt":{"rendered":"<p>Medicube AGE-R Booster Pro \u2013 Achieve Glass Skin at Home Glow like never before with the Medicube AGE-R Booster Pro<\/p>","protected":false},"featured_media":3207,"comment_status":"open","ping_status":"closed","template":"","meta":[],"product_brand":[],"product_cat":[26,49],"product_tag":[],"class_list":{"0":"post-1046","1":"product","2":"type-product","3":"status-publish","4":"has-post-thumbnail","6":"product_cat-beauty-tools","7":"product_cat-for-men","9":"first","10":"instock","11":"shipping-taxable","12":"purchasable","13":"product-type-simple"},"_links":{"self":[{"href":"https:\/\/yukibeauty.ch\/fr\/wp-json\/wp\/v2\/product\/1046","targetHints":{"allow":["GET"]}}],"collection":[{"href":"https:\/\/yukibeauty.ch\/fr\/wp-json\/wp\/v2\/product"}],"about":[{"href":"https:\/\/yukibeauty.ch\/fr\/wp-json\/wp\/v2\/types\/product"}],"replies":[{"embeddable":true,"href":"https:\/\/yukibeauty.ch\/fr\/wp-json\/wp\/v2\/comments?post=1046"}],"wp:featuredmedia":[{"embeddable":true,"href":"https:\/\/yukibeauty.ch\/fr\/wp-json\/wp\/v2\/media\/3207"}],"wp:attachment":[{"href":"https:\/\/yukibeauty.ch\/fr\/wp-json\/wp\/v2\/media?parent=1046"}],"wp:term":[{"taxonomy":"product_brand","embeddable":true,"href":"https:\/\/yukibeauty.ch\/fr\/wp-json\/wp\/v2\/product_brand?post=1046"},{"taxonomy":"product_cat","embeddable":true,"href":"https:\/\/yukibeauty.ch\/fr\/wp-json\/wp\/v2\/product_cat?post=1046"},{"taxonomy":"product_tag","embeddable":true,"href":"https:\/\/yukibeauty.ch\/fr\/wp-json\/wp\/v2\/product_tag?post=1046"}],"curies":[{"name":"wp","href":"https:\/\/api.w.org\/{rel}","templated":true}]}}