{"id":1052,"date":"2025-06-25T12:11:51","date_gmt":"2025-06-25T10:11:51","guid":{"rendered":"https:\/\/yukibeauty.ch\/?post_type=product&#038;p=1052"},"modified":"2026-02-10T10:00:53","modified_gmt":"2026-02-10T09:00:53","slug":"centella-cleansing-oil","status":"publish","type":"product","link":"https:\/\/yukibeauty.ch\/fr\/shop\/pour-les-hommes\/cleanser-for-men\/centella-cleansing-oil\/","title":{"rendered":"Skin 1004 Madagascar Centella Light Cleansing Oil"},"content":{"rendered":"<h2 data-section-id=\"15c35sa\" data-start=\"181\" data-end=\"239\"><strong data-start=\"185\" data-end=\"237\">SKIN1004 Huile d\u00e9maquillante l\u00e9g\u00e8re \u00e0 la centella de Madagascar<\/strong><\/h2>\n<p data-start=\"240\" data-end=\"306\"><strong data-start=\"240\" data-end=\"306\">Doux mais puissant. Nettoie, apaise et restaure en une seule \u00e9tape.<\/strong><\/p>\n<p data-start=\"308\" data-end=\"598\">Best-seller mondial de la marque cor\u00e9enne de soins de la peau SKIN1004, cette huile d\u00e9maquillante l\u00e9g\u00e8re \u00e0 l'extrait de Centella Asiatica de Madagascar Skin1004 va bien au-del\u00e0 du d\u00e9maquillage. Elle fait fondre la cr\u00e8me solaire, le s\u00e9bum et les impuret\u00e9s, tout en apaisant, cicatrisant et hydratant les peaux les plus sensibles.<\/p>\n<h2 data-section-id=\"18ad0kf\" data-start=\"605\" data-end=\"633\"><strong data-start=\"611\" data-end=\"633\">Pourquoi vous l'aimerez<\/strong><\/h2>\n<p data-start=\"635\" data-end=\"1093\">- Nettoyage sans effort - dissout m\u00eame le maquillage r\u00e9sistant \u00e0 l'eau et le SPF<br data-start=\"704\" data-end=\"707\" \/>- Soin apaisant - gr\u00e2ce \u00e0 la Centella Asiatica riche en acide mad\u00e9cassique et en asiaticoside<br data-start=\"797\" data-end=\"800\" \/>- Soutient la barri\u00e8re cutan\u00e9e - les huiles v\u00e9g\u00e9tales nourrissent et prot\u00e8gent contre le dess\u00e8chement.<br data-start=\"877\" data-end=\"880\" \/>- Non com\u00e9dog\u00e8ne - nettoie en profondeur sans obstruer les pores<br data-start=\"940\" data-end=\"943\" \/>- Pas de r\u00e9sidu gras - laisse la peau douce, fra\u00eeche et respirante<br data-start=\"1008\" data-end=\"1011\" \/>- Vegan et sans cruaut\u00e9 - seulement 11 ingr\u00e9dients, sans parfum artificiel<\/p>\n<h2 data-section-id=\"1cu2wuc\" data-start=\"1100\" data-end=\"1126\"><strong data-start=\"1107\" data-end=\"1126\">Ingr\u00e9dients cl\u00e9s<\/strong><\/h2>\n<ul data-start=\"1128\" data-end=\"1456\">\n<li data-start=\"1128\" data-end=\"1250\">\n<p data-start=\"1130\" data-end=\"1250\"><a href=\"https:\/\/en.wikipedia.org\/wiki\/Centella_asiatica\" target=\"_blank\" rel=\"noopener\">Extrait de Centella Asiatica<\/a> (\u00e0 base d'huile MCT) - calme les irritations, stimule la synth\u00e8se du collag\u00e8ne, aide la peau \u00e0 se r\u00e9g\u00e9n\u00e9rer<\/p>\n<\/li>\n<li data-start=\"1251\" data-end=\"1331\">\n<p data-start=\"1253\" data-end=\"1331\">Huile de bergamote - r\u00e9duit l'inflammation et favorise la gu\u00e9rison des microdommages<\/p>\n<\/li>\n<li data-start=\"1332\" data-end=\"1456\">\n<p data-start=\"1334\" data-end=\"1456\">Huiles v\u00e9g\u00e9tales (dont le jojoba et le tournesol) - maintiennent l'hydratation, dissolvent le s\u00e9bum, renforcent la barri\u00e8re lipidique.<\/p>\n<\/li>\n<\/ul>\n<h2 data-section-id=\"124fy3z\" data-start=\"1463\" data-end=\"1488\"><strong data-start=\"1470\" data-end=\"1488\">Texture et sensation<\/strong><\/h2>\n<ul data-start=\"1490\" data-end=\"1658\">\n<li data-start=\"1490\" data-end=\"1528\">\n<p data-start=\"1492\" data-end=\"1528\">Texture l\u00e9g\u00e8re, presque aqueuse<\/p>\n<\/li>\n<li data-start=\"1529\" data-end=\"1563\">\n<p data-start=\"1531\" data-end=\"1563\">S'\u00e9tale sans effort sur la peau<\/p>\n<\/li>\n<li data-start=\"1564\" data-end=\"1615\">\n<p data-start=\"1566\" data-end=\"1615\">Se lave proprement sans pellicule ni effet collant<\/p>\n<\/li>\n<li data-start=\"1616\" data-end=\"1658\">\n<p data-start=\"1618\" data-end=\"1658\">Doux m\u00eame pour les personnes d\u00e9licates <strong data-start=\"1646\" data-end=\"1658\">zone des yeux<\/strong><\/p>\n<\/li>\n<\/ul>\n<h2 data-section-id=\"5yxxt7\" data-start=\"1944\" data-end=\"1965\"><strong data-start=\"1950\" data-end=\"1965\">Parfait pour<\/strong><\/h2>\n<p data-start=\"1967\" data-end=\"2156\">- Peau sensible, s\u00e8che ou irrit\u00e9e<br data-start=\"2005\" data-end=\"2008\" \/>- Nouveaux utilisateurs de nettoyants \u00e0 l'huile<br data-start=\"2043\" data-end=\"2046\" \/>- Tous ceux qui recherchent un nettoyant quotidien doux et non d\u00e9capant<br data-start=\"2109\" data-end=\"2112\" \/>- Les personnes dont les pores sont obstru\u00e9s ou qui ont des points noirs<\/p>\n<p data-start=\"2163\" data-end=\"2296\">D\u00e9couvrez l'huile d\u00e9maquillante l\u00e9g\u00e8re \u00e0 la centella de Madagascar de Skin1004 qui fait tout - d\u00e9maquille, apaise et r\u00e9tablit l'\u00e9quilibre \u00e0 chaque utilisation.<\/p>","protected":false},"excerpt":{"rendered":"<p>SKIN1004 Madagascar Centella Light Cleansing Oil Gentle yet powerful. Cleanse, soothe, and restore in one step. A global bestseller from<\/p>","protected":false},"featured_media":3153,"comment_status":"open","ping_status":"closed","template":"","meta":[],"product_brand":[],"product_cat":[313,17,49],"product_tag":[],"class_list":{"0":"post-1052","1":"product","2":"type-product","3":"status-publish","4":"has-post-thumbnail","6":"product_cat-cleanser-for-men","7":"product_cat-cleanser","8":"product_cat-for-men","10":"first","11":"instock","12":"shipping-taxable","13":"purchasable","14":"product-type-simple"},"_links":{"self":[{"href":"https:\/\/yukibeauty.ch\/fr\/wp-json\/wp\/v2\/product\/1052","targetHints":{"allow":["GET"]}}],"collection":[{"href":"https:\/\/yukibeauty.ch\/fr\/wp-json\/wp\/v2\/product"}],"about":[{"href":"https:\/\/yukibeauty.ch\/fr\/wp-json\/wp\/v2\/types\/product"}],"replies":[{"embeddable":true,"href":"https:\/\/yukibeauty.ch\/fr\/wp-json\/wp\/v2\/comments?post=1052"}],"wp:featuredmedia":[{"embeddable":true,"href":"https:\/\/yukibeauty.ch\/fr\/wp-json\/wp\/v2\/media\/3153"}],"wp:attachment":[{"href":"https:\/\/yukibeauty.ch\/fr\/wp-json\/wp\/v2\/media?parent=1052"}],"wp:term":[{"taxonomy":"product_brand","embeddable":true,"href":"https:\/\/yukibeauty.ch\/fr\/wp-json\/wp\/v2\/product_brand?post=1052"},{"taxonomy":"product_cat","embeddable":true,"href":"https:\/\/yukibeauty.ch\/fr\/wp-json\/wp\/v2\/product_cat?post=1052"},{"taxonomy":"product_tag","embeddable":true,"href":"https:\/\/yukibeauty.ch\/fr\/wp-json\/wp\/v2\/product_tag?post=1052"}],"curies":[{"name":"wp","href":"https:\/\/api.w.org\/{rel}","templated":true}]}}