{"id":2085,"date":"2025-07-08T14:59:32","date_gmt":"2025-07-08T12:59:32","guid":{"rendered":"https:\/\/yukibeauty.ch\/product\/low-ph-niacinamide-micellar-cleansing-water\/"},"modified":"2025-12-16T21:15:24","modified_gmt":"2025-12-16T20:15:24","slug":"cosrx-low-ph-niacinamide-micellar-cleansing-water","status":"publish","type":"product","link":"https:\/\/yukibeauty.ch\/fr\/shop\/korean-routine\/cleanser\/cosrx-low-ph-niacinamide-micellar-cleansing-water\/","title":{"rendered":"Eau micellaire nettoyante \u00e0 faible pH \u00e0 base de niacinamide"},"content":{"rendered":"<h2 data-start=\"183\" data-end=\"238\">COSRX Eau micellaire nettoyante \u00e0 faible pH \u00e0 base de niacinamide<\/h2>\n<p data-start=\"239\" data-end=\"345\"><strong data-start=\"239\" data-end=\"272\">Doux. Efficace. \u00c9quilibrant.<\/strong><br data-start=\"272\" data-end=\"275\" \/>Une eau micellaire qui ne se contente pas de d\u00e9maquiller - elle restaure votre peau.<\/p>\n<h4 data-start=\"347\" data-end=\"381\">Une m\u00e9thode de nettoyage plus intelligente<\/h4>\n<p data-start=\"382\" data-end=\"753\">Le nettoyage est \u00e0 la base de tout rituel de soin de la peau - et le nettoyage de la peau est la base de tout rituel de soin de la peau. <strong data-start=\"445\" data-end=\"509\">la qualit\u00e9 de votre \u00e9tape de nettoyage d\u00e9termine l'\u00e9clat qui suit<\/strong>. L'eau micellaire nettoyante COSRX \u00e0 faible pH et \u00e0 base de niacinamide rend ce premier pas \u00e0 la fois doux et puissant. Elle nettoie en profondeur tout en respectant l'\u00e9quilibre naturel de la peau, ce qui la rend id\u00e9ale pour <strong data-start=\"693\" data-end=\"711\">tous les types de peau<\/strong>y compris les peaux sensibles et d\u00e9shydrat\u00e9es.<\/p>\n<h2 data-start=\"760\" data-end=\"780\">Principaux avantages<\/h2>\n<ul data-start=\"782\" data-end=\"1453\">\n<li data-start=\"782\" data-end=\"838\">\n<p data-start=\"784\" data-end=\"838\"><strong data-start=\"784\" data-end=\"808\">Formule quotidienne douce<\/strong> convient \u00e0 tous les types de peau<\/p>\n<\/li>\n<li data-start=\"839\" data-end=\"908\">\n<p data-start=\"841\" data-end=\"908\">Supprime <strong data-start=\"849\" data-end=\"868\">maquillage tenace<\/strong>Les huiles essentielles, l'exc\u00e8s de s\u00e9bum et les d\u00e9bris qui obstruent les pores.<\/p>\n<\/li>\n<li data-start=\"909\" data-end=\"989\">\n<p data-start=\"911\" data-end=\"989\">Dissolution <strong data-start=\"921\" data-end=\"935\">points noirs<\/strong>Les pores sont nettoy\u00e9s, les bouchons de s\u00e9bum et les impuret\u00e9s sont \u00e9limin\u00e9s au plus profond des pores<\/p>\n<\/li>\n<li data-start=\"990\" data-end=\"1044\">\n<p data-start=\"992\" data-end=\"1044\">Aide <strong data-start=\"998\" data-end=\"1014\">affiner les pores<\/strong> et r\u00e9duire leur visibilit\u00e9<\/p>\n<\/li>\n<li data-start=\"1045\" data-end=\"1124\">\n<p data-start=\"1047\" data-end=\"1124\"><strong data-start=\"1047\" data-end=\"1055\">Zinc<\/strong> contr\u00f4le la production d'huile et laisse un <strong data-start=\"1093\" data-end=\"1122\">finition mate longue dur\u00e9e<\/strong><\/p>\n<\/li>\n<li data-start=\"1125\" data-end=\"1201\">\n<p data-start=\"1127\" data-end=\"1201\"><strong data-start=\"1127\" data-end=\"1142\">Niacinamide<\/strong> apaise les irritations, r\u00e9duit les rougeurs et unifie le teint de la peau<\/p>\n<\/li>\n<li data-start=\"1202\" data-end=\"1264\">\n<p data-start=\"1204\" data-end=\"1264\"><strong data-start=\"1204\" data-end=\"1217\">Panth\u00e9nol<\/strong> favorise la r\u00e9g\u00e9n\u00e9ration de la peau et la cicatrisation des plaies<\/p>\n<\/li>\n<li data-start=\"1265\" data-end=\"1331\">\n<p data-start=\"1267\" data-end=\"1331\"><strong data-start=\"1267\" data-end=\"1286\">Acide hyaluronique<\/strong> r\u00e9tablit l'hydratation et pr\u00e9vient la d\u00e9shydratation<\/p>\n<\/li>\n<li data-start=\"1332\" data-end=\"1401\">\n<p data-start=\"1334\" data-end=\"1401\">Combat activement l'aspect terne, la texture rugueuse et les imperfections mineures.<\/p>\n<\/li>\n<li data-start=\"1402\" data-end=\"1453\">\n<p data-start=\"1404\" data-end=\"1453\">Laisse une sensation de fra\u00eecheur sur la peau <strong data-start=\"1424\" data-end=\"1453\">frais, calme et rafra\u00eechi<\/strong><\/p>\n<\/li>\n<\/ul>","protected":false},"excerpt":{"rendered":"<p>COSRX Low pH Niacinamide Micellar Cleansing Water Gentle. Effective. Balancing.A micellar water that not only removes makeup \u2013 it restores<\/p>","protected":false},"featured_media":3061,"comment_status":"open","ping_status":"closed","template":"","meta":[],"product_brand":[],"product_cat":[17,49,15],"product_tag":[],"class_list":{"0":"post-2085","1":"product","2":"type-product","3":"status-publish","4":"has-post-thumbnail","6":"product_cat-cleanser","7":"product_cat-for-men","8":"product_cat-korean-routine","10":"first","11":"instock","12":"purchasable","13":"product-type-simple"},"_links":{"self":[{"href":"https:\/\/yukibeauty.ch\/fr\/wp-json\/wp\/v2\/product\/2085","targetHints":{"allow":["GET"]}}],"collection":[{"href":"https:\/\/yukibeauty.ch\/fr\/wp-json\/wp\/v2\/product"}],"about":[{"href":"https:\/\/yukibeauty.ch\/fr\/wp-json\/wp\/v2\/types\/product"}],"replies":[{"embeddable":true,"href":"https:\/\/yukibeauty.ch\/fr\/wp-json\/wp\/v2\/comments?post=2085"}],"wp:featuredmedia":[{"embeddable":true,"href":"https:\/\/yukibeauty.ch\/fr\/wp-json\/wp\/v2\/media\/3061"}],"wp:attachment":[{"href":"https:\/\/yukibeauty.ch\/fr\/wp-json\/wp\/v2\/media?parent=2085"}],"wp:term":[{"taxonomy":"product_brand","embeddable":true,"href":"https:\/\/yukibeauty.ch\/fr\/wp-json\/wp\/v2\/product_brand?post=2085"},{"taxonomy":"product_cat","embeddable":true,"href":"https:\/\/yukibeauty.ch\/fr\/wp-json\/wp\/v2\/product_cat?post=2085"},{"taxonomy":"product_tag","embeddable":true,"href":"https:\/\/yukibeauty.ch\/fr\/wp-json\/wp\/v2\/product_tag?post=2085"}],"curies":[{"name":"wp","href":"https:\/\/api.w.org\/{rel}","templated":true}]}}