{"id":2086,"date":"2025-07-08T14:59:32","date_gmt":"2025-07-08T12:59:32","guid":{"rendered":"https:\/\/yukibeauty.ch\/product\/low-ph-good-morning-gel-cleanser\/"},"modified":"2025-09-17T13:11:36","modified_gmt":"2025-09-17T11:11:36","slug":"low-ph-good-morning-gel-cleanser","status":"publish","type":"product","link":"https:\/\/yukibeauty.ch\/fr\/shop\/korean-routine\/cleanser\/low-ph-good-morning-gel-cleanser\/","title":{"rendered":"Gel nettoyant Good Morning \u00e0 faible pH"},"content":{"rendered":"<h3 data-start=\"191\" data-end=\"233\"><strong data-start=\"195\" data-end=\"231\">Gel nettoyant Good Morning \u00e0 faible pH<\/strong><\/h3>\n<p data-start=\"234\" data-end=\"584\">Douceur. \u00c9quilibr\u00e9. Rafra\u00eechissant.<br data-start=\"267\" data-end=\"270\" \/>Commencez votre journ\u00e9e avec une peau propre, calme et parfaitement \u00e9quilibr\u00e9e. Ce gel nettoyant \u00e0 faible pH de COSRX \u00e9limine les impuret\u00e9s sans d\u00e9caper, tout en soutenant la barri\u00e8re naturelle de votre peau. Con\u00e7u pour tous les types de peau - m\u00eame les plus sensibles - c'est le moyen id\u00e9al de r\u00e9veiller votre visage et de rafra\u00eechir votre teint.<\/p>\n<h3 data-start=\"591\" data-end=\"620\"><strong data-start=\"598\" data-end=\"620\">Pourquoi vous l'aimerez<\/strong><\/h3>\n<ul data-start=\"622\" data-end=\"1149\">\n<li data-start=\"622\" data-end=\"690\">\n<p data-start=\"624\" data-end=\"690\">pH \u00e9quilibr\u00e9 (5,3 \u00b1 1,0) pour correspondre \u00e0 l'acidit\u00e9 naturelle de votre peau<\/p>\n<\/li>\n<li data-start=\"691\" data-end=\"745\">\n<p data-start=\"693\" data-end=\"745\">Nettoie en profondeur tout en pr\u00e9servant l'hydratation<\/p>\n<\/li>\n<li data-start=\"746\" data-end=\"811\">\n<p data-start=\"748\" data-end=\"811\">Minimise l'exc\u00e8s de s\u00e9bum et d\u00e9sobstrue les pores sans irritation<\/p>\n<\/li>\n<li data-start=\"812\" data-end=\"864\">\n<p data-start=\"814\" data-end=\"864\">Apaise et purifie gr\u00e2ce \u00e0 l'huile d'arbre \u00e0 th\u00e9 et au BHA<\/p>\n<\/li>\n<li data-start=\"865\" data-end=\"938\">\n<p data-start=\"867\" data-end=\"938\">Renforce le renouvellement de la peau gr\u00e2ce au salicylate de b\u00e9ta\u00efne et aux extraits de plantes<\/p>\n<\/li>\n<li data-start=\"939\" data-end=\"1037\">\n<p data-start=\"941\" data-end=\"1037\">Sans additifs agressifs : pas de sulfates, de silicones, de parab\u00e8nes, de parfums artificiels ou de colorants.<\/p>\n<\/li>\n<li data-start=\"1038\" data-end=\"1088\">\n<p data-start=\"1040\" data-end=\"1088\">Parfum de plantes avec une sensation de l\u00e9g\u00e8ret\u00e9 et de fra\u00eecheur<\/p>\n<\/li>\n<li data-start=\"1089\" data-end=\"1149\">\n<p data-start=\"1091\" data-end=\"1149\">Laisse la peau lisse, douce et fra\u00eeche, sans tiraillement.<\/p>\n<\/li>\n<\/ul>\n<h3 data-start=\"1156\" data-end=\"1182\"><strong data-start=\"1163\" data-end=\"1182\">Ingr\u00e9dients cl\u00e9s<\/strong><\/h3>\n<ul data-start=\"1184\" data-end=\"1401\">\n<li data-start=\"1184\" data-end=\"1232\">\n<p data-start=\"1186\" data-end=\"1232\">Huile d'arbre \u00e0 th\u00e9 - Antibact\u00e9rienne et calmante<\/p>\n<\/li>\n<li data-start=\"1233\" data-end=\"1298\">\n<p data-start=\"1235\" data-end=\"1298\">Salicylate de b\u00e9ta\u00efne (BHA) - Exfoliation douce et soin des pores<\/p>\n<\/li>\n<li data-start=\"1299\" data-end=\"1356\">\n<p data-start=\"1301\" data-end=\"1356\">Allanto\u00efne - Apaise et prot\u00e8ge la barri\u00e8re cutan\u00e9e<\/p>\n<\/li>\n<li data-start=\"1357\" data-end=\"1401\">\n<p data-start=\"1359\" data-end=\"1401\">Extraits botaniques - D\u00e9toxifient et nourrissent<\/p>\n<\/li>\n<\/ul>\n<h3 data-start=\"1408\" data-end=\"1430\"><strong data-start=\"1414\" data-end=\"1430\">Parfait pour :<\/strong><\/h3>\n<p data-start=\"1432\" data-end=\"1620\">- Tous les types de peau, y compris les peaux sensibles<br data-start=\"1470\" data-end=\"1473\" \/>- Peau grasse ou mixte avec \u00e9ruptions occasionnelles<br data-start=\"1526\" data-end=\"1529\" \/>- Routines de nettoyage matin et soir<br data-start=\"1568\" data-end=\"1571\" \/>- Pr\u00e9paration de la peau aux traitements sans d\u00e9capage<\/p>\n<p data-start=\"1432\" data-end=\"1620\"><strong data-start=\"1873\" data-end=\"1906\">Ce n'est pas pour rien qu'il est devenu un favori.<\/strong><br data-start=\"1906\" data-end=\"1909\" \/>Doux, efficace et au pH parfait, ce nettoyant donne \u00e0 votre peau le bon d\u00e9part qu'elle m\u00e9rite.<\/p>","protected":false},"excerpt":{"rendered":"<p>Low pH Good Morning Gel Cleanser Gentle. Balanced. Refreshing.Start your day with skin that feels clean, calm, and perfectly balanced.<\/p>","protected":false},"featured_media":3070,"comment_status":"open","ping_status":"closed","template":"","meta":[],"product_brand":[],"product_cat":[17,49,15],"product_tag":[],"class_list":{"0":"post-2086","1":"product","2":"type-product","3":"status-publish","4":"has-post-thumbnail","6":"product_cat-cleanser","7":"product_cat-for-men","8":"product_cat-korean-routine","10":"first","11":"outofstock","12":"purchasable","13":"product-type-simple"},"_links":{"self":[{"href":"https:\/\/yukibeauty.ch\/fr\/wp-json\/wp\/v2\/product\/2086","targetHints":{"allow":["GET"]}}],"collection":[{"href":"https:\/\/yukibeauty.ch\/fr\/wp-json\/wp\/v2\/product"}],"about":[{"href":"https:\/\/yukibeauty.ch\/fr\/wp-json\/wp\/v2\/types\/product"}],"replies":[{"embeddable":true,"href":"https:\/\/yukibeauty.ch\/fr\/wp-json\/wp\/v2\/comments?post=2086"}],"wp:featuredmedia":[{"embeddable":true,"href":"https:\/\/yukibeauty.ch\/fr\/wp-json\/wp\/v2\/media\/3070"}],"wp:attachment":[{"href":"https:\/\/yukibeauty.ch\/fr\/wp-json\/wp\/v2\/media?parent=2086"}],"wp:term":[{"taxonomy":"product_brand","embeddable":true,"href":"https:\/\/yukibeauty.ch\/fr\/wp-json\/wp\/v2\/product_brand?post=2086"},{"taxonomy":"product_cat","embeddable":true,"href":"https:\/\/yukibeauty.ch\/fr\/wp-json\/wp\/v2\/product_cat?post=2086"},{"taxonomy":"product_tag","embeddable":true,"href":"https:\/\/yukibeauty.ch\/fr\/wp-json\/wp\/v2\/product_tag?post=2086"}],"curies":[{"name":"wp","href":"https:\/\/api.w.org\/{rel}","templated":true}]}}