{"id":2089,"date":"2025-07-08T14:59:32","date_gmt":"2025-07-08T12:59:32","guid":{"rendered":"https:\/\/yukibeauty.ch\/product\/anua-heartleaf-77-clear-pad\/"},"modified":"2025-12-23T17:36:07","modified_gmt":"2025-12-23T16:36:07","slug":"anua-heartleaf-77-clear-pad","status":"publish","type":"product","link":"https:\/\/yukibeauty.ch\/fr\/shop\/pour-les-hommes\/cleanser-for-men\/anua-heartleaf-77-clear-pad\/","title":{"rendered":"Anua Heartleaf 77 Clear Pad"},"content":{"rendered":"<h2 data-start=\"148\" data-end=\"181\">Anua Heartleaf 77% Clear Pad [70pcs] (en anglais)<\/h2>\n<p data-start=\"182\" data-end=\"244\"><strong data-start=\"182\" data-end=\"244\">Tampons toniques apaisants pour une peau plus claire, plus calme et plus lisse<\/strong><\/p>\n<p data-start=\"246\" data-end=\"610\">Am\u00e9liorez votre routine de soins de la peau avec <strong data-start=\"281\" data-end=\"314\">Anua Heartleaf 77% Clear Pads (tampons transparents)<\/strong> - tampons toner multit\u00e2ches imbib\u00e9s de 77% <strong data-start=\"355\" data-end=\"383\">Tonique apaisant Heartleaf<\/strong>Ces coussinets sont con\u00e7us pour hydrater, calmer les irritations et affiner le grain de la peau. Ces tampons \u00e0 double texture exfolient en douceur, \u00e9liminent les impuret\u00e9s et aident \u00e0 \u00e9quilibrer les niveaux de s\u00e9bum, ce qui en fait un must pour les peaux sensibles et sujettes \u00e0 l'acn\u00e9.<\/p>\n<h2 data-start=\"612\" data-end=\"631\">Principaux avantages<\/h2>\n<ul data-start=\"633\" data-end=\"1220\">\n<li data-start=\"633\" data-end=\"749\">\n<p data-start=\"635\" data-end=\"749\"><strong data-start=\"635\" data-end=\"694\">Infus\u00e9 avec 77% Extrait de feuille de c\u0153ur (Houttuynia Cordata)<\/strong> pour calmer les rougeurs et apaiser les peaux sensibles et irrit\u00e9es<\/p>\n<\/li>\n<li data-start=\"750\" data-end=\"828\">\n<p data-start=\"752\" data-end=\"828\"><strong data-start=\"752\" data-end=\"789\">Hydrate tout en exfoliant en douceur<\/strong> les cellules mortes de la peau et les d\u00e9p\u00f4ts r\u00e9siduels<\/p>\n<\/li>\n<li data-start=\"829\" data-end=\"989\">\n<p data-start=\"831\" data-end=\"989\"><strong data-start=\"831\" data-end=\"855\">Complexe anti-s\u00e9bum P<\/strong> (feuilles de Pinus Palustris, onagre, racines d'Ulmus, extraits de racines de Pueraria) aide <strong data-start=\"939\" data-end=\"956\">resserre les pores<\/strong> et <strong data-start=\"961\" data-end=\"987\">contr\u00f4ler la production de p\u00e9trole<\/strong><\/p>\n<\/li>\n<li data-start=\"990\" data-end=\"1071\">\n<p data-start=\"992\" data-end=\"1071\"><strong data-start=\"992\" data-end=\"1009\">C\u00f4t\u00e9 gaufr\u00e9<\/strong> \u00e9limine les impuret\u00e9s et les cellules mortes pour une texture plus lisse<\/p>\n<\/li>\n<li data-start=\"1072\" data-end=\"1153\">\n<p data-start=\"1074\" data-end=\"1153\"><strong data-start=\"1074\" data-end=\"1087\">C\u00f4t\u00e9 doux<\/strong> tonifie et pr\u00e9pare la peau pour une meilleure absorption des s\u00e9rums et des cr\u00e8mes<\/p>\n<\/li>\n<li data-start=\"1154\" data-end=\"1220\">\n<p data-start=\"1156\" data-end=\"1220\"><strong data-start=\"1156\" data-end=\"1177\">Formule multi-usages<\/strong> - peut \u00e9galement \u00eatre utilis\u00e9 comme masque apaisant localis\u00e9<\/p>\n<\/li>\n<\/ul>\n<h2 data-start=\"1222\" data-end=\"1237\">Id\u00e9al pour<\/h2>\n<ul data-start=\"1239\" data-end=\"1362\">\n<li data-start=\"1239\" data-end=\"1270\">\n<p data-start=\"1241\" data-end=\"1270\">Peau sensible ou irrit\u00e9e<\/p>\n<\/li>\n<li data-start=\"1271\" data-end=\"1300\">\n<p data-start=\"1273\" data-end=\"1300\">Peau grasse et mixte<\/p>\n<\/li>\n<li data-start=\"1301\" data-end=\"1326\">\n<p data-start=\"1303\" data-end=\"1326\">Texture terne ou rugueuse<\/p>\n<\/li>\n<li data-start=\"1327\" data-end=\"1362\">\n<p data-start=\"1329\" data-end=\"1362\">Pores dilat\u00e9s ou exc\u00e8s de s\u00e9bum<\/p>\n<\/li>\n<\/ul>","protected":false},"excerpt":{"rendered":"<p>Anua Heartleaf 77% Clear Pad [70pcs] Soothing toner pads for clearer, calmer, and smoother skin Elevate your skincare routine with<\/p>","protected":false},"featured_media":3113,"comment_status":"open","ping_status":"closed","template":"","meta":[],"product_brand":[],"product_cat":[313,17,49,15,314,19],"product_tag":[],"class_list":{"0":"post-2089","1":"product","2":"type-product","3":"status-publish","4":"has-post-thumbnail","6":"product_cat-cleanser-for-men","7":"product_cat-cleanser","8":"product_cat-for-men","9":"product_cat-korean-routine","10":"product_cat-toner-for-men","11":"product_cat-toner","13":"first","14":"instock","15":"purchasable","16":"product-type-simple"},"_links":{"self":[{"href":"https:\/\/yukibeauty.ch\/fr\/wp-json\/wp\/v2\/product\/2089","targetHints":{"allow":["GET"]}}],"collection":[{"href":"https:\/\/yukibeauty.ch\/fr\/wp-json\/wp\/v2\/product"}],"about":[{"href":"https:\/\/yukibeauty.ch\/fr\/wp-json\/wp\/v2\/types\/product"}],"replies":[{"embeddable":true,"href":"https:\/\/yukibeauty.ch\/fr\/wp-json\/wp\/v2\/comments?post=2089"}],"wp:featuredmedia":[{"embeddable":true,"href":"https:\/\/yukibeauty.ch\/fr\/wp-json\/wp\/v2\/media\/3113"}],"wp:attachment":[{"href":"https:\/\/yukibeauty.ch\/fr\/wp-json\/wp\/v2\/media?parent=2089"}],"wp:term":[{"taxonomy":"product_brand","embeddable":true,"href":"https:\/\/yukibeauty.ch\/fr\/wp-json\/wp\/v2\/product_brand?post=2089"},{"taxonomy":"product_cat","embeddable":true,"href":"https:\/\/yukibeauty.ch\/fr\/wp-json\/wp\/v2\/product_cat?post=2089"},{"taxonomy":"product_tag","embeddable":true,"href":"https:\/\/yukibeauty.ch\/fr\/wp-json\/wp\/v2\/product_tag?post=2089"}],"curies":[{"name":"wp","href":"https:\/\/api.w.org\/{rel}","templated":true}]}}