{"id":2090,"date":"2025-07-08T14:59:32","date_gmt":"2025-07-08T12:59:32","guid":{"rendered":"https:\/\/yukibeauty.ch\/product\/zero-pore-pad-2-0\/"},"modified":"2025-12-23T18:05:29","modified_gmt":"2025-12-23T17:05:29","slug":"zero-pore-pad-2","status":"publish","type":"product","link":"https:\/\/yukibeauty.ch\/fr\/shop\/pour-les-hommes\/cleanser-for-men\/zero-pore-pad-2\/","title":{"rendered":"Zero Pore Pad 2.0"},"content":{"rendered":"<h2 data-section-id=\"1y4jz79\" data-start=\"175\" data-end=\"198\">Zero Pore Pad 2.0<\/h2>\n<p data-start=\"199\" data-end=\"238\">Soin quotidien des pores avec exfoliation douce<\/p>\n<p data-start=\"240\" data-end=\"585\">Medicube Zero Pore Pad 2.0 est un tampon nettoyant \u00e0 double texture qui aide \u00e0 r\u00e9duire visiblement les pores, \u00e0 \u00e9liminer les points noirs et \u00e0 am\u00e9liorer la texture de la peau - tout en gardant votre peau apais\u00e9e et hydrat\u00e9e. Gr\u00e2ce \u00e0 l'acide salicylique, \u00e0 l'acide lactique et \u00e0 un m\u00e9lange d'extraits v\u00e9g\u00e9taux, ces tampons exfolient en douceur et clarifient la peau pour un aspect plus raffin\u00e9 et plus uniforme.<\/p>\n<h2 data-section-id=\"14o11cl\" data-start=\"587\" data-end=\"605\"><strong>Principaux avantages<\/strong><\/h2>\n<ul data-start=\"606\" data-end=\"842\">\n<li data-start=\"606\" data-end=\"648\">\n<p data-start=\"608\" data-end=\"648\">Aide \u00e0 minimiser l'apparence des pores<\/p>\n<\/li>\n<li data-start=\"649\" data-end=\"698\">\n<p data-start=\"651\" data-end=\"698\">Exfolie les cellules mortes de la peau sans irritation<\/p>\n<\/li>\n<li data-start=\"699\" data-end=\"741\">\n<p data-start=\"701\" data-end=\"741\">\u00c9limine les points noirs et l'exc\u00e8s de s\u00e9bum<\/p>\n<\/li>\n<li data-start=\"742\" data-end=\"790\">\n<p data-start=\"744\" data-end=\"790\">Apaise et hydrate gr\u00e2ce \u00e0 des extraits botaniques<\/p>\n<\/li>\n<li data-start=\"791\" data-end=\"842\">\n<p data-start=\"793\" data-end=\"842\">Favorise un grain de peau plus lisse et plus \u00e9quilibr\u00e9<\/p>\n<\/li>\n<\/ul>\n<h2 data-section-id=\"ppgvpt\" data-start=\"844\" data-end=\"873\"><strong>Performance de la double action<\/strong><\/h2>\n<p data-start=\"874\" data-end=\"928\">Ces tampons offrent deux faces pour un nettoyage en plusieurs \u00e9tapes :<\/p>\n<ul data-start=\"929\" data-end=\"1040\">\n<li data-start=\"929\" data-end=\"990\">\n<p data-start=\"931\" data-end=\"990\">Une face textur\u00e9e pour \u00e9liminer les cellules mortes, l'huile et les d\u00e9bris.<\/p>\n<\/li>\n<li data-start=\"991\" data-end=\"1040\">\n<p data-start=\"993\" data-end=\"1040\">Une face lisse pour polir et pr\u00e9parer la peau<\/p>\n<\/li>\n<\/ul>\n<p data-start=\"1042\" data-end=\"1201\">La formule agit en profondeur dans les pores pour d\u00e9bloquer les impuret\u00e9s et aider \u00e0 pr\u00e9venir les \u00e9ruptions cutan\u00e9es, ce qui la rend id\u00e9ale pour les peaux grasses, sujettes \u00e0 l'acn\u00e9 ou mixtes.<\/p>\n<h2 data-section-id=\"4kk39g\" data-start=\"1203\" data-end=\"1241\"><strong>Des ingr\u00e9dients \u00e0 la fois doux et efficaces<\/strong><\/h2>\n<ul data-start=\"1242\" data-end=\"1487\">\n<li data-start=\"1242\" data-end=\"1307\">\n<p data-start=\"1244\" data-end=\"1307\">Acide salicylique (BHA) : D\u00e9sobstrue les pores et r\u00e9duit les \u00e9ruptions cutan\u00e9es.<\/p>\n<\/li>\n<li data-start=\"1308\" data-end=\"1377\">\n<p data-start=\"1310\" data-end=\"1377\">Acide lactique (AHA) : Lisse la texture de la peau et la resurface en douceur.<\/p>\n<\/li>\n<li data-start=\"1378\" data-end=\"1434\">\n<p data-start=\"1380\" data-end=\"1434\">Extraits botaniques : Calment et hydratent la peau<\/p>\n<\/li>\n<li data-start=\"1435\" data-end=\"1487\">\n<p data-start=\"1437\" data-end=\"1487\">Huiles naturelles : Nourrissent sans obstruer les pores<\/p>\n<\/li>\n<\/ul>\n<p data-start=\"1489\" data-end=\"1613\">Zero Pore Pad 2.0 maintient l'\u00e9quilibre entre un nettoyage en profondeur et le confort de la peau, ce qui le rend adapt\u00e9 m\u00eame aux peaux sensibles.<\/p>\n<h2 data-section-id=\"12hbm0p\" data-start=\"1872\" data-end=\"1889\">Pr\u00e9cautions<\/h2>\n<ul data-start=\"1890\" data-end=\"2122\">\n<li data-start=\"1890\" data-end=\"1915\">\n<p data-start=\"1892\" data-end=\"1915\">Pour usage externe uniquement<\/p>\n<\/li>\n<li data-start=\"1916\" data-end=\"1950\">\n<p data-start=\"1918\" data-end=\"1950\">\u00c9viter le contact direct avec les yeux<\/p>\n<\/li>\n<li data-start=\"1951\" data-end=\"2008\">\n<p data-start=\"1953\" data-end=\"2008\">Arr\u00eater l'utilisation en cas de rougeur, d'irritation ou d'inconfort.<\/p>\n<\/li>\n<li data-start=\"2009\" data-end=\"2057\">\n<p data-start=\"2011\" data-end=\"2057\">Effectuer un test \u00e9picutan\u00e9 avant l'application compl\u00e8te<\/p>\n<\/li>\n<li data-start=\"2058\" data-end=\"2122\">\n<p data-start=\"2060\" data-end=\"2122\">Conserver dans un endroit frais et sec et tenir hors de port\u00e9e des enfants.<\/p>\n<\/li>\n<\/ul>","protected":false},"excerpt":{"rendered":"<p>Zero Pore Pad 2.0 Daily Pore-Care with Gentle Exfoliation Medicube Zero Pore Pad 2.0 is a dual-textured cleansing pad that<\/p>","protected":false},"featured_media":3152,"comment_status":"open","ping_status":"closed","template":"","meta":[],"product_brand":[],"product_cat":[313,17,49,15,314,19],"product_tag":[],"class_list":{"0":"post-2090","1":"product","2":"type-product","3":"status-publish","4":"has-post-thumbnail","6":"product_cat-cleanser-for-men","7":"product_cat-cleanser","8":"product_cat-for-men","9":"product_cat-korean-routine","10":"product_cat-toner-for-men","11":"product_cat-toner","13":"first","14":"outofstock","15":"purchasable","16":"product-type-simple"},"_links":{"self":[{"href":"https:\/\/yukibeauty.ch\/fr\/wp-json\/wp\/v2\/product\/2090","targetHints":{"allow":["GET"]}}],"collection":[{"href":"https:\/\/yukibeauty.ch\/fr\/wp-json\/wp\/v2\/product"}],"about":[{"href":"https:\/\/yukibeauty.ch\/fr\/wp-json\/wp\/v2\/types\/product"}],"replies":[{"embeddable":true,"href":"https:\/\/yukibeauty.ch\/fr\/wp-json\/wp\/v2\/comments?post=2090"}],"wp:featuredmedia":[{"embeddable":true,"href":"https:\/\/yukibeauty.ch\/fr\/wp-json\/wp\/v2\/media\/3152"}],"wp:attachment":[{"href":"https:\/\/yukibeauty.ch\/fr\/wp-json\/wp\/v2\/media?parent=2090"}],"wp:term":[{"taxonomy":"product_brand","embeddable":true,"href":"https:\/\/yukibeauty.ch\/fr\/wp-json\/wp\/v2\/product_brand?post=2090"},{"taxonomy":"product_cat","embeddable":true,"href":"https:\/\/yukibeauty.ch\/fr\/wp-json\/wp\/v2\/product_cat?post=2090"},{"taxonomy":"product_tag","embeddable":true,"href":"https:\/\/yukibeauty.ch\/fr\/wp-json\/wp\/v2\/product_tag?post=2090"}],"curies":[{"name":"wp","href":"https:\/\/api.w.org\/{rel}","templated":true}]}}