{"id":2095,"date":"2025-07-08T14:59:00","date_gmt":"2025-07-08T12:59:00","guid":{"rendered":"https:\/\/yukibeauty.ch\/product\/medicube-deep-vita-c-capsule-cream\/"},"modified":"2026-02-10T10:05:03","modified_gmt":"2026-02-10T09:05:03","slug":"medicube-deep-vita-c-capsule-cream","status":"publish","type":"product","link":"https:\/\/yukibeauty.ch\/fr\/shop\/korean-routine\/cream\/medicube-deep-vita-c-capsule-cream\/","title":{"rendered":"Medicube - Cr\u00e8me en capsules Deep Vita C"},"content":{"rendered":"<h2 data-section-id=\"16nx2tm\" data-start=\"205\" data-end=\"245\">Medicube Deep Vita C Capsule Cream<\/h2>\n<p data-start=\"246\" data-end=\"292\">Cr\u00e8me double texture \u00e9claircissante et hydratante<\/p>\n<p data-start=\"294\" data-end=\"641\">Medicube Deep Vita C Capsule Cream est une cr\u00e8me pour le visage tr\u00e8s performante qui procure une hydratation intense, unifie le teint de la peau et lui redonne son \u00e9clat naturel. Formul\u00e9e avec de la vitamine C encapsul\u00e9e, du niacinamide et de l'acide hyaluronique, elle aide \u00e0 r\u00e9duire la pigmentation, am\u00e9liore l'\u00e9lasticit\u00e9 et prot\u00e8ge la peau du stress oxydatif et des premiers signes de vieillissement.<\/p>\n<h3 data-section-id=\"14o11cl\" data-start=\"643\" data-end=\"661\">Principaux avantages<\/h3>\n<ul data-start=\"662\" data-end=\"932\">\n<li data-start=\"662\" data-end=\"703\">\n<p data-start=\"664\" data-end=\"703\">\u00c9claircit la peau et att\u00e9nue les taches brunes<\/p>\n<\/li>\n<li data-start=\"704\" data-end=\"739\">\n<p data-start=\"706\" data-end=\"739\">Uniformise le teint et la texture de la peau<\/p>\n<\/li>\n<li data-start=\"740\" data-end=\"782\">\n<p data-start=\"742\" data-end=\"782\">Hydrate en profondeur sans r\u00e9sidus gras<\/p>\n<\/li>\n<li data-start=\"783\" data-end=\"829\">\n<p data-start=\"785\" data-end=\"829\">Am\u00e9liore l'\u00e9lasticit\u00e9 et r\u00e9duit les ridules<\/p>\n<\/li>\n<li data-start=\"830\" data-end=\"874\">\n<p data-start=\"832\" data-end=\"874\">Prot\u00e8ge contre les facteurs de stress environnementaux<\/p>\n<\/li>\n<li data-start=\"875\" data-end=\"932\">\n<p data-start=\"877\" data-end=\"932\">Convient \u00e0 tous les types de peau, y compris les peaux sensibles<\/p>\n<\/li>\n<\/ul>\n<p data-section-id=\"16amke5\" data-start=\"934\" data-end=\"973\"><strong>Vitamine C encapsul\u00e9e innovante<\/strong><\/p>\n<p data-start=\"974\" data-end=\"1280\">La formule unique comprend des capsules de vitamine C qui s'activent d\u00e8s l'application, garantissant fra\u00eecheur et efficacit\u00e9 maximale. La technologie d'encapsulation prot\u00e8ge la vitamine C de l'oxydation, permet une lib\u00e9ration progressive et l'aide \u00e0 p\u00e9n\u00e9trer profond\u00e9ment dans la peau pour des b\u00e9n\u00e9fices \u00e9claircissants et anti-\u00e2ge accrus.<\/p>\n<p data-section-id=\"1u1mu9m\" data-start=\"1282\" data-end=\"1307\"><strong>Conception \u00e0 deux projecteurs<\/strong><\/p>\n<p data-start=\"1308\" data-end=\"1603\">La cr\u00e8me combine un gel transparent hydratant et des capsules riches en vitamines. Vous pouvez personnaliser le rapport entre la cr\u00e8me et le gel pour r\u00e9pondre aux besoins quotidiens de votre peau. Chaque capsule contient 50% d'extrait d'argousier, 5% de niacinamide et de la vitamine C pure, qui \u00e9claircissent le teint et l'unifient.<\/p>\n<p data-section-id=\"1la7ihf\" data-start=\"1605\" data-end=\"1652\"><strong>Hydratation en profondeur et protection antioxydante<\/strong><\/p>\n<p data-start=\"1653\" data-end=\"1881\">Le gel transparent est enrichi en acide f\u00e9rulique et en vitamines E, Q et P, assurant une protection antioxydante et une hydratation durable. Il apaise et hydrate sans irriter, laissant la peau douce, lisse et \u00e9clatante.<\/p>\n<p data-section-id=\"znc8ll\" data-start=\"1883\" data-end=\"1913\"><strong>Doux et respectueux de la peau<\/strong><\/p>\n<p data-start=\"1914\" data-end=\"2171\">Test\u00e9e dermatologiquement et certifi\u00e9e peu irritante, cette cr\u00e8me est id\u00e9ale pour un usage quotidien. Exempte de colorants artificiels et pr\u00e9sent\u00e9e dans un emballage respectueux de l'environnement, elle offre un \u00e9claircissement et une hydratation efficaces tout en \u00e9tant respectueuse de la peau et de l'environnement.<\/p>\n<h3 data-section-id=\"a7idu5\" data-start=\"2529\" data-end=\"2542\">Attention<\/h3>\n<ul data-start=\"2543\" data-end=\"2803\">\n<li data-start=\"2543\" data-end=\"2568\">\n<p data-start=\"2545\" data-end=\"2568\">Pour usage externe uniquement<\/p>\n<\/li>\n<li data-start=\"2569\" data-end=\"2596\">\n<p data-start=\"2571\" data-end=\"2596\">\u00c9viter le contact avec les yeux<\/p>\n<\/li>\n<li data-start=\"2597\" data-end=\"2696\">\n<p data-start=\"2599\" data-end=\"2696\">Cesser l'utilisation en cas d'irritation, de rougeur ou d'\u00e9ruption cutan\u00e9e. Consulter un m\u00e9decin si les sympt\u00f4mes persistent<\/p>\n<\/li>\n<li data-start=\"2697\" data-end=\"2738\">\n<p data-start=\"2699\" data-end=\"2738\">Effectuer un test \u00e9picutan\u00e9 avant la premi\u00e8re utilisation<\/p>\n<\/li>\n<li data-start=\"2739\" data-end=\"2769\">\n<p data-start=\"2741\" data-end=\"2769\">A conserver dans un endroit frais et sec<\/p>\n<\/li>\n<li data-start=\"2770\" data-end=\"2803\">\n<p data-start=\"2772\" data-end=\"2803\">Tenir hors de port\u00e9e des enfants<\/p>\n<\/li>\n<\/ul>","protected":false},"excerpt":{"rendered":"<p>Medicube Deep Vita C Capsule Cream Brightening and Hydrating Dual-Texture Cream Medicube Deep Vita C Capsule Cream is a high-performance<\/p>","protected":false},"featured_media":3171,"comment_status":"open","ping_status":"closed","template":"","meta":[],"product_brand":[],"product_cat":[310,23,49,15],"product_tag":[],"class_list":{"0":"post-2095","1":"product","2":"type-product","3":"status-publish","4":"has-post-thumbnail","6":"product_cat-cream","7":"product_cat-face-cream","8":"product_cat-for-men","9":"product_cat-korean-routine","11":"first","12":"outofstock","13":"featured","14":"purchasable","15":"product-type-simple"},"_links":{"self":[{"href":"https:\/\/yukibeauty.ch\/fr\/wp-json\/wp\/v2\/product\/2095","targetHints":{"allow":["GET"]}}],"collection":[{"href":"https:\/\/yukibeauty.ch\/fr\/wp-json\/wp\/v2\/product"}],"about":[{"href":"https:\/\/yukibeauty.ch\/fr\/wp-json\/wp\/v2\/types\/product"}],"replies":[{"embeddable":true,"href":"https:\/\/yukibeauty.ch\/fr\/wp-json\/wp\/v2\/comments?post=2095"}],"wp:featuredmedia":[{"embeddable":true,"href":"https:\/\/yukibeauty.ch\/fr\/wp-json\/wp\/v2\/media\/3171"}],"wp:attachment":[{"href":"https:\/\/yukibeauty.ch\/fr\/wp-json\/wp\/v2\/media?parent=2095"}],"wp:term":[{"taxonomy":"product_brand","embeddable":true,"href":"https:\/\/yukibeauty.ch\/fr\/wp-json\/wp\/v2\/product_brand?post=2095"},{"taxonomy":"product_cat","embeddable":true,"href":"https:\/\/yukibeauty.ch\/fr\/wp-json\/wp\/v2\/product_cat?post=2095"},{"taxonomy":"product_tag","embeddable":true,"href":"https:\/\/yukibeauty.ch\/fr\/wp-json\/wp\/v2\/product_tag?post=2095"}],"curies":[{"name":"wp","href":"https:\/\/api.w.org\/{rel}","templated":true}]}}