{"id":2096,"date":"2025-07-08T14:59:32","date_gmt":"2025-07-08T12:59:32","guid":{"rendered":"https:\/\/yukibeauty.ch\/product\/jelly-brush\/"},"modified":"2025-12-16T21:39:22","modified_gmt":"2025-12-16T20:39:22","slug":"jelly-brush","status":"publish","type":"product","link":"https:\/\/yukibeauty.ch\/fr\/shop\/korean-routine\/cream\/jelly-brush\/","title":{"rendered":"Pinceau \u00e0 gel\u00e9e"},"content":{"rendered":"<h2 data-section-id=\"hfcju6\" data-start=\"83\" data-end=\"100\">Pinceau \u00e0 gel\u00e9e<\/h2>\n<p data-start=\"101\" data-end=\"134\">Application uniforme et hygi\u00e9nique du masque<\/p>\n<p data-start=\"136\" data-end=\"390\">Profitez du plein potentiel de votre masque avec la brosse \u00e0 gel\u00e9e de Medicube. Con\u00e7ue pour vous aider \u00e0 appliquer une couche fine et uniforme sur l'ensemble de votre visage, y compris sur les zones difficiles d'acc\u00e8s. Elle garantit que votre masque s\u00e8che uniform\u00e9ment, maximisant ses effets et minimisant le temps d'attente.<\/p>\n<h2 data-section-id=\"14o11cl\" data-start=\"392\" data-end=\"410\">Principaux avantages<\/h2>\n<ul data-start=\"411\" data-end=\"635\">\n<li data-start=\"411\" data-end=\"470\">\n<p data-start=\"413\" data-end=\"470\">Permet une application lisse et uniforme des produits de soin de la peau<\/p>\n<\/li>\n<li data-start=\"471\" data-end=\"521\">\n<p data-start=\"473\" data-end=\"521\">Atteint facilement les contours et les crevasses du visage<\/p>\n<\/li>\n<li data-start=\"522\" data-end=\"568\">\n<p data-start=\"524\" data-end=\"568\">\u00c9vite le gaspillage de produit et un s\u00e9chage in\u00e9gal<\/p>\n<\/li>\n<li data-start=\"569\" data-end=\"599\">\n<p data-start=\"571\" data-end=\"599\">Hygi\u00e9nique et facile \u00e0 nettoyer<\/p>\n<\/li>\n<li data-start=\"600\" data-end=\"635\">\n<p data-start=\"602\" data-end=\"635\">L\u00e9ger et facile \u00e0 transporter<\/p>\n<\/li>\n<\/ul>\n<h2 data-section-id=\"1lz4h31\" data-start=\"637\" data-end=\"656\">Note de la r\u00e9daction<\/h2>\n<p data-start=\"657\" data-end=\"803\">Ce pinceau en silicone de haute qualit\u00e9 permet d'appliquer les masques et les produits de soin de mani\u00e8re uniforme et hygi\u00e9nique, pour une meilleure absorption et une routine plus soign\u00e9e.<\/p>\n<h2 data-section-id=\"1qc8btb\" data-start=\"805\" data-end=\"826\">D\u00e9tails du produit<\/h2>\n<ul data-start=\"827\" data-end=\"984\">\n<li data-start=\"827\" data-end=\"840\">\n<p data-start=\"829\" data-end=\"840\">Taille : 20g<\/p>\n<\/li>\n<li data-start=\"841\" data-end=\"892\">\n<p data-start=\"843\" data-end=\"892\">Mat\u00e9riau : T\u00eate en silicone avec poign\u00e9e confortable<\/p>\n<\/li>\n<li data-start=\"893\" data-end=\"944\">\n<p data-start=\"895\" data-end=\"944\">R\u00e9utilisable et facile \u00e0 nettoyer avec de l'eau ou un mouchoir en papier<\/p>\n<\/li>\n<li data-start=\"945\" data-end=\"984\">\n<p data-start=\"947\" data-end=\"984\">Utilisation semi-permanente avec un entretien ad\u00e9quat<\/p>\n<\/li>\n<\/ul>\n<p data-start=\"986\" data-end=\"1108\">Id\u00e9al pour les masques en gel, les masques en cr\u00e8me ou d'autres produits de soin de la peau. Un outil indispensable pour r\u00e9aliser des masques sans effort et sans d\u00e9g\u00e2ts.<\/p>","protected":false},"excerpt":{"rendered":"<p>Jelly Brush Even, Hygienic Mask Application Enjoy the full potential of your mask with the Jelly Brush from Medicube. Designed<\/p>","protected":false},"featured_media":3173,"comment_status":"open","ping_status":"closed","template":"","meta":[],"product_brand":[],"product_cat":[26,310,23,49],"product_tag":[],"class_list":{"0":"post-2096","1":"product","2":"type-product","3":"status-publish","4":"has-post-thumbnail","6":"product_cat-beauty-tools","7":"product_cat-cream","8":"product_cat-face-cream","9":"product_cat-for-men","11":"first","12":"instock","13":"purchasable","14":"product-type-simple"},"_links":{"self":[{"href":"https:\/\/yukibeauty.ch\/fr\/wp-json\/wp\/v2\/product\/2096","targetHints":{"allow":["GET"]}}],"collection":[{"href":"https:\/\/yukibeauty.ch\/fr\/wp-json\/wp\/v2\/product"}],"about":[{"href":"https:\/\/yukibeauty.ch\/fr\/wp-json\/wp\/v2\/types\/product"}],"replies":[{"embeddable":true,"href":"https:\/\/yukibeauty.ch\/fr\/wp-json\/wp\/v2\/comments?post=2096"}],"wp:featuredmedia":[{"embeddable":true,"href":"https:\/\/yukibeauty.ch\/fr\/wp-json\/wp\/v2\/media\/3173"}],"wp:attachment":[{"href":"https:\/\/yukibeauty.ch\/fr\/wp-json\/wp\/v2\/media?parent=2096"}],"wp:term":[{"taxonomy":"product_brand","embeddable":true,"href":"https:\/\/yukibeauty.ch\/fr\/wp-json\/wp\/v2\/product_brand?post=2096"},{"taxonomy":"product_cat","embeddable":true,"href":"https:\/\/yukibeauty.ch\/fr\/wp-json\/wp\/v2\/product_cat?post=2096"},{"taxonomy":"product_tag","embeddable":true,"href":"https:\/\/yukibeauty.ch\/fr\/wp-json\/wp\/v2\/product_tag?post=2096"}],"curies":[{"name":"wp","href":"https:\/\/api.w.org\/{rel}","templated":true}]}}