{"id":2097,"date":"2025-07-08T14:59:32","date_gmt":"2025-07-08T12:59:32","guid":{"rendered":"https:\/\/yukibeauty.ch\/product\/pdrn-pink-collagen-capsule-cream\/"},"modified":"2025-09-17T13:11:39","modified_gmt":"2025-09-17T11:11:39","slug":"pdrn-pink-collagen-capsule-cream","status":"publish","type":"product","link":"https:\/\/yukibeauty.ch\/fr\/shop\/korean-routine\/cream\/pdrn-pink-collagen-capsule-cream\/","title":{"rendered":"PDRN Cr\u00e8me en capsules de collag\u00e8ne rose"},"content":{"rendered":"<h3 data-section-id=\"146u5g6\" data-start=\"138\" data-end=\"176\">PDRN Cr\u00e8me en capsules de collag\u00e8ne rose<\/h3>\n<p data-start=\"177\" data-end=\"226\"><strong data-start=\"177\" data-end=\"224\">Glass Glow Hydratation avec PDRN encapsul\u00e9<\/strong><\/p>\n<p data-start=\"228\" data-end=\"469\">Obtenez l'\u00e9clat tant convoit\u00e9 de la peau en verre cor\u00e9en avec la cr\u00e8me Medicube PDRN Pink Collagen Capsule Cream - une cr\u00e8me hydratante l\u00e9g\u00e8re et non collante infus\u00e9e d'ADN de saumon PDRN et de collag\u00e8ne \u00e0 faible poids mol\u00e9culaire pour une fermet\u00e9, une hydratation et un \u00e9clat visibles.<\/p>\n<h3 data-section-id=\"ycgkk5\" data-start=\"471\" data-end=\"487\">Principaux avantages<\/h3>\n<ul data-start=\"489\" data-end=\"1330\">\n<li data-start=\"489\" data-end=\"723\">\n<p data-start=\"491\" data-end=\"723\"><strong>PDRN encapsul\u00e9 pour une efficacit\u00e9 maximale<\/strong><br data-start=\"538\" data-end=\"541\" \/>Le PDRN de saumon de premi\u00e8re qualit\u00e9 est prot\u00e9g\u00e9 dans des capsules roses qui \u00e9clatent d\u00e8s l'application pour offrir un raffermissement intensif et une hydratation profonde. Il contribue \u00e0 am\u00e9liorer l'\u00e9lasticit\u00e9, la tonicit\u00e9 et la texture de la peau.<\/p>\n<\/li>\n<li data-start=\"725\" data-end=\"953\">\n<p data-start=\"727\" data-end=\"953\"><strong>Texture personnalisable en fonction des besoins de la peau<\/strong><br data-start=\"773\" data-end=\"776\" \/>La formule unique de la capsule au gel vous permet d'adapter le m\u00e9lange \u00e0 votre peau. Le gel l\u00e9ger s'absorbe facilement, formant une barri\u00e8re d'hydratation non grasse et sans fini collant.<\/p>\n<\/li>\n<li data-start=\"955\" data-end=\"1148\">\n<p data-start=\"957\" data-end=\"1148\"><strong>\u00c9clat et fermet\u00e9 visibles<\/strong><br data-start=\"986\" data-end=\"989\" \/>Con\u00e7ue pour raviver les peaux ternes et rel\u00e2ch\u00e9es et renforcer leur \u00e9clat naturel, cette cr\u00e8me favorise la production de collag\u00e8ne et am\u00e9liore la r\u00e9sistance de la peau gr\u00e2ce \u00e0 une utilisation r\u00e9guli\u00e8re.<\/p>\n<\/li>\n<li data-start=\"1150\" data-end=\"1330\">\n<p data-start=\"1152\" data-end=\"1330\"><strong>Soins quotidiens doux pour tous les types de peau<\/strong><br data-start=\"1192\" data-end=\"1195\" \/>Sa formule douce et non irritante est id\u00e9ale pour les peaux sensibles. Elle offre une hydratation quotidienne et un soutien anti-\u00e2ge en une seule \u00e9tape.<\/p>\n<\/li>\n<\/ul>","protected":false},"excerpt":{"rendered":"<p>PDRN Pink Collagen Capsule Cream Glass Glow Hydration with Encapsulated PDRN Achieve that coveted Korean glass skin glow with Medicube<\/p>","protected":false},"featured_media":3183,"comment_status":"open","ping_status":"closed","template":"","meta":[],"product_brand":[],"product_cat":[310,23,49,15],"product_tag":[],"class_list":{"0":"post-2097","1":"product","2":"type-product","3":"status-publish","4":"has-post-thumbnail","6":"product_cat-cream","7":"product_cat-face-cream","8":"product_cat-for-men","9":"product_cat-korean-routine","11":"first","12":"outofstock","13":"purchasable","14":"product-type-simple"},"_links":{"self":[{"href":"https:\/\/yukibeauty.ch\/fr\/wp-json\/wp\/v2\/product\/2097","targetHints":{"allow":["GET"]}}],"collection":[{"href":"https:\/\/yukibeauty.ch\/fr\/wp-json\/wp\/v2\/product"}],"about":[{"href":"https:\/\/yukibeauty.ch\/fr\/wp-json\/wp\/v2\/types\/product"}],"replies":[{"embeddable":true,"href":"https:\/\/yukibeauty.ch\/fr\/wp-json\/wp\/v2\/comments?post=2097"}],"wp:featuredmedia":[{"embeddable":true,"href":"https:\/\/yukibeauty.ch\/fr\/wp-json\/wp\/v2\/media\/3183"}],"wp:attachment":[{"href":"https:\/\/yukibeauty.ch\/fr\/wp-json\/wp\/v2\/media?parent=2097"}],"wp:term":[{"taxonomy":"product_brand","embeddable":true,"href":"https:\/\/yukibeauty.ch\/fr\/wp-json\/wp\/v2\/product_brand?post=2097"},{"taxonomy":"product_cat","embeddable":true,"href":"https:\/\/yukibeauty.ch\/fr\/wp-json\/wp\/v2\/product_cat?post=2097"},{"taxonomy":"product_tag","embeddable":true,"href":"https:\/\/yukibeauty.ch\/fr\/wp-json\/wp\/v2\/product_tag?post=2097"}],"curies":[{"name":"wp","href":"https:\/\/api.w.org\/{rel}","templated":true}]}}