{"id":2099,"date":"2025-07-08T14:59:40","date_gmt":"2025-07-08T12:59:40","guid":{"rendered":"https:\/\/yukibeauty.ch\/product\/retinol-intense-daily-mask\/"},"modified":"2025-09-17T13:11:42","modified_gmt":"2025-09-17T11:11:42","slug":"retinol-intense-daily-mask","status":"publish","type":"product","link":"https:\/\/yukibeauty.ch\/fr\/shop\/korean-routine\/masks\/retinol-intense-daily-mask\/","title":{"rendered":"Masque quotidien au r\u00e9tinol intense"},"content":{"rendered":"<h3 data-section-id=\"1on3cu2\" data-start=\"135\" data-end=\"184\"><strong data-start=\"139\" data-end=\"182\">Some By Mi - Masque quotidien intense au r\u00e9tinol<\/strong><\/h3>\n<p data-start=\"185\" data-end=\"227\"><strong data-start=\"185\" data-end=\"227\">30-Day Anti-Aging Vegan Sheet Mask Set<\/strong><\/p>\n<p data-start=\"229\" data-end=\"527\">Un rituel de soin quotidien simplifi\u00e9 - ce coffret de masques en feuilles v\u00e9g\u00e9talien comprend 30 masques imbib\u00e9s individuellement d'un puissant complexe de r\u00e9tinol (r\u00e9tinol + r\u00e9tinal + bakuchiol) pour aider \u00e0 r\u00e9duire les signes visibles du vieillissement, am\u00e9liorer l'\u00e9lasticit\u00e9 et favoriser un ton de peau plus lumineux et plus uniforme.<\/p>\n<h3 data-section-id=\"5bvlsm\" data-start=\"534\" data-end=\"557\"><strong data-start=\"541\" data-end=\"557\">Principaux avantages<\/strong><\/h3>\n<ul>\n<li data-start=\"559\" data-end=\"805\"><strong>Soin quotidien anti-\u00e2ge avec le complexe de r\u00e9tinol<\/strong><br data-start=\"607\" data-end=\"610\" \/>Chaque masque est enrichi en r\u00e9tinol, r\u00e9tinal et bakuchiol - une alternative v\u00e9g\u00e9tale au r\u00e9tinol - pour favoriser la production de collag\u00e8ne, lisser les ridules, resserrer les pores et am\u00e9liorer la texture de la peau.<\/li>\n<li data-start=\"807\" data-end=\"1085\"><strong>Hydratation en profondeur gr\u00e2ce \u00e0 8 types d'acide hyaluronique<\/strong><br data-start=\"859\" data-end=\"862\" \/>Cette formule est aliment\u00e9e par un complexe de d\u00e9riv\u00e9s d'acide hyaluronique (dont le hyaluronate de sodium et de potassium) et d'arginine, qui assure une hydratation durable tout en gardant la peau rebondie, rafra\u00eechie et \u00e9quilibr\u00e9e.<\/li>\n<li data-start=\"1087\" data-end=\"1296\"><strong>\u00c9claircissement et protection antioxydante<\/strong><br data-start=\"1131\" data-end=\"1134\" \/>Le niacinamide aide \u00e0 estomper la pigmentation, \u00e0 am\u00e9liorer le teint in\u00e9gal et \u00e0 rehausser l'\u00e9clat, tout en fournissant un puissant soutien antioxydant contre les facteurs de stress environnementaux.<\/li>\n<li data-start=\"1298\" data-end=\"1467\"><strong>Absorption rapide, pas d'effet collant<\/strong><br data-start=\"1335\" data-end=\"1338\" \/>L\u00e9g\u00e8re et rapidement absorb\u00e9e, cette essence ne laisse aucun r\u00e9sidu gras ou collant, ce qui permet de l'utiliser m\u00eame avant le maquillage.<\/li>\n<li data-start=\"1469\" data-end=\"1634\"><strong>Vegan et hypoallerg\u00e9nique<\/strong><br data-start=\"1499\" data-end=\"1502\" \/>Doux et s\u00fbr pour un usage quotidien, y compris pour les peaux sensibles. Exempts d'ingr\u00e9dients d'origine animale et formul\u00e9s avec soin.<\/li>\n<\/ul>\n<h3 data-section-id=\"lmnu7x\" data-start=\"1641\" data-end=\"1667\"><strong data-start=\"1648\" data-end=\"1667\">Ingr\u00e9dients cl\u00e9s<\/strong><\/h3>\n<ul data-start=\"1669\" data-end=\"2042\">\n<li data-start=\"1669\" data-end=\"1758\">\n<p data-start=\"1671\" data-end=\"1758\"><strong data-start=\"1671\" data-end=\"1692\">R\u00e9tinol + R\u00e9tinal<\/strong> - favorisent le renouvellement des cellules de la peau, r\u00e9duisent les rides et affinent les pores<\/p>\n<\/li>\n<li data-start=\"1759\" data-end=\"1850\">\n<p data-start=\"1761\" data-end=\"1850\"><strong data-start=\"1761\" data-end=\"1774\">Bakuchiol<\/strong> - alternative au r\u00e9tinol d'origine v\u00e9g\u00e9tale aux effets lissants et \u00e9claircissants<\/p>\n<\/li>\n<li data-start=\"1851\" data-end=\"1931\">\n<p data-start=\"1853\" data-end=\"1931\"><strong data-start=\"1853\" data-end=\"1883\">8 types d'acide hyaluronique<\/strong> - Hydratation en profondeur pour un effet repulpant durable<\/p>\n<\/li>\n<li data-start=\"1932\" data-end=\"1983\">\n<p data-start=\"1934\" data-end=\"1983\"><strong data-start=\"1934\" data-end=\"1949\">Niacinamide<\/strong> - \u00e9claircit la peau et unifie le teint<\/p>\n<\/li>\n<li data-start=\"1984\" data-end=\"2042\">\n<p data-start=\"1986\" data-end=\"2042\"><strong data-start=\"1986\" data-end=\"1998\">Arginine<\/strong> - hydrate et soutient la barri\u00e8re cutan\u00e9e<\/p>\n<\/li>\n<\/ul>\n<h3 data-section-id=\"1k2c371\" data-start=\"2049\" data-end=\"2076\"><strong data-start=\"2055\" data-end=\"2074\">Recommand\u00e9 pour<\/strong><\/h3>\n<ul>\n<li data-start=\"2078\" data-end=\"2313\">Peau terne, fatigu\u00e9e ou d\u00e9shydrat\u00e9e<\/li>\n<li data-start=\"2078\" data-end=\"2313\">Peau pr\u00e9sentant des ridules, des pores dilat\u00e9s ou une texture irr\u00e9guli\u00e8re<\/li>\n<li data-start=\"2078\" data-end=\"2313\">Peau s\u00e8che ou mature ayant besoin d'\u00eatre nourrie quotidiennement<\/li>\n<li data-start=\"2078\" data-end=\"2313\">Tous ceux qui recherchent un soin \u00e0 base de r\u00e9tinol dans une formule douce et non irritante.<\/li>\n<\/ul>\n<h3 data-section-id=\"sxy2e7\" data-start=\"2320\" data-end=\"2346\"><strong data-start=\"2327\" data-end=\"2344\">Ce qu'il y a \u00e0 l'int\u00e9rieur<\/strong><\/h3>\n<p data-start=\"2347\" data-end=\"2497\">30 feuilles de masques superpos\u00e9es individuellement dans un contenant pratique avec des pinces hygi\u00e9niques. Une fois ouvert, \u00e0 utiliser dans les 3 mois pour une fra\u00eecheur optimale.<\/p>","protected":false},"excerpt":{"rendered":"<p>Some By Mi \u2013 Retinol Intense Daily Mask 30-Day Anti-Aging Vegan Sheet Mask Set A daily skincare ritual made simple<\/p>","protected":false},"featured_media":2245,"comment_status":"open","ping_status":"closed","template":"","meta":[],"product_brand":[],"product_cat":[49,15,21],"product_tag":[],"class_list":{"0":"post-2099","1":"product","2":"type-product","3":"status-publish","4":"has-post-thumbnail","6":"product_cat-for-men","7":"product_cat-korean-routine","8":"product_cat-masks","9":"pa_type-of-face-mask-sheet-mask","11":"first","12":"outofstock","13":"purchasable","14":"product-type-simple"},"_links":{"self":[{"href":"https:\/\/yukibeauty.ch\/fr\/wp-json\/wp\/v2\/product\/2099","targetHints":{"allow":["GET"]}}],"collection":[{"href":"https:\/\/yukibeauty.ch\/fr\/wp-json\/wp\/v2\/product"}],"about":[{"href":"https:\/\/yukibeauty.ch\/fr\/wp-json\/wp\/v2\/types\/product"}],"replies":[{"embeddable":true,"href":"https:\/\/yukibeauty.ch\/fr\/wp-json\/wp\/v2\/comments?post=2099"}],"wp:featuredmedia":[{"embeddable":true,"href":"https:\/\/yukibeauty.ch\/fr\/wp-json\/wp\/v2\/media\/2245"}],"wp:attachment":[{"href":"https:\/\/yukibeauty.ch\/fr\/wp-json\/wp\/v2\/media?parent=2099"}],"wp:term":[{"taxonomy":"product_brand","embeddable":true,"href":"https:\/\/yukibeauty.ch\/fr\/wp-json\/wp\/v2\/product_brand?post=2099"},{"taxonomy":"product_cat","embeddable":true,"href":"https:\/\/yukibeauty.ch\/fr\/wp-json\/wp\/v2\/product_cat?post=2099"},{"taxonomy":"product_tag","embeddable":true,"href":"https:\/\/yukibeauty.ch\/fr\/wp-json\/wp\/v2\/product_tag?post=2099"}],"curies":[{"name":"wp","href":"https:\/\/api.w.org\/{rel}","templated":true}]}}