{"id":2102,"date":"2025-07-08T14:59:40","date_gmt":"2025-07-08T12:59:40","guid":{"rendered":"https:\/\/yukibeauty.ch\/product\/aha-bha-pha-30-days-miracle-cream-60g\/"},"modified":"2025-12-23T18:00:55","modified_gmt":"2025-12-23T17:00:55","slug":"aha-bha-pha-30-days-miracle-cream-60g","status":"publish","type":"product","link":"https:\/\/yukibeauty.ch\/fr\/shop\/korean-routine\/cream\/aha-bha-pha-30-days-miracle-cream-60g\/","title":{"rendered":"Some By Mi - AHA BHA PHA 30 Days Miracle Cream 60g"},"content":{"rendered":"<h2 data-section-id=\"pyicji\" data-start=\"140\" data-end=\"194\"><strong data-start=\"144\" data-end=\"192\">Some By Mi AHA, BHA, PHA 30 Days Miracle Cream<\/strong><\/h2>\n<p data-start=\"195\" data-end=\"258\"><strong data-start=\"195\" data-end=\"258\">Cr\u00e8me apaisante et r\u00e9paratrice pour les peaux sensibles et sujettes \u00e0 l'acn\u00e9<\/strong><\/p>\n<p data-start=\"260\" data-end=\"632\">Cette cr\u00e8me l\u00e9g\u00e8re, qui p\u00e9n\u00e8tre rapidement dans l'organisme, apporte <strong data-start=\"308\" data-end=\"377\">soins intensifs pour les peaux \u00e0 probl\u00e8mes, irrit\u00e9es et sujettes aux imperfections<\/strong>. Enrichi d'acides exfoliants, d'extraits de plantes apaisantes et d'un complexe r\u00e9parateur pour la peau, il contribue \u00e0 <strong data-start=\"475\" data-end=\"523\">r\u00e9duit l'acn\u00e9, apaise les rougeurs, r\u00e9tablit l'\u00e9quilibre<\/strong>et <strong data-start=\"529\" data-end=\"560\">renforcer la barri\u00e8re cutan\u00e9e<\/strong> - tout en laissant la peau fra\u00eeche et hydrat\u00e9e sans aucun effet collant.<\/p>\n<h2 data-section-id=\"5bvlsm\" data-start=\"639\" data-end=\"662\"><strong data-start=\"646\" data-end=\"662\">Principaux avantages<\/strong><\/h2>\n<ul data-start=\"664\" data-end=\"1904\">\n<li data-start=\"664\" data-end=\"1043\">\n<p data-start=\"666\" data-end=\"1043\"><strong data-start=\"666\" data-end=\"703\">Calme, cicatrise et pr\u00e9vient les \u00e9ruptions cutan\u00e9es<\/strong><br data-start=\"703\" data-end=\"706\" \/>Formul\u00e9e avec 700 000 ppm d'extrait de Centella Asiatica et le complexe 4-Cica Care (Asiatic Acid, Madecassic Acid, Asiaticoside, Madecasoside), cette cr\u00e8me apaise l'inflammation, favorise la r\u00e9g\u00e9n\u00e9ration de la peau et att\u00e9nue les marques post-acn\u00e9iques.<br data-start=\"947\" data-end=\"950\" \/>- Aide \u00e0 traiter l'acn\u00e9, les boutons et les rougeurs<br data-start=\"992\" data-end=\"995\" \/>- Affine les pores et renforce les d\u00e9fenses de la peau<\/p>\n<\/li>\n<li data-start=\"1045\" data-end=\"1266\">\n<p data-start=\"1047\" data-end=\"1266\"><strong data-start=\"1047\" data-end=\"1086\">Exfolie et lisse la texture de la peau<\/strong><br data-start=\"1086\" data-end=\"1089\" \/>Compos\u00e9e d'AHA, de BHA et de PHA, cette cr\u00e8me \u00e9limine en douceur les cellules mortes de la peau, \u00e9quilibre la production de s\u00e9bum et aide \u00e0 pr\u00e9venir l'obstruction des pores, ce qui permet \u00e0 la peau de rester lisse, claire et \u00e9clatante.<\/p>\n<\/li>\n<li data-start=\"1268\" data-end=\"1489\">\n<p data-start=\"1270\" data-end=\"1489\"><strong data-start=\"1270\" data-end=\"1300\">Hydrate sans alourdir<\/strong><br data-start=\"1300\" data-end=\"1303\" \/>Sa texture gel-cr\u00e8me l\u00e9g\u00e8re se fond dans la peau et l'hydrate en profondeur sans obstruer les pores ni laisser de film gras.<br data-start=\"1433\" data-end=\"1436\" \/>- Parfait pour les peaux grasses, mixtes ou sujettes \u00e0 l'acn\u00e9<\/p>\n<\/li>\n<li data-start=\"1491\" data-end=\"1662\">\n<p data-start=\"1493\" data-end=\"1662\"><strong data-start=\"1493\" data-end=\"1535\">\u00c9claircit et am\u00e9liore l'\u00e9lasticit\u00e9 de la peau<\/strong><br data-start=\"1535\" data-end=\"1538\" \/>Enrichi en Niacinamide pour \u00e9claircir les peaux ternes et en Ad\u00e9nosine pour r\u00e9duire les ridules et am\u00e9liorer la fermet\u00e9 au fil du temps.<\/p>\n<\/li>\n<li data-start=\"1664\" data-end=\"1904\">\n<p data-start=\"1666\" data-end=\"1904\"><strong data-start=\"1666\" data-end=\"1693\">Sans danger pour les peaux sensibles<\/strong><br data-start=\"1693\" data-end=\"1696\" \/>Contient 10 000 ppm d'extrait de feuilles d'arbre \u00e0 th\u00e9 pour calmer les irritations.<br data-start=\"1766\" data-end=\"1769\" \/>Exempt de 20 ingr\u00e9dients nocifs (pas de parab\u00e8nes, de parfums artificiels, etc.), il convient donc \u00e0 un usage quotidien, m\u00eame sur les peaux sensibles.<\/p>\n<\/li>\n<\/ul>\n<h2 data-section-id=\"1h1gwk3\" data-start=\"1911\" data-end=\"1939\"><strong data-start=\"1918\" data-end=\"1937\">Ingr\u00e9dients cl\u00e9s<\/strong><\/h2>\n<ul data-start=\"1941\" data-end=\"2206\">\n<li data-start=\"1941\" data-end=\"1994\">\n<p data-start=\"1943\" data-end=\"1994\"><strong data-start=\"1943\" data-end=\"1963\">AHA \/ BHA \/ PHA :<\/strong> Exfolier et affiner la texture<\/p>\n<\/li>\n<li data-start=\"1995\" data-end=\"2053\">\n<p data-start=\"1997\" data-end=\"2053\"><strong data-start=\"1997\" data-end=\"2033\">Centella Asiatica &amp; 4-Cica Care :<\/strong> R\u00e9parer et apaiser<\/p>\n<\/li>\n<li data-start=\"2054\" data-end=\"2114\">\n<p data-start=\"2056\" data-end=\"2114\"><strong data-start=\"2056\" data-end=\"2077\">Extrait d'arbre \u00e0 th\u00e9 :<\/strong> Calme et purifie les peaux acn\u00e9iques<\/p>\n<\/li>\n<li data-start=\"2115\" data-end=\"2158\">\n<p data-start=\"2117\" data-end=\"2158\"><strong data-start=\"2117\" data-end=\"2133\">Niacinamide :<\/strong> \u00c9claircit et \u00e9quilibre<\/p>\n<\/li>\n<li data-start=\"2159\" data-end=\"2206\">\n<p data-start=\"2161\" data-end=\"2206\"><strong data-start=\"2161\" data-end=\"2175\">Ad\u00e9nosine :<\/strong> Agent anti-rides et raffermissant<\/p>\n<\/li>\n<\/ul>\n<h2 data-section-id=\"3ng22f\" data-start=\"2213\" data-end=\"2241\"><strong data-start=\"2219\" data-end=\"2239\">Recommand\u00e9 pour :<\/strong><\/h2>\n<ul data-start=\"2243\" data-end=\"2384\">\n<li data-start=\"2243\" data-end=\"2272\">\n<p data-start=\"2245\" data-end=\"2272\">Peau grasse et mixte<\/p>\n<\/li>\n<li data-start=\"2273\" data-end=\"2306\">\n<p data-start=\"2275\" data-end=\"2306\">Peaux sensibles et sujettes \u00e0 l'acn\u00e9<\/p>\n<\/li>\n<li data-start=\"2307\" data-end=\"2350\">\n<p data-start=\"2309\" data-end=\"2350\">Pores dilat\u00e9s, rougeurs et irritations<\/p>\n<\/li>\n<li data-start=\"2351\" data-end=\"2384\">\n<p data-start=\"2353\" data-end=\"2384\">Teint in\u00e9gal et marques post-acn\u00e9iques<\/p>\n<\/li>\n<\/ul>","protected":false},"excerpt":{"rendered":"<p>Some By Mi AHA, BHA, PHA 30 Days Miracle Cream Soothing &amp; Restorative Cream for Acne-Prone, Sensitive Skin This lightweight,<\/p>","protected":false},"featured_media":3238,"comment_status":"open","ping_status":"closed","template":"","meta":[],"product_brand":[],"product_cat":[310,23,49,15],"product_tag":[],"class_list":{"0":"post-2102","1":"product","2":"type-product","3":"status-publish","4":"has-post-thumbnail","6":"product_cat-cream","7":"product_cat-face-cream","8":"product_cat-for-men","9":"product_cat-korean-routine","11":"first","12":"instock","13":"purchasable","14":"product-type-simple"},"_links":{"self":[{"href":"https:\/\/yukibeauty.ch\/fr\/wp-json\/wp\/v2\/product\/2102","targetHints":{"allow":["GET"]}}],"collection":[{"href":"https:\/\/yukibeauty.ch\/fr\/wp-json\/wp\/v2\/product"}],"about":[{"href":"https:\/\/yukibeauty.ch\/fr\/wp-json\/wp\/v2\/types\/product"}],"replies":[{"embeddable":true,"href":"https:\/\/yukibeauty.ch\/fr\/wp-json\/wp\/v2\/comments?post=2102"}],"wp:featuredmedia":[{"embeddable":true,"href":"https:\/\/yukibeauty.ch\/fr\/wp-json\/wp\/v2\/media\/3238"}],"wp:attachment":[{"href":"https:\/\/yukibeauty.ch\/fr\/wp-json\/wp\/v2\/media?parent=2102"}],"wp:term":[{"taxonomy":"product_brand","embeddable":true,"href":"https:\/\/yukibeauty.ch\/fr\/wp-json\/wp\/v2\/product_brand?post=2102"},{"taxonomy":"product_cat","embeddable":true,"href":"https:\/\/yukibeauty.ch\/fr\/wp-json\/wp\/v2\/product_cat?post=2102"},{"taxonomy":"product_tag","embeddable":true,"href":"https:\/\/yukibeauty.ch\/fr\/wp-json\/wp\/v2\/product_tag?post=2102"}],"curies":[{"name":"wp","href":"https:\/\/api.w.org\/{rel}","templated":true}]}}