{"id":2103,"date":"2025-07-08T14:59:00","date_gmt":"2025-07-08T12:59:00","guid":{"rendered":"https:\/\/yukibeauty.ch\/product\/advanced-snail-92-all-in-one-cream\/"},"modified":"2026-02-10T10:00:12","modified_gmt":"2026-02-10T09:00:12","slug":"advanced-snail-92-all-in-one-cream","status":"publish","type":"product","link":"https:\/\/yukibeauty.ch\/fr\/shop\/korean-routine\/cream\/advanced-snail-92-all-in-one-cream\/","title":{"rendered":"Advanced Snail 92 Cr\u00e8me tout-en-un"},"content":{"rendered":"<h2 data-start=\"117\" data-end=\"161\"><strong data-start=\"121\" data-end=\"159\">Advanced Snail 92 - Cr\u00e8me tout-en-un<\/strong><\/h2>\n<p data-start=\"162\" data-end=\"205\"><strong data-start=\"162\" data-end=\"205\">Cr\u00e8me R\u00e9paratrice Quotidienne \u00e0 la Mucine d'Escargot 92%<\/strong><\/p>\n<p data-start=\"207\" data-end=\"459\">Une cr\u00e8me hydratante culte qui s'appuie sur la technologie <strong data-start=\"246\" data-end=\"265\">92% mucine d'escargot<\/strong> pour hydrater, r\u00e9parer et restaurer la peau sans l'alourdir ni la rendre collante. Cette cr\u00e8me multi-solutions cible les signes de dommages, apaise les irritations post-\u00e9pid\u00e9mies et am\u00e9liore visiblement la texture et le teint.<\/p>\n<p data-start=\"461\" data-end=\"585\">Id\u00e9al pour un usage quotidien, il glisse sur la peau avec une sensation de gel l\u00e9ger et retient l'hydratation tout en renfor\u00e7ant la barri\u00e8re cutan\u00e9e.<\/p>\n<h2 data-start=\"592\" data-end=\"610\">Principaux avantages<\/h2>\n<ul data-start=\"612\" data-end=\"929\">\n<li data-start=\"612\" data-end=\"656\">\n<p data-start=\"614\" data-end=\"656\">Hydratation intense et durable<\/p>\n<\/li>\n<li data-start=\"657\" data-end=\"711\">\n<p data-start=\"659\" data-end=\"711\">Lisse visiblement les ridules et am\u00e9liore l'\u00e9lasticit\u00e9.<\/p>\n<\/li>\n<li data-start=\"712\" data-end=\"762\">\n<p data-start=\"714\" data-end=\"762\">Calme les rougeurs, les irritations et les marques post-acn\u00e9iques<\/p>\n<\/li>\n<li data-start=\"763\" data-end=\"808\">\n<p data-start=\"765\" data-end=\"808\">Favorise la r\u00e9g\u00e9n\u00e9ration de la peau et unifie le teint<\/p>\n<\/li>\n<li data-start=\"809\" data-end=\"865\">\n<p data-start=\"811\" data-end=\"865\">Renforce la barri\u00e8re cutan\u00e9e pour r\u00e9sister aux dommages futurs<\/p>\n<\/li>\n<li data-start=\"866\" data-end=\"929\">\n<p data-start=\"868\" data-end=\"929\">Texture l\u00e9g\u00e8re et non grasse convenant \u00e0 tous les types de peau<\/p>\n<\/li>\n<\/ul>\n<h2 data-start=\"936\" data-end=\"958\">Ingr\u00e9dients cl\u00e9s<\/h2>\n<ul data-start=\"960\" data-end=\"1292\">\n<li data-start=\"960\" data-end=\"1097\">\n<p data-start=\"962\" data-end=\"1097\"><strong data-start=\"962\" data-end=\"996\">Filtrat de s\u00e9cr\u00e9tion de l'escargot (92%)<\/strong>: Un ingr\u00e9dient puissant riche en <em data-start=\"1030\" data-end=\"1037\">mucine<\/em>qui hydrate en profondeur, apaise et favorise la r\u00e9paration de la peau<\/p>\n<\/li>\n<li data-start=\"1098\" data-end=\"1160\">\n<p data-start=\"1100\" data-end=\"1160\"><strong data-start=\"1100\" data-end=\"1119\">Acide hyaluronique<\/strong>: Fixe l'hydratation et repulpe la peau<\/p>\n<\/li>\n<li data-start=\"1161\" data-end=\"1226\">\n<p data-start=\"1163\" data-end=\"1226\"><strong data-start=\"1163\" data-end=\"1186\">Panth\u00e9nol et b\u00e9ta\u00efne<\/strong>: Calme et renforce la barri\u00e8re cutan\u00e9e<\/p>\n<\/li>\n<li data-start=\"1227\" data-end=\"1292\">\n<p data-start=\"1229\" data-end=\"1292\"><strong data-start=\"1229\" data-end=\"1242\">Ad\u00e9nosine<\/strong>: Cible les signes de vieillissement et \u00e9claircit le teint de la peau<\/p>\n<\/li>\n<li data-start=\"1227\" data-end=\"1292\">\n<p data-start=\"1229\" data-end=\"1292\"><strong data-start=\"1299\" data-end=\"1334\">Mucine d'escargot r\u00e9colt\u00e9e de mani\u00e8re \u00e9thique<\/strong>: Aucun escargot n'est bless\u00e9. La mucine est collect\u00e9e dans un environnement naturel et sans stress.<\/p>\n<\/li>\n<\/ul>\n<h2 data-start=\"1426\" data-end=\"1449\">Texture et finition<\/h2>\n<p data-start=\"1451\" data-end=\"1562\">Gel-cr\u00e8me doux et soyeux qui se fond dans la peau et laisse un \u00e9clat frais et hydrat\u00e9 - pas de graisse, pas de lourdeur.<\/p>\n<h2 data-start=\"1805\" data-end=\"1824\">Convient pour<\/h2>\n<p data-start=\"1826\" data-end=\"1969\">- Peau d\u00e9shydrat\u00e9e et terne<br data-start=\"1851\" data-end=\"1854\" \/>- R\u00e9cup\u00e9ration apr\u00e8s l'acn\u00e9<br data-start=\"1875\" data-end=\"1878\" \/>- Peau sensible ou irrit\u00e9e<br data-start=\"1908\" data-end=\"1911\" \/>- Rides fines et teint in\u00e9gal<br data-start=\"1940\" data-end=\"1943\" \/>- Soutien \u00e0 la barri\u00e8re journali\u00e8re<\/p>","protected":false},"excerpt":{"rendered":"<p>Advanced Snail 92 &#8211; All In One Cream Daily Repair Cream with 92% Snail Mucin A cult-favorite moisturizer powered by<\/p>","protected":false},"featured_media":3531,"comment_status":"open","ping_status":"closed","template":"","meta":[],"product_brand":[],"product_cat":[310,23,49,15],"product_tag":[],"class_list":{"0":"post-2103","1":"product","2":"type-product","3":"status-publish","4":"has-post-thumbnail","6":"product_cat-cream","7":"product_cat-face-cream","8":"product_cat-for-men","9":"product_cat-korean-routine","11":"first","12":"instock","13":"purchasable","14":"product-type-simple"},"_links":{"self":[{"href":"https:\/\/yukibeauty.ch\/fr\/wp-json\/wp\/v2\/product\/2103","targetHints":{"allow":["GET"]}}],"collection":[{"href":"https:\/\/yukibeauty.ch\/fr\/wp-json\/wp\/v2\/product"}],"about":[{"href":"https:\/\/yukibeauty.ch\/fr\/wp-json\/wp\/v2\/types\/product"}],"replies":[{"embeddable":true,"href":"https:\/\/yukibeauty.ch\/fr\/wp-json\/wp\/v2\/comments?post=2103"}],"wp:featuredmedia":[{"embeddable":true,"href":"https:\/\/yukibeauty.ch\/fr\/wp-json\/wp\/v2\/media\/3531"}],"wp:attachment":[{"href":"https:\/\/yukibeauty.ch\/fr\/wp-json\/wp\/v2\/media?parent=2103"}],"wp:term":[{"taxonomy":"product_brand","embeddable":true,"href":"https:\/\/yukibeauty.ch\/fr\/wp-json\/wp\/v2\/product_brand?post=2103"},{"taxonomy":"product_cat","embeddable":true,"href":"https:\/\/yukibeauty.ch\/fr\/wp-json\/wp\/v2\/product_cat?post=2103"},{"taxonomy":"product_tag","embeddable":true,"href":"https:\/\/yukibeauty.ch\/fr\/wp-json\/wp\/v2\/product_tag?post=2103"}],"curies":[{"name":"wp","href":"https:\/\/api.w.org\/{rel}","templated":true}]}}