{"id":2104,"date":"2025-07-08T14:59:40","date_gmt":"2025-07-08T12:59:40","guid":{"rendered":"https:\/\/yukibeauty.ch\/product\/hyaluronic-acid-intensive-cream\/"},"modified":"2025-12-23T17:35:25","modified_gmt":"2025-12-23T16:35:25","slug":"hyaluronic-acid-intensive-cream","status":"publish","type":"product","link":"https:\/\/yukibeauty.ch\/fr\/shop\/korean-routine\/cream\/hyaluronic-acid-intensive-cream\/","title":{"rendered":"Cr\u00e8me intensive \u00e0 l'acide hyaluronique"},"content":{"rendered":"<h2 data-start=\"119\" data-end=\"160\"><strong data-start=\"123\" data-end=\"158\">Cr\u00e8me intensive \u00e0 l'acide hyaluronique Yuki Beauty<\/strong><\/h2>\n<p data-start=\"161\" data-end=\"194\"><strong data-start=\"161\" data-end=\"194\">Le sauveur de l'hydratation de votre peau !<\/strong><\/p>\n<p data-start=\"196\" data-end=\"476\">Une cr\u00e8me profond\u00e9ment hydratante, mais l\u00e9g\u00e8re, con\u00e7ue pour d\u00e9salt\u00e9rer les peaux s\u00e8ches et sensibles. Gr\u00e2ce \u00e0 3 000 ppm de hyaluronate de sodium et 57,8% d'eau d'argousier, cette formule offre une hydratation instantan\u00e9e et durable, laissant la peau lisse, rebondie et confortablement nourrie.<\/p>\n<p data-start=\"478\" data-end=\"631\">Parfaite pour tous ceux qui souffrent de s\u00e9cheresse, de tiraillements ou d'un teint terne, cette cr\u00e8me aide \u00e0 restaurer la barri\u00e8re cutan\u00e9e et \u00e0 fixer l'hydratation tout au long de la journ\u00e9e.<\/p>\n<h2 data-start=\"638\" data-end=\"656\">Principaux avantages<\/h2>\n<ul data-start=\"658\" data-end=\"900\">\n<li data-start=\"658\" data-end=\"713\">\n<p data-start=\"660\" data-end=\"713\">Hydratation intense pour les peaux d\u00e9shydrat\u00e9es et sensibles<\/p>\n<\/li>\n<li data-start=\"714\" data-end=\"756\">\n<p data-start=\"716\" data-end=\"756\">Adoucit et lisse les zones rugueuses et squameuses<\/p>\n<\/li>\n<li data-start=\"757\" data-end=\"791\">\n<p data-start=\"759\" data-end=\"791\">Apaise les rougeurs et les irritations<\/p>\n<\/li>\n<li data-start=\"792\" data-end=\"829\">\n<p data-start=\"794\" data-end=\"829\">Aide \u00e0 renforcer la barri\u00e8re cutan\u00e9e<\/p>\n<\/li>\n<li data-start=\"830\" data-end=\"867\">\n<p data-start=\"832\" data-end=\"867\">Laisse un fini frais et non gras<\/p>\n<\/li>\n<li data-start=\"868\" data-end=\"900\">\n<p data-start=\"870\" data-end=\"900\">Id\u00e9al pour un usage quotidien, AM &amp; PM<\/p>\n<\/li>\n<\/ul>\n<h2 data-start=\"907\" data-end=\"929\">Ingr\u00e9dients cl\u00e9s<\/h2>\n<ul data-start=\"931\" data-end=\"1291\">\n<li data-start=\"931\" data-end=\"1017\">\n<p data-start=\"933\" data-end=\"1017\">Hyaluronate de sodium (3 000 ppm) : Hydrate en profondeur et fixe l'humidit\u00e9 sur la peau.<\/p>\n<\/li>\n<li data-start=\"1018\" data-end=\"1134\">\n<p data-start=\"1020\" data-end=\"1134\">Eau d'Hippophae Rhamnoides (argousier) (57.8%) : Riche en vitamines et en antioxydants pour calmer et revitaliser.<\/p>\n<\/li>\n<li data-start=\"1135\" data-end=\"1231\">\n<p data-start=\"1137\" data-end=\"1231\">Huile de graines de tournesol et huile de graines de macadamia : Nourrissent et soutiennent la couche protectrice de la peau<\/p>\n<\/li>\n<li data-start=\"1232\" data-end=\"1291\">\n<p data-start=\"1234\" data-end=\"1291\">Panth\u00e9nol et Allanto\u00efne : Apaisent et r\u00e9duisent l'irritation<\/p>\n<\/li>\n<\/ul>\n<h2 data-start=\"1298\" data-end=\"1321\">Texture et finition<\/h2>\n<p data-start=\"1323\" data-end=\"1458\">Texture cr\u00e8me l\u00e9g\u00e8re qui p\u00e9n\u00e8tre rapidement, sans lourdeur ni effet collant. S'utilise aussi bien comme cr\u00e8me ind\u00e9pendante que sous le maquillage.<\/p>\n<h2 data-start=\"1699\" data-end=\"1718\">Convient pour<\/h2>\n<p data-start=\"1720\" data-end=\"1876\">- Peau s\u00e8che et d\u00e9shydrat\u00e9e<br data-start=\"1744\" data-end=\"1747\" \/>- Peau sensible ou r\u00e9active<br data-start=\"1776\" data-end=\"1779\" \/>- Texture rugueuse et floconneuse<br data-start=\"1807\" data-end=\"1810\" \/>- Barri\u00e8re contre l'humidit\u00e9 compromise<br data-start=\"1841\" data-end=\"1844\" \/>- Hydratation quotidienne l\u00e9g\u00e8re<\/p>","protected":false},"excerpt":{"rendered":"<p>Hyaluronic Acid Intensive Cream Yuki Beauty Your Skin\u2019s Moisture Saviour! A deeply hydrating, yet lightweight cream designed to quench dry<\/p>","protected":false},"featured_media":3530,"comment_status":"open","ping_status":"closed","template":"","meta":[],"product_brand":[],"product_cat":[310,23,49,15],"product_tag":[],"class_list":{"0":"post-2104","1":"product","2":"type-product","3":"status-publish","4":"has-post-thumbnail","6":"product_cat-cream","7":"product_cat-face-cream","8":"product_cat-for-men","9":"product_cat-korean-routine","11":"first","12":"instock","13":"sale","14":"purchasable","15":"product-type-simple"},"_links":{"self":[{"href":"https:\/\/yukibeauty.ch\/fr\/wp-json\/wp\/v2\/product\/2104","targetHints":{"allow":["GET"]}}],"collection":[{"href":"https:\/\/yukibeauty.ch\/fr\/wp-json\/wp\/v2\/product"}],"about":[{"href":"https:\/\/yukibeauty.ch\/fr\/wp-json\/wp\/v2\/types\/product"}],"replies":[{"embeddable":true,"href":"https:\/\/yukibeauty.ch\/fr\/wp-json\/wp\/v2\/comments?post=2104"}],"wp:featuredmedia":[{"embeddable":true,"href":"https:\/\/yukibeauty.ch\/fr\/wp-json\/wp\/v2\/media\/3530"}],"wp:attachment":[{"href":"https:\/\/yukibeauty.ch\/fr\/wp-json\/wp\/v2\/media?parent=2104"}],"wp:term":[{"taxonomy":"product_brand","embeddable":true,"href":"https:\/\/yukibeauty.ch\/fr\/wp-json\/wp\/v2\/product_brand?post=2104"},{"taxonomy":"product_cat","embeddable":true,"href":"https:\/\/yukibeauty.ch\/fr\/wp-json\/wp\/v2\/product_cat?post=2104"},{"taxonomy":"product_tag","embeddable":true,"href":"https:\/\/yukibeauty.ch\/fr\/wp-json\/wp\/v2\/product_tag?post=2104"}],"curies":[{"name":"wp","href":"https:\/\/api.w.org\/{rel}","templated":true}]}}