{"id":2105,"date":"2025-07-08T14:59:00","date_gmt":"2025-07-08T12:59:00","guid":{"rendered":"https:\/\/yukibeauty.ch\/product\/aha-bha-pha-miracle-calming-body-lotion\/"},"modified":"2026-03-04T13:00:59","modified_gmt":"2026-03-04T12:00:59","slug":"aha-bha-pha-miracle-calming-body-lotion","status":"publish","type":"product","link":"https:\/\/yukibeauty.ch\/fr\/shop\/korean-routine\/cream\/aha-bha-pha-miracle-calming-body-lotion\/","title":{"rendered":"Lotion corporelle calmante AHA, BHA, PHA Miracle"},"content":{"rendered":"<h2 data-section-id=\"1hhdger\" data-start=\"140\" data-end=\"192\">Some By Mi Lotion corporelle apaisante aux acides<\/h2>\n<p data-start=\"193\" data-end=\"253\">Soin intensif pour l'acn\u00e9 corporelle, la pigmentation et la peau irr\u00e9guli\u00e8re<\/p>\n<p data-start=\"255\" data-end=\"571\">Cette lotion corporelle l\u00e9g\u00e8re mais puissante est con\u00e7ue pour lutter contre l'acn\u00e9 corporelle, la texture rugueuse et les d\u00e9colorations, en particulier sur le dos, la poitrine et les \u00e9paules. Associant des acides exfoliants \u00e0 des ingr\u00e9dients calmants et hydratants, elle aide \u00e0 d\u00e9gager les pores, \u00e0 lisser la peau et \u00e0 r\u00e9duire les \u00e9ruptions cutan\u00e9es, le tout sans irritation.<\/p>\n<h2 data-section-id=\"1kr27hh\" data-start=\"578\" data-end=\"600\">Principaux avantages<\/h2>\n<ul data-start=\"602\" data-end=\"1436\">\n<li data-start=\"602\" data-end=\"862\">\n<p data-start=\"604\" data-end=\"862\"><strong>Exfoliation douce pour une peau plus lisse<\/strong><br data-start=\"642\" data-end=\"645\" \/>Enrichie en AHA, BHA, PHA et LHA, la formule \u00e9limine en douceur les cellules mortes, l'exc\u00e8s de s\u00e9bum et les impuret\u00e9s.<br data-start=\"762\" data-end=\"765\" \/>- Lisse la peau rugueuse<br data-start=\"787\" data-end=\"790\" \/>- Aide \u00e0 estomper les taches brunes et la pigmentation<br data-start=\"832\" data-end=\"835\" \/>- Minimise les pores obstru\u00e9s<\/p>\n<\/li>\n<li data-start=\"864\" data-end=\"1167\">\n<p data-start=\"866\" data-end=\"1167\"><strong>Soin apaisant pour les peaux irrit\u00e9es et sensibles<\/strong><br data-start=\"913\" data-end=\"916\" \/>Un m\u00e9lange apaisant de feuilles d'arbre \u00e0 th\u00e9, de Centella Asiatica, d'eau de Chamaecyparis Obtusa et d'Houttuynia Cordata calme les rougeurs et favorise la r\u00e9g\u00e9n\u00e9ration de la peau.<br data-start=\"1076\" data-end=\"1079\" \/>- Id\u00e9al pour les peaux enflamm\u00e9es ou sujettes \u00e0 l'acn\u00e9<br data-start=\"1120\" data-end=\"1123\" \/>- Soulage l'inconfort et r\u00e9tablit l'\u00e9quilibre<\/p>\n<\/li>\n<li data-start=\"1169\" data-end=\"1436\">\n<p data-start=\"1171\" data-end=\"1436\">Hydratation profonde et soutien de la barri\u00e8re cutan\u00e9e<br data-start=\"1212\" data-end=\"1215\" \/>Avec une teneur en eau de 96%, la lotion hydrate en profondeur, aide \u00e0 retenir l'humidit\u00e9 et soutient la barri\u00e8re protectrice naturelle de la peau.<br data-start=\"1354\" data-end=\"1357\" \/>- Texture l\u00e9g\u00e8re, \u00e0 absorption rapide<br data-start=\"1396\" data-end=\"1399\" \/>- Laisse une sensation de fra\u00eecheur<\/p>\n<\/li>\n<\/ul>\n<h2 data-section-id=\"1h1gwk3\" data-start=\"1443\" data-end=\"1471\">Ingr\u00e9dients cl\u00e9s<\/h2>\n<ul data-start=\"1473\" data-end=\"1836\">\n<li data-start=\"1473\" data-end=\"1546\">\n<p data-start=\"1475\" data-end=\"1546\">Acide salicylique (BHA) : Exfolie, lib\u00e8re les pores et am\u00e9liore le tonus.<\/p>\n<\/li>\n<li data-start=\"1547\" data-end=\"1611\">\n<p data-start=\"1549\" data-end=\"1611\">Gluconolactone (PHA) : Resurface et adoucit la peau en douceur<\/p>\n<\/li>\n<li data-start=\"1612\" data-end=\"1693\">\n<p data-start=\"1614\" data-end=\"1693\">Niacinamide (vitamine B3) : \u00c9claircit, apaise et \u00e9quilibre la production de s\u00e9bum.<\/p>\n<\/li>\n<li data-start=\"1694\" data-end=\"1767\">\n<p data-start=\"1696\" data-end=\"1767\">Extraits de Centella Asiatica : Calment l'inflammation et favorisent la gu\u00e9rison<\/p>\n<\/li>\n<li data-start=\"1768\" data-end=\"1836\">\n<p data-start=\"1770\" data-end=\"1836\">Extrait d'arbre \u00e0 th\u00e9 : offre des avantages antibact\u00e9riens et rafra\u00eechissants.<\/p>\n<\/li>\n<\/ul>","protected":false},"excerpt":{"rendered":"<p>Some By Mi Soothing Body Lotion with Acids Intensive Care for Body Acne, Pigmentation &amp; Uneven Skin This lightweight yet<\/p>","protected":false},"featured_media":3264,"comment_status":"open","ping_status":"closed","template":"","meta":[],"product_brand":[],"product_cat":[310,23,49,15],"product_tag":[],"class_list":{"0":"post-2105","1":"product","2":"type-product","3":"status-publish","4":"has-post-thumbnail","6":"product_cat-cream","7":"product_cat-face-cream","8":"product_cat-for-men","9":"product_cat-korean-routine","11":"first","12":"instock","13":"purchasable","14":"product-type-simple"},"_links":{"self":[{"href":"https:\/\/yukibeauty.ch\/fr\/wp-json\/wp\/v2\/product\/2105","targetHints":{"allow":["GET"]}}],"collection":[{"href":"https:\/\/yukibeauty.ch\/fr\/wp-json\/wp\/v2\/product"}],"about":[{"href":"https:\/\/yukibeauty.ch\/fr\/wp-json\/wp\/v2\/types\/product"}],"replies":[{"embeddable":true,"href":"https:\/\/yukibeauty.ch\/fr\/wp-json\/wp\/v2\/comments?post=2105"}],"wp:featuredmedia":[{"embeddable":true,"href":"https:\/\/yukibeauty.ch\/fr\/wp-json\/wp\/v2\/media\/3264"}],"wp:attachment":[{"href":"https:\/\/yukibeauty.ch\/fr\/wp-json\/wp\/v2\/media?parent=2105"}],"wp:term":[{"taxonomy":"product_brand","embeddable":true,"href":"https:\/\/yukibeauty.ch\/fr\/wp-json\/wp\/v2\/product_brand?post=2105"},{"taxonomy":"product_cat","embeddable":true,"href":"https:\/\/yukibeauty.ch\/fr\/wp-json\/wp\/v2\/product_cat?post=2105"},{"taxonomy":"product_tag","embeddable":true,"href":"https:\/\/yukibeauty.ch\/fr\/wp-json\/wp\/v2\/product_tag?post=2105"}],"curies":[{"name":"wp","href":"https:\/\/api.w.org\/{rel}","templated":true}]}}