{"id":2107,"date":"2025-07-08T14:59:40","date_gmt":"2025-07-08T12:59:40","guid":{"rendered":"https:\/\/yukibeauty.ch\/product\/water-bank-blue-hyaluronic-moisture-cream-50ml\/"},"modified":"2025-12-16T21:17:17","modified_gmt":"2025-12-16T20:17:17","slug":"laneige-water-bank-blue-hyaluronic-cream","status":"publish","type":"product","link":"https:\/\/yukibeauty.ch\/fr\/shop\/korean-routine\/cream\/laneige-water-bank-blue-hyaluronic-cream\/","title":{"rendered":"Water Bank Blue Hyaluronic Moisture Cream 50ml"},"content":{"rendered":"<h2 data-start=\"208\" data-end=\"270\"><strong data-start=\"212\" data-end=\"268\">LANEIGE Water Bank Blue Hyaluronic Cream Moisturizer<\/strong><\/h2>\n<p data-start=\"271\" data-end=\"364\"><strong data-start=\"271\" data-end=\"322\">Hydratation cliniquement prouv\u00e9e jusqu'\u00e0 100 heures<\/strong><br data-start=\"322\" data-end=\"325\" \/><em data-start=\"325\" data-end=\"364\">L'innovation cor\u00e9enne en mati\u00e8re de soins de la peau<\/em><\/p>\n<h2 data-start=\"371\" data-end=\"402\"><strong data-start=\"378\" data-end=\"400\">Pourquoi vous l'aimerez<\/strong><\/h2>\n<p data-start=\"403\" data-end=\"581\">Cette cr\u00e8me l\u00e9g\u00e8re, con\u00e7ue pour les peaux normales \u00e0 s\u00e8ches, offre une hydratation profonde et durable jusqu'\u00e0 100 heures. Id\u00e9ale pour une utilisation quotidienne, m\u00eame sous le maquillage.<\/p>\n<ul data-start=\"583\" data-end=\"911\">\n<li data-start=\"583\" data-end=\"674\">\n<p data-start=\"585\" data-end=\"674\">Formule cliniquement prouv\u00e9e qui hydrate, apaise et renforce la barri\u00e8re cutan\u00e9e.<\/p>\n<\/li>\n<li data-start=\"675\" data-end=\"767\">\n<p data-start=\"677\" data-end=\"767\">R\u00e9duit les rougeurs, les squames, les tiraillements et les signes de s\u00e9cheresse d\u00e8s la premi\u00e8re utilisation.<\/p>\n<\/li>\n<li data-start=\"768\" data-end=\"849\">\n<p data-start=\"770\" data-end=\"849\">Hypoallerg\u00e9nique, respectueux de la peau sensible et exempt d'ingr\u00e9dients agressifs.<\/p>\n<\/li>\n<li data-start=\"850\" data-end=\"911\">\n<p data-start=\"852\" data-end=\"911\">Pr\u00e9sent\u00e9 dans une dosette rechargeable, il r\u00e9duit l'utilisation de plastique de 70%.<\/p>\n<\/li>\n<\/ul>\n<h2 data-start=\"918\" data-end=\"944\"><strong data-start=\"925\" data-end=\"944\">Ingr\u00e9dients cl\u00e9s<\/strong><\/h2>\n<ul data-start=\"946\" data-end=\"1279\">\n<li data-start=\"946\" data-end=\"1068\">\n<p data-start=\"948\" data-end=\"1068\">Acide hyaluronique bleu (HA) :<br data-start=\"978\" data-end=\"981\" \/>Des mol\u00e9cules de taille microscopique p\u00e9n\u00e8trent en profondeur pour une hydratation rapide, efficace et durable.<\/p>\n<\/li>\n<li data-start=\"1070\" data-end=\"1188\">\n<p data-start=\"1072\" data-end=\"1188\">Pepta-Panth\u00e9nol Complex\u2122 :<br data-start=\"1101\" data-end=\"1104\" \/>Un m\u00e9lange qui raffermit, apaise et renforce la barri\u00e8re protectrice de la peau.<\/p>\n<\/li>\n<li data-start=\"1190\" data-end=\"1279\">\n<p data-start=\"1192\" data-end=\"1279\">Squalane :<br data-start=\"1205\" data-end=\"1208\" \/>Imite les lipides naturels de la peau pour adoucir, revitaliser et r\u00e9tablir le confort.<\/p>\n<\/li>\n<\/ul>\n<h2 data-start=\"1286\" data-end=\"1318\"><strong data-start=\"1293\" data-end=\"1318\">Texture et application<\/strong><\/h2>\n<ul data-start=\"1319\" data-end=\"1511\">\n<li data-start=\"1319\" data-end=\"1357\">\n<p data-start=\"1321\" data-end=\"1357\">Formulation : Cr\u00e8me l\u00e9g\u00e8re<\/p>\n<\/li>\n<li data-start=\"1358\" data-end=\"1426\">\n<p data-start=\"1360\" data-end=\"1426\">Utilisation : Appliquer sur le visage et le cou matin et soir apr\u00e8s le s\u00e9rum.<\/p>\n<\/li>\n<li data-start=\"1427\" data-end=\"1511\">\n<p data-start=\"1429\" data-end=\"1511\">Fonctionne parfaitement sous le maquillage et dans le cadre de votre routine quotidienne ou nocturne.<\/p>\n<\/li>\n<\/ul>\n<h2 data-start=\"1518\" data-end=\"1554\"><strong data-start=\"1525\" data-end=\"1554\">Des r\u00e9sultats cliniquement prouv\u00e9s<\/strong><\/h2>\n<p data-start=\"1556\" data-end=\"1578\">Apr\u00e8s 30 minutes<\/p>\n<ul data-start=\"1579\" data-end=\"1631\">\n<li data-start=\"1579\" data-end=\"1631\">\n<p data-start=\"1581\" data-end=\"1631\">R\u00e9paration temporaire imm\u00e9diate de la barri\u00e8re d'humidit\u00e9<\/p>\n<\/li>\n<\/ul>\n<p data-start=\"1633\" data-end=\"1658\">Apr\u00e8s 1 application<\/p>\n<ul data-start=\"1659\" data-end=\"1740\">\n<li data-start=\"1659\" data-end=\"1707\">\n<p data-start=\"1661\" data-end=\"1707\">L'hydratation de la peau p\u00e9n\u00e8tre \u00e0 10 niveaux de profondeur<\/p>\n<\/li>\n<li data-start=\"1708\" data-end=\"1740\">\n<p data-start=\"1710\" data-end=\"1740\">L'\u00e9lasticit\u00e9 est am\u00e9lior\u00e9e par 11%<\/p>\n<\/li>\n<\/ul>\n<p data-start=\"1742\" data-end=\"1761\">Apr\u00e8s 4 semaines<\/p>\n<ul data-start=\"1762\" data-end=\"1921\">\n<li data-start=\"1762\" data-end=\"1795\">\n<p data-start=\"1764\" data-end=\"1795\">Hydratation prouv\u00e9e pendant 100 heures<\/p>\n<\/li>\n<li data-start=\"1796\" data-end=\"1828\">\n<p data-start=\"1798\" data-end=\"1828\">100% a d\u00e9clar\u00e9 que la peau \u00e9tait r\u00e9par\u00e9e<\/p>\n<\/li>\n<li data-start=\"1829\" data-end=\"1867\">\n<p data-start=\"1831\" data-end=\"1867\">100% a remarqu\u00e9 une peau plus douce et plus lisse<\/p>\n<\/li>\n<li data-start=\"1868\" data-end=\"1921\">\n<p data-start=\"1870\" data-end=\"1921\">96% a d\u00e9clar\u00e9 que la peau \u00e9tait revitalis\u00e9e et plus r\u00e9sistante.<\/p>\n<\/li>\n<\/ul>\n<h2 data-start=\"1928\" data-end=\"1953\"><strong data-start=\"1936\" data-end=\"1953\">Formule propre<\/strong><\/h2>\n<p data-start=\"1954\" data-end=\"2169\">Libre de :<br data-start=\"1962\" data-end=\"1965\" \/>Parab\u00e8nes, phtalates, huiles min\u00e9rales, sulfates (SLS et SLES), parfums synth\u00e9tiques (&lt;1%), formald\u00e9hyde, oxybenzone, goudron de houille, etc. En outre <strong data-start=\"2103\" data-end=\"2118\">sans gluten<\/strong>, <strong data-start=\"2120\" data-end=\"2144\">test\u00e9 par des dermatologues<\/strong>et <strong data-start=\"2150\" data-end=\"2168\">hypoallerg\u00e9nique<\/strong>.<\/p>\n<p data-start=\"2176\" data-end=\"2274\"><strong data-start=\"2179\" data-end=\"2208\">Emballage rechargeable de 50 ml<\/strong><br data-start=\"2208\" data-end=\"2211\" \/>Contribuez \u00e0 la r\u00e9duction des d\u00e9chets plastiques sans compromettre les soins de luxe.<\/p>","protected":false},"excerpt":{"rendered":"<p>LANEIGE Water Bank Blue Hyaluronic Cream Moisturizer Clinically proven hydration for up to 100 hoursPowered by Korean skincare innovation Why<\/p>","protected":false},"featured_media":3279,"comment_status":"open","ping_status":"closed","template":"","meta":[],"product_brand":[],"product_cat":[310,23,49,15],"product_tag":[],"class_list":{"0":"post-2107","1":"product","2":"type-product","3":"status-publish","4":"has-post-thumbnail","6":"product_cat-cream","7":"product_cat-face-cream","8":"product_cat-for-men","9":"product_cat-korean-routine","11":"first","12":"outofstock","13":"featured","14":"purchasable","15":"product-type-simple"},"_links":{"self":[{"href":"https:\/\/yukibeauty.ch\/fr\/wp-json\/wp\/v2\/product\/2107","targetHints":{"allow":["GET"]}}],"collection":[{"href":"https:\/\/yukibeauty.ch\/fr\/wp-json\/wp\/v2\/product"}],"about":[{"href":"https:\/\/yukibeauty.ch\/fr\/wp-json\/wp\/v2\/types\/product"}],"replies":[{"embeddable":true,"href":"https:\/\/yukibeauty.ch\/fr\/wp-json\/wp\/v2\/comments?post=2107"}],"wp:featuredmedia":[{"embeddable":true,"href":"https:\/\/yukibeauty.ch\/fr\/wp-json\/wp\/v2\/media\/3279"}],"wp:attachment":[{"href":"https:\/\/yukibeauty.ch\/fr\/wp-json\/wp\/v2\/media?parent=2107"}],"wp:term":[{"taxonomy":"product_brand","embeddable":true,"href":"https:\/\/yukibeauty.ch\/fr\/wp-json\/wp\/v2\/product_brand?post=2107"},{"taxonomy":"product_cat","embeddable":true,"href":"https:\/\/yukibeauty.ch\/fr\/wp-json\/wp\/v2\/product_cat?post=2107"},{"taxonomy":"product_tag","embeddable":true,"href":"https:\/\/yukibeauty.ch\/fr\/wp-json\/wp\/v2\/product_tag?post=2107"}],"curies":[{"name":"wp","href":"https:\/\/api.w.org\/{rel}","templated":true}]}}