{"id":2112,"date":"2025-07-08T14:59:00","date_gmt":"2025-07-08T12:59:00","guid":{"rendered":"https:\/\/yukibeauty.ch\/product\/advanced-snail96-mucin-power-essence\/"},"modified":"2025-10-30T21:48:49","modified_gmt":"2025-10-30T20:48:49","slug":"advanced-snail96-mucin-power-essence","status":"publish","type":"product","link":"https:\/\/yukibeauty.ch\/fr\/shop\/korean-routine\/essence\/advanced-snail96-mucin-power-essence\/","title":{"rendered":"Advanced Snail 96 Mucin Power Essence"},"content":{"rendered":"<h3 data-start=\"219\" data-end=\"266\"><strong data-start=\"223\" data-end=\"264\">Advanced Snail 96 Mucin Power Essence<\/strong><\/h3>\n<p data-start=\"267\" data-end=\"321\">Essence revitalisante au filtrat de mucine d'escargot 96%<\/p>\n<p data-start=\"323\" data-end=\"696\">Cette essence culte de <strong data-start=\"355\" data-end=\"364\">COSRX<\/strong> offre une hydratation intense et une r\u00e9paration visible de la peau en utilisant <strong data-start=\"422\" data-end=\"441\">96% mucine d'escargot<\/strong>Un ingr\u00e9dient puissant connu pour ses propri\u00e9t\u00e9s r\u00e9g\u00e9n\u00e9ratrices et apaisantes. Appr\u00e9ci\u00e9e par des millions de personnes, cette formule l\u00e9g\u00e8re aide \u00e0 restaurer la peau ab\u00eem\u00e9e, \u00e0 unifier le teint et la texture, et \u00e0 favoriser un teint sain et \u00e9clatant, le tout sans irritation ni r\u00e9sidu.<\/p>\n<h3 data-start=\"703\" data-end=\"730\"><strong data-start=\"710\" data-end=\"730\">Pourquoi la mucine d'escargot ?<\/strong><\/h3>\n<p data-start=\"732\" data-end=\"1001\">Les bienfaits de la mucine d'escargot ont \u00e9t\u00e9 d\u00e9couverts de mani\u00e8re inattendue lorsque les travailleurs qui r\u00e9coltaient les escargots ont remarqu\u00e9 que leurs mains restaient douces, lisses et jeunes malgr\u00e9 un travail laborieux. COSRX a exploit\u00e9 cette merveille naturelle et l'a perfectionn\u00e9e pour en faire un produit de base doux et performant pour les soins de la peau.<\/p>\n<h3 data-start=\"1008\" data-end=\"1030\"><strong data-start=\"1014\" data-end=\"1030\">Principaux avantages<\/strong><\/h3>\n<ul data-start=\"1032\" data-end=\"1329\">\n<li data-start=\"1032\" data-end=\"1080\">\n<p data-start=\"1034\" data-end=\"1080\">R\u00e9pare et renforce la barri\u00e8re cutan\u00e9e<\/p>\n<\/li>\n<li data-start=\"1081\" data-end=\"1122\">\n<p data-start=\"1083\" data-end=\"1122\">Hydrate en profondeur sans alourdir<\/p>\n<\/li>\n<li data-start=\"1123\" data-end=\"1171\">\n<p data-start=\"1125\" data-end=\"1171\">R\u00e9duit les rougeurs, la desquamation et l'irritation<\/p>\n<\/li>\n<li data-start=\"1172\" data-end=\"1219\">\n<p data-start=\"1174\" data-end=\"1219\">Am\u00e9liore l'\u00e9lasticit\u00e9 et la douceur de la peau<\/p>\n<\/li>\n<li data-start=\"1220\" data-end=\"1266\">\n<p data-start=\"1222\" data-end=\"1266\">Minimise l'apparence des ridules<\/p>\n<\/li>\n<li data-start=\"1267\" data-end=\"1329\">\n<p data-start=\"1269\" data-end=\"1329\">Contr\u00f4le l'exc\u00e8s de s\u00e9bum et favorise un teint \u00e9quilibr\u00e9<\/p>\n<\/li>\n<\/ul>\n<h3 data-start=\"1336\" data-end=\"1367\"><strong data-start=\"1343\" data-end=\"1367\">Propre et sans cruaut\u00e9<\/strong><\/h3>\n<p data-start=\"1369\" data-end=\"1557\">Aucun escargot n'est bless\u00e9 au cours du processus. Ils se d\u00e9placent librement sur un treillis dans un environnement calme et sombre, o\u00f9 la mucine est collect\u00e9e naturellement et humainement, sans aucune force ext\u00e9rieure ni stress.<\/p>\n<h3 data-start=\"1564\" data-end=\"1585\">Texture et sensation<\/h3>\n<p data-start=\"1587\" data-end=\"1761\">Une essence claire et l\u00e9g\u00e8re qui p\u00e9n\u00e8tre rapidement dans la peau sans coller. Elle laisse la peau rebondie, hydrat\u00e9e et lumineuse - parfaite pour \u00eatre superpos\u00e9e ou utilis\u00e9e seule.<\/p>\n<h3 data-start=\"1768\" data-end=\"1786\">Convient pour<\/h3>\n<p data-start=\"1788\" data-end=\"1939\">- Tous les types de peau, y compris les peaux sensibles et acn\u00e9iques<br data-start=\"1841\" data-end=\"1844\" \/>- Peau d\u00e9shydrat\u00e9e, irrit\u00e9e ou squameuse<br data-start=\"1883\" data-end=\"1886\" \/>- Peau pr\u00e9sentant des signes de stress, de vieillissement ou de ternissement<\/p>","protected":false},"excerpt":{"rendered":"<p>Advanced Snail 96 Mucin Power Essence Revitalizing Essence with 96% Snail Mucin Filtrate This cult-favorite essence from COSRX delivers intense<\/p>","protected":false},"featured_media":3334,"comment_status":"open","ping_status":"closed","template":"","meta":[],"product_brand":[],"product_cat":[20,49,15],"product_tag":[],"class_list":{"0":"post-2112","1":"product","2":"type-product","3":"status-publish","4":"has-post-thumbnail","6":"product_cat-essence","7":"product_cat-for-men","8":"product_cat-korean-routine","10":"first","11":"outofstock","12":"purchasable","13":"product-type-simple"},"_links":{"self":[{"href":"https:\/\/yukibeauty.ch\/fr\/wp-json\/wp\/v2\/product\/2112","targetHints":{"allow":["GET"]}}],"collection":[{"href":"https:\/\/yukibeauty.ch\/fr\/wp-json\/wp\/v2\/product"}],"about":[{"href":"https:\/\/yukibeauty.ch\/fr\/wp-json\/wp\/v2\/types\/product"}],"replies":[{"embeddable":true,"href":"https:\/\/yukibeauty.ch\/fr\/wp-json\/wp\/v2\/comments?post=2112"}],"wp:featuredmedia":[{"embeddable":true,"href":"https:\/\/yukibeauty.ch\/fr\/wp-json\/wp\/v2\/media\/3334"}],"wp:attachment":[{"href":"https:\/\/yukibeauty.ch\/fr\/wp-json\/wp\/v2\/media?parent=2112"}],"wp:term":[{"taxonomy":"product_brand","embeddable":true,"href":"https:\/\/yukibeauty.ch\/fr\/wp-json\/wp\/v2\/product_brand?post=2112"},{"taxonomy":"product_cat","embeddable":true,"href":"https:\/\/yukibeauty.ch\/fr\/wp-json\/wp\/v2\/product_cat?post=2112"},{"taxonomy":"product_tag","embeddable":true,"href":"https:\/\/yukibeauty.ch\/fr\/wp-json\/wp\/v2\/product_tag?post=2112"}],"curies":[{"name":"wp","href":"https:\/\/api.w.org\/{rel}","templated":true}]}}