{"id":2113,"date":"2025-07-08T14:59:40","date_gmt":"2025-07-08T12:59:40","guid":{"rendered":"https:\/\/yukibeauty.ch\/product\/bean-essence-50ml\/"},"modified":"2025-09-17T13:11:28","modified_gmt":"2025-09-17T11:11:28","slug":"bean-essence-50ml","status":"publish","type":"product","link":"https:\/\/yukibeauty.ch\/fr\/shop\/korean-routine\/essence\/bean-essence-50ml\/","title":{"rendered":"Essence de haricot 50ml"},"content":{"rendered":"<h3 data-start=\"129\" data-end=\"166\"><strong data-start=\"133\" data-end=\"164\">Essence de haricots Mixsoon (50ml)<\/strong><\/h3>\n<p data-start=\"167\" data-end=\"351\">Une essence multit\u00e2che qui hydrate, exfolie et revitalise la peau gr\u00e2ce au pouvoir des graines de soja ferment\u00e9es. L\u00e9g\u00e8re, non collante et id\u00e9ale pour tous les types de peau, m\u00eame sensibles.<\/p>\n<p data-start=\"358\" data-end=\"516\"><strong data-start=\"358\" data-end=\"375\">Principaux avantages :<\/strong><\/p>\n<p>Extrait de soja ferment\u00e9 :<br data-start=\"411\" data-end=\"414\" \/>Riche en acides amin\u00e9s, vitamines et calcium - hydrate en profondeur, nourrit \u0442\u0430 \u0437\u0430\u0445\u0438\u0449\u0430\u0454 \u0432\u0456\u0434 \u0437\u043d\u0435\u0432\u043e\u0434\u043d\u0435\u043d\u043d\u044f.<\/p>\n<p data-start=\"518\" data-end=\"687\">Affine la texture et r\u00e9duit les pores :<br data-start=\"558\" data-end=\"561\" \/>Exfolie en douceur, \u00e9limine les impuret\u00e9s, d\u00e9sobstrue les pores, contr\u00f4le le s\u00e9bum et r\u00e9duit les brillances grasses - pour un teint lisse et clair.<\/p>\n<p data-start=\"689\" data-end=\"817\">Anti-\u00e2ge et r\u00e9paration de la peau :<br data-start=\"722\" data-end=\"725\" \/>Renforce l'\u00e9lasticit\u00e9, att\u00e9nue les ridules et favorise la r\u00e9g\u00e9n\u00e9ration de la peau au niveau cellulaire.<\/p>\n<p data-start=\"819\" data-end=\"863\">Double usage - hydratation et exfoliation :<\/p>\n<ul data-start=\"864\" data-end=\"1008\">\n<li data-start=\"864\" data-end=\"931\">\n<p data-start=\"866\" data-end=\"931\">En tant qu'essence hydratante - utilisation quotidienne pour une peau rebondie et \u00e9clatante.<\/p>\n<\/li>\n<li data-start=\"932\" data-end=\"1008\">\n<p data-start=\"934\" data-end=\"1008\">Essence exfoliante - 2 \u00e0 3 fois par semaine pour lisser et \u00e9claircir.<\/p>\n<\/li>\n<\/ul>\n<p data-start=\"1010\" data-end=\"1159\">L\u00e9ger et non collant :<br data-start=\"1042\" data-end=\"1045\" \/>Absorbe rapidement sans laisser de r\u00e9sidu gras, offrant un fini frais qui se superpose bien \u00e0 n'importe quel soin.<\/p>\n<p data-start=\"1010\" data-end=\"1159\"><strong data-start=\"1487\" data-end=\"1501\">Type de peau :<\/strong> Tous - y compris sensibles<br data-start=\"1527\" data-end=\"1530\" \/><strong data-start=\"1530\" data-end=\"1542\">Texture :<\/strong> Essence l\u00e9g\u00e8re et aqueuse<br data-start=\"1570\" data-end=\"1573\" \/><strong data-start=\"1573\" data-end=\"1584\">Finition :<\/strong> Frais, doux, non collant<\/p>","protected":false},"excerpt":{"rendered":"<p>Mixsoon Bean Essence (50ml) A multitasking essence that hydrates, exfoliates, and revitalizes the skin with the power of fermented soybeans.<\/p>","protected":false},"featured_media":3340,"comment_status":"open","ping_status":"closed","template":"","meta":[],"product_brand":[],"product_cat":[20,49,15],"product_tag":[],"class_list":{"0":"post-2113","1":"product","2":"type-product","3":"status-publish","4":"has-post-thumbnail","6":"product_cat-essence","7":"product_cat-for-men","8":"product_cat-korean-routine","10":"first","11":"outofstock","12":"purchasable","13":"product-type-simple"},"_links":{"self":[{"href":"https:\/\/yukibeauty.ch\/fr\/wp-json\/wp\/v2\/product\/2113","targetHints":{"allow":["GET"]}}],"collection":[{"href":"https:\/\/yukibeauty.ch\/fr\/wp-json\/wp\/v2\/product"}],"about":[{"href":"https:\/\/yukibeauty.ch\/fr\/wp-json\/wp\/v2\/types\/product"}],"replies":[{"embeddable":true,"href":"https:\/\/yukibeauty.ch\/fr\/wp-json\/wp\/v2\/comments?post=2113"}],"wp:featuredmedia":[{"embeddable":true,"href":"https:\/\/yukibeauty.ch\/fr\/wp-json\/wp\/v2\/media\/3340"}],"wp:attachment":[{"href":"https:\/\/yukibeauty.ch\/fr\/wp-json\/wp\/v2\/media?parent=2113"}],"wp:term":[{"taxonomy":"product_brand","embeddable":true,"href":"https:\/\/yukibeauty.ch\/fr\/wp-json\/wp\/v2\/product_brand?post=2113"},{"taxonomy":"product_cat","embeddable":true,"href":"https:\/\/yukibeauty.ch\/fr\/wp-json\/wp\/v2\/product_cat?post=2113"},{"taxonomy":"product_tag","embeddable":true,"href":"https:\/\/yukibeauty.ch\/fr\/wp-json\/wp\/v2\/product_tag?post=2113"}],"curies":[{"name":"wp","href":"https:\/\/api.w.org\/{rel}","templated":true}]}}