{"id":2114,"date":"2025-07-08T14:59:40","date_gmt":"2025-07-08T12:59:40","guid":{"rendered":"https:\/\/yukibeauty.ch\/product\/the-6-peptide-skin-booster\/"},"modified":"2026-02-10T10:02:34","modified_gmt":"2026-02-10T09:02:34","slug":"6-peptide-skin-booster","status":"publish","type":"product","link":"https:\/\/yukibeauty.ch\/fr\/shop\/korean-routine\/essence\/6-peptide-skin-booster\/","title":{"rendered":"Le booster de peau aux 6 peptides"},"content":{"rendered":"<h2 data-start=\"164\" data-end=\"206\"><strong data-start=\"168\" data-end=\"204\">Le s\u00e9rum booster de peau aux 6 peptides<\/strong><\/h2>\n<p data-start=\"207\" data-end=\"266\">Votre premier pas vers une peau plus saine, plus lisse et plus ferme<\/p>\n<p data-start=\"268\" data-end=\"564\">Ce s\u00e9rum l\u00e9ger, \u00e0 absorption rapide, contient 6 peptides qui am\u00e9liorent la peau de mani\u00e8re globale d\u00e8s la premi\u00e8re \u00e9tape de votre routine. Il cible un large \u00e9ventail de probl\u00e8mes - des pores dilat\u00e9s et de l'exc\u00e8s de s\u00e9bum au teint in\u00e9gal, \u00e0 la texture rugueuse, aux ridules et \u00e0 la sensibilit\u00e9.<\/p>\n<h2 data-start=\"905\" data-end=\"944\"><strong data-start=\"912\" data-end=\"944\">6 peptides \u00e9prouv\u00e9s en clinique<\/strong><\/h2>\n<ul data-start=\"946\" data-end=\"1376\">\n<li data-start=\"946\" data-end=\"1004\">\n<p data-start=\"948\" data-end=\"1004\">SH-Polypeptide-121 - Renforce le collag\u00e8ne et repulpe la peau<\/p>\n<\/li>\n<li data-start=\"1005\" data-end=\"1076\">\n<p data-start=\"1007\" data-end=\"1076\">Tripeptide-1 de cuivre - Affine la texture et favorise le renouvellement de la peau<\/p>\n<\/li>\n<li data-start=\"1077\" data-end=\"1168\">\n<p data-start=\"1079\" data-end=\"1168\">Dipeptide Diaminobutyroyl Benzylamide Diacetate - R\u00e9gule le s\u00e9bum et minimise les pores<\/p>\n<\/li>\n<li data-start=\"1169\" data-end=\"1228\">\n<p data-start=\"1171\" data-end=\"1228\">Oligopeptide-68 - \u00c9claircit et unifie le teint de la peau<\/p>\n<\/li>\n<li data-start=\"1229\" data-end=\"1298\">\n<p data-start=\"1231\" data-end=\"1298\">Palmitoyl Tripeptide-8 - Apaise et r\u00e9duit la sensibilit\u00e9 de la peau<\/p>\n<\/li>\n<li data-start=\"1299\" data-end=\"1376\">\n<p data-start=\"1301\" data-end=\"1376\">Acetyl Hexapeptide-8 - Raffermit et adoucit l'apparence des ridules<\/p>\n<\/li>\n<\/ul>\n<h2 data-start=\"571\" data-end=\"594\"><strong data-start=\"578\" data-end=\"594\">Ce qu'il fait<\/strong><\/h2>\n<ul data-start=\"596\" data-end=\"898\">\n<li data-start=\"596\" data-end=\"653\">\n<p data-start=\"598\" data-end=\"653\">Am\u00e9liore la fermet\u00e9, la texture, la tonicit\u00e9 et l'\u00e9lasticit\u00e9 de la peau<\/p>\n<\/li>\n<li data-start=\"654\" data-end=\"701\">\n<p data-start=\"656\" data-end=\"701\">Affine les pores et \u00e9quilibre la production de s\u00e9bum<\/p>\n<\/li>\n<li data-start=\"702\" data-end=\"742\">\n<p data-start=\"704\" data-end=\"742\">Lisse les ridules et les zones rugueuses<\/p>\n<\/li>\n<li data-start=\"743\" data-end=\"798\">\n<p data-start=\"745\" data-end=\"798\">Apaise les irritations et renforce la barri\u00e8re cutan\u00e9e<\/p>\n<\/li>\n<li data-start=\"799\" data-end=\"848\">\n<p data-start=\"801\" data-end=\"848\">Laisse la peau douce, uniforme et naturellement lumineuse<\/p>\n<\/li>\n<li data-start=\"799\" data-end=\"848\">\n<p data-start=\"801\" data-end=\"848\">Absorbe rapidement sans coller ni laisser de r\u00e9sidus<\/p>\n<\/li>\n<\/ul>\n<h2 data-start=\"1383\" data-end=\"1416\"><strong data-start=\"1389\" data-end=\"1416\">Parfait pour vous si vous :<\/strong><\/h2>\n<p data-start=\"1418\" data-end=\"1683\">- Avoir des probl\u00e8mes de peau multiples (texture, tonus, fermet\u00e9, pores)<br data-start=\"1481\" data-end=\"1484\" \/>- Vous voulez un seul produit pour donner un coup de fouet \u00e0 l'am\u00e9lioration g\u00e9n\u00e9rale de votre peau ?<br data-start=\"1546\" data-end=\"1549\" \/>- Pr\u00e9f\u00e9rer les formules l\u00e9g\u00e8res et non grasses qui se superposent bien.<br data-start=\"1607\" data-end=\"1610\" \/>- Besoin d'un s\u00e9rum doux de premi\u00e8re \u00e9tape qui s'associe bien \u00e0 d'autres traitements<\/p>","protected":false},"excerpt":{"rendered":"<p>The 6 Peptide Skin Booster Serum Votre premier pas vers une peau plus saine, plus lisse et plus ferme Ce s\u00e9rum l\u00e9ger, qui p\u00e9n\u00e8tre rapidement, est aliment\u00e9 par des peptides.<\/p>","protected":false},"featured_media":3346,"comment_status":"open","ping_status":"closed","template":"","meta":[],"product_brand":[],"product_cat":[20,49,15],"product_tag":[],"class_list":{"0":"post-2114","1":"product","2":"type-product","3":"status-publish","4":"has-post-thumbnail","6":"product_cat-essence","7":"product_cat-for-men","8":"product_cat-korean-routine","10":"first","11":"instock","12":"purchasable","13":"product-type-simple"},"_links":{"self":[{"href":"https:\/\/yukibeauty.ch\/fr\/wp-json\/wp\/v2\/product\/2114","targetHints":{"allow":["GET"]}}],"collection":[{"href":"https:\/\/yukibeauty.ch\/fr\/wp-json\/wp\/v2\/product"}],"about":[{"href":"https:\/\/yukibeauty.ch\/fr\/wp-json\/wp\/v2\/types\/product"}],"replies":[{"embeddable":true,"href":"https:\/\/yukibeauty.ch\/fr\/wp-json\/wp\/v2\/comments?post=2114"}],"wp:featuredmedia":[{"embeddable":true,"href":"https:\/\/yukibeauty.ch\/fr\/wp-json\/wp\/v2\/media\/3346"}],"wp:attachment":[{"href":"https:\/\/yukibeauty.ch\/fr\/wp-json\/wp\/v2\/media?parent=2114"}],"wp:term":[{"taxonomy":"product_brand","embeddable":true,"href":"https:\/\/yukibeauty.ch\/fr\/wp-json\/wp\/v2\/product_brand?post=2114"},{"taxonomy":"product_cat","embeddable":true,"href":"https:\/\/yukibeauty.ch\/fr\/wp-json\/wp\/v2\/product_cat?post=2114"},{"taxonomy":"product_tag","embeddable":true,"href":"https:\/\/yukibeauty.ch\/fr\/wp-json\/wp\/v2\/product_tag?post=2114"}],"curies":[{"name":"wp","href":"https:\/\/api.w.org\/{rel}","templated":true}]}}