{"id":2115,"date":"2025-07-08T14:59:40","date_gmt":"2025-07-08T12:59:40","guid":{"rendered":"https:\/\/yukibeauty.ch\/product\/provitamin-b5-skin-rejuvenating-single-use-essence\/"},"modified":"2026-01-19T12:16:15","modified_gmt":"2026-01-19T11:16:15","slug":"provitamin-b5-skin-essence","status":"publish","type":"product","link":"https:\/\/yukibeauty.ch\/fr\/shop\/korean-routine\/essence\/provitamin-b5-skin-essence\/","title":{"rendered":"Provitamine B5 Essence rajeunissante \u00e0 usage unique (25pcs)"},"content":{"rendered":"<h2 data-start=\"185\" data-end=\"255\"><strong data-start=\"189\" data-end=\"253\">Provitamine B5 Skin Rejuvenating Essence - Ampoule \u00e0 usage unique (25pcs)<\/strong><\/h2>\n<p data-start=\"256\" data-end=\"293\">Clarifier - Calmer - R\u00e9parer - Pr\u00e9venir<\/p>\n<p data-start=\"295\" data-end=\"535\">Un s\u00e9rum \u00e0 usage unique, facile \u00e0 emporter, con\u00e7u pour les peaux grasses, acn\u00e9iques et sensibles. Cette essence puissante cible les \u00e9ruptions actives, favorise la r\u00e9paration de la peau et renforce la barri\u00e8re cutan\u00e9e, tout en \u00e9tant douce et non irritante.<\/p>\n<h2 data-start=\"542\" data-end=\"564\"><strong data-start=\"548\" data-end=\"564\">Principaux avantages<\/strong><\/h2>\n<ul data-start=\"566\" data-end=\"1375\">\n<li data-start=\"566\" data-end=\"817\">\n<p data-start=\"568\" data-end=\"598\">Cible l'acn\u00e9 \u00e0 la racine<\/p>\n<ul data-start=\"601\" data-end=\"817\">\n<li data-start=\"601\" data-end=\"711\">\n<p data-start=\"603\" data-end=\"711\"><em data-start=\"603\" data-end=\"639\">Salicylate de b\u00e9ta\u00efne (Supermolecule)<\/em>: Contr\u00f4le l'exc\u00e8s de s\u00e9bum, lib\u00e8re les pores, att\u00e9nue les points noirs et les points blancs.<\/p>\n<\/li>\n<li data-start=\"714\" data-end=\"817\">\n<p data-start=\"716\" data-end=\"817\"><em data-start=\"716\" data-end=\"735\">Sethic QUORASTOP\u00ae - Sethic QUORASTOP\u00ae - Sethic QUORASTOP<\/em>: Inhibe les bact\u00e9ries de l'acn\u00e9, r\u00e9duit la dur\u00e9e des \u00e9ruptions et aide \u00e0 pr\u00e9venir les r\u00e9cidives.<\/p>\n<\/li>\n<\/ul>\n<\/li>\n<li data-start=\"819\" data-end=\"1126\">\n<p data-start=\"821\" data-end=\"855\">Apaise et r\u00e9tablit l'\u00e9quilibre<\/p>\n<ul data-start=\"858\" data-end=\"1126\">\n<li data-start=\"858\" data-end=\"1009\">\n<p data-start=\"860\" data-end=\"1009\"><em data-start=\"860\" data-end=\"886\">Aframomum Melegueta Graine<\/em>, <em data-start=\"888\" data-end=\"911\">Fleur de Crocus Sativus<\/em> &amp; <em data-start=\"914\" data-end=\"942\">Extraits d'Inonotus Obliquus<\/em>: Calme l'inflammation, apaise les rougeurs et combat le stress oxydatif.<\/p>\n<\/li>\n<li data-start=\"1012\" data-end=\"1126\">\n<p data-start=\"1014\" data-end=\"1126\"><em data-start=\"1014\" data-end=\"1034\">Portulaca Oleracea<\/em> &amp; <em data-start=\"1037\" data-end=\"1068\">Extraits de racine de Gentiana Scabra<\/em>: R\u00e9duit les irritations, les d\u00e9mangeaisons et les picotements caus\u00e9s par l'acn\u00e9.<\/p>\n<\/li>\n<\/ul>\n<\/li>\n<li data-start=\"1128\" data-end=\"1375\">\n<p data-start=\"1130\" data-end=\"1174\">Renforce et r\u00e9pare la barri\u00e8re cutan\u00e9e<\/p>\n<ul data-start=\"1177\" data-end=\"1375\">\n<li data-start=\"1177\" data-end=\"1278\">\n<p data-start=\"1179\" data-end=\"1278\"><em data-start=\"1179\" data-end=\"1203\">Provitamine B5 brevet\u00e9e<\/em> &amp; <em data-start=\"1206\" data-end=\"1218\">ManYuNing<\/em>: Nourrit en profondeur et renforce les d\u00e9fenses naturelles de la peau.<\/p>\n<\/li>\n<li data-start=\"1281\" data-end=\"1375\">\n<p data-start=\"1283\" data-end=\"1375\"><em data-start=\"1283\" data-end=\"1312\">Collag\u00e8ne soluble (AnFuYing)<\/em>: Repulpe et aide \u00e0 pr\u00e9venir les indentations et les cicatrices post-acn\u00e9iques.<\/p>\n<\/li>\n<\/ul>\n<\/li>\n<\/ul>\n<h2 data-start=\"1382\" data-end=\"1411\"><strong data-start=\"1389\" data-end=\"1411\">Pourquoi vous l'aimerez<\/strong><\/h2>\n<ul data-start=\"1412\" data-end=\"1660\">\n<li data-start=\"1412\" data-end=\"1483\">\n<p data-start=\"1414\" data-end=\"1483\">Emballage \u00e0 usage unique - hygi\u00e9nique, pratique, parfait pour les voyages<\/p>\n<\/li>\n<li data-start=\"1484\" data-end=\"1556\">\n<p data-start=\"1486\" data-end=\"1556\">Convient \u00e0 tous les types de peau, y compris les peaux sensibles et acn\u00e9iques.<\/p>\n<\/li>\n<li data-start=\"1557\" data-end=\"1660\">\n<p data-start=\"1559\" data-end=\"1660\">Formule propre - sans alcool, hormones, colorants, m\u00e9taux lourds, ingr\u00e9dients com\u00e9dog\u00e8nes ou nocifs<\/p>\n<\/li>\n<\/ul>","protected":false},"excerpt":{"rendered":"<p>Provitamin B5 Skin Rejuvenating Essence \u2013 Single Use Ampoule (25pcs) Clarify \u2022 Calm \u2022 Repair \u2022 Prevent A travel-friendly, single-use<\/p>","protected":false},"featured_media":3540,"comment_status":"open","ping_status":"closed","template":"","meta":[],"product_brand":[],"product_cat":[20,49,15],"product_tag":[],"class_list":{"0":"post-2115","1":"product","2":"type-product","3":"status-publish","4":"has-post-thumbnail","6":"product_cat-essence","7":"product_cat-for-men","8":"product_cat-korean-routine","10":"first","11":"instock","12":"purchasable","13":"product-type-simple"},"_links":{"self":[{"href":"https:\/\/yukibeauty.ch\/fr\/wp-json\/wp\/v2\/product\/2115","targetHints":{"allow":["GET"]}}],"collection":[{"href":"https:\/\/yukibeauty.ch\/fr\/wp-json\/wp\/v2\/product"}],"about":[{"href":"https:\/\/yukibeauty.ch\/fr\/wp-json\/wp\/v2\/types\/product"}],"replies":[{"embeddable":true,"href":"https:\/\/yukibeauty.ch\/fr\/wp-json\/wp\/v2\/comments?post=2115"}],"wp:featuredmedia":[{"embeddable":true,"href":"https:\/\/yukibeauty.ch\/fr\/wp-json\/wp\/v2\/media\/3540"}],"wp:attachment":[{"href":"https:\/\/yukibeauty.ch\/fr\/wp-json\/wp\/v2\/media?parent=2115"}],"wp:term":[{"taxonomy":"product_brand","embeddable":true,"href":"https:\/\/yukibeauty.ch\/fr\/wp-json\/wp\/v2\/product_brand?post=2115"},{"taxonomy":"product_cat","embeddable":true,"href":"https:\/\/yukibeauty.ch\/fr\/wp-json\/wp\/v2\/product_cat?post=2115"},{"taxonomy":"product_tag","embeddable":true,"href":"https:\/\/yukibeauty.ch\/fr\/wp-json\/wp\/v2\/product_tag?post=2115"}],"curies":[{"name":"wp","href":"https:\/\/api.w.org\/{rel}","templated":true}]}}