{"id":2118,"date":"2025-07-08T14:59:40","date_gmt":"2025-07-08T12:59:40","guid":{"rendered":"https:\/\/yukibeauty.ch\/product\/heartleaf-lha-moisture-peeling-gel-120ml\/"},"modified":"2026-02-10T10:01:14","modified_gmt":"2026-02-10T09:01:14","slug":"anua-heartleaf-peeling","status":"publish","type":"product","link":"https:\/\/yukibeauty.ch\/fr\/shop\/pour-les-hommes\/cleanser-for-men\/anua-heartleaf-peeling\/","title":{"rendered":"Heartleaf LHA Moisture Peeling Gel [120ml] (en anglais)"},"content":{"rendered":"<h2 data-start=\"198\" data-end=\"250\">Anua Heartleaf LHA Moisture Peeling Gel - 120ml<\/h2>\n<p data-start=\"251\" data-end=\"331\"><strong data-start=\"251\" data-end=\"331\">L'exfoliation en douceur rencontre l'hydratation en profondeur - pour une peau lisse, radieuse et apais\u00e9e<\/strong><\/p>\n<p data-start=\"333\" data-end=\"720\">R\u00e9v\u00e9lez l'\u00e9clat naturel de votre peau avec le produit <strong data-start=\"374\" data-end=\"417\">Anua Heartleaf LHA Moisture Peeling Gel<\/strong>, un exfoliant doux aliment\u00e9 par <strong data-start=\"450\" data-end=\"476\">LHA (acide lipohydroxy)<\/strong> et <strong data-start=\"481\" data-end=\"511\">extrait de feuille de c\u0153ur apaisant<\/strong>. Formul\u00e9 pour une utilisation quotidienne ou hebdomadaire, ce gel gommant \u00e9limine efficacement les cellules mortes, d\u00e9sobstrue les pores et rafra\u00eechit le teint, tout en prot\u00e9geant la barri\u00e8re naturelle de la peau et en stimulant l'hydratation.<\/p>\n<h2 data-start=\"727\" data-end=\"746\">Principaux avantages<\/h2>\n<ul data-start=\"748\" data-end=\"1235\">\n<li data-start=\"748\" data-end=\"835\">\n<p data-start=\"750\" data-end=\"835\"><strong data-start=\"750\" data-end=\"771\">Exfolie en douceur<\/strong> avec LHA - un d\u00e9riv\u00e9 de l'acide salicylique doux et respectueux de la peau<\/p>\n<\/li>\n<li data-start=\"836\" data-end=\"920\">\n<p data-start=\"838\" data-end=\"920\"><strong data-start=\"838\" data-end=\"854\">Nettoie les pores de la peau<\/strong>La peau est plus souple, plus lisse et les com\u00e9dons sont att\u00e9nu\u00e9s sans irritation.<\/p>\n<\/li>\n<li data-start=\"921\" data-end=\"994\">\n<p data-start=\"923\" data-end=\"994\"><strong data-start=\"923\" data-end=\"944\">Apaise et calme<\/strong> avec <strong data-start=\"950\" data-end=\"984\">Houttuynia Cordata (feuille de c\u0153ur)<\/strong> extraire<\/p>\n<\/li>\n<li data-start=\"995\" data-end=\"1082\">\n<p data-start=\"997\" data-end=\"1082\"><strong data-start=\"997\" data-end=\"1023\">Nourrit et hydrate<\/strong> avec <strong data-start=\"1029\" data-end=\"1051\">Hyaluronate de sodium<\/strong> et des antioxydants d'origine v\u00e9g\u00e9tale<\/p>\n<\/li>\n<li data-start=\"1083\" data-end=\"1167\">\n<p data-start=\"1085\" data-end=\"1167\"><strong data-start=\"1085\" data-end=\"1121\">Prot\u00e8ge contre le vieillissement pr\u00e9matur\u00e9<\/strong> avec <strong data-start=\"1127\" data-end=\"1147\">Extrait de brocoli<\/strong> et <strong data-start=\"1152\" data-end=\"1165\">Querc\u00e9tine<\/strong><\/p>\n<\/li>\n<li data-start=\"1168\" data-end=\"1235\">\n<p data-start=\"1170\" data-end=\"1235\">Laisse une sensation de fra\u00eecheur sur la peau <strong data-start=\"1190\" data-end=\"1235\">rafra\u00eechie, douce et confortablement hydrat\u00e9e<\/strong><\/p>\n<\/li>\n<\/ul>\n<h2 data-start=\"1242\" data-end=\"1264\">Ingr\u00e9dients \u00e9toil\u00e9s<\/h2>\n<ul data-start=\"1266\" data-end=\"1821\">\n<li data-start=\"1266\" data-end=\"1387\">\n<p data-start=\"1268\" data-end=\"1387\"><strong data-start=\"1268\" data-end=\"1294\">LHA (acide lipohydroxy)<\/strong> - Un exfoliant doux qui \u00e9limine les cellules mortes, d\u00e9sobstrue les pores et affine le grain de la peau.<\/p>\n<\/li>\n<li data-start=\"1388\" data-end=\"1498\">\n<p data-start=\"1390\" data-end=\"1498\"><strong data-start=\"1390\" data-end=\"1420\">Extrait d'Houttuynia Cordata<\/strong> - Apaise l'inflammation, r\u00e9duit les rougeurs et apporte un soutien antibact\u00e9rien.<\/p>\n<\/li>\n<li data-start=\"1499\" data-end=\"1565\">\n<p data-start=\"1501\" data-end=\"1565\"><strong data-start=\"1501\" data-end=\"1523\">Hyaluronate de sodium<\/strong> - Hydrate en profondeur et retient l'humidit\u00e9<\/p>\n<\/li>\n<li data-start=\"1566\" data-end=\"1653\">\n<p data-start=\"1568\" data-end=\"1653\"><strong data-start=\"1568\" data-end=\"1588\">Extrait de brocoli<\/strong> - Riche en antioxydants pour aider \u00e0 se d\u00e9fendre contre les dommages caus\u00e9s par l'environnement<\/p>\n<\/li>\n<li data-start=\"1654\" data-end=\"1733\">\n<p data-start=\"1656\" data-end=\"1733\"><strong data-start=\"1656\" data-end=\"1669\">Allanto\u00efne<\/strong> - Favorise la r\u00e9g\u00e9n\u00e9ration de la peau et aide \u00e0 gu\u00e9rir les micro-irritations<\/p>\n<\/li>\n<li data-start=\"1734\" data-end=\"1821\">\n<p data-start=\"1736\" data-end=\"1821\"><strong data-start=\"1736\" data-end=\"1749\">Querc\u00e9tine<\/strong> - Un bioflavono\u00efde naturel qui r\u00e9duit l'inflammation et calme l'irritation<\/p>\n<\/li>\n<\/ul>\n<h2 data-start=\"1828\" data-end=\"1854\">Texture et type de peau<\/h2>\n<ul data-start=\"1856\" data-end=\"2069\">\n<li data-start=\"1856\" data-end=\"1918\">\n<p data-start=\"1858\" data-end=\"1918\">L\u00e9ger <strong data-start=\"1870\" data-end=\"1885\">texture du gel<\/strong> qui se transforme pendant le massage<\/p>\n<\/li>\n<li data-start=\"1919\" data-end=\"2013\">\n<p data-start=\"1921\" data-end=\"2013\">Convient pour <strong data-start=\"1934\" data-end=\"1952\">tous les types de peau<\/strong>, en particulier <strong data-start=\"1965\" data-end=\"1978\">sensible<\/strong>, <strong data-start=\"1980\" data-end=\"1988\">terne<\/strong>ou <strong data-start=\"1993\" data-end=\"2011\">peau congestionn\u00e9e<\/strong><\/p>\n<\/li>\n<li data-start=\"2014\" data-end=\"2069\">\n<p data-start=\"2016\" data-end=\"2069\">Non d\u00e9capant, non abrasif et s\u00fbr pour une utilisation r\u00e9guli\u00e8re<\/p>\n<\/li>\n<\/ul>\n<p><em data-start=\"2756\" data-end=\"2884\">Un gel gommant doux mais efficace qui respecte la barri\u00e8re cutan\u00e9e tout en r\u00e9v\u00e9lant une peau plus lisse, plus calme et d'apparence plus saine.<\/em><\/p>","protected":false},"excerpt":{"rendered":"<p>Anua Heartleaf LHA Moisture Peeling Gel \u2013 120ml Gentle exfoliation meets deep hydration \u2014 for smooth, radiant, and calm skin<\/p>","protected":false},"featured_media":3366,"comment_status":"open","ping_status":"closed","template":"","meta":[],"product_brand":[],"product_cat":[313,18,49,15],"product_tag":[],"class_list":{"0":"post-2118","1":"product","2":"type-product","3":"status-publish","4":"has-post-thumbnail","6":"product_cat-cleanser-for-men","7":"product_cat-exfoliatiors","8":"product_cat-for-men","9":"product_cat-korean-routine","10":"pa_peeling-type-peeling-gel","12":"first","13":"instock","14":"sale","15":"purchasable","16":"product-type-simple"},"_links":{"self":[{"href":"https:\/\/yukibeauty.ch\/fr\/wp-json\/wp\/v2\/product\/2118","targetHints":{"allow":["GET"]}}],"collection":[{"href":"https:\/\/yukibeauty.ch\/fr\/wp-json\/wp\/v2\/product"}],"about":[{"href":"https:\/\/yukibeauty.ch\/fr\/wp-json\/wp\/v2\/types\/product"}],"replies":[{"embeddable":true,"href":"https:\/\/yukibeauty.ch\/fr\/wp-json\/wp\/v2\/comments?post=2118"}],"wp:featuredmedia":[{"embeddable":true,"href":"https:\/\/yukibeauty.ch\/fr\/wp-json\/wp\/v2\/media\/3366"}],"wp:attachment":[{"href":"https:\/\/yukibeauty.ch\/fr\/wp-json\/wp\/v2\/media?parent=2118"}],"wp:term":[{"taxonomy":"product_brand","embeddable":true,"href":"https:\/\/yukibeauty.ch\/fr\/wp-json\/wp\/v2\/product_brand?post=2118"},{"taxonomy":"product_cat","embeddable":true,"href":"https:\/\/yukibeauty.ch\/fr\/wp-json\/wp\/v2\/product_cat?post=2118"},{"taxonomy":"product_tag","embeddable":true,"href":"https:\/\/yukibeauty.ch\/fr\/wp-json\/wp\/v2\/product_tag?post=2118"}],"curies":[{"name":"wp","href":"https:\/\/api.w.org\/{rel}","templated":true}]}}