{"id":2119,"date":"2025-07-08T14:59:47","date_gmt":"2025-07-08T12:59:47","guid":{"rendered":"https:\/\/yukibeauty.ch\/product\/retinol-intense-advanced-triple-action-eye-cream\/"},"modified":"2025-12-18T20:27:17","modified_gmt":"2025-12-18T19:27:17","slug":"retinol-intense-eye-cream","status":"publish","type":"product","link":"https:\/\/yukibeauty.ch\/fr\/shop\/korean-routine\/creme-pour-les-yeux\/retinol-intense-eye-cream\/","title":{"rendered":"Cr\u00e8me pour les yeux Retinol Intense Advanced Triple Action"},"content":{"rendered":"<h2 data-section-id=\"1cm7uxs\" data-start=\"166\" data-end=\"237\"><strong data-start=\"170\" data-end=\"235\">Some By Mi - Cr\u00e8me pour les yeux Retinol Intense Advanced Triple Action<\/strong><\/h2>\n<p data-start=\"238\" data-end=\"313\"><strong data-start=\"238\" data-end=\"313\">Traitement cibl\u00e9 anti-\u00e2ge pour les yeux contre les rides, les cernes et la fermet\u00e9<\/strong><\/p>\n<p data-start=\"315\" data-end=\"656\">Une solution avanc\u00e9e \u00e0 triple action con\u00e7ue pour les zones cutan\u00e9es d\u00e9licates sujettes aux premiers signes de l'\u00e2ge, notamment les yeux, le front, les l\u00e8vres et le cou. Cette cr\u00e8me au r\u00e9tinol pour les yeux exploite la puissance du r\u00e9tinol (0,1%), du r\u00e9tinal, des peptides et du collag\u00e8ne v\u00e9g\u00e9tal pour lisser visiblement les ridules, \u00e9claircir les cernes et restaurer la fermet\u00e9.<\/p>\n<h2 data-section-id=\"3u00wt\" data-start=\"663\" data-end=\"685\"><strong data-start=\"669\" data-end=\"685\">Principaux avantages<\/strong><\/h2>\n<p data-start=\"687\" data-end=\"887\">- <strong data-start=\"689\" data-end=\"737\">Formule triple action avec r\u00e9tinol et r\u00e9tinal<\/strong><br data-start=\"737\" data-end=\"740\" \/>Cible efficacement les rides, le rel\u00e2chement et l'aspect terne gr\u00e2ce \u00e0 un m\u00e9lange puissant mais doux de r\u00e9tino\u00efdes, qui stimule le renouvellement et l'\u00e9lasticit\u00e9 des cellules de la peau.<\/p>\n<p data-start=\"889\" data-end=\"1077\">- <strong data-start=\"891\" data-end=\"922\">Raffermit et \u00e9claircit visiblement<\/strong><br data-start=\"922\" data-end=\"925\" \/>Enrichi en niacinamide pour r\u00e9duire la pigmentation, la d\u00e9coloration et les cernes, tandis que le collag\u00e8ne comble et lisse le micro-relief de la peau.<\/p>\n<p data-start=\"1079\" data-end=\"1236\">- <strong data-start=\"1081\" data-end=\"1110\">Hydratation et r\u00e9paration en profondeur<\/strong><br data-start=\"1110\" data-end=\"1113\" \/>L'acide hyaluronique et l'eau glaciale procurent une hydratation durable, soulagent la s\u00e9cheresse et renforcent la barri\u00e8re cutan\u00e9e.<\/p>\n<p data-start=\"1238\" data-end=\"1442\">- <strong data-start=\"1240\" data-end=\"1279\">Apaise et prot\u00e8ge les peaux sensibles<\/strong><br data-start=\"1279\" data-end=\"1282\" \/>Avec la Centella Asiatica calmante, le panth\u00e9nol et une formule hypoallerg\u00e9nique, cette cr\u00e8me pour les yeux est id\u00e9ale pour les types de peau les plus d\u00e9licats et r\u00e9actifs.<\/p>\n<h2 data-section-id=\"1cu2wuc\" data-start=\"1449\" data-end=\"1475\"><strong data-start=\"1456\" data-end=\"1475\">Ingr\u00e9dients cl\u00e9s<\/strong><\/h2>\n<ul data-start=\"1477\" data-end=\"1939\">\n<li data-start=\"1477\" data-end=\"1559\">\n<p data-start=\"1479\" data-end=\"1559\"><strong data-start=\"1479\" data-end=\"1505\">0,1% R\u00e9tinol + R\u00e9tinal<\/strong> - favoriser le renouvellement de la peau, r\u00e9duire les rides et le rel\u00e2chement cutan\u00e9<\/p>\n<\/li>\n<li data-start=\"1560\" data-end=\"1636\">\n<p data-start=\"1562\" data-end=\"1636\"><strong data-start=\"1562\" data-end=\"1597\">Peptides et collag\u00e8ne v\u00e9g\u00e9tal<\/strong> - raffermir la peau et renforcer son \u00e9lasticit\u00e9<\/p>\n<\/li>\n<li data-start=\"1637\" data-end=\"1712\">\n<p data-start=\"1639\" data-end=\"1712\"><strong data-start=\"1639\" data-end=\"1654\">Niacinamide<\/strong> - \u00e9claircit les cernes et le teint irr\u00e9gulier de la peau<\/p>\n<\/li>\n<li data-start=\"1713\" data-end=\"1807\">\n<p data-start=\"1715\" data-end=\"1807\"><strong data-start=\"1715\" data-end=\"1750\">Acide hyaluronique + eau glac\u00e9e<\/strong> - Hydrate en profondeur et renforce la barri\u00e8re d'hydratation<\/p>\n<\/li>\n<li data-start=\"1808\" data-end=\"1872\">\n<p data-start=\"1810\" data-end=\"1872\"><strong data-start=\"1810\" data-end=\"1839\">Extrait de Centella Asiatica<\/strong> - apaise et calme les irritations<\/p>\n<\/li>\n<li data-start=\"1873\" data-end=\"1939\">\n<p data-start=\"1875\" data-end=\"1939\"><strong data-start=\"1875\" data-end=\"1888\">Panth\u00e9nol<\/strong> - favorise la r\u00e9g\u00e9n\u00e9ration et prot\u00e8ge la peau d\u00e9licate<\/p>\n<\/li>\n<\/ul>\n<h2 data-section-id=\"1k2c371\" data-start=\"1946\" data-end=\"1973\"><strong data-start=\"1952\" data-end=\"1971\">Recommand\u00e9 pour<\/strong><\/h2>\n<ul>\n<li data-start=\"1974\" data-end=\"2200\">Rides et ridules autour des yeux, des l\u00e8vres et du front<\/li>\n<li data-start=\"1974\" data-end=\"2200\">Cernes, poches et zone terne sous les yeux<\/li>\n<li data-start=\"1974\" data-end=\"2200\">Perte de fermet\u00e9 et d'\u00e9lasticit\u00e9 de la peau<\/li>\n<li data-start=\"1974\" data-end=\"2200\">Peau sensible n\u00e9cessitant des soins anti-\u00e2ge doux et efficaces<\/li>\n<\/ul>","protected":false},"excerpt":{"rendered":"<p>Some By Mi \u2013 Retinol Intense Advanced Triple Action Eye Cream Targeted Anti-Aging Eye Treatment for Wrinkles, Dark Circles &amp;<\/p>","protected":false},"featured_media":3370,"comment_status":"open","ping_status":"closed","template":"","meta":[],"product_brand":[],"product_cat":[22,49,15],"product_tag":[],"class_list":{"0":"post-2119","1":"product","2":"type-product","3":"status-publish","4":"has-post-thumbnail","6":"product_cat-eye-cream","7":"product_cat-for-men","8":"product_cat-korean-routine","10":"first","11":"instock","12":"purchasable","13":"product-type-simple"},"_links":{"self":[{"href":"https:\/\/yukibeauty.ch\/fr\/wp-json\/wp\/v2\/product\/2119","targetHints":{"allow":["GET"]}}],"collection":[{"href":"https:\/\/yukibeauty.ch\/fr\/wp-json\/wp\/v2\/product"}],"about":[{"href":"https:\/\/yukibeauty.ch\/fr\/wp-json\/wp\/v2\/types\/product"}],"replies":[{"embeddable":true,"href":"https:\/\/yukibeauty.ch\/fr\/wp-json\/wp\/v2\/comments?post=2119"}],"wp:featuredmedia":[{"embeddable":true,"href":"https:\/\/yukibeauty.ch\/fr\/wp-json\/wp\/v2\/media\/3370"}],"wp:attachment":[{"href":"https:\/\/yukibeauty.ch\/fr\/wp-json\/wp\/v2\/media?parent=2119"}],"wp:term":[{"taxonomy":"product_brand","embeddable":true,"href":"https:\/\/yukibeauty.ch\/fr\/wp-json\/wp\/v2\/product_brand?post=2119"},{"taxonomy":"product_cat","embeddable":true,"href":"https:\/\/yukibeauty.ch\/fr\/wp-json\/wp\/v2\/product_cat?post=2119"},{"taxonomy":"product_tag","embeddable":true,"href":"https:\/\/yukibeauty.ch\/fr\/wp-json\/wp\/v2\/product_tag?post=2119"}],"curies":[{"name":"wp","href":"https:\/\/api.w.org\/{rel}","templated":true}]}}