{"id":2120,"date":"2025-07-08T14:59:47","date_gmt":"2025-07-08T12:59:47","guid":{"rendered":"https:\/\/yukibeauty.ch\/product\/bean-hydrogel-eye-patch\/"},"modified":"2026-01-19T12:13:20","modified_gmt":"2026-01-19T11:13:20","slug":"mixsoon-eye-patch","status":"publish","type":"product","link":"https:\/\/yukibeauty.ch\/fr\/shop\/korean-routine\/creme-pour-les-yeux\/mixsoon-eye-patch\/","title":{"rendered":"Patch oculaire \u00e0 l'hydrogel de haricot"},"content":{"rendered":"<h2 data-start=\"78\" data-end=\"119\"><strong data-start=\"82\" data-end=\"117\">Patch oculaire \u00e0 l'hydrogel de haricots Mixsoon<\/strong><\/h2>\n<p data-start=\"120\" data-end=\"190\"><strong data-start=\"120\" data-end=\"190\">Patchs d'hydrogel pour \u00e9claircir et revitaliser le contour des yeux<\/strong><\/p>\n<p data-start=\"192\" data-end=\"480\">Rafra\u00eechissez les yeux fatigu\u00e9s et redonnez-leur un aspect radieux gr\u00e2ce au patch hydrogel pour les yeux Mixsoon Bean. Ces patchs rafra\u00eechissants sont infus\u00e9s d'extrait de haricot ferment\u00e9, de niacinamide et d'antioxydants d'origine v\u00e9g\u00e9tale pour cibler l'aspect terne, les ridules, les poches et les cernes en une seule \u00e9tape.<\/p>\n<p data-start=\"482\" data-end=\"648\">Leur texture hydrogel procure une sensation de fra\u00eecheur et d'apaisement et permet aux ingr\u00e9dients actifs d'\u00eatre absorb\u00e9s efficacement tout en adh\u00e9rant confortablement au contour d\u00e9licat des yeux.<\/p>\n<h2 data-start=\"655\" data-end=\"673\">Principaux avantages<\/h2>\n<ul data-start=\"675\" data-end=\"927\">\n<li data-start=\"675\" data-end=\"723\">\n<p data-start=\"677\" data-end=\"723\">\u00c9claircit et revitalise la zone sous les yeux<\/p>\n<\/li>\n<li data-start=\"724\" data-end=\"770\">\n<p data-start=\"726\" data-end=\"770\">R\u00e9duit visiblement les cernes et les poches<\/p>\n<\/li>\n<li data-start=\"771\" data-end=\"825\">\n<p data-start=\"773\" data-end=\"825\">Lisse l'apparence des rides et ridules<\/p>\n<\/li>\n<li data-start=\"826\" data-end=\"876\">\n<p data-start=\"828\" data-end=\"876\">Hydratation en profondeur et fra\u00eecheur apaisante<\/p>\n<\/li>\n<li data-start=\"877\" data-end=\"927\">\n<p data-start=\"879\" data-end=\"927\">La peau est \u00e9clatante, nourrie et bien repos\u00e9e.<\/p>\n<\/li>\n<\/ul>\n<h2 data-start=\"934\" data-end=\"956\">Ingr\u00e9dients cl\u00e9s<\/h2>\n<ul data-start=\"958\" data-end=\"1502\">\n<li data-start=\"958\" data-end=\"1092\">\n<p data-start=\"960\" data-end=\"1092\">Extrait de haricots ferment\u00e9s : ingr\u00e9dient embl\u00e9matique de Mixsoon, riche en acides amin\u00e9s et en nutriments qui aident \u00e0 \u00e9nergiser et \u00e0 raffermir la peau.<\/p>\n<\/li>\n<li data-start=\"1093\" data-end=\"1184\">\n<p data-start=\"1095\" data-end=\"1184\">Niacinamide : r\u00e9duit la production de m\u00e9lanine et am\u00e9liore l'apparence des cernes.<\/p>\n<\/li>\n<li data-start=\"1185\" data-end=\"1274\">\n<p data-start=\"1187\" data-end=\"1274\">Orge ferment\u00e9, grenade et poire : Fournissent une protection antioxydante et une hydratation<\/p>\n<\/li>\n<li data-start=\"1275\" data-end=\"1359\">\n<p data-start=\"1277\" data-end=\"1359\">Extraits de s\u00e9same et de nigelle : Favorisent la microcirculation et soulagent les gonflements<\/p>\n<\/li>\n<li data-start=\"1360\" data-end=\"1424\">\n<p data-start=\"1362\" data-end=\"1424\">Extrait de riz : effets antioxydants et \u00e9claircissants<\/p>\n<\/li>\n<li data-start=\"1425\" data-end=\"1502\">\n<p data-start=\"1427\" data-end=\"1502\">Extrait de placenta : stimule le collag\u00e8ne et l'\u00e9lastine pour une peau plus lisse et plus ferme.<\/p>\n<\/li>\n<\/ul>","protected":false},"excerpt":{"rendered":"<p>Mixsoon Bean Hydrogel Eye Patch Hydrogel Patches for Brightening &amp; Revitalising the Under-Eye Area Refresh tired eyes and restore a<\/p>","protected":false},"featured_media":3377,"comment_status":"open","ping_status":"closed","template":"","meta":[],"product_brand":[],"product_cat":[22,49,15],"product_tag":[],"class_list":{"0":"post-2120","1":"product","2":"type-product","3":"status-publish","4":"has-post-thumbnail","6":"product_cat-eye-cream","7":"product_cat-for-men","8":"product_cat-korean-routine","9":"pa_type-of-face-mask-hydrogel","11":"first","12":"instock","13":"purchasable","14":"product-type-simple"},"_links":{"self":[{"href":"https:\/\/yukibeauty.ch\/fr\/wp-json\/wp\/v2\/product\/2120","targetHints":{"allow":["GET"]}}],"collection":[{"href":"https:\/\/yukibeauty.ch\/fr\/wp-json\/wp\/v2\/product"}],"about":[{"href":"https:\/\/yukibeauty.ch\/fr\/wp-json\/wp\/v2\/types\/product"}],"replies":[{"embeddable":true,"href":"https:\/\/yukibeauty.ch\/fr\/wp-json\/wp\/v2\/comments?post=2120"}],"wp:featuredmedia":[{"embeddable":true,"href":"https:\/\/yukibeauty.ch\/fr\/wp-json\/wp\/v2\/media\/3377"}],"wp:attachment":[{"href":"https:\/\/yukibeauty.ch\/fr\/wp-json\/wp\/v2\/media?parent=2120"}],"wp:term":[{"taxonomy":"product_brand","embeddable":true,"href":"https:\/\/yukibeauty.ch\/fr\/wp-json\/wp\/v2\/product_brand?post=2120"},{"taxonomy":"product_cat","embeddable":true,"href":"https:\/\/yukibeauty.ch\/fr\/wp-json\/wp\/v2\/product_cat?post=2120"},{"taxonomy":"product_tag","embeddable":true,"href":"https:\/\/yukibeauty.ch\/fr\/wp-json\/wp\/v2\/product_tag?post=2120"}],"curies":[{"name":"wp","href":"https:\/\/api.w.org\/{rel}","templated":true}]}}