{"id":2121,"date":"2025-07-08T14:59:47","date_gmt":"2025-07-08T12:59:47","guid":{"rendered":"https:\/\/yukibeauty.ch\/product\/collagen-eye-creme-jericho-rose-tube\/"},"modified":"2026-02-10T10:02:25","modified_gmt":"2026-02-10T09:02:25","slug":"abib-collagen-eye-creme-jericho-rose","status":"publish","type":"product","link":"https:\/\/yukibeauty.ch\/fr\/shop\/korean-routine\/creme-pour-les-yeux\/abib-collagen-eye-creme-jericho-rose\/","title":{"rendered":"Collagen Eye Cr\u00e8me Jericho Rose Tube"},"content":{"rendered":"<h2 data-start=\"202\" data-end=\"248\">Abib Collagen Eye Cr\u00e8me Jericho Rose 30ml<\/h2>\n<p data-start=\"249\" data-end=\"333\"><strong data-start=\"249\" data-end=\"333\">Cr\u00e8me anti-\u00e2ge pour les yeux pour raffermir, hydrater et \u00e9claircir le contour des yeux en seulement 2 semaines<\/strong><\/p>\n<p data-start=\"335\" data-end=\"654\">Dites adieu aux cernes, aux poches et aux ridules gr\u00e2ce \u00e0 la technologie <strong data-start=\"395\" data-end=\"435\">Abib Collagen Eye Cr\u00e8me Jericho Rose<\/strong> - Une formule puissante \u00e0 base de plantes qui offre des r\u00e9sultats visibles en seulement deux semaines. L\u00e9g\u00e8re mais intensive, cette cr\u00e8me cible les signes de vieillissement et de fatigue autour des yeux gr\u00e2ce \u00e0 un m\u00e9lange d'ingr\u00e9dients cliniquement prouv\u00e9s.<\/p>\n<h2 data-start=\"656\" data-end=\"681\">Pourquoi vous l'aimerez<\/h2>\n<ul data-start=\"683\" data-end=\"1304\">\n<li data-start=\"683\" data-end=\"748\">\n<p data-start=\"685\" data-end=\"748\"><strong data-start=\"685\" data-end=\"730\">R\u00e9duit les rides et ridules par 13-18%<\/strong> en seulement 2 semaines<\/p>\n<\/li>\n<li data-start=\"749\" data-end=\"817\">\n<p data-start=\"751\" data-end=\"817\"><strong data-start=\"751\" data-end=\"785\">\u00c9claircit visiblement les cernes<\/strong> de 1,05% apr\u00e8s 2 semaines d'utilisation<\/p>\n<\/li>\n<li data-start=\"818\" data-end=\"902\">\n<p data-start=\"820\" data-end=\"902\">Enrichi en <strong data-start=\"834\" data-end=\"873\">10 005 ppm de collag\u00e8ne d'origine v\u00e9g\u00e9tale<\/strong> pour raffermir et repulper la peau<\/p>\n<\/li>\n<li data-start=\"903\" data-end=\"974\">\n<p data-start=\"905\" data-end=\"974\">Renforc\u00e9 par <strong data-start=\"918\" data-end=\"936\">5% niacinamide<\/strong> pour \u00e9claircir et corriger le teint<\/p>\n<\/li>\n<li data-start=\"975\" data-end=\"1053\">\n<p data-start=\"977\" data-end=\"1053\"><strong data-start=\"977\" data-end=\"998\">Formule hydratante<\/strong> \u00e0 la rose de J\u00e9richo, au tr\u00e9halose et \u00e0 l'acide hyaluronique<\/p>\n<\/li>\n<li data-start=\"1054\" data-end=\"1138\">\n<p data-start=\"1056\" data-end=\"1138\">Comprend <strong data-start=\"1065\" data-end=\"1102\">bakuchiol, caf\u00e9ine et peptides<\/strong> pour un lissage doux \u00e0 base de r\u00e9tinol<\/p>\n<\/li>\n<li data-start=\"1139\" data-end=\"1214\">\n<p data-start=\"1141\" data-end=\"1214\">Texture douce et cr\u00e9meuse <strong data-start=\"1162\" data-end=\"1180\">absorbe facilement<\/strong> sans r\u00e9sidus collants ou lourds<\/p>\n<\/li>\n<li data-start=\"1215\" data-end=\"1304\">\n<p data-start=\"1217\" data-end=\"1304\">Renforce la barri\u00e8re cutan\u00e9e avec <strong data-start=\"1251\" data-end=\"1304\">c\u00e9ramides, asiaticoside et lysat de ferment bifida<\/strong><\/p>\n<\/li>\n<\/ul>","protected":false},"excerpt":{"rendered":"<p>Abib Collagen Eye Cr\u00e8me Jericho Rose 30ml Anti-aging eye cream to firm, hydrate, and brighten the eye area in just<\/p>","protected":false},"featured_media":3385,"comment_status":"open","ping_status":"closed","template":"","meta":[],"product_brand":[],"product_cat":[22,49,15,316],"product_tag":[],"class_list":{"0":"post-2121","1":"product","2":"type-product","3":"status-publish","4":"has-post-thumbnail","6":"product_cat-eye-cream","7":"product_cat-for-men","8":"product_cat-korean-routine","9":"product_cat-moisturizer","11":"first","12":"instock","13":"purchasable","14":"product-type-simple"},"_links":{"self":[{"href":"https:\/\/yukibeauty.ch\/fr\/wp-json\/wp\/v2\/product\/2121","targetHints":{"allow":["GET"]}}],"collection":[{"href":"https:\/\/yukibeauty.ch\/fr\/wp-json\/wp\/v2\/product"}],"about":[{"href":"https:\/\/yukibeauty.ch\/fr\/wp-json\/wp\/v2\/types\/product"}],"replies":[{"embeddable":true,"href":"https:\/\/yukibeauty.ch\/fr\/wp-json\/wp\/v2\/comments?post=2121"}],"wp:featuredmedia":[{"embeddable":true,"href":"https:\/\/yukibeauty.ch\/fr\/wp-json\/wp\/v2\/media\/3385"}],"wp:attachment":[{"href":"https:\/\/yukibeauty.ch\/fr\/wp-json\/wp\/v2\/media?parent=2121"}],"wp:term":[{"taxonomy":"product_brand","embeddable":true,"href":"https:\/\/yukibeauty.ch\/fr\/wp-json\/wp\/v2\/product_brand?post=2121"},{"taxonomy":"product_cat","embeddable":true,"href":"https:\/\/yukibeauty.ch\/fr\/wp-json\/wp\/v2\/product_cat?post=2121"},{"taxonomy":"product_tag","embeddable":true,"href":"https:\/\/yukibeauty.ch\/fr\/wp-json\/wp\/v2\/product_tag?post=2121"}],"curies":[{"name":"wp","href":"https:\/\/api.w.org\/{rel}","templated":true}]}}