{"id":2122,"date":"2025-07-08T14:59:00","date_gmt":"2025-07-08T12:59:00","guid":{"rendered":"https:\/\/yukibeauty.ch\/product\/probioderm-3d-lifting-eye-wrinkle-cream-25ml-double-pack\/"},"modified":"2025-10-29T11:27:30","modified_gmt":"2025-10-29T10:27:30","slug":"probioderm-3d-lifting-eye-wrinkle-cream-25ml-double-pack","status":"publish","type":"product","link":"https:\/\/yukibeauty.ch\/fr\/shop\/korean-routine\/creme-pour-les-yeux\/probioderm-3d-lifting-eye-wrinkle-cream-25ml-double-pack\/","title":{"rendered":"PROBIODERM Cr\u00e8me liftante 3D pour les yeux et les rides 25ml Double pack"},"content":{"rendered":"<h3 data-start=\"78\" data-end=\"141\"><strong data-start=\"82\" data-end=\"139\">BIOHEAL BOH Probioderm 3D Lifting Eye &amp; Wrinkle Cream<\/strong><\/h3>\n<p data-start=\"142\" data-end=\"168\"><strong data-start=\"142\" data-end=\"168\">Emballage double - 25ml \u00d7 2<\/strong><\/p>\n<p data-start=\"170\" data-end=\"476\">Cette cr\u00e8me avanc\u00e9e pour les yeux est formul\u00e9e pour lifter, raffermir et \u00e9claircir la peau d\u00e9licate du contour des yeux. Enrichie de 17 types de peptides, d'EYESERYL et du complexe Probioderm\u2122 exclusif de la marque, elle aide \u00e0 r\u00e9duire les rides, les poches et les cernes tout en am\u00e9liorant l'\u00e9lasticit\u00e9 et l'hydratation de la peau.<\/p>\n<p data-start=\"478\" data-end=\"690\">La formule contient \u00e9galement du c\u00e9ramide NP pour renforcer la barri\u00e8re cutan\u00e9e, du niacinamide pour \u00e9claircir la peau et de l'acide hyaluronique pour hydrater en profondeur, laissant le contour de l'\u0153il lisse, rebondi et d'apparence jeune.<\/p>\n<h3 data-start=\"697\" data-end=\"715\">Principaux avantages<\/h3>\n<ul data-start=\"717\" data-end=\"926\">\n<li data-start=\"717\" data-end=\"749\">\n<p data-start=\"719\" data-end=\"749\">Raffermit et lifte le contour des yeux<\/p>\n<\/li>\n<li data-start=\"750\" data-end=\"789\">\n<p data-start=\"752\" data-end=\"789\">Lisse les ridules et les pattes d'oie<\/p>\n<\/li>\n<li data-start=\"790\" data-end=\"838\">\n<p data-start=\"792\" data-end=\"838\">R\u00e9duit les poches et \u00e9claircit les cernes<\/p>\n<\/li>\n<li data-start=\"839\" data-end=\"887\">\n<p data-start=\"841\" data-end=\"887\">Renforce la barri\u00e8re cutan\u00e9e et hydrate en profondeur<\/p>\n<\/li>\n<li data-start=\"888\" data-end=\"926\">\n<p data-start=\"890\" data-end=\"926\">Texture l\u00e9g\u00e8re, absorption rapide<\/p>\n<\/li>\n<\/ul>\n<h3 data-start=\"933\" data-end=\"955\">Ingr\u00e9dients cl\u00e9s<\/h3>\n<ul data-start=\"957\" data-end=\"1348\">\n<li data-start=\"957\" data-end=\"1090\">\n<p data-start=\"959\" data-end=\"1090\">Probioderm\u2122 Complex : l'ingr\u00e9dient brevet\u00e9 \u00e0 base de probiotiques de BIOHEAL BOH qui soutient la r\u00e9silience et l'\u00e9lasticit\u00e9 naturelles de la peau.<\/p>\n<\/li>\n<li data-start=\"1091\" data-end=\"1167\">\n<p data-start=\"1093\" data-end=\"1167\">17 Peptides + EYESERYL : Am\u00e9liore la fermet\u00e9 et r\u00e9duit les signes de fatigue<\/p>\n<\/li>\n<li data-start=\"1168\" data-end=\"1245\">\n<p data-start=\"1170\" data-end=\"1245\">C\u00e9ramide NP : renforce la barri\u00e8re d'hydratation et apaise la sensibilit\u00e9.<\/p>\n<\/li>\n<li data-start=\"1246\" data-end=\"1296\">\n<p data-start=\"1248\" data-end=\"1296\">Niacinamide : \u00e9claircit et unifie le teint de la peau<\/p>\n<\/li>\n<li data-start=\"1297\" data-end=\"1348\">\n<p data-start=\"1299\" data-end=\"1348\">Acide hyaluronique : Hydrate et repulpe la peau<\/p>\n<\/li>\n<\/ul>\n<p><strong data-start=\"1546\" data-end=\"1559\">Comprend :<\/strong><br data-start=\"1559\" data-end=\"1562\" \/>2 \u00d7 Probioderm 3D Lifting Eye &amp; Wrinkle Cream 25ml (total 50ml)<\/p>","protected":false},"excerpt":{"rendered":"<p>BIOHEAL BOH Probioderm 3D Lifting Eye &amp; Wrinkle Cream Double Pack | 25ml \u00d7 2 This advanced eye cream is<\/p>","protected":false},"featured_media":3391,"comment_status":"open","ping_status":"closed","template":"","meta":[],"product_brand":[],"product_cat":[22,49,15],"product_tag":[],"class_list":{"0":"post-2122","1":"product","2":"type-product","3":"status-publish","4":"has-post-thumbnail","6":"product_cat-eye-cream","7":"product_cat-for-men","8":"product_cat-korean-routine","10":"first","11":"outofstock","12":"purchasable","13":"product-type-simple"},"_links":{"self":[{"href":"https:\/\/yukibeauty.ch\/fr\/wp-json\/wp\/v2\/product\/2122","targetHints":{"allow":["GET"]}}],"collection":[{"href":"https:\/\/yukibeauty.ch\/fr\/wp-json\/wp\/v2\/product"}],"about":[{"href":"https:\/\/yukibeauty.ch\/fr\/wp-json\/wp\/v2\/types\/product"}],"replies":[{"embeddable":true,"href":"https:\/\/yukibeauty.ch\/fr\/wp-json\/wp\/v2\/comments?post=2122"}],"wp:featuredmedia":[{"embeddable":true,"href":"https:\/\/yukibeauty.ch\/fr\/wp-json\/wp\/v2\/media\/3391"}],"wp:attachment":[{"href":"https:\/\/yukibeauty.ch\/fr\/wp-json\/wp\/v2\/media?parent=2122"}],"wp:term":[{"taxonomy":"product_brand","embeddable":true,"href":"https:\/\/yukibeauty.ch\/fr\/wp-json\/wp\/v2\/product_brand?post=2122"},{"taxonomy":"product_cat","embeddable":true,"href":"https:\/\/yukibeauty.ch\/fr\/wp-json\/wp\/v2\/product_cat?post=2122"},{"taxonomy":"product_tag","embeddable":true,"href":"https:\/\/yukibeauty.ch\/fr\/wp-json\/wp\/v2\/product_tag?post=2122"}],"curies":[{"name":"wp","href":"https:\/\/api.w.org\/{rel}","templated":true}]}}