{"id":2123,"date":"2025-07-08T14:59:47","date_gmt":"2025-07-08T12:59:47","guid":{"rendered":"https:\/\/yukibeauty.ch\/product\/the-retinol-0-5-oil\/"},"modified":"2025-09-17T13:11:44","modified_gmt":"2025-09-17T11:11:44","slug":"the-retinol-0-5-oil","status":"publish","type":"product","link":"https:\/\/yukibeauty.ch\/fr\/shop\/korean-routine\/creme-pour-les-yeux\/the-retinol-0-5-oil\/","title":{"rendered":"L'huile de r\u00e9tinol 0,5"},"content":{"rendered":"<h3 data-start=\"122\" data-end=\"157\"><strong data-start=\"126\" data-end=\"155\">COSRX The Retinol 0.5 Oil<\/strong><\/h3>\n<p data-start=\"158\" data-end=\"237\"><strong data-start=\"158\" data-end=\"237\">Traitement anti-\u00e2ge cibl\u00e9 au r\u00e9tinol pur, au squalane et \u00e0 la super vitamine E<\/strong><\/p>\n<p data-start=\"239\" data-end=\"602\">La peau est visiblement plus ferme, plus lisse et plus uniforme gr\u00e2ce \u00e0 l'huile au r\u00e9tinol 0,5 - un traitement de nuit puissant formul\u00e9 avec 0,5% de r\u00e9tinol pur, et non de ses d\u00e9riv\u00e9s. Id\u00e9ale pour celles qui ont d\u00e9j\u00e0 l'habitude des r\u00e9tino\u00efdes, cette huile soyeuse cible les rides et ridules, les pores dilat\u00e9s et la perte d'\u00e9lasticit\u00e9, tout en am\u00e9liorant la texture et l'\u00e9clat de la peau.<\/p>\n<p data-start=\"604\" data-end=\"820\">Sa formule douce mais puissante est \u00e9quilibr\u00e9e avec du squalane d'origine v\u00e9g\u00e9tale et du tocotri\u00e9nol (super vitamine E) pour hydrater, apaiser et prot\u00e9ger votre peau, ce qui la rend efficace mais non irritante, m\u00eame pour les peaux sensibles.<\/p>\n<h3 data-start=\"827\" data-end=\"845\">Principaux avantages<\/h3>\n<ul data-start=\"847\" data-end=\"1104\">\n<li data-start=\"847\" data-end=\"878\">\n<p data-start=\"849\" data-end=\"878\">Lisse les rides profondes et les ridules<\/p>\n<\/li>\n<li data-start=\"879\" data-end=\"912\">\n<p data-start=\"881\" data-end=\"912\">Raffermit et am\u00e9liore l'\u00e9lasticit\u00e9<\/p>\n<\/li>\n<li data-start=\"913\" data-end=\"955\">\n<p data-start=\"915\" data-end=\"955\">Affine le grain de la peau et r\u00e9duit les pores<\/p>\n<\/li>\n<li data-start=\"956\" data-end=\"1007\">\n<p data-start=\"958\" data-end=\"1007\">\u00c9claircit le teint in\u00e9gal et att\u00e9nue les taches sombres<\/p>\n<\/li>\n<li data-start=\"1008\" data-end=\"1054\">\n<p data-start=\"1010\" data-end=\"1054\">Nourrit et renforce la barri\u00e8re cutan\u00e9e<\/p>\n<\/li>\n<li data-start=\"1055\" data-end=\"1104\">\n<p data-start=\"1057\" data-end=\"1104\">Favorise la production de collag\u00e8ne et le renouvellement de la peau<\/p>\n<\/li>\n<\/ul>\n<h3 data-start=\"1111\" data-end=\"1133\">Ingr\u00e9dients cl\u00e9s<\/h3>\n<ul data-start=\"1135\" data-end=\"1450\">\n<li data-start=\"1135\" data-end=\"1236\">\n<p data-start=\"1137\" data-end=\"1236\">0.5% R\u00e9tinol pur - Renforce le collag\u00e8ne, acc\u00e9l\u00e8re le renouvellement cellulaire et att\u00e9nue visiblement les rides.<\/p>\n<\/li>\n<li data-start=\"1237\" data-end=\"1347\">\n<p data-start=\"1239\" data-end=\"1347\">Tocotrienol (Super vitamine E) - Antioxydant puissant qui combat les signes du vieillissement et les dommages caus\u00e9s par les radicaux libres.<\/p>\n<\/li>\n<li data-start=\"1348\" data-end=\"1450\">\n<p data-start=\"1350\" data-end=\"1450\">Squalane d'origine v\u00e9g\u00e9tale - Pr\u00e9vient la perte d'hydratation, apaise la peau et renforce la fonction de barri\u00e8re.<\/p>\n<\/li>\n<\/ul>\n<h3 data-start=\"1457\" data-end=\"1484\">Texture et absorption<\/h3>\n<p data-start=\"1486\" data-end=\"1630\">Texture huileuse l\u00e9g\u00e8re et soyeuse qui glisse sans effort et p\u00e9n\u00e8tre bien sans effet gras - parfaite pour une routine nocturne nourrissante.<\/p>\n<p data-start=\"1486\" data-end=\"1630\"><strong data-start=\"2519\" data-end=\"2539\">Recommand\u00e9 pour :<\/strong><br data-start=\"2539\" data-end=\"2542\" \/>- Rides fines et profondes<br data-start=\"2571\" data-end=\"2574\" \/>- Affaissement de la peau et perte d'\u00e9lasticit\u00e9<br data-start=\"2607\" data-end=\"2610\" \/>- Texture ou tonalit\u00e9 irr\u00e9guli\u00e8re<br data-start=\"2635\" data-end=\"2638\" \/>- Pores dilat\u00e9s<br data-start=\"2655\" data-end=\"2658\" \/>- Peau terne ou s\u00e8che<\/p>","protected":false},"excerpt":{"rendered":"<p>COSRX The Retinol 0.5 Oil Targeted Anti-Aging Treatment with Pure Retinol, Squalane &amp; Super Vitamin E Reveal visibly firmer, smoother,<\/p>","protected":false},"featured_media":3393,"comment_status":"open","ping_status":"closed","template":"","meta":[],"product_brand":[],"product_cat":[22,49,15],"product_tag":[],"class_list":{"0":"post-2123","1":"product","2":"type-product","3":"status-publish","4":"has-post-thumbnail","6":"product_cat-eye-cream","7":"product_cat-for-men","8":"product_cat-korean-routine","10":"first","11":"outofstock","12":"purchasable","13":"product-type-simple"},"_links":{"self":[{"href":"https:\/\/yukibeauty.ch\/fr\/wp-json\/wp\/v2\/product\/2123","targetHints":{"allow":["GET"]}}],"collection":[{"href":"https:\/\/yukibeauty.ch\/fr\/wp-json\/wp\/v2\/product"}],"about":[{"href":"https:\/\/yukibeauty.ch\/fr\/wp-json\/wp\/v2\/types\/product"}],"replies":[{"embeddable":true,"href":"https:\/\/yukibeauty.ch\/fr\/wp-json\/wp\/v2\/comments?post=2123"}],"wp:featuredmedia":[{"embeddable":true,"href":"https:\/\/yukibeauty.ch\/fr\/wp-json\/wp\/v2\/media\/3393"}],"wp:attachment":[{"href":"https:\/\/yukibeauty.ch\/fr\/wp-json\/wp\/v2\/media?parent=2123"}],"wp:term":[{"taxonomy":"product_brand","embeddable":true,"href":"https:\/\/yukibeauty.ch\/fr\/wp-json\/wp\/v2\/product_brand?post=2123"},{"taxonomy":"product_cat","embeddable":true,"href":"https:\/\/yukibeauty.ch\/fr\/wp-json\/wp\/v2\/product_cat?post=2123"},{"taxonomy":"product_tag","embeddable":true,"href":"https:\/\/yukibeauty.ch\/fr\/wp-json\/wp\/v2\/product_tag?post=2123"}],"curies":[{"name":"wp","href":"https:\/\/api.w.org\/{rel}","templated":true}]}}