{"id":2124,"date":"2025-07-08T14:59:47","date_gmt":"2025-07-08T12:59:47","guid":{"rendered":"https:\/\/yukibeauty.ch\/product\/deep-lifting-peptide-eye-cream-for-face\/"},"modified":"2025-12-18T20:27:08","modified_gmt":"2025-12-18T19:27:08","slug":"medicube-deep-lifting-peptide-eye-cream","status":"publish","type":"product","link":"https:\/\/yukibeauty.ch\/fr\/shop\/korean-routine\/creme-pour-les-yeux\/medicube-deep-lifting-peptide-eye-cream\/","title":{"rendered":"Cr\u00e8me pour les yeux Deep Lifting Peptide"},"content":{"rendered":"<h2 data-section-id=\"11xa86f\" data-start=\"187\" data-end=\"232\">Cr\u00e8me pour les yeux Deep Lifting Peptide<\/h2>\n<p data-start=\"233\" data-end=\"267\">Lift multi peptides pour les yeux<\/p>\n<p data-start=\"269\" data-end=\"568\">Une cr\u00e8me anti-\u00e2ge puissante con\u00e7ue pour la zone d\u00e9licate des yeux - et au-del\u00e0. La cr\u00e8me peptidique pour les yeux Medicube Deep Lifting offre une hydratation profonde, un soutien de l'\u00e9lasticit\u00e9 et des effets liftants visibles gr\u00e2ce \u00e0 son complexe peptidique biomim\u00e9tique avanc\u00e9, au collag\u00e8ne, \u00e0 l'acide hyaluronique et \u00e0 la technologie 3D Tension Some.<\/p>\n<h2 data-section-id=\"14o11cl\" data-start=\"570\" data-end=\"588\">Principaux avantages<\/h2>\n<ul data-start=\"589\" data-end=\"836\">\n<li data-start=\"589\" data-end=\"627\">\n<p data-start=\"591\" data-end=\"627\">R\u00e9duit les ridules et les pattes d'oie<\/p>\n<\/li>\n<li data-start=\"628\" data-end=\"672\">\n<p data-start=\"630\" data-end=\"672\">Raffermit la peau rel\u00e2ch\u00e9e et renforce son \u00e9lasticit\u00e9<\/p>\n<\/li>\n<li data-start=\"673\" data-end=\"727\">\n<p data-start=\"675\" data-end=\"727\">Hydrate intens\u00e9ment et lisse les zones s\u00e8ches et d\u00e9licates.<\/p>\n<\/li>\n<li data-start=\"728\" data-end=\"776\">\n<p data-start=\"730\" data-end=\"776\">Aide \u00e0 restaurer le teint et la fonction de barri\u00e8re de la peau<\/p>\n<\/li>\n<li data-start=\"777\" data-end=\"836\">\n<p data-start=\"779\" data-end=\"836\">Texture l\u00e9g\u00e8re et non grasse id\u00e9ale pour le jour et la nuit<\/p>\n<\/li>\n<\/ul>\n<p data-section-id=\"1ka5ul6\" data-start=\"838\" data-end=\"860\"><strong>Formule \u00e0 double usage<\/strong><\/p>\n<p data-start=\"861\" data-end=\"1143\">Bien que formul\u00e9e pour le contour des yeux, cette cr\u00e8me est suffisamment douce et efficace pour \u00eatre utilis\u00e9e sur l'ensemble du visage ou sur toute zone n\u00e9cessitant un soin anti-\u00e2ge. Sa texture cr\u00e9meuse s'absorbe facilement sans coller ni s'alourdir, ce qui la rend parfaite pour \u00eatre appliqu\u00e9e sous le maquillage ou comme soin de nuit.<\/p>\n<p data-section-id=\"zjfa7d\" data-start=\"1145\" data-end=\"1188\"><strong>Aliment\u00e9 par un complexe peptidique de 20 000 ppm<\/strong><\/p>\n<ul data-start=\"1189\" data-end=\"1488\">\n<li data-start=\"1189\" data-end=\"1344\">\n<p data-start=\"1191\" data-end=\"1224\">Comprend 4 peptides biomim\u00e9tiques :<\/p>\n<ul data-start=\"1227\" data-end=\"1344\">\n<li data-start=\"1227\" data-end=\"1261\">\n<p data-start=\"1229\" data-end=\"1261\">Ester c\u00e9tylique de l'ac\u00e9tyld\u00e9peptide-1<\/p>\n<\/li>\n<li data-start=\"1264\" data-end=\"1290\">\n<p data-start=\"1266\" data-end=\"1290\">Palmitoyl Tripeptide-5<\/p>\n<\/li>\n<li data-start=\"1293\" data-end=\"1317\">\n<p data-start=\"1295\" data-end=\"1317\">Ac\u00e9tyl Hexapeptide-1<\/p>\n<\/li>\n<li data-start=\"1320\" data-end=\"1344\">\n<p data-start=\"1322\" data-end=\"1344\">Ac\u00e9tyl Octapeptide-3<\/p>\n<\/li>\n<\/ul>\n<\/li>\n<li data-start=\"1345\" data-end=\"1395\">\n<p data-start=\"1347\" data-end=\"1395\">Imite les signaux naturels de r\u00e9g\u00e9n\u00e9ration de la peau<\/p>\n<\/li>\n<li data-start=\"1396\" data-end=\"1440\">\n<p data-start=\"1398\" data-end=\"1440\">Favorise la production de collag\u00e8ne et d'\u00e9lastine<\/p>\n<\/li>\n<li data-start=\"1441\" data-end=\"1488\">\n<p data-start=\"1443\" data-end=\"1488\">Raffermit et rajeunit la peau rel\u00e2ch\u00e9e ou fatigu\u00e9e<\/p>\n<\/li>\n<\/ul>\n<p data-section-id=\"13ltj9j\" data-start=\"1490\" data-end=\"1522\"><strong>Technologie 3D Tension Some<\/strong><\/p>\n<p data-start=\"1523\" data-end=\"1781\">Ce syst\u00e8me brevet\u00e9 utilise des polym\u00e8res \u00e0 haut poids mol\u00e9culaire tels que le collag\u00e8ne, l'\u00e9lastine et l'acide hyaluronique pour former un film liftant perm\u00e9able \u00e0 l'air sur la peau. Il resserre et lisse la peau instantan\u00e9ment, contribuant \u00e0 r\u00e9duire l'apparence des ridules et des poches.<\/p>\n<p data-section-id=\"2uqobb\" data-start=\"1783\" data-end=\"1821\"><strong>Hydratation en profondeur et r\u00e9paration de la barri\u00e8re<\/strong><\/p>\n<ul data-start=\"1822\" data-end=\"2127\">\n<li data-start=\"1822\" data-end=\"1884\">\n<p data-start=\"1824\" data-end=\"1884\">7 types de collag\u00e8ne pour restaurer la densit\u00e9 et le rebond de la peau<\/p>\n<\/li>\n<li data-start=\"1885\" data-end=\"1968\">\n<p data-start=\"1887\" data-end=\"1968\">7 poids mol\u00e9culaires d'acide hyaluronique pour une hydratation en profondeur et un repulpage de la peau<\/p>\n<\/li>\n<li data-start=\"1969\" data-end=\"2068\">\n<p data-start=\"1971\" data-end=\"2068\">Natural Moisturizing Factor (NMF) pour renforcer la barri\u00e8re cutan\u00e9e et favoriser l'hydratation \u00e0 long terme.<\/p>\n<\/li>\n<li data-start=\"2069\" data-end=\"2127\">\n<p data-start=\"2071\" data-end=\"2127\">Squalane et beurre de karit\u00e9 pour nourrir et adoucir<\/p>\n<\/li>\n<\/ul>\n<h2 data-section-id=\"2ot5x8\" data-start=\"2350\" data-end=\"2372\">Notes compl\u00e9mentaires<\/h2>\n<ul data-start=\"2373\" data-end=\"2545\">\n<li data-start=\"2373\" data-end=\"2443\">\n<p data-start=\"2375\" data-end=\"2443\">Test\u00e9 cliniquement pour ses effets anti-rides, liftant et hydratant.<\/p>\n<\/li>\n<li data-start=\"2444\" data-end=\"2490\">\n<p data-start=\"2446\" data-end=\"2490\">Test\u00e9 dermatologiquement et hypoallerg\u00e9nique<\/p>\n<\/li>\n<li data-start=\"2491\" data-end=\"2545\">\n<p data-start=\"2493\" data-end=\"2545\">Id\u00e9al pour tous les types de peau, y compris les peaux sensibles<\/p>\n<\/li>\n<\/ul>","protected":false},"excerpt":{"rendered":"<p>Deep Lifting Peptide Eye Cream Multi-Peptide Lift for Eyes A powerful anti-aging cream designed for the delicate eye area \u2014<\/p>","protected":false},"featured_media":3401,"comment_status":"open","ping_status":"closed","template":"","meta":[],"product_brand":[],"product_cat":[22,49,15],"product_tag":[],"class_list":{"0":"post-2124","1":"product","2":"type-product","3":"status-publish","4":"has-post-thumbnail","6":"product_cat-eye-cream","7":"product_cat-for-men","8":"product_cat-korean-routine","10":"first","11":"instock","12":"featured","13":"purchasable","14":"product-type-simple"},"_links":{"self":[{"href":"https:\/\/yukibeauty.ch\/fr\/wp-json\/wp\/v2\/product\/2124","targetHints":{"allow":["GET"]}}],"collection":[{"href":"https:\/\/yukibeauty.ch\/fr\/wp-json\/wp\/v2\/product"}],"about":[{"href":"https:\/\/yukibeauty.ch\/fr\/wp-json\/wp\/v2\/types\/product"}],"replies":[{"embeddable":true,"href":"https:\/\/yukibeauty.ch\/fr\/wp-json\/wp\/v2\/comments?post=2124"}],"wp:featuredmedia":[{"embeddable":true,"href":"https:\/\/yukibeauty.ch\/fr\/wp-json\/wp\/v2\/media\/3401"}],"wp:attachment":[{"href":"https:\/\/yukibeauty.ch\/fr\/wp-json\/wp\/v2\/media?parent=2124"}],"wp:term":[{"taxonomy":"product_brand","embeddable":true,"href":"https:\/\/yukibeauty.ch\/fr\/wp-json\/wp\/v2\/product_brand?post=2124"},{"taxonomy":"product_cat","embeddable":true,"href":"https:\/\/yukibeauty.ch\/fr\/wp-json\/wp\/v2\/product_cat?post=2124"},{"taxonomy":"product_tag","embeddable":true,"href":"https:\/\/yukibeauty.ch\/fr\/wp-json\/wp\/v2\/product_tag?post=2124"}],"curies":[{"name":"wp","href":"https:\/\/api.w.org\/{rel}","templated":true}]}}