{"id":2134,"date":"2025-07-08T14:59:47","date_gmt":"2025-07-08T12:59:47","guid":{"rendered":"https:\/\/yukibeauty.ch\/product\/lip-sleeping-mask\/"},"modified":"2026-01-19T12:14:58","modified_gmt":"2026-01-19T11:14:58","slug":"lip-sleeping-mask","status":"publish","type":"product","link":"https:\/\/yukibeauty.ch\/fr\/shop\/korean-routine\/masks\/lip-sleeping-mask\/","title":{"rendered":"Masque de sommeil pour les l\u00e8vres"},"content":{"rendered":"<h2 data-start=\"158\" data-end=\"193\">LANEIGE Masque de sommeil pour les l\u00e8vres<\/h2>\n<p>LANEIGE Masque de sommeil pour les l\u00e8vres<\/p>\n<p>Soin de nuit pour des l\u00e8vres douces, lisses et agr\u00e9ables \u00e0 embrasser<\/p>\n<h2>Pourquoi vous l'aimerez<\/h2>\n<ul>\n<li>Au r\u00e9veil, vos l\u00e8vres sont profond\u00e9ment hydrat\u00e9es et souples. Ce masque de nuit riche, semblable \u00e0 un baume, fait fondre les cellules mortes de la peau et procure \u00e0 vos l\u00e8vres une hydratation intense pendant votre sommeil.<\/li>\n<li>Berry Mix Complex\u2122 : Riche en vitamine C et en antioxydants issus d'extraits de baies pour lisser et revitaliser les l\u00e8vres s\u00e8ches.<\/li>\n<li>Moisture Wrap\u2122 Technology : Une matrice brevet\u00e9e de b\u00eata-glucane avec de l'eau min\u00e9rale Hydro Ion, de la racine d'onagre et des extraits d'abricot de Hunza qui emprisonnent l'hydratation pendant 8 heures.<\/li>\n<li>Beurre de karit\u00e9 et beurre de murumuru : Nourrissent les l\u00e8vres avec des acides gras essentiels pour une douceur durable.<\/li>\n<li>Parfait pour pr\u00e9parer le maquillage : Rend les l\u00e8vres lisses et \u00e9lastiques d\u00e8s le matin.<\/li>\n<li>Des parfums sucr\u00e9s et fruit\u00e9s qui font de votre routine nocturne un plaisir.<\/li>\n<\/ul>\n<h2>Ce qu'il y a \u00e0 l'int\u00e9rieur<\/h2>\n<p>1 x Masque de sommeil pour les l\u00e8vres (vari\u00e9t\u00e9 de parfums)<\/p>\n<p>1 x Spatule pour une application propre et facile<\/p>","protected":false},"excerpt":{"rendered":"<p>LANEIGE Lip Sleeping Mask LANEIGE Lip Sleeping Mask Overnight care for soft, smooth, kissable lips Why You\u2019ll Love It Wake<\/p>","protected":false},"featured_media":3440,"comment_status":"open","ping_status":"closed","template":"","meta":[],"product_brand":[],"product_cat":[49,15,21],"product_tag":[],"class_list":{"0":"post-2134","1":"product","2":"type-product","3":"status-publish","4":"has-post-thumbnail","6":"product_cat-for-men","7":"product_cat-korean-routine","8":"product_cat-masks","10":"first","11":"instock","12":"purchasable","13":"product-type-simple"},"_links":{"self":[{"href":"https:\/\/yukibeauty.ch\/fr\/wp-json\/wp\/v2\/product\/2134","targetHints":{"allow":["GET"]}}],"collection":[{"href":"https:\/\/yukibeauty.ch\/fr\/wp-json\/wp\/v2\/product"}],"about":[{"href":"https:\/\/yukibeauty.ch\/fr\/wp-json\/wp\/v2\/types\/product"}],"replies":[{"embeddable":true,"href":"https:\/\/yukibeauty.ch\/fr\/wp-json\/wp\/v2\/comments?post=2134"}],"wp:featuredmedia":[{"embeddable":true,"href":"https:\/\/yukibeauty.ch\/fr\/wp-json\/wp\/v2\/media\/3440"}],"wp:attachment":[{"href":"https:\/\/yukibeauty.ch\/fr\/wp-json\/wp\/v2\/media?parent=2134"}],"wp:term":[{"taxonomy":"product_brand","embeddable":true,"href":"https:\/\/yukibeauty.ch\/fr\/wp-json\/wp\/v2\/product_brand?post=2134"},{"taxonomy":"product_cat","embeddable":true,"href":"https:\/\/yukibeauty.ch\/fr\/wp-json\/wp\/v2\/product_cat?post=2134"},{"taxonomy":"product_tag","embeddable":true,"href":"https:\/\/yukibeauty.ch\/fr\/wp-json\/wp\/v2\/product_tag?post=2134"}],"curies":[{"name":"wp","href":"https:\/\/api.w.org\/{rel}","templated":true}]}}