{"id":2135,"date":"2025-07-08T14:59:00","date_gmt":"2025-07-08T12:59:00","guid":{"rendered":"https:\/\/yukibeauty.ch\/product\/pdrn-pink-collagen-gel-mask\/"},"modified":"2026-02-10T10:03:56","modified_gmt":"2026-02-10T09:03:56","slug":"pdrn-pink-collagen-mask","status":"publish","type":"product","link":"https:\/\/yukibeauty.ch\/fr\/shop\/korean-routine\/masks\/pdrn-pink-collagen-mask\/","title":{"rendered":"Masque gel au collag\u00e8ne rose PDRN"},"content":{"rendered":"<h2 data-section-id=\"wnwhah\" data-start=\"185\" data-end=\"218\">Masque gel au collag\u00e8ne rose PDRN<\/h2>\n<p data-start=\"219\" data-end=\"247\">Fermet\u00e9. \u00c9clat. R\u00e9paration en profondeur.<\/p>\n<p data-start=\"249\" data-end=\"486\">Medicube PDRN Pink Collagen Gel Mask offre des soins intensifs gr\u00e2ce \u00e0 une texture g\u00e9latineuse unique qui se fond dans la peau, am\u00e9liorant visiblement l'\u00e9lasticit\u00e9, la tonicit\u00e9 et l'hydratation. Id\u00e9al pour les peaux ternes, fatigu\u00e9es ou sensibles qui ont besoin d'\u00eatre r\u00e9g\u00e9n\u00e9r\u00e9es.<\/p>\n<h2 data-section-id=\"14o11cl\" data-start=\"488\" data-end=\"506\">Principaux avantages<\/h2>\n<ul data-start=\"507\" data-end=\"841\">\n<li data-start=\"507\" data-end=\"587\">\n<p data-start=\"509\" data-end=\"587\">Am\u00e9liore l'\u00e9lasticit\u00e9 de la peau gr\u00e2ce \u00e0 <strong data-start=\"539\" data-end=\"554\">Saumon PDRN<\/strong> et <strong data-start=\"559\" data-end=\"585\">collag\u00e8ne \u00e0 faible poids mol\u00e9culaire<\/strong><\/p>\n<\/li>\n<li data-start=\"588\" data-end=\"648\">\n<p data-start=\"590\" data-end=\"648\">Hydrate en profondeur et apaise les peaux sensibles et irrit\u00e9es.<\/p>\n<\/li>\n<li data-start=\"649\" data-end=\"713\">\n<p data-start=\"651\" data-end=\"713\">Unifie le teint de la peau et estompe les d\u00e9colorations avec <strong data-start=\"696\" data-end=\"711\">niacinamide<\/strong><\/p>\n<\/li>\n<li data-start=\"714\" data-end=\"791\">\n<p data-start=\"716\" data-end=\"791\">Renforce la barri\u00e8re cutan\u00e9e pour une meilleure r\u00e9sistance et une meilleure r\u00e9tention de l'humidit\u00e9<\/p>\n<\/li>\n<li data-start=\"792\" data-end=\"841\">\n<p data-start=\"794\" data-end=\"841\">Laisse un effet \"peau de verre\" radieux et lisse<\/p>\n<\/li>\n<\/ul>\n<p data-section-id=\"1gq63qk\" data-start=\"843\" data-end=\"879\"><strong>Soins avanc\u00e9s du collag\u00e8ne et de l'ADN<\/strong><\/p>\n<p data-start=\"880\" data-end=\"1136\">Ce masque gel de nouvelle g\u00e9n\u00e9ration est infus\u00e9 de <strong data-start=\"926\" data-end=\"945\">ADN de saumon PDRN<\/strong> et <strong data-start=\"950\" data-end=\"962\">collag\u00e8ne<\/strong>qui agissent ensemble pour restaurer la fermet\u00e9 de la peau, am\u00e9liorer le teint et lisser les ridules. La texture g\u00e9lifi\u00e9e am\u00e9liore l'absorption et fait p\u00e9n\u00e9trer les ingr\u00e9dients actifs en profondeur dans la peau.<\/p>\n<p data-section-id=\"14fuwsl\" data-start=\"1138\" data-end=\"1170\"><strong>Formule gel transformateur<\/strong><\/p>\n<p data-start=\"1171\" data-end=\"1419\">Le masque commence par une texture de gel\u00e9e rose et devient transparent au fur et \u00e0 mesure que la peau absorbe l'essence - un signe visuel d'hydratation profonde et d'efficacit\u00e9. Test\u00e9 cliniquement, il am\u00e9liore l'hydratation, les ridules et l'\u00e9lasticit\u00e9 de la peau apr\u00e8s une seule utilisation.<\/p>\n<p data-section-id=\"1iuc17x\" data-start=\"1421\" data-end=\"1447\"><strong>Rafra\u00eechissant et apaisant<\/strong><\/p>\n<p data-start=\"1448\" data-end=\"1590\">Refroidit instantan\u00e9ment la peau et r\u00e9duit la temp\u00e9rature de surface, offrant une protection de la barri\u00e8re d'hydratation pendant 24 heures avec une formule douce et non irritante.<\/p>\n<h2 data-section-id=\"a7idu5\" data-start=\"1998\" data-end=\"2011\">Attention<\/h2>\n<ul data-start=\"2012\" data-end=\"2265\">\n<li data-start=\"2012\" data-end=\"2037\">\n<p data-start=\"2014\" data-end=\"2037\">Pour usage externe uniquement<\/p>\n<\/li>\n<li data-start=\"2038\" data-end=\"2065\">\n<p data-start=\"2040\" data-end=\"2065\">\u00c9viter le contact avec les yeux<\/p>\n<\/li>\n<li data-start=\"2066\" data-end=\"2127\">\n<p data-start=\"2068\" data-end=\"2127\">Cesser l'utilisation en cas de rougeur, de d\u00e9mangeaison ou d'irritation.<\/p>\n<\/li>\n<li data-start=\"2128\" data-end=\"2176\">\n<p data-start=\"2130\" data-end=\"2176\">Effectuer un test \u00e9picutan\u00e9 avant l'application compl\u00e8te<\/p>\n<\/li>\n<li data-start=\"2177\" data-end=\"2233\">\n<p data-start=\"2179\" data-end=\"2233\">Conserver dans un endroit frais et sec, \u00e0 l'abri de la lumi\u00e8re directe du soleil.<\/p>\n<\/li>\n<li data-start=\"2234\" data-end=\"2265\">\n<p data-start=\"2236\" data-end=\"2265\">Tenir hors de port\u00e9e des enfants<\/p>\n<\/li>\n<\/ul>","protected":false},"excerpt":{"rendered":"<p>PDRN Pink Collagen Gel Mask Firmness. Glow. Deep Repair. Medicube PDRN Pink Collagen Gel Mask delivers intensive care with a<\/p>","protected":false},"featured_media":3451,"comment_status":"open","ping_status":"closed","template":"","meta":[],"product_brand":[],"product_cat":[49,15,21,317],"product_tag":[],"class_list":{"0":"post-2135","1":"product","2":"type-product","3":"status-publish","4":"has-post-thumbnail","6":"product_cat-for-men","7":"product_cat-korean-routine","8":"product_cat-masks","9":"product_cat-sheet-mask","11":"first","12":"instock","13":"purchasable","14":"product-type-simple"},"_links":{"self":[{"href":"https:\/\/yukibeauty.ch\/fr\/wp-json\/wp\/v2\/product\/2135","targetHints":{"allow":["GET"]}}],"collection":[{"href":"https:\/\/yukibeauty.ch\/fr\/wp-json\/wp\/v2\/product"}],"about":[{"href":"https:\/\/yukibeauty.ch\/fr\/wp-json\/wp\/v2\/types\/product"}],"replies":[{"embeddable":true,"href":"https:\/\/yukibeauty.ch\/fr\/wp-json\/wp\/v2\/comments?post=2135"}],"wp:featuredmedia":[{"embeddable":true,"href":"https:\/\/yukibeauty.ch\/fr\/wp-json\/wp\/v2\/media\/3451"}],"wp:attachment":[{"href":"https:\/\/yukibeauty.ch\/fr\/wp-json\/wp\/v2\/media?parent=2135"}],"wp:term":[{"taxonomy":"product_brand","embeddable":true,"href":"https:\/\/yukibeauty.ch\/fr\/wp-json\/wp\/v2\/product_brand?post=2135"},{"taxonomy":"product_cat","embeddable":true,"href":"https:\/\/yukibeauty.ch\/fr\/wp-json\/wp\/v2\/product_cat?post=2135"},{"taxonomy":"product_tag","embeddable":true,"href":"https:\/\/yukibeauty.ch\/fr\/wp-json\/wp\/v2\/product_tag?post=2135"}],"curies":[{"name":"wp","href":"https:\/\/api.w.org\/{rel}","templated":true}]}}