{"id":2136,"date":"2025-07-08T14:59:47","date_gmt":"2025-07-08T12:59:47","guid":{"rendered":"https:\/\/yukibeauty.ch\/product\/acne-pimple-master-patch-24pcs\/"},"modified":"2026-02-10T10:05:36","modified_gmt":"2026-02-10T09:05:36","slug":"acne-pimple-master-patch-24pcs","status":"publish","type":"product","link":"https:\/\/yukibeauty.ch\/fr\/shop\/korean-routine\/masks\/acne-pimple-master-patch-24pcs\/","title":{"rendered":"Acne Pimple Master Patch [24pcs]"},"content":{"rendered":"<h2 data-start=\"111\" data-end=\"153\"><strong data-start=\"115\" data-end=\"151\">Acne Pimple Master Patch [24pcs] - Traitement ponctuel de nuit<\/strong><\/h2>\n<p data-start=\"154\" data-end=\"206\"><strong data-start=\"154\" data-end=\"206\">Traitement ponctuel de nuit pour les boutons et les imperfections<\/strong><\/p>\n<p data-start=\"208\" data-end=\"538\">Dites adieu aux \u00e9ruptions cutan\u00e9es avec les Acne Pimple Master Patch [24pcs] - la solution K-Beauty la plus vendue pour les boutons et les imperfections. Ces patchs hydrocollo\u00efdes ultrafins r\u00e9duisent visiblement les rougeurs, extraient les impuret\u00e9s et acc\u00e9l\u00e8rent la cicatrisation pendant la nuit. Parfaits pour tous les types de peau, ils sont con\u00e7us pour prot\u00e9ger votre peau des bact\u00e9ries et des cicatrices.<\/p>\n<p data-start=\"540\" data-end=\"664\">Fabriqu\u00e9 avec <strong data-start=\"550\" data-end=\"582\">Pansement hydrocollo\u00efde A.D.F.<\/strong>Ces patchs absorbent la salet\u00e9, aplatissent les taches et emp\u00eachent la formation de cicatrices, sans aucune douleur.<\/p>\n<h3 data-start=\"671\" data-end=\"689\">Principaux avantages<\/h3>\n<ul data-start=\"691\" data-end=\"1001\">\n<li data-start=\"691\" data-end=\"744\">\n<p data-start=\"693\" data-end=\"744\">R\u00e9duit visiblement la taille et la rougeur des boutons pendant la nuit<\/p>\n<\/li>\n<li data-start=\"745\" data-end=\"798\">\n<p data-start=\"747\" data-end=\"798\">Aide \u00e0 \u00e9liminer les impuret\u00e9s et \u00e0 absorber l'exc\u00e8s de s\u00e9bum<\/p>\n<\/li>\n<li data-start=\"799\" data-end=\"844\">\n<p data-start=\"801\" data-end=\"844\">Acc\u00e9l\u00e8re la cicatrisation et pr\u00e9vient la formation de cicatrices<\/p>\n<\/li>\n<li data-start=\"845\" data-end=\"896\">\n<p data-start=\"847\" data-end=\"896\">Forme une barri\u00e8re protectrice contre les bact\u00e9ries<\/p>\n<\/li>\n<li data-start=\"897\" data-end=\"949\">\n<p data-start=\"899\" data-end=\"949\">Non dess\u00e9chant et doux - pas d'irritation ni de desquamation<\/p>\n<\/li>\n<li data-start=\"950\" data-end=\"1001\">\n<p data-start=\"952\" data-end=\"1001\">Parfait pour tous les types de peau, y compris les peaux sensibles<\/p>\n<\/li>\n<\/ul>\n<h3 data-start=\"1218\" data-end=\"1243\">Texture et mat\u00e9riaux<\/h3>\n<p data-start=\"1245\" data-end=\"1399\">Hydrocollo\u00efde fin et transparent qui se fond parfaitement dans la peau et adh\u00e8re bien, m\u00eame pendant la nuit. A porter pendant le sommeil ou sous le maquillage pendant la journ\u00e9e.<\/p>\n<h3 data-start=\"1696\" data-end=\"1715\">Pourquoi \u00e7a marche<\/h3>\n<ul data-start=\"1717\" data-end=\"1894\">\n<li data-start=\"1717\" data-end=\"1756\">\n<p data-start=\"1719\" data-end=\"1756\">Cr\u00e9e un environnement humide propice \u00e0 la cicatrisation<\/p>\n<\/li>\n<li data-start=\"1757\" data-end=\"1798\">\n<p data-start=\"1759\" data-end=\"1798\">Prot\u00e8ge contre les bact\u00e9ries et les doigts<\/p>\n<\/li>\n<li data-start=\"1799\" data-end=\"1841\">\n<p data-start=\"1801\" data-end=\"1841\">Pr\u00e9vient le d\u00e9collement, l'\u00e9clatement et la formation de cicatrices<\/p>\n<\/li>\n<li data-start=\"1842\" data-end=\"1894\">\n<p data-start=\"1844\" data-end=\"1894\">Fonctionne mieux sur les points blancs et les boutons au stade pr\u00e9coce<\/p>\n<\/li>\n<\/ul>\n<p><strong data-start=\"1901\" data-end=\"1921\">Recommand\u00e9 pour :<\/strong><br data-start=\"1921\" data-end=\"1924\" \/>- Points blancs et boutons de surface<br data-start=\"1957\" data-end=\"1960\" \/>- Taches enflamm\u00e9es<br data-start=\"1981\" data-end=\"1984\" \/>- Pr\u00e9venir les cicatrices dues \u00e0 la cueillette<br data-start=\"2019\" data-end=\"2022\" \/>- Soins ponctuels rapides pendant la nuit<\/p>\n<h3 data-start=\"1008\" data-end=\"1028\">Ce qu'il y a \u00e0 l'int\u00e9rieur<\/h3>\n<p data-start=\"1030\" data-end=\"1057\">24 patchs en 3 tailles :<\/p>\n<ul data-start=\"1058\" data-end=\"1211\">\n<li data-start=\"1058\" data-end=\"1080\">\n<p data-start=\"1060\" data-end=\"1080\"><strong data-start=\"1060\" data-end=\"1078\">Petit (10 pi\u00e8ces)<\/strong><\/p>\n<\/li>\n<li data-start=\"1081\" data-end=\"1103\">\n<p data-start=\"1083\" data-end=\"1103\"><strong data-start=\"1083\" data-end=\"1101\">Moyen (5 pi\u00e8ces)<\/strong><\/p>\n<\/li>\n<li data-start=\"1104\" data-end=\"1211\">\n<p data-start=\"1106\" data-end=\"1211\"><strong data-start=\"1106\" data-end=\"1123\">Grand (9 pi\u00e8ces)<\/strong><br data-start=\"1123\" data-end=\"1126\" \/>Vous pouvez donc adapter la taille du patch \u00e0 l'imperfection, qu'il s'agisse de petits boutons ou d'\u00e9ruptions cutan\u00e9es plus importantes.<\/p>\n<\/li>\n<\/ul>","protected":false},"excerpt":{"rendered":"<p>Acne Pimple Master Patch [24pcs] \u2013 Overnight Spot Treatment Overnight Spot Treatment for Pimples &amp; Blemishes Say goodbye to breakouts<\/p>","protected":false},"featured_media":3461,"comment_status":"open","ping_status":"closed","template":"","meta":[],"product_brand":[],"product_cat":[49,15,21],"product_tag":[],"class_list":{"0":"post-2136","1":"product","2":"type-product","3":"status-publish","4":"has-post-thumbnail","6":"product_cat-for-men","7":"product_cat-korean-routine","8":"product_cat-masks","10":"first","11":"instock","12":"purchasable","13":"product-type-simple"},"_links":{"self":[{"href":"https:\/\/yukibeauty.ch\/fr\/wp-json\/wp\/v2\/product\/2136","targetHints":{"allow":["GET"]}}],"collection":[{"href":"https:\/\/yukibeauty.ch\/fr\/wp-json\/wp\/v2\/product"}],"about":[{"href":"https:\/\/yukibeauty.ch\/fr\/wp-json\/wp\/v2\/types\/product"}],"replies":[{"embeddable":true,"href":"https:\/\/yukibeauty.ch\/fr\/wp-json\/wp\/v2\/comments?post=2136"}],"wp:featuredmedia":[{"embeddable":true,"href":"https:\/\/yukibeauty.ch\/fr\/wp-json\/wp\/v2\/media\/3461"}],"wp:attachment":[{"href":"https:\/\/yukibeauty.ch\/fr\/wp-json\/wp\/v2\/media?parent=2136"}],"wp:term":[{"taxonomy":"product_brand","embeddable":true,"href":"https:\/\/yukibeauty.ch\/fr\/wp-json\/wp\/v2\/product_brand?post=2136"},{"taxonomy":"product_cat","embeddable":true,"href":"https:\/\/yukibeauty.ch\/fr\/wp-json\/wp\/v2\/product_cat?post=2136"},{"taxonomy":"product_tag","embeddable":true,"href":"https:\/\/yukibeauty.ch\/fr\/wp-json\/wp\/v2\/product_tag?post=2136"}],"curies":[{"name":"wp","href":"https:\/\/api.w.org\/{rel}","templated":true}]}}