{"id":2138,"date":"2025-07-08T14:59:47","date_gmt":"2025-07-08T12:59:47","guid":{"rendered":"https:\/\/yukibeauty.ch\/product\/heartleaf-cream-mask-night-solution-mask\/"},"modified":"2026-02-10T10:05:22","modified_gmt":"2026-02-10T09:05:22","slug":"anua-heartleaf-cream-mask-night-solution","status":"publish","type":"product","link":"https:\/\/yukibeauty.ch\/fr\/shop\/korean-routine\/masks\/anua-heartleaf-cream-mask-night-solution\/","title":{"rendered":"Heartleaf Cream Mask Night Solution Mask"},"content":{"rendered":"<h2 data-start=\"184\" data-end=\"229\">Anua Heartleaf Cream Mask Night Solution<\/h2>\n<p data-start=\"230\" data-end=\"305\"><strong data-start=\"230\" data-end=\"305\">Masque triple action renfor\u00e7ant la barri\u00e8re cutan\u00e9e pour les peaux sensibles et d\u00e9shydrat\u00e9es<\/strong><\/p>\n<p data-start=\"307\" data-end=\"683\">Faites l'exp\u00e9rience d'une nuit de r\u00e9cup\u00e9ration et d'une nutrition en profondeur avec le <strong data-start=\"367\" data-end=\"411\">Anua Heartleaf Cream Mask Night Solution<\/strong> - Un masque apaisant et r\u00e9parateur sp\u00e9cialement con\u00e7u pour les peaux sensibles et fragilis\u00e9es. Enrichi en <strong data-start=\"520\" data-end=\"548\">Extrait de feuille de corail<\/strong>, <strong data-start=\"550\" data-end=\"563\">c\u00e9ramides<\/strong>et <strong data-start=\"569\" data-end=\"582\">panth\u00e9nol<\/strong>Ce masque-cr\u00e8me procure une sensation de fra\u00eecheur et de bien-\u00eatre. <strong data-start=\"611\" data-end=\"643\">Solution de barri\u00e8re cutan\u00e9e en 3 \u00e9tapes<\/strong> pour calmer, hydrater et fortifier la peau.<\/p>\n<h2 data-start=\"690\" data-end=\"709\">Principaux avantages<\/h2>\n<ul data-start=\"711\" data-end=\"1240\">\n<li data-start=\"711\" data-end=\"781\">\n<p data-start=\"713\" data-end=\"781\"><strong data-start=\"713\" data-end=\"745\">Apaise les irritations et les rougeurs<\/strong> avec le cor\u00e9en <strong data-start=\"758\" data-end=\"779\">Extrait de feuille de c\u0153ur<\/strong><\/p>\n<\/li>\n<li data-start=\"782\" data-end=\"875\">\n<p data-start=\"784\" data-end=\"875\"><strong data-start=\"784\" data-end=\"803\">Hydrate en profondeur<\/strong> de l'int\u00e9rieur avec <strong data-start=\"821\" data-end=\"848\">c\u00e9ramides d'origine v\u00e9g\u00e9tale<\/strong> et <strong data-start=\"853\" data-end=\"873\">phytosphingosine<\/strong><\/p>\n<\/li>\n<li data-start=\"876\" data-end=\"964\">\n<p data-start=\"878\" data-end=\"964\"><strong data-start=\"878\" data-end=\"906\">Renforce la barri\u00e8re cutan\u00e9e<\/strong> avec <strong data-start=\"912\" data-end=\"925\">Panth\u00e9nol<\/strong>Id\u00e9al pour les peaux fragiles ou sensibles<\/p>\n<\/li>\n<li data-start=\"965\" data-end=\"1052\">\n<p data-start=\"967\" data-end=\"1052\">Nourrit et r\u00e9g\u00e9n\u00e8re la peau pendant la nuit pour une <strong data-start=\"1011\" data-end=\"1050\">un teint plus lisse et plus r\u00e9sistant<\/strong><\/p>\n<\/li>\n<li data-start=\"1053\" data-end=\"1157\">\n<p data-start=\"1055\" data-end=\"1157\">Fabriqu\u00e9 avec <strong data-start=\"1065\" data-end=\"1084\">certifi\u00e9 v\u00e9g\u00e9talien<\/strong>, <strong data-start=\"1086\" data-end=\"1130\">Feuille \u00e9cologique Oeko-Tex\u00ae de premi\u00e8re qualit\u00e9<\/strong> pour un confort maximal de la peau<\/p>\n<\/li>\n<li data-start=\"1158\" data-end=\"1240\">\n<p data-start=\"1160\" data-end=\"1240\">La texture cr\u00e9meuse de l'essence offre un traitement riche et chouchoutant sans coller.<\/p>\n<\/li>\n<\/ul>\n<h2 data-start=\"1247\" data-end=\"1269\">Ingr\u00e9dients \u00e9toil\u00e9s<\/h2>\n<ul data-start=\"1271\" data-end=\"1669\">\n<li data-start=\"1271\" data-end=\"1418\">\n<p data-start=\"1273\" data-end=\"1418\"><strong data-start=\"1273\" data-end=\"1307\">Houttuynia (Houttuynia Cordata)<\/strong> - Provenant exclusivement de Cor\u00e9e et extrait par \u00e9bullition lente \u00e0 158-176\u00b0F pour pr\u00e9server les propri\u00e9t\u00e9s apaisantes.<\/p>\n<\/li>\n<li data-start=\"1419\" data-end=\"1546\">\n<p data-start=\"1421\" data-end=\"1546\"><strong data-start=\"1421\" data-end=\"1453\">C\u00e9ramides + Phytosphingosine<\/strong> - Hydrate et reconstitue la barri\u00e8re lipidique, r\u00e9duisant la perte d'hydratation et am\u00e9liorant l'\u00e9lasticit\u00e9.<\/p>\n<\/li>\n<li data-start=\"1547\" data-end=\"1669\">\n<p data-start=\"1549\" data-end=\"1669\"><strong data-start=\"1549\" data-end=\"1578\">Panth\u00e9nol (Provitamine B5)<\/strong> - Calme l'inflammation, acc\u00e9l\u00e8re la r\u00e9paration de la peau et renforce la couche protectrice de la peau.<\/p>\n<\/li>\n<\/ul>\n<h2 data-start=\"1676\" data-end=\"1703\">Type de peau et pr\u00e9occupations<\/h2>\n<ul data-start=\"1705\" data-end=\"1883\">\n<li data-start=\"1705\" data-end=\"1784\">\n<p data-start=\"1707\" data-end=\"1784\">Id\u00e9al pour <strong data-start=\"1717\" data-end=\"1730\">sensible<\/strong>, <strong data-start=\"1732\" data-end=\"1739\">sec<\/strong>, <strong data-start=\"1741\" data-end=\"1753\">stress\u00e9<\/strong>ou <strong data-start=\"1758\" data-end=\"1777\">barri\u00e8re endommag\u00e9e<\/strong> peau<\/p>\n<\/li>\n<li data-start=\"1785\" data-end=\"1883\">\n<p data-start=\"1787\" data-end=\"1883\">Convient pour <strong data-start=\"1800\" data-end=\"1818\">tous les types de peau<\/strong>les personnes souffrant de rougeurs, d'irritations ou de tiraillements<\/p>\n<\/li>\n<\/ul>","protected":false},"excerpt":{"rendered":"<p>Anua Heartleaf Cream Mask Night Solution Triple-action barrier-strengthening mask for sensitive, dehydrated skin Experience overnight recovery and deep nourishment with<\/p>","protected":false},"featured_media":3348,"comment_status":"open","ping_status":"closed","template":"","meta":[],"product_brand":[],"product_cat":[49,15,21,317],"product_tag":[],"class_list":{"0":"post-2138","1":"product","2":"type-product","3":"status-publish","4":"has-post-thumbnail","6":"product_cat-for-men","7":"product_cat-korean-routine","8":"product_cat-masks","9":"product_cat-sheet-mask","11":"first","12":"instock","13":"purchasable","14":"product-type-simple"},"_links":{"self":[{"href":"https:\/\/yukibeauty.ch\/fr\/wp-json\/wp\/v2\/product\/2138","targetHints":{"allow":["GET"]}}],"collection":[{"href":"https:\/\/yukibeauty.ch\/fr\/wp-json\/wp\/v2\/product"}],"about":[{"href":"https:\/\/yukibeauty.ch\/fr\/wp-json\/wp\/v2\/types\/product"}],"replies":[{"embeddable":true,"href":"https:\/\/yukibeauty.ch\/fr\/wp-json\/wp\/v2\/comments?post=2138"}],"wp:featuredmedia":[{"embeddable":true,"href":"https:\/\/yukibeauty.ch\/fr\/wp-json\/wp\/v2\/media\/3348"}],"wp:attachment":[{"href":"https:\/\/yukibeauty.ch\/fr\/wp-json\/wp\/v2\/media?parent=2138"}],"wp:term":[{"taxonomy":"product_brand","embeddable":true,"href":"https:\/\/yukibeauty.ch\/fr\/wp-json\/wp\/v2\/product_brand?post=2138"},{"taxonomy":"product_cat","embeddable":true,"href":"https:\/\/yukibeauty.ch\/fr\/wp-json\/wp\/v2\/product_cat?post=2138"},{"taxonomy":"product_tag","embeddable":true,"href":"https:\/\/yukibeauty.ch\/fr\/wp-json\/wp\/v2\/product_tag?post=2138"}],"curies":[{"name":"wp","href":"https:\/\/api.w.org\/{rel}","templated":true}]}}