{"id":2139,"date":"2025-07-08T14:59:54","date_gmt":"2025-07-08T12:59:54","guid":{"rendered":"https:\/\/yukibeauty.ch\/product\/collagen-night-wrapping-mask\/"},"modified":"2025-12-16T21:26:42","modified_gmt":"2025-12-16T20:26:42","slug":"medicube-collagen-night-wrapping-mask","status":"publish","type":"product","link":"https:\/\/yukibeauty.ch\/fr\/shop\/korean-routine\/masks\/medicube-collagen-night-wrapping-mask\/","title":{"rendered":"Masque d'enveloppement nocturne au collag\u00e8ne"},"content":{"rendered":"<h2 data-section-id=\"alho9t\" data-start=\"128\" data-end=\"215\">Medicube Masque d'enveloppement nocturne au collag\u00e8ne - Masque de sommeil raffermissant et hydratant pour la nuit<\/h2>\n<p data-start=\"217\" data-end=\"450\">R\u00e9veillez-vous avec une peau plus ferme, plus lisse et profond\u00e9ment hydrat\u00e9e gr\u00e2ce au masque d'enveloppement nocturne au collag\u00e8ne Medicube - un masque de nuit l\u00e9ger formul\u00e9 pour stimuler le collag\u00e8ne, am\u00e9liorer l'\u00e9lasticit\u00e9 de la peau et emprisonner l'hydratation pendant votre sommeil.<\/p>\n<h2 data-section-id=\"gm5nm5\" data-start=\"452\" data-end=\"475\">Pourquoi vous l'aimerez :<\/h2>\n<p data-section-id=\"1vtozxz\" data-start=\"477\" data-end=\"516\"><strong>Traitement de nuit booster de collag\u00e8ne<\/strong><\/p>\n<p data-start=\"517\" data-end=\"782\">Gr\u00e2ce \u00e0 un complexe de collag\u00e8ne unique, ce masque de sommeil enveloppe votre peau pour lui apporter un soin intensif pendant la nuit, en ciblant les ridules, les rides et la perte de fermet\u00e9. La formule avanc\u00e9e aide \u00e0 obtenir un teint plus lift\u00e9 et d'apparence plus jeune d\u00e8s le matin.<\/p>\n<p data-section-id=\"xomyes\" data-start=\"784\" data-end=\"825\"><strong>Hydratation en profondeur et r\u00e9tention d'eau<\/strong><\/p>\n<p data-start=\"826\" data-end=\"1066\">Enrichi d'ingr\u00e9dients nourrissants, ce masque agit toute la nuit pour hydrater en profondeur et r\u00e9tablir l'\u00e9quilibre hydrique, laissant votre peau douce, rebondie et revitalis\u00e9e. Il est id\u00e9al pour les peaux s\u00e8ches, d\u00e9shydrat\u00e9es ou fatigu\u00e9es qui ont besoin d'un coup de pouce pendant la nuit.<\/p>\n<p data-section-id=\"19gvz5o\" data-start=\"1068\" data-end=\"1106\"><strong>Texture l\u00e9g\u00e8re et non collante<\/strong><\/p>\n<p data-start=\"1107\" data-end=\"1290\">Malgr\u00e9 la richesse de son hydratation, le masque pr\u00e9sente une texture l\u00e9g\u00e8re et respirante qui s'absorbe rapidement sans laisser de r\u00e9sidu collant. Convient \u00e0 tous les types de peau, y compris les peaux sensibles.<\/p>\n<h2 data-section-id=\"10wfqjb\" data-start=\"1676\" data-end=\"1688\">Attention :<\/h2>\n<ul data-start=\"1690\" data-end=\"1978\">\n<li data-start=\"1690\" data-end=\"1715\">\n<p data-start=\"1692\" data-end=\"1715\">Pour usage externe uniquement<\/p>\n<\/li>\n<li data-start=\"1716\" data-end=\"1743\">\n<p data-start=\"1718\" data-end=\"1743\">\u00c9viter le contact avec les yeux<\/p>\n<\/li>\n<li data-start=\"1744\" data-end=\"1843\">\n<p data-start=\"1746\" data-end=\"1843\">Cesser l'utilisation en cas d'irritation, de rougeur ou d'\u00e9ruption cutan\u00e9e. Consulter un m\u00e9decin si les sympt\u00f4mes persistent<\/p>\n<\/li>\n<li data-start=\"1844\" data-end=\"1915\">\n<p data-start=\"1846\" data-end=\"1915\">Effectuer un test \u00e9picutan\u00e9 avant la premi\u00e8re utilisation pour v\u00e9rifier la sensibilit\u00e9 de la peau.<\/p>\n<\/li>\n<li data-start=\"1916\" data-end=\"1978\">\n<p data-start=\"1918\" data-end=\"1978\">Conserver dans un endroit frais et sec et tenir hors de port\u00e9e des enfants.<\/p>\n<\/li>\n<\/ul>\n<h2 data-section-id=\"185jmtu\" data-start=\"1980\" data-end=\"2000\">Recommand\u00e9 pour :<\/h2>\n<ul data-start=\"2002\" data-end=\"2155\">\n<li data-start=\"2002\" data-end=\"2034\">\n<p data-start=\"2004\" data-end=\"2034\">Perte d'\u00e9lasticit\u00e9 de la peau<\/p>\n<\/li>\n<li data-start=\"2035\" data-end=\"2069\">\n<p data-start=\"2037\" data-end=\"2069\">Peau s\u00e8che, d\u00e9shydrat\u00e9e ou rugueuse<\/p>\n<\/li>\n<li data-start=\"2070\" data-end=\"2105\">\n<p data-start=\"2072\" data-end=\"2105\">Rides et ridules visibles<\/p>\n<\/li>\n<li data-start=\"2106\" data-end=\"2155\">\n<p data-start=\"2108\" data-end=\"2155\">Quelqu'un qui cherche une solution raffermissante pour la nuit<\/p>\n<\/li>\n<\/ul>\n<p data-start=\"2157\" data-end=\"2329\">Am\u00e9liorez vos soins de nuit avec ce masque de sommeil infus\u00e9 au collag\u00e8ne qui vous aide \u00e0 vous r\u00e9veiller avec une peau rebondie, jeune et profond\u00e9ment hydrat\u00e9e - sans aucune \u00e9tape suppl\u00e9mentaire.<\/p>","protected":false},"excerpt":{"rendered":"<p>Medicube Collagen Night Wrapping Mask \u2013 Overnight Firming &amp; Hydrating Sleeping Mask Wake up to firmer, smoother, and deeply hydrated<\/p>","protected":false},"featured_media":3469,"comment_status":"open","ping_status":"closed","template":"","meta":[],"product_brand":[],"product_cat":[49,15,21],"product_tag":[],"class_list":{"0":"post-2139","1":"product","2":"type-product","3":"status-publish","4":"has-post-thumbnail","6":"product_cat-for-men","7":"product_cat-korean-routine","8":"product_cat-masks","10":"first","11":"outofstock","12":"purchasable","13":"product-type-simple"},"_links":{"self":[{"href":"https:\/\/yukibeauty.ch\/fr\/wp-json\/wp\/v2\/product\/2139","targetHints":{"allow":["GET"]}}],"collection":[{"href":"https:\/\/yukibeauty.ch\/fr\/wp-json\/wp\/v2\/product"}],"about":[{"href":"https:\/\/yukibeauty.ch\/fr\/wp-json\/wp\/v2\/types\/product"}],"replies":[{"embeddable":true,"href":"https:\/\/yukibeauty.ch\/fr\/wp-json\/wp\/v2\/comments?post=2139"}],"wp:featuredmedia":[{"embeddable":true,"href":"https:\/\/yukibeauty.ch\/fr\/wp-json\/wp\/v2\/media\/3469"}],"wp:attachment":[{"href":"https:\/\/yukibeauty.ch\/fr\/wp-json\/wp\/v2\/media?parent=2139"}],"wp:term":[{"taxonomy":"product_brand","embeddable":true,"href":"https:\/\/yukibeauty.ch\/fr\/wp-json\/wp\/v2\/product_brand?post=2139"},{"taxonomy":"product_cat","embeddable":true,"href":"https:\/\/yukibeauty.ch\/fr\/wp-json\/wp\/v2\/product_cat?post=2139"},{"taxonomy":"product_tag","embeddable":true,"href":"https:\/\/yukibeauty.ch\/fr\/wp-json\/wp\/v2\/product_tag?post=2139"}],"curies":[{"name":"wp","href":"https:\/\/api.w.org\/{rel}","templated":true}]}}